{"id":1793,"date":"2024-08-03T06:46:11","date_gmt":"2024-08-03T06:46:11","guid":{"rendered":"https:\/\/backlightmfg.com\/?post_type=product&#038;p=1793"},"modified":"2024-09-15T06:29:42","modified_gmt":"2024-09-15T06:29:42","slug":"lgf-light-guide-film","status":"publish","type":"product","link":"https:\/\/backlightmfg.com\/tr\/lgf-light-guide-film\/","title":{"rendered":"LGF (I\u015f\u0131k k\u0131lavuz filmi)"},"content":{"rendered":"<h3 data-sourcepos=\"3:1-3:53\">LGF nedir?<\/h3>\n<ul>\n<li data-sourcepos=\"3:1-3:53\">I\u015f\u0131k K\u0131lavuz Filmi (LGF), kenardan ayd\u0131nlat\u0131lan bir kaynaktan gelen \u0131\u015f\u0131\u011f\u0131 y\u00fczeyi boyunca e\u015fit olarak da\u011f\u0131tmak i\u00e7in tasarlanm\u0131\u015f ince, optik olarak \u015feffaf bir plastik tabakad\u0131r. Bu teknoloji, arkadan ayd\u0131nlatmal\u0131 klavyeler ve LCD ekranlardan tabelalara ve otomotiv i\u00e7 mekanlar\u0131na kadar \u00e7e\u015fitli uygulamalarda tek tip arka ayd\u0131nlatma olu\u015fturmak i\u00e7in gereklidir.<\/li>\n<\/ul>\n<h3>I\u015f\u0131k K\u0131lavuz Filmi Nas\u0131l \u00c7al\u0131\u015f\u0131r?<\/h3>\n<ul>\n<li data-sourcepos=\"7:1-7:66\">LGF, filmin kenar\u0131na yerle\u015ftirilmi\u015f bir LED \u0131\u015f\u0131k kayna\u011f\u0131ndan gelen \u0131\u015f\u0131\u011f\u0131 yakalamak ve k\u0131rmak i\u00e7in y\u00fczeyinde benzersiz bir mikro yap\u0131 kullan\u0131r. Bu \u0131\u015f\u0131k daha sonra filmin y\u00fczeyine e\u015fit olarak da\u011f\u0131t\u0131larak parlak ve tutarl\u0131 bir ayd\u0131nlatma sa\u011flar.<\/li>\n<\/ul>\n<h3 data-sourcepos=\"7:1-7:66\">\u00d6zellikler<\/h3>\n<ul>\n<li>\u00d6zelle\u015ftirilmi\u015f mikro \u0131\u015f\u0131k k\u0131lavuzu yap\u0131lar\u0131na sahip ultra ince optik s\u0131n\u0131f Polikarbonat film, e\u015fit \u0131\u015f\u0131k performans\u0131 sa\u011flar.<\/li>\n<li>Ekran uygulamalar\u0131: E-ka\u011f\u0131t ve halka a\u00e7\u0131k tabelalar ve di\u011fer ekran uygulamalar\u0131 i\u00e7in \u00f6n \u0131\u015f\u0131k k\u0131lavuz filmi.<\/li>\n<li>Otomotiv: G\u00f6sterge paneli \/ kap\u0131 s\u00fcrt\u00fcnme plakas\u0131 \/ araba i\u00e7in i\u00e7 ayd\u0131nlatma.<\/li>\n<li>T\u00fcketici Elektroni\u011fi: ayd\u0131nlatmal\u0131 klavyeler \/ RGB Led fanlar \/ kontrol panelleri.<\/li>\n<li>Ev uygulamalar\u0131: ayd\u0131nlatmal\u0131 dokunmatik d\u00fc\u011fmeler<\/li>\n<\/ul>","protected":false},"excerpt":{"rendered":"<h4 id=\"tw-target-text\" class=\"tw-data-text tw-text-large tw-ta\" dir=\"ltr\" data-placeholder=\"Translation\" aria-label=\"\u00c7evrilmi\u015f metin\" data-ved=\"2ahUKEwiFvaiamtiHAxXCnK8BHcMXH1QQ3ewLegQIERAU\"><strong><span class=\"Y2IQFc\" lang=\"en\">S\u00fcre\u00e7 parametreleri <\/span>LGF'nin<\/strong><\/h4>\n<p dir=\"ltr\" data-placeholder=\"Translation\" aria-label=\"\u00c7evrilmi\u015f metin\" data-ved=\"2ahUKEwiFvaiamtiHAxXCnK8BHcMXH1QQ3ewLegQIERAU\">Malzeme \uff1a Polikarbonat (PC)<\/p>\n<p dir=\"ltr\" data-placeholder=\"Translation\" aria-label=\"\u00c7evrilmi\u015f metin\" data-ved=\"2ahUKEwiFvaiamtiHAxXCnK8BHcMXH1QQ3ewLegQIERAU\">Kal\u0131nl\u0131k \uff1a 0,075 mm, 0,1 mm, 0,125 mm<\/p>\n<p dir=\"ltr\" data-placeholder=\"Translation\" aria-label=\"\u00c7evrilmi\u015f metin\" data-ved=\"2ahUKEwiFvaiamtiHAxXCnK8BHcMXH1QQ3ewLegQIERAU\">Boyut ve \u015fekil: M\u00fc\u015fterinin \u00e7izimine g\u00f6re<\/p>","protected":false},"featured_media":1794,"comment_status":"open","ping_status":"closed","template":"","meta":[],"product_cat":[15],"product_tag":[],"_links":{"self":[{"href":"https:\/\/backlightmfg.com\/tr\/wp-json\/wp\/v2\/product\/1793"}],"collection":[{"href":"https:\/\/backlightmfg.com\/tr\/wp-json\/wp\/v2\/product"}],"about":[{"href":"https:\/\/backlightmfg.com\/tr\/wp-json\/wp\/v2\/types\/product"}],"replies":[{"embeddable":true,"href":"https:\/\/backlightmfg.com\/tr\/wp-json\/wp\/v2\/comments?post=1793"}],"wp:featuredmedia":[{"embeddable":true,"href":"https:\/\/backlightmfg.com\/tr\/wp-json\/wp\/v2\/media\/1794"}],"wp:attachment":[{"href":"https:\/\/backlightmfg.com\/tr\/wp-json\/wp\/v2\/media?parent=1793"}],"wp:term":[{"taxonomy":"product_cat","embeddable":true,"href":"https:\/\/backlightmfg.com\/tr\/wp-json\/wp\/v2\/product_cat?post=1793"},{"taxonomy":"product_tag","embeddable":true,"href":"https:\/\/backlightmfg.com\/tr\/wp-json\/wp\/v2\/product_tag?post=1793"}],"curies":[{"name":"wp","href":"https:\/\/api.w.org\/{rel}","templated":true}]}}