{"id":1790,"date":"2024-08-03T02:08:10","date_gmt":"2024-08-03T02:08:10","guid":{"rendered":"https:\/\/backlightmfg.com\/?post_type=product&#038;p=1790"},"modified":"2025-07-14T08:33:49","modified_gmt":"2025-07-14T08:33:49","slug":"lgp-backlight","status":"publish","type":"product","link":"https:\/\/backlightmfg.com\/tr\/lgp-backlight\/","title":{"rendered":"LGP Arka I\u015f\u0131k"},"content":{"rendered":"<h3><strong><span class=\"Y2IQFc\" lang=\"en\">LGP mikroyap\u0131 teknolojisi (\u00e7evre koruma) \uff1a<\/span><\/strong><\/h3>\n<p>Orijinal bask\u0131 i\u015fleminden s\u0131cak presleme i\u015flemine d\u00f6n\u00fc\u015f\u00fcm, otomatik \u00fcretim, y\u00fcksek verim ve m\u00fckemmel g\u00f6rsel efekt Micro_structure LGP ve Ink printing LGP i\u00e7erir.<\/p>\n<h4><b>Mikro_yap\u0131 nedir?<\/b><\/h4>\n<ul>\n<li>LGP'nin kontrol edilebilen desen boyutu 100 um'den k\u00fc\u00e7\u00fckse. Buna mikro_yap\u0131 diyebiliriz.<\/li>\n<\/ul>\n<h4><strong>M\u00fcrekkep bask\u0131s\u0131<\/strong><\/h4>\n<ul>\n<li>Desen boyutu 0,4 mm'dir (min. \u00e7ap).<\/li>\n<\/ul>\n<h4 class=\"tw-data-text tw-text-large tw-ta\" dir=\"ltr\" data-placeholder=\"Translation\" aria-label=\"\u00c7evrilmi\u015f metin\" data-ved=\"2ahUKEwii-OPw3deHAxXnha8BHe_AMVoQ3ewLegQIDRAU\"><strong><span class=\"Y2IQFc\" lang=\"en\">I\u015f\u0131k k\u0131lavuzu mod\u00fcl\u00fc-<\/span><span class=\"Y2IQFc\" lang=\"en\">\u0130nceltme<\/span><\/strong><\/h4>\n<ul>\n<li>I\u015f\u0131k k\u0131lavuzu mod\u00fcl\u00fcn\u00fcn toplam kal\u0131nl\u0131\u011f\u0131 0,8 ~ 2 mm aras\u0131nda de\u011fi\u015fmektedir. I\u015f\u0131k kart\u0131, m\u00fc\u015fteri ihtiya\u00e7lar\u0131na g\u00f6re yumu\u015fak karttan (FPC) veya sert karttan (PCB) yap\u0131labilir.<\/li>\n<\/ul>\n<h4 class=\"tw-data-text tw-text-large tw-ta\" dir=\"ltr\" data-placeholder=\"Translation\" aria-label=\"\u00c7evrilmi\u015f metin\" data-ved=\"2ahUKEwii-OPw3deHAxXnha8BHe_AMVoQ3ewLegQIDRAU\"><strong><span class=\"Y2IQFc\" lang=\"en\">I\u015f\u0131k k\u0131lavuzu mod\u00fcl\u00fc-<\/span><span class=\"Y2IQFc\" lang=\"en\">Esneklik<\/span><\/strong><\/h4>\n<ul>\n<li>Yumu\u015fak tahta ince \u0131\u015f\u0131k k\u0131lavuzu mod\u00fcl\u00fc iyi bir esnekli\u011fe sahiptir ve kal\u0131n tutkal, \u00fcr\u00fcn g\u00f6r\u00fcn\u00fcm\u00fcne g\u00f6re takmak i\u00e7in kullan\u0131labilir.<\/li>\n<\/ul>\n<h4 id=\"tw-target-text\" class=\"tw-data-text tw-text-large tw-ta\" dir=\"ltr\" data-placeholder=\"Translation\" aria-label=\"\u00c7evrilmi\u015f metin\" data-ved=\"2ahUKEwii-OPw3deHAxXnha8BHe_AMVoQ3ewLegQIDRAU\"><strong><span class=\"Y2IQFc\" lang=\"en\">I\u015f\u0131k k\u0131lavuzu mod\u00fcl\u00fc-\u00f6zelle\u015ftirme<\/span><\/strong><\/h4>\n<ul>\n<li id=\"tw-target-text\" class=\"tw-data-text tw-text-large tw-ta\" dir=\"ltr\" data-placeholder=\"Translation\" aria-label=\"\u00c7evrilmi\u015f metin\" data-ved=\"2ahUKEwii-OPw3deHAxXnha8BHe_AMVoQ3ewLegQIDRAU\"><span class=\"Y2IQFc\" lang=\"en\">M\u00fc\u015fterilerin istedi\u011fi efektleri elde etmek i\u00e7in m\u00fc\u015fterilerin farkl\u0131 ihtiya\u00e7lar\u0131na g\u00f6re farkl\u0131 \u0131\u015f\u0131k k\u0131lavuzu mod\u00fclleri tasarlanabilir.<\/span><\/li>\n<\/ul>\n<div id=\"KnM9nf\" class=\"PZPZlf\" data-attrid=\"tw-sourceArea\" data-entityname=\"Google Translate\">\n<div id=\"tw-source\">\n<div id=\"tw-source-rmn-container\" class=\"tw-ta-container F0azHf tw-nfl\">\n<h3 id=\"tw-source-rmn\" class=\"tw-data-text tw-text-small tw-ta\" dir=\"ltr\"><strong>Uygulama<\/strong><\/h3>\n<ul>\n<li>Normal Tip - Kau\u00e7uk Alt\u0131<\/li>\n<li>Anahtar ve kau\u00e7uk aras\u0131nda<\/li>\n<li>Birlikte kal\u0131plama<\/li>\n<\/ul>\n<\/div>\n<\/div>\n<\/div>","protected":false},"excerpt":{"rendered":"<p id=\"tw-target-text\" class=\"tw-data-text tw-text-large tw-ta\" dir=\"ltr\" data-placeholder=\"Translation\" aria-label=\"\u00c7evrilmi\u015f metin\" data-ved=\"2ahUKEwii-OPw3deHAxXnha8BHe_AMVoQ3ewLegQIDRAU\"><span class=\"Y2IQFc\" lang=\"en\">LED fotoelektrik \u0131\u015f\u0131k k\u0131lavuzu mod\u00fclleri ak\u0131ll\u0131 \u015fehirlerde, ak\u0131ll\u0131 ara\u00e7larda, ak\u0131ll\u0131 ev aletlerinde ve e-spor \u00e7evre birimlerinde kullan\u0131lmaktad\u0131r. I\u015f\u0131k k\u0131lavuzu mod\u00fcllerinin gelecekteki geli\u015fim trendleri<\/span><\/p>\n<ul>\n<li><span class=\"Y2IQFc\" lang=\"en\">LGP mikroyap\u0131 teknolojisi (\u00e7evre koruma)<br \/>\n<\/span><\/li>\n<li><span class=\"Y2IQFc\" lang=\"en\">\u0130nceltme<br \/>\n<\/span><\/li>\n<li><span class=\"Y2IQFc\" lang=\"en\">Esneklik<br \/>\n<\/span><\/li>\n<li><span class=\"Y2IQFc\" lang=\"en\">RGB \u0131\u015f\u0131k k\u0131lavuzu mod\u00fcl\u00fc<br \/>\n<\/span><\/li>\n<li><span class=\"Y2IQFc\" lang=\"en\">Programlanabilir RGB \u0131\u015f\u0131k \u015feridi<br \/>\n<\/span><\/li>\n<li><span class=\"Y2IQFc\" lang=\"en\">Sabit de\u011fi\u015fimli RGB \u0131\u015f\u0131k \u015feridi<\/span><\/li>\n<\/ul>","protected":false},"featured_media":1791,"comment_status":"open","ping_status":"closed","template":"","meta":[],"product_cat":[15],"product_tag":[],"_links":{"self":[{"href":"https:\/\/backlightmfg.com\/tr\/wp-json\/wp\/v2\/product\/1790"}],"collection":[{"href":"https:\/\/backlightmfg.com\/tr\/wp-json\/wp\/v2\/product"}],"about":[{"href":"https:\/\/backlightmfg.com\/tr\/wp-json\/wp\/v2\/types\/product"}],"replies":[{"embeddable":true,"href":"https:\/\/backlightmfg.com\/tr\/wp-json\/wp\/v2\/comments?post=1790"}],"wp:featuredmedia":[{"embeddable":true,"href":"https:\/\/backlightmfg.com\/tr\/wp-json\/wp\/v2\/media\/1791"}],"wp:attachment":[{"href":"https:\/\/backlightmfg.com\/tr\/wp-json\/wp\/v2\/media?parent=1790"}],"wp:term":[{"taxonomy":"product_cat","embeddable":true,"href":"https:\/\/backlightmfg.com\/tr\/wp-json\/wp\/v2\/product_cat?post=1790"},{"taxonomy":"product_tag","embeddable":true,"href":"https:\/\/backlightmfg.com\/tr\/wp-json\/wp\/v2\/product_tag?post=1790"}],"curies":[{"name":"wp","href":"https:\/\/api.w.org\/{rel}","templated":true}]}}