{"id":1556,"date":"2024-07-08T08:09:40","date_gmt":"2024-07-08T08:09:40","guid":{"rendered":"https:\/\/backlightmfg.com\/manufacturer\/keyboard-backlight\/"},"modified":"2024-09-15T06:29:44","modified_gmt":"2024-09-15T06:29:44","slug":"keyboard-backlight","status":"publish","type":"product","link":"https:\/\/backlightmfg.com\/tr\/keyboard-backlight\/","title":{"rendered":"Klavye Arka I\u015f\u0131\u011f\u0131"},"content":{"rendered":"<p>Sessiz \u00e7al\u0131\u015fmalar\u0131 ve uygun fiyatlar\u0131yla bilinen membran klavyeler, pratik ve \u015f\u0131k bir y\u00fckseltme sunan arka ayd\u0131nlatmay\u0131 giderek daha fazla i\u00e7eriyor. \u0130\u015fte membran klavye arka \u0131\u015f\u0131klar\u0131na daha yak\u0131ndan bir bak\u0131\u015f.<\/p>\n<h3><strong>Klavye Arka I\u015f\u0131k Teknolojisi:<\/strong><\/h3>\n<p>Her tu\u015fun alt\u0131nda ayr\u0131 anahtarlar bulunan mekanik klavyelerin aksine, membran klavyeler tek bir bas\u0131n\u00e7 membran\u0131na dayan\u0131r. Bu klavyelerde arka ayd\u0131nlatma tipik olarak kullan\u0131l\u0131r:<\/p>\n<ul>\n<li><strong>I\u015f\u0131k K\u0131lavuz Filmi (LGF):<\/strong>Bu ince, \u015feffaf film, klavye boyunca stratejik olarak yerle\u015ftirilmi\u015f LED'lerden gelen \u0131\u015f\u0131\u011f\u0131 etkili bir \u015fekilde da\u011f\u0131t\u0131r. LGF, tu\u015f ba\u015fl\u0131klar\u0131 boyunca e\u015fit ayd\u0131nlatma elde edilmesine yard\u0131mc\u0131 olur.<\/li>\n<li><strong>Y\u00fczeye Monte LED'ler (SMD'ler):<\/strong>Bu kompakt LED'ler, \u0131\u015f\u0131\u011f\u0131 LGF'ye y\u00f6nlendirmek i\u00e7in klavyenin PCB'sinin (bask\u0131l\u0131 devre kart\u0131) belirli noktalar\u0131na yerle\u015ftirilmi\u015ftir.<\/li>\n<\/ul>\n<h3><strong>Avantajlar:<\/strong><\/h3>\n<ul>\n<li><strong>Geli\u015ftirilmi\u015f G\u00f6r\u00fcn\u00fcrl\u00fck:<\/strong>Arka ayd\u0131nlatma, d\u00fc\u015f\u00fck \u0131\u015f\u0131kl\u0131 ortamlarda tu\u015flar\u0131 net bir \u015fekilde g\u00f6rmenizi sa\u011flayarak yazma do\u011frulu\u011funu ve verimlili\u011fini art\u0131r\u0131r.<\/li>\n<li><strong>Geli\u015ftirilmi\u015f \u00dcretkenlik:<\/strong>Daha net tu\u015f g\u00f6r\u00fcn\u00fcrl\u00fc\u011f\u00fc, daha az hata ve daha y\u00fcksek yazma h\u0131z\u0131 anlam\u0131na gelir; \u00f6zellikle gece ku\u015flar\u0131 veya lo\u015f ortamlarda \u00e7al\u0131\u015fanlar i\u00e7in faydal\u0131d\u0131r.<\/li>\n<li><strong>Azalt\u0131lm\u0131\u015f G\u00f6z Yorgunlu\u011fu:<\/strong>Arka \u0131\u015f\u0131\u011f\u0131n yumu\u015fak par\u0131lt\u0131s\u0131, uzun s\u00fcreli yazma seanslar\u0131 s\u0131ras\u0131nda g\u00f6z yorgunlu\u011funu azalt\u0131r.<\/li>\n<li><strong>\u015e\u0131k Estetik:<\/strong>Arkadan ayd\u0131nlatmal\u0131 klavyeler, \u00f6zellikle \u00f6zelle\u015ftirilebilir ayd\u0131nlatma se\u00e7enekleriyle \u00e7al\u0131\u015fma alan\u0131n\u0131za ki\u015filik ve yetenek katar.<\/li>\n<\/ul>\n<h3><strong>Geleneksel Membran Klavyelere G\u00f6re Avantajlar\u0131:<\/strong><\/h3>\n<ul>\n<li><strong>Geli\u015ftirilmi\u015f \u0130\u015flevsellik:<\/strong>Arka ayd\u0131nlatma, geleneksel membran klavyelerin \u00f6nemli bir s\u0131n\u0131rlamas\u0131n\u0131 ele al\u0131r - d\u00fc\u015f\u00fck \u0131\u015f\u0131kta zay\u0131f g\u00f6r\u00fcn\u00fcrl\u00fck.<\/li>\n<li><strong>Geli\u015ftirilmi\u015f Kullan\u0131c\u0131 Deneyimi:<\/strong>Rahat yazma ve net tu\u015f g\u00f6r\u00fcn\u00fcrl\u00fc\u011f\u00fc kombinasyonu, genel kullan\u0131c\u0131 deneyimini iyile\u015ftirir.<\/li>\n<li><strong>Rekabet\u00e7i Fiyat Noktas\u0131:<\/strong>Arkadan ayd\u0131nlatmal\u0131 membran klavyeler, arkadan ayd\u0131nlatman\u0131n avantajlar\u0131n\u0131 baz\u0131 arkadan ayd\u0131nlatmal\u0131 mekanik klavyelere k\u0131yasla daha uygun bir fiyata sunarak iyi bir de\u011fer sunar.<\/li>\n<\/ul>\n<h3><strong>Dikkat Edilmesi Gerekenler:<\/strong><\/h3>\n<ul>\n<li><strong>\u00d6zelle\u015ftirme Se\u00e7enekleri:<\/strong>Baz\u0131 mekanik klavyeler kadar kapsaml\u0131 olmasa da, baz\u0131 arkadan ayd\u0131nlatmal\u0131 membran klavyeler ayarlanabilir parlakl\u0131k seviyeleri ve potansiyel olarak tek renkli veya \u00e7ok renkli ayd\u0131nlatma se\u00e7enekleri sunar.<\/li>\n<li><strong>I\u015f\u0131k S\u0131z\u0131nt\u0131s\u0131:<\/strong>Baz\u0131 modellerde tu\u015f kapaklar\u0131n\u0131n etraf\u0131na \u0131\u015f\u0131k s\u0131zabilir, bu da baz\u0131 kullan\u0131c\u0131lar i\u00e7in endi\u015fe verici olabilir<\/li>\n<\/ul>","protected":false},"excerpt":{"rendered":"<p>Membran klavye arka \u0131\u015f\u0131klar\u0131, i\u015flevsellik ve stilin cazip bir kombinasyonunu sunar. D\u00fc\u015f\u00fck \u0131\u015f\u0131kl\u0131 ortamlarda kullan\u0131labilirli\u011fi art\u0131r\u0131r, kullan\u0131c\u0131 deneyimini iyile\u015ftirir ve \u00e7al\u0131\u015fma alan\u0131n\u0131za rekabet\u00e7i bir fiyat noktas\u0131nda \u015f\u0131k bir dokunu\u015f katar. Teknoloji ilerledik\u00e7e, arkadan ayd\u0131nlatmal\u0131 membran klavyeler i\u00e7in \u00f6zelle\u015ftirme se\u00e7enekleri, \u0131\u015f\u0131k yay\u0131l\u0131m\u0131 ve enerji verimlili\u011finde daha fazla geli\u015fme bekleyebiliriz.<\/p>","protected":false},"featured_media":1541,"comment_status":"closed","ping_status":"closed","template":"","meta":[],"product_cat":[15],"product_tag":[],"_links":{"self":[{"href":"https:\/\/backlightmfg.com\/tr\/wp-json\/wp\/v2\/product\/1556"}],"collection":[{"href":"https:\/\/backlightmfg.com\/tr\/wp-json\/wp\/v2\/product"}],"about":[{"href":"https:\/\/backlightmfg.com\/tr\/wp-json\/wp\/v2\/types\/product"}],"replies":[{"embeddable":true,"href":"https:\/\/backlightmfg.com\/tr\/wp-json\/wp\/v2\/comments?post=1556"}],"wp:featuredmedia":[{"embeddable":true,"href":"https:\/\/backlightmfg.com\/tr\/wp-json\/wp\/v2\/media\/1541"}],"wp:attachment":[{"href":"https:\/\/backlightmfg.com\/tr\/wp-json\/wp\/v2\/media?parent=1556"}],"wp:term":[{"taxonomy":"product_cat","embeddable":true,"href":"https:\/\/backlightmfg.com\/tr\/wp-json\/wp\/v2\/product_cat?post=1556"},{"taxonomy":"product_tag","embeddable":true,"href":"https:\/\/backlightmfg.com\/tr\/wp-json\/wp\/v2\/product_tag?post=1556"}],"curies":[{"name":"wp","href":"https:\/\/api.w.org\/{rel}","templated":true}]}}