{"id":1555,"date":"2024-07-08T08:09:39","date_gmt":"2024-07-08T08:09:39","guid":{"rendered":"https:\/\/backlightmfg.com\/manufacturer\/phone-backlight\/"},"modified":"2024-09-15T06:29:44","modified_gmt":"2024-09-15T06:29:44","slug":"phone-backlight","status":"publish","type":"product","link":"https:\/\/backlightmfg.com\/tr\/phone-backlight\/","title":{"rendered":"Telefon Arka I\u015f\u0131\u011f\u0131"},"content":{"rendered":"<p>Telefon arka \u0131\u015f\u0131\u011f\u0131, d\u00fc\u015f\u00fck \u0131\u015f\u0131k ko\u015fullar\u0131nda bile telefonunuzun ekran\u0131ndaki i\u00e7eri\u011fi net bir \u015fekilde g\u00f6rmenizi sa\u011flayan \u00f6nemli bir bile\u015fendir. Her g\u00fcn etkile\u015fimde bulundu\u011funuz canl\u0131 ekran\u0131n arkas\u0131ndaki g\u00f6r\u00fcnmez kahramand\u0131r. \u0130\u015fte telefon arka \u0131\u015f\u0131klar\u0131n\u0131n bir d\u00f6k\u00fcm\u00fc:<\/p>\n<h3><strong>Telefon Arka I\u015f\u0131k Teknolojisi:<\/strong><\/h3>\n<p>Modern ak\u0131ll\u0131 telefonlarda, floresan lambalar gibi eski teknolojilerin yerini alan LED arka \u0131\u015f\u0131klar kullan\u0131lmaktad\u0131r. LED'ler \u00e7ok say\u0131da avantaj sunar:<\/p>\n<ul>\n<li><strong>Enerji Verimlili\u011fi:<\/strong>LED'ler geleneksel arka \u0131\u015f\u0131klardan \u00f6nemli \u00f6l\u00e7\u00fcde daha az g\u00fc\u00e7 t\u00fcketerek pil \u00f6mr\u00fcn\u00fcz\u00fc uzat\u0131r ve \u00e7evresel etkiyi azalt\u0131r.<\/li>\n<li><strong>D\u00fczg\u00fcn Ayd\u0131nlatma:<\/strong>LED arka \u0131\u015f\u0131klar \u0131\u015f\u0131\u011f\u0131 ekrana e\u015fit olarak da\u011f\u0131tarak parlamay\u0131 ve s\u0131cak noktalar\u0131 en aza indirir ve rahat bir izleme deneyimi sunar.<\/li>\n<li><strong>Ayarlanabilir Parlakl\u0131k:<\/strong>Arka \u0131\u015f\u0131k yo\u011funlu\u011funu ihtiya\u00e7lar\u0131n\u0131za ve ortam ayd\u0131nlatma ko\u015fullar\u0131na g\u00f6re ayarlayabilir, pil \u00f6mr\u00fcn\u00fc ve g\u00f6z konforunu daha da optimize edebilirsiniz.<\/li>\n<\/ul>\n<h3><strong>Avantajlar:<\/strong><\/h3>\n<ul>\n<li><strong>Netlik :<\/strong>Arka \u0131\u015f\u0131klar, telefonunuzun ekran\u0131ndaki metin, resim ve videolar\u0131n net bir \u015fekilde g\u00f6r\u00fclebilmesini sa\u011flar.<\/li>\n<li><strong>\u00d6zelle\u015ftirilebilirlik :<\/strong>Ayarlanabilir parlakl\u0131k, ister a\u00e7\u0131k havada parlak bir ekran ister geceleri daha yumu\u015fak bir \u0131\u015f\u0131lt\u0131 tercih edin, g\u00f6r\u00fcnt\u00fcleme deneyiminizi ki\u015fiselle\u015ftirmenizi sa\u011flar.<\/li>\n<li><strong>Gece Okuma Modu:<\/strong>Baz\u0131 telefonlar, gece okuma s\u0131ras\u0131nda g\u00f6z yorgunlu\u011funu azaltmak i\u00e7in arka \u0131\u015f\u0131k renk s\u0131cakl\u0131\u011f\u0131n\u0131 ayarlayan bir gece okuma modu sunar.<\/li>\n<\/ul>\n<h3><strong>D\u00fc\u015f\u00fcnceler:<\/strong><\/h3>\n<ul>\n<li><strong>Pil \u00d6mr\u00fc:<\/strong>Arka \u0131\u015f\u0131k parlakl\u0131\u011f\u0131 pil \u00f6mr\u00fcn\u00fc \u00f6nemli \u00f6l\u00e7\u00fcde etkiler. Parlakl\u0131\u011f\u0131 d\u00fc\u015f\u00fcrmek, tek bir \u015farjla pil \u00f6mr\u00fcn\u00fc belirgin \u015fekilde uzatabilir.<\/li>\n<li><strong>G\u00f6z yorgunlu\u011fu:<\/strong>S\u00fcrekli parlak ekranlara maruz kalmak g\u00f6z yorgunlu\u011funa neden olabilir. Parlakl\u0131\u011f\u0131 ayarlamak ve gece okuma modunu kullanmak bunu azaltmaya yard\u0131mc\u0131 olabilir.<\/li>\n<li><strong>Ekran Teknolojisi:<\/strong>Arka \u0131\u015f\u0131k performans\u0131 telefonunuzun ekran teknolojisi (\u00f6rn. LCD, OLED) ile etkile\u015fim halindedir. \u00d6rne\u011fin OLED ekranlar, kendi kendini ayd\u0131nlatan yap\u0131lar\u0131 nedeniyle \u00fcst\u00fcn kontrast sunabilir.<\/li>\n<\/ul>","protected":false},"excerpt":{"rendered":"<p>Telefon arka \u0131\u015f\u0131\u011f\u0131, kullan\u0131c\u0131 deneyiminde hayati bir rol oynayan \u00e7ok \u00f6nemli bir bile\u015fendir. Enerji verimlili\u011fi, ayarlanabilir parlakl\u0131\u011f\u0131 ve net g\u00f6rseller sa\u011flama yetene\u011fi onu mobil cihazlar\u0131m\u0131z i\u00e7in vazge\u00e7ilmez bir teknoloji haline getirmektedir. Ekran teknolojisi ve arka \u0131\u015f\u0131k tasar\u0131m\u0131nda devam eden geli\u015fmelerle birlikte, gelecekteki ak\u0131ll\u0131 telefonlar i\u00e7in daha da verimli ve kullan\u0131c\u0131 dostu arka ayd\u0131nlatma \u00e7\u00f6z\u00fcmleri bekleyebiliriz.<\/p>","protected":false},"featured_media":1545,"comment_status":"closed","ping_status":"closed","template":"","meta":[],"product_cat":[15],"product_tag":[],"_links":{"self":[{"href":"https:\/\/backlightmfg.com\/tr\/wp-json\/wp\/v2\/product\/1555"}],"collection":[{"href":"https:\/\/backlightmfg.com\/tr\/wp-json\/wp\/v2\/product"}],"about":[{"href":"https:\/\/backlightmfg.com\/tr\/wp-json\/wp\/v2\/types\/product"}],"replies":[{"embeddable":true,"href":"https:\/\/backlightmfg.com\/tr\/wp-json\/wp\/v2\/comments?post=1555"}],"wp:featuredmedia":[{"embeddable":true,"href":"https:\/\/backlightmfg.com\/tr\/wp-json\/wp\/v2\/media\/1545"}],"wp:attachment":[{"href":"https:\/\/backlightmfg.com\/tr\/wp-json\/wp\/v2\/media?parent=1555"}],"wp:term":[{"taxonomy":"product_cat","embeddable":true,"href":"https:\/\/backlightmfg.com\/tr\/wp-json\/wp\/v2\/product_cat?post=1555"},{"taxonomy":"product_tag","embeddable":true,"href":"https:\/\/backlightmfg.com\/tr\/wp-json\/wp\/v2\/product_tag?post=1555"}],"curies":[{"name":"wp","href":"https:\/\/api.w.org\/{rel}","templated":true}]}}