{"id":1553,"date":"2024-07-08T08:09:39","date_gmt":"2024-07-08T08:09:39","guid":{"rendered":"https:\/\/backlightmfg.com\/manufacturer\/film-backlighting\/"},"modified":"2024-09-15T06:29:45","modified_gmt":"2024-09-15T06:29:45","slug":"film-backlighting","status":"publish","type":"product","link":"https:\/\/backlightmfg.com\/tr\/film-backlighting\/","title":{"rendered":"Film Arka Ayd\u0131nlatma"},"content":{"rendered":"<p>I\u015f\u0131k k\u0131lavuz filmleri (LGF'ler) olarak da bilinen film arka ayd\u0131nlatmalar, geleneksel arka ayd\u0131nlatma y\u00f6ntemlerine g\u00f6re bir dizi avantaj sunan \u00f6nemli bir ayd\u0131nlatma teknolojisi olarak ortaya \u00e7\u0131km\u0131\u015ft\u0131r. Bu ince, esnek filmler polietilen tereftalat (PET) gibi \u00e7evre dostu malzemelerden \u00fcretilmekte ve ba\u015fta elektronik cihazlar olmak \u00fczere \u00e7e\u015fitli uygulamalarda yayg\u0131n olarak kullan\u0131lmaktad\u0131r.<\/p>\n<h3><strong>\u0130nce Film Arka I\u015f\u0131klar\u0131n Temel \u00d6zellikleri:<\/strong><\/h3>\n<ul>\n<li><strong style=\"color: #555555; font-size: 14.4px;\">\u00c7evre Dostu:<\/strong><span style=\"color: #555555; font-size: 14.4px;\">\u00a0Geri d\u00f6n\u00fc\u015ft\u00fcr\u00fclebilir malzemelerden \u00fcretilerek \u00e7evresel etkileri en aza indirilmi\u015ftir.<\/span><\/li>\n<li><strong style=\"color: #555555; font-size: 14.4px;\">D\u00fczg\u00fcn Ayd\u0131nlatma:<\/strong><span style=\"color: #555555; font-size: 14.4px;\">\u00a0T\u00fcm y\u00fczey boyunca e\u015fit ve tutarl\u0131 bir \u0131\u015f\u0131k da\u011f\u0131l\u0131m\u0131 sa\u011flayarak parlama ve s\u0131cak noktalar\u0131 ortadan kald\u0131r\u0131r.<\/span><\/li>\n<li><strong style=\"color: #555555; font-size: 14.4px;\">Enerji Verimlili\u011fi:<\/strong><span style=\"color: #555555; font-size: 14.4px;\">\u00a0Geleneksel arka ayd\u0131nlatma y\u00f6ntemlerine k\u0131yasla \u00f6nemli \u00f6l\u00e7\u00fcde daha az enerji t\u00fcketerek i\u015fletme maliyetlerini ve \u00e7evresel etkiyi azalt\u0131r.<\/span><\/li>\n<li><strong style=\"color: #555555; font-size: 14.4px;\">\u0130nce ve Hafif:<\/strong><span style=\"color: #555555; font-size: 14.4px;\">\u00a0\u0130nce ve hafif yap\u0131lar\u0131, kompakt elektronik cihazlara dahil edilmeleri i\u00e7in idealdir.<\/span><\/li>\n<li><strong style=\"color: #555555; font-size: 14.4px;\">Tasar\u0131m Esnekli\u011fi:<\/strong><span style=\"color: #555555; font-size: 14.4px;\">\u00a0\u00c7e\u015fitli tasar\u0131m gereksinimlerine uyacak \u015fekilde kolayca \u015fekillendirilebilir ve \u00f6zelle\u015ftirilebilirler.<\/span><\/li>\n<li><strong style=\"color: #555555; font-size: 14.4px;\">Maliyet-Etkinlik:<\/strong><span style=\"color: #555555; font-size: 14.4px;\">\u00a0Arka ayd\u0131nlatma uygulamalar\u0131 i\u00e7in uygun maliyetli bir \u00e7\u00f6z\u00fcm sunarlar.<\/span><\/li>\n<\/ul>\n<h3><strong style=\"font-size: 23.04px;\">\u0130nce Film Arka I\u015f\u0131k Uygulamalar\u0131:<\/strong><\/h3>\n<ul>\n<li><strong style=\"color: #555555; font-size: 14.4px;\">LCD Ekranlar:<\/strong><span style=\"color: #555555; font-size: 14.4px;\">\u00a0Ak\u0131ll\u0131 telefonlar, tabletler, diz\u00fcst\u00fc bilgisayarlar ve televizyonlar i\u00e7in LCD ekranlarda yayg\u0131n olarak kullan\u0131l\u0131rlar.<\/span><\/li>\n<li><strong style=\"color: #555555; font-size: 14.4px;\">Arkadan Ayd\u0131nlatmal\u0131 Klavyeler:<\/strong><span style=\"color: #555555; font-size: 14.4px;\">\u00a0Klavyeleri ayd\u0131nlatarak d\u00fc\u015f\u00fck \u0131\u015f\u0131k ko\u015fullar\u0131nda g\u00f6r\u00fcn\u00fcrl\u00fc\u011f\u00fc art\u0131r\u0131r.<\/span><\/li>\n<li><strong style=\"color: #555555; font-size: 14.4px;\">Kontrol Panelleri:<\/strong><span style=\"color: #555555; font-size: 14.4px;\">\u00a0\u0130nce film arka \u0131\u015f\u0131klar\u0131, ev aletleri, end\u00fcstriyel makineler ve t\u0131bbi ekipmanlar i\u00e7in kontrol panellerinde kullan\u0131lmaktad\u0131r.<\/span><\/li>\n<li><strong style=\"color: #555555; font-size: 14.4px;\">Tabela ve Reklamlar:<\/strong><span style=\"color: #555555; font-size: 14.4px;\">\u00a0Arkadan ayd\u0131nlatmal\u0131 tabelalarda ve reklamlarda kullan\u0131l\u0131rlar ve g\u00f6z al\u0131c\u0131 g\u00f6r\u00fcnt\u00fcler olu\u015ftururlar.<\/span><\/li>\n<li><strong style=\"color: #555555; font-size: 14.4px;\">Dekoratif Ayd\u0131nlatma:<\/strong><span style=\"color: #555555; font-size: 14.4px;\">\u00a0Dekoratif ayd\u0131nlatma armat\u00fcrlerine dahil edilirler, ambiyans ve g\u00f6rsel vurgular eklerler.<\/span><\/li>\n<\/ul>\n<p><span style=\"font-size: 150%;\"><strong>\u0130nce Film Arka I\u015f\u0131klar\u0131n Avantajlar\u0131:<\/strong><\/span><\/p>\n<ul>\n<li><strong style=\"color: #555555; font-size: 14.4px;\">Geli\u015ftirilmi\u015f G\u00f6rsel Konfor:<\/strong><span style=\"color: #555555; font-size: 14.4px;\">\u00a0Tek tip ayd\u0131nlatma g\u00f6z yorgunlu\u011funu azalt\u0131r ve g\u00f6rsel konforu art\u0131r\u0131r.<\/span><\/li>\n<li><strong style=\"color: #555555; font-size: 14.4px;\">Geli\u015ftirilmi\u015f \u00dcr\u00fcn Esteti\u011fi:<\/strong><span style=\"color: #555555; font-size: 14.4px;\">\u00a0\u0130nce film arka ayd\u0131nlatmalar elektronik cihazlara \u015f\u0131kl\u0131k ve incelik katar.<\/span><\/li>\n<li><strong style=\"color: #555555; font-size: 14.4px;\">Tasar\u0131m \u00d6zg\u00fcrl\u00fc\u011f\u00fc:<\/strong><span style=\"color: #555555; font-size: 14.4px;\">\u00a0Esneklikleri, yarat\u0131c\u0131 ayd\u0131nlatma tasar\u0131mlar\u0131na ve \u00e7e\u015fitli \u00fcr\u00fcnlere entegrasyona olanak tan\u0131r.<\/span><\/li>\n<li><strong style=\"color: #555555; font-size: 14.4px;\">Enerji Tasarrufu:<\/strong><span style=\"color: #555555; font-size: 14.4px;\">\u00a0Enerji verimlili\u011fi, daha d\u00fc\u015f\u00fck i\u015fletme maliyetleri ve daha az \u00e7evresel etki anlam\u0131na gelir.<\/span><\/li>\n<li><strong style=\"color: #555555; font-size: 14.4px;\">Maliyet-Etkinlik:<\/strong><span style=\"color: #555555; font-size: 14.4px;\">\u00a0Arka ayd\u0131nlatma uygulamalar\u0131 i\u00e7in maliyet a\u00e7\u0131s\u0131ndan rekabet\u00e7i bir \u00e7\u00f6z\u00fcm sunarlar.<\/span><\/li>\n<\/ul>","protected":false},"excerpt":{"rendered":"<p>Film arka ayd\u0131nlatmalar, geleneksel arka ayd\u0131nlatma y\u00f6ntemlerine \u00fcst\u00fcn bir alternatif sa\u011flayarak ayd\u0131nlatma teknolojisinde devrim yaratm\u0131\u015ft\u0131r. \u00c7evre dostu olmalar\u0131, tek tip ayd\u0131nlatmalar\u0131, enerji verimlili\u011fi, ince tasar\u0131mlar\u0131 ve uygun maliyetli olmalar\u0131, onlar\u0131 \u00e7ok \u00e7e\u015fitli uygulamalar i\u00e7in \u00e7ok y\u00f6nl\u00fc ve aranan bir \u00e7\u00f6z\u00fcm haline getirmektedir. Teknoloji ilerledik\u00e7e, ince film arka ayd\u0131nlatmalar\u0131n geli\u015fmeye devam etmesi ve gelecekte daha da yenilik\u00e7i ve verimli ayd\u0131nlatma \u00e7\u00f6z\u00fcmleri sunmas\u0131 beklenmektedir.<\/p>","protected":false},"featured_media":1540,"comment_status":"closed","ping_status":"closed","template":"","meta":[],"product_cat":[15],"product_tag":[],"_links":{"self":[{"href":"https:\/\/backlightmfg.com\/tr\/wp-json\/wp\/v2\/product\/1553"}],"collection":[{"href":"https:\/\/backlightmfg.com\/tr\/wp-json\/wp\/v2\/product"}],"about":[{"href":"https:\/\/backlightmfg.com\/tr\/wp-json\/wp\/v2\/types\/product"}],"replies":[{"embeddable":true,"href":"https:\/\/backlightmfg.com\/tr\/wp-json\/wp\/v2\/comments?post=1553"}],"wp:featuredmedia":[{"embeddable":true,"href":"https:\/\/backlightmfg.com\/tr\/wp-json\/wp\/v2\/media\/1540"}],"wp:attachment":[{"href":"https:\/\/backlightmfg.com\/tr\/wp-json\/wp\/v2\/media?parent=1553"}],"wp:term":[{"taxonomy":"product_cat","embeddable":true,"href":"https:\/\/backlightmfg.com\/tr\/wp-json\/wp\/v2\/product_cat?post=1553"},{"taxonomy":"product_tag","embeddable":true,"href":"https:\/\/backlightmfg.com\/tr\/wp-json\/wp\/v2\/product_tag?post=1553"}],"curies":[{"name":"wp","href":"https:\/\/api.w.org\/{rel}","templated":true}]}}