{"id":1551,"date":"2024-07-08T08:09:39","date_gmt":"2024-07-08T08:09:39","guid":{"rendered":"https:\/\/backlightmfg.com\/manufacturer\/led-backlighting\/"},"modified":"2024-09-15T06:29:47","modified_gmt":"2024-09-15T06:29:47","slug":"led-backlighting","status":"publish","type":"product","link":"https:\/\/backlightmfg.com\/tr\/led-backlighting\/","title":{"rendered":"LED Arka Ayd\u0131nlatma"},"content":{"rendered":"<p>Modern ekran teknolojisinde bask\u0131n bir g\u00fc\u00e7 olan LED arka ayd\u0131nlatma, ekranlar\u0131 arkadan ayd\u0131nlatmak i\u00e7in \u0131\u015f\u0131k kayna\u011f\u0131 olarak \u0131\u015f\u0131k yayan diyotlar\u0131 (LED'ler) kullan\u0131r. Bu teknoloji, geleneksel y\u00f6ntemlere g\u00f6re \u00f6nemli avantajlar sunarak arka ayd\u0131nlatmada devrim yaratm\u0131\u015ft\u0131r.<\/p>\n<h3><strong>LED Arka Ayd\u0131nlatman\u0131n Temel Avantajlar\u0131:<\/strong><\/h3>\n<ul>\n<li><strong style=\"color: #555555; font-size: 14.4px;\">Enerji Verimlili\u011fi:<\/strong><span style=\"color: #555555; font-size: 14.4px;\">\u00a0LED'ler, floresan lambalar gibi geleneksel arka ayd\u0131nlatmalara k\u0131yasla \u00f6nemli \u00f6l\u00e7\u00fcde daha az g\u00fc\u00e7 t\u00fcketerek daha d\u00fc\u015f\u00fck enerji faturalar\u0131 ve daha az \u00e7evresel etki sa\u011flar.<\/span><\/li>\n<li><strong style=\"color: #555555; font-size: 14.4px;\">D\u00fczg\u00fcn Ayd\u0131nlatma:<\/strong><span style=\"color: #555555; font-size: 14.4px;\">\u00a0LED arka \u0131\u015f\u0131klar, ekran boyunca daha d\u00fczg\u00fcn ve tutarl\u0131 bir \u0131\u015f\u0131k da\u011f\u0131l\u0131m\u0131 sa\u011flayarak parlamay\u0131 ve s\u0131cak noktalar\u0131 en aza indirir. Bu da daha rahat ve g\u00f6rsel olarak ho\u015f bir izleme deneyimi anlam\u0131na gelir.<\/span><\/li>\n<li><strong style=\"color: #555555; font-size: 14.4px;\">\u0130nce ve Hafif Tasar\u0131m:<\/strong><span style=\"color: #555555; font-size: 14.4px;\">\u00a0LED'lerin kompakt ve hafif olmas\u0131, daha ince ve daha hafif elektronik cihazlar\u0131n tasarlanmas\u0131n\u0131 sa\u011flar.<\/span><\/li>\n<li><strong style=\"color: #555555; font-size: 14.4px;\">Ayarlanabilir Parlakl\u0131k:<\/strong><span style=\"color: #555555; font-size: 14.4px;\">\u00a0LED arka \u0131\u015f\u0131klar, ortam ayd\u0131nlatma ko\u015fullar\u0131na ve g\u00f6r\u00fcnt\u00fclenen i\u00e7eri\u011fe g\u00f6re ayarlanan dinamik parlakl\u0131k kontrol\u00fcne olanak tan\u0131yarak enerji verimlili\u011fini ve kullan\u0131c\u0131 konforunu daha da art\u0131r\u0131r.<\/span><\/li>\n<li><strong style=\"color: #555555; font-size: 14.4px;\">Renk Gamutu ve Canl\u0131l\u0131k:<\/strong><span style=\"color: #555555; font-size: 14.4px;\">\u00a0LED'ler, geleneksel arka \u0131\u015f\u0131klara k\u0131yasla daha geni\u015f bir renk yelpazesi \u00fcretecek \u015fekilde uyarlanabilir, bu da ekranlarda daha canl\u0131 ve ger\u00e7ek\u00e7i g\u00f6rseller elde edilmesini sa\u011flar.<\/span><\/li>\n<li><strong style=\"color: #555555; font-size: 14.4px;\">Geli\u015ftirilmi\u015f Uzun \u00d6m\u00fcr:<\/strong><span style=\"color: #555555; font-size: 14.4px;\">\u00a0LED'ler geleneksel arka \u0131\u015f\u0131klara k\u0131yasla \u00e7ok daha uzun bir kullan\u0131m \u00f6mr\u00fcne sahiptir ve daha uygun maliyetli ve dayan\u0131kl\u0131 bir \u00e7\u00f6z\u00fcm sunar.<\/span><\/li>\n<\/ul>\n<h3><strong style=\"font-size: 23.04px;\">LED Arka Ayd\u0131nlatma Uygulamalar\u0131:<\/strong><\/h3>\n<ul>\n<li><strong style=\"color: #555555; font-size: 14.4px;\">LCD Ekranlar:<\/strong><span style=\"color: #555555; font-size: 14.4px;\">\u00a0LED arka ayd\u0131nlatma TV'ler, diz\u00fcst\u00fc bilgisayarlar, tabletler, ak\u0131ll\u0131 telefonlar ve bilgisayar monit\u00f6rleri i\u00e7in LCD ekranlarda her yerde bulunur.<\/span><\/li>\n<li><strong style=\"color: #555555; font-size: 14.4px;\">Dijital Tabela:<\/strong><span style=\"color: #555555; font-size: 14.4px;\">\u00a0LED arka \u0131\u015f\u0131klar dijital tabela ekranlar\u0131n\u0131 ayd\u0131nlatarak reklam ve bilgi da\u011f\u0131t\u0131m\u0131 i\u00e7in g\u00f6z al\u0131c\u0131 g\u00f6rseller olu\u015fturur.<\/span><\/li>\n<li><strong style=\"color: #555555; font-size: 14.4px;\">Otomotiv Ekranlar\u0131:<\/strong><span style=\"color: #555555; font-size: 14.4px;\">\u00a0LED arka \u0131\u015f\u0131klar, ara\u00e7 g\u00f6sterge panellerinde ve g\u00f6sterge k\u00fcmelerinde kullan\u0131l\u0131r ve net ve parlak bilgi ekranlar\u0131 sa\u011flar.<\/span><\/li>\n<li><strong style=\"color: #555555; font-size: 14.4px;\">Arkadan Ayd\u0131nlatmal\u0131 Klavyeler:<\/strong><span style=\"color: #555555; font-size: 14.4px;\">\u00a0LED'ler klavye tu\u015flar\u0131n\u0131 ayd\u0131nlatarak d\u00fc\u015f\u00fck \u0131\u015f\u0131kl\u0131 ortamlarda g\u00f6r\u00fcn\u00fcrl\u00fc\u011f\u00fc art\u0131r\u0131r.<\/span><\/li>\n<li><strong style=\"color: #555555; font-size: 14.4px;\">T\u00fcketici Elektroni\u011fi:<\/strong><span style=\"color: #555555; font-size: 14.4px;\">\u00a0Bu teknoloji, oyun konsollar\u0131 ve ev aletleri de dahil olmak \u00fczere \u00e7ok \u00e7e\u015fitli t\u00fcketici elektroni\u011finde uygulama alan\u0131 bulmaktad\u0131r.<\/span><\/li>\n<\/ul>\n<h3><strong style=\"font-size: 23.04px;\">LED Arka Ayd\u0131nlatman\u0131n Gelece\u011fi:<\/strong><\/h3>\n<p>LED arka ayd\u0131nlatma teknolojisi s\u00fcrekli geli\u015fmektedir. A\u015fa\u011f\u0131daki gibi alanlarda ilerlemeler beklenmektedir:<\/p>\n<ul>\n<li><strong style=\"color: #555555; font-size: 14.4px;\">MicroLED Arka Ayd\u0131nlatma:<\/strong><span style=\"color: #555555; font-size: 14.4px;\">\u00a0Bu yeni nesil teknoloji, daha hassas ve dinamik arka ayd\u0131nlatma kontrol\u00fc i\u00e7in mikroskobik LED'ler kullanarak daha iyi g\u00f6r\u00fcnt\u00fc kalitesi ve kontrast sa\u011flar.<\/span><\/li>\n<li><strong style=\"color: #555555; font-size: 14.4px;\">MiniLED Arka Ayd\u0131nlatma:<\/strong><span style=\"color: #555555; font-size: 14.4px;\">\u00a0Daha k\u00fc\u00e7\u00fck ve daha s\u0131k\u0131 paketlenmi\u015f LED'ler, yerel karartma \u00fczerinde daha fazla kontrol sa\u011flar ve ekranlardaki HDR (Y\u00fcksek Dinamik Aral\u0131k) performans\u0131n\u0131 iyile\u015ftirir.<\/span><\/li>\n<li><strong style=\"color: #555555; font-size: 14.4px;\">Organik I\u015f\u0131k Yayan Diyot (OLED) Arka Ayd\u0131nlatma:<\/strong><span style=\"color: #555555; font-size: 14.4px;\">\u00a0OLED teknolojisi, ayr\u0131 bir arka ayd\u0131nlatma ihtiyac\u0131n\u0131 tamamen ortadan kald\u0131rarak kendi kendini ayd\u0131nlatan ekranlar i\u00e7in potansiyel sunmaktad\u0131r.<\/span><\/li>\n<\/ul>","protected":false},"excerpt":{"rendered":"<p>LED arka ayd\u0131nlatma, geleneksel arka \u0131\u015f\u0131klara \u00fcst\u00fcn bir alternatif sunarak ekran teknolojisinde devrim yaratm\u0131\u015ft\u0131r. Enerji verimlili\u011fi, geli\u015fmi\u015f g\u00f6rselli\u011fi, ince tasar\u0131m\u0131 ve uzun \u00f6mr\u00fc onu modern ekranlar i\u00e7in bask\u0131n teknoloji haline getirmi\u015ftir. Yenilikler devam ettik\u00e7e, LED arka ayd\u0131nlatma daha da \u00e7arp\u0131c\u0131 ve enerji tasarruflu g\u00f6rsel deneyimler sunarak ekran teknolojisinin gelece\u011fini \u015fekillendirmeye haz\u0131rlan\u0131yor.<\/p>","protected":false},"featured_media":1542,"comment_status":"closed","ping_status":"closed","template":"","meta":[],"product_cat":[15],"product_tag":[],"_links":{"self":[{"href":"https:\/\/backlightmfg.com\/tr\/wp-json\/wp\/v2\/product\/1551"}],"collection":[{"href":"https:\/\/backlightmfg.com\/tr\/wp-json\/wp\/v2\/product"}],"about":[{"href":"https:\/\/backlightmfg.com\/tr\/wp-json\/wp\/v2\/types\/product"}],"replies":[{"embeddable":true,"href":"https:\/\/backlightmfg.com\/tr\/wp-json\/wp\/v2\/comments?post=1551"}],"wp:featuredmedia":[{"embeddable":true,"href":"https:\/\/backlightmfg.com\/tr\/wp-json\/wp\/v2\/media\/1542"}],"wp:attachment":[{"href":"https:\/\/backlightmfg.com\/tr\/wp-json\/wp\/v2\/media?parent=1551"}],"wp:term":[{"taxonomy":"product_cat","embeddable":true,"href":"https:\/\/backlightmfg.com\/tr\/wp-json\/wp\/v2\/product_cat?post=1551"},{"taxonomy":"product_tag","embeddable":true,"href":"https:\/\/backlightmfg.com\/tr\/wp-json\/wp\/v2\/product_tag?post=1551"}],"curies":[{"name":"wp","href":"https:\/\/api.w.org\/{rel}","templated":true}]}}