{"id":1550,"date":"2024-07-08T08:09:39","date_gmt":"2024-07-08T08:09:39","guid":{"rendered":"https:\/\/backlightmfg.com\/manufacturer\/el-backlighting\/"},"modified":"2024-09-15T06:29:47","modified_gmt":"2024-09-15T06:29:47","slug":"el-backlighting","status":"publish","type":"product","link":"https:\/\/backlightmfg.com\/tr\/el-backlighting\/","title":{"rendered":"EL Arka Ayd\u0131nlatma"},"content":{"rendered":"<p>EL arka \u0131\u015f\u0131k kayna\u011f\u0131 parlakl\u0131\u011f\u0131, homojenli\u011fi, yumu\u015fakl\u0131\u011f\u0131 ve dayan\u0131kl\u0131l\u0131\u011f\u0131 ile karakterize edilir ve bu da onu ekran panelleri, ticari reklam panolar\u0131 ve dekoratif ayd\u0131nlatma gibi \u00e7e\u015fitli alanlarda yayg\u0131n olarak uygulanabilir hale getirir.<\/p>\n<h3><strong>EL Arka I\u015f\u0131\u011f\u0131n Temel Avantajlar\u0131:<\/strong><\/h3>\n<ul>\n<li><strong style=\"color: #555555; font-size: 14.4px;\">Enerji Verimlili\u011fi:<\/strong><span style=\"color: #555555; font-size: 14.4px;\">\u00a0Akkor ve floresan lambalara k\u0131yasla \u00f6nemli \u00f6l\u00e7\u00fcde daha az enerji t\u00fcketirler, bu da daha d\u00fc\u015f\u00fck i\u015fletme maliyetleri ve daha az \u00e7evresel etki anlam\u0131na gelir.<\/span><\/li>\n<li><strong style=\"color: #555555; font-size: 14.4px;\">Tekd\u00fczelik:<\/strong><span style=\"color: #555555; font-size: 14.4px;\">\u00a0T\u00fcm y\u00fczey boyunca e\u015fit ve tutarl\u0131 bir ayd\u0131nlatma sa\u011flayarak parlama ve s\u0131cak noktalar\u0131 ortadan kald\u0131r\u0131r.<\/span><\/li>\n<li><strong style=\"color: #555555; font-size: 14.4px;\">Yumu\u015fakl\u0131k:<\/strong><span style=\"color: #555555; font-size: 14.4px;\">\u00a0EL arka \u0131\u015f\u0131klardan yay\u0131lan \u0131\u015f\u0131k yumu\u015fak ve da\u011f\u0131n\u0131kt\u0131r, rahat ve ho\u015f bir izleme deneyimi yarat\u0131r.<\/span><\/li>\n<li><strong style=\"color: #555555; font-size: 14.4px;\">Dayan\u0131kl\u0131l\u0131k: Onlar<\/strong><span style=\"color: #555555; font-size: 14.4px;\">\u00a0son derece dayan\u0131kl\u0131d\u0131r ve \u015fok ve titre\u015fime kar\u015f\u0131 diren\u00e7lidir, bu da onlar\u0131 zorlu uygulamalar i\u00e7in uygun hale getirir.<\/span><\/li>\n<li><strong style=\"color: #555555; font-size: 14.4px;\">Tasar\u0131m Esnekli\u011fi:<\/strong><span style=\"color: #555555; font-size: 14.4px;\">\u00a0\u00c7e\u015fitli tasar\u0131m gereksinimlerine uyacak \u015fekilde kolayca \u015fekillendirilebilir ve \u00f6zelle\u015ftirilebilirler.<\/span><\/li>\n<li><strong style=\"color: #555555; font-size: 14.4px;\">Renk Se\u00e7enekleri:<\/strong><span style=\"color: #555555; font-size: 14.4px;\">\u00a0Tam renkli se\u00e7enekler de dahil olmak \u00fczere geni\u015f bir renk yelpazesi \u00fcreterek g\u00f6rsel \u00e7ekicili\u011fi ve tasar\u0131m olanaklar\u0131n\u0131 art\u0131rabilirler.<\/span><\/li>\n<\/ul>\n<h3><strong style=\"font-size: 23.04px;\">EL Arka I\u015f\u0131\u011f\u0131n Yayg\u0131n Uygulamalar\u0131:<\/strong><\/h3>\n<p>EL, \u00e7e\u015fitli alanlarda kapsaml\u0131 uygulamalar bulmu\u015ftur:<\/p>\n<ul>\n<li><strong style=\"color: #555555; font-size: 14.4px;\">Ekran Panelleri:<\/strong><span style=\"color: #555555; font-size: 14.4px;\">\u00a0Ak\u0131ll\u0131 telefonlar, tabletler, diz\u00fcst\u00fc bilgisayarlar ve televizyonlar i\u00e7in LCD ve OLED ekranlarda yayg\u0131n olarak kullan\u0131l\u0131rlar.<\/span><\/li>\n<li><strong style=\"color: #555555; font-size: 14.4px;\">Ticari Reklam Panolar\u0131:<\/strong><span style=\"color: #555555; font-size: 14.4px;\">\u00a0Ticari reklam panolar\u0131n\u0131 ayd\u0131nlatarak g\u00f6z al\u0131c\u0131 ve canl\u0131 reklamlar sa\u011flarlar.<\/span><\/li>\n<li><strong style=\"color: #555555; font-size: 14.4px;\">Dekoratif Ayd\u0131nlatma:<\/strong><span style=\"color: #555555; font-size: 14.4px;\">\u00a0Dekoratif ayd\u0131nlatma armat\u00fcrlerinde kullan\u0131l\u0131rlar, ambiyans ve g\u00f6rsel vurgular yarat\u0131rlar.<\/span><\/li>\n<li><strong style=\"color: #555555; font-size: 14.4px;\">Otomotiv \u0130\u00e7 Mekanlar\u0131:<\/strong><span style=\"color: #555555; font-size: 14.4px;\">\u00a0Araba g\u00f6sterge panellerine, g\u00f6sterge panellerine ve kontrol d\u00fc\u011fmelerine dahil edilirler.<\/span><\/li>\n<li><strong style=\"color: #555555; font-size: 14.4px;\">T\u0131bbi Cihazlar:<\/strong><span style=\"color: #555555; font-size: 14.4px;\">\u00a0T\u0131bbi ekipmanlarda net ve hassas g\u00f6rselle\u015ftirme i\u00e7in kullan\u0131l\u0131rlar.<\/span><\/li>\n<li><strong style=\"color: #555555; font-size: 14.4px;\">End\u00fcstriyel Uygulamalar:<\/strong><span style=\"color: #555555; font-size: 14.4px;\">\u00a0Daha iyi g\u00f6r\u00fcn\u00fcrl\u00fck i\u00e7in end\u00fcstriyel kontrol panellerinde ve tabelalarda kullan\u0131l\u0131rlar.<\/span><\/li>\n<\/ul>","protected":false},"excerpt":{"rendered":"<p>EL arka \u0131\u015f\u0131klar\u0131, geleneksel \u0131\u015f\u0131k kaynaklar\u0131na \u00fcst\u00fcn bir alternatif sunarak ayd\u0131nlatma teknolojisinde devrim yaratm\u0131\u015ft\u0131r. Enerji verimlili\u011fi, homojenli\u011fi, yumu\u015fakl\u0131\u011f\u0131, dayan\u0131kl\u0131l\u0131\u011f\u0131, tasar\u0131m esnekli\u011fi ve renk se\u00e7enekleri, onlar\u0131 \u00e7ok \u00e7e\u015fitli uygulamalar i\u00e7in \u00e7ok y\u00f6nl\u00fc ve aranan bir \u00e7\u00f6z\u00fcm haline getirmektedir. Teknoloji ilerledik\u00e7e, EL arka \u0131\u015f\u0131klar\u0131n daha da yenilik\u00e7i ve verimli ayd\u0131nlatma \u00e7\u00f6z\u00fcmleri sunarak geli\u015fmeye devam etmesi beklenmektedir.<\/p>","protected":false},"featured_media":1538,"comment_status":"closed","ping_status":"closed","template":"","meta":[],"product_cat":[15],"product_tag":[],"_links":{"self":[{"href":"https:\/\/backlightmfg.com\/tr\/wp-json\/wp\/v2\/product\/1550"}],"collection":[{"href":"https:\/\/backlightmfg.com\/tr\/wp-json\/wp\/v2\/product"}],"about":[{"href":"https:\/\/backlightmfg.com\/tr\/wp-json\/wp\/v2\/types\/product"}],"replies":[{"embeddable":true,"href":"https:\/\/backlightmfg.com\/tr\/wp-json\/wp\/v2\/comments?post=1550"}],"wp:featuredmedia":[{"embeddable":true,"href":"https:\/\/backlightmfg.com\/tr\/wp-json\/wp\/v2\/media\/1538"}],"wp:attachment":[{"href":"https:\/\/backlightmfg.com\/tr\/wp-json\/wp\/v2\/media?parent=1550"}],"wp:term":[{"taxonomy":"product_cat","embeddable":true,"href":"https:\/\/backlightmfg.com\/tr\/wp-json\/wp\/v2\/product_cat?post=1550"},{"taxonomy":"product_tag","embeddable":true,"href":"https:\/\/backlightmfg.com\/tr\/wp-json\/wp\/v2\/product_tag?post=1550"}],"curies":[{"name":"wp","href":"https:\/\/api.w.org\/{rel}","templated":true}]}}