{"id":1549,"date":"2024-07-08T08:09:39","date_gmt":"2024-07-08T08:09:39","guid":{"rendered":"https:\/\/backlightmfg.com\/manufacturer\/fiber-optic-backlighting\/"},"modified":"2024-09-15T06:29:48","modified_gmt":"2024-09-15T06:29:48","slug":"fiber-optic-backlighting","status":"publish","type":"product","link":"https:\/\/backlightmfg.com\/tr\/fiber-optic-backlighting\/","title":{"rendered":"Fiber Optik Arka Ayd\u0131nlatma"},"content":{"rendered":"<p>Fiber optik arka ayd\u0131nlatma, \u0131\u015f\u0131k k\u0131lavuzlar\u0131 olarak i\u015flev g\u00f6ren ince cam veya plastik fiber teller kullan\u0131r. I\u015f\u0131k, fiber optik kablonun bir ucundan, tipik olarak bir LED kayna\u011f\u0131ndan verilir. Bu \u0131\u015f\u0131k, i\u00e7 yans\u0131ma ad\u0131 verilen bir olgu nedeniyle fiberin \u00e7ekirde\u011fi boyunca ilerler, i\u00e7 duvarlardan seker ve \u0131\u015f\u0131k kayb\u0131n\u0131 en aza indirir. I\u015f\u0131k, fiberin di\u011fer ucundan \u00e7\u0131karak hedef alan\u0131 ayd\u0131nlat\u0131r.<\/p>\n<h3><strong>Fiber Optik Arka Ayd\u0131nlatman\u0131n Avantajlar\u0131:<\/strong><\/h3>\n<ul>\n<li><strong style=\"color: #555555; font-size: 14.4px;\">Uzaktan I\u015f\u0131k Kayna\u011f\u0131:<\/strong><span style=\"color: #555555; font-size: 14.4px;\">\u00a0I\u015f\u0131k kayna\u011f\u0131 ayd\u0131nlat\u0131lan alandan uza\u011fa konumland\u0131r\u0131labilir, b\u00f6ylece \u0131s\u0131 \u00fcretimi azalt\u0131l\u0131r ve tasar\u0131m esnekli\u011fi art\u0131r\u0131l\u0131r.<\/span><\/li>\n<li><strong style=\"color: #555555; font-size: 14.4px;\">D\u00fczg\u00fcn Ayd\u0131nlatma:<\/strong><span style=\"color: #555555; font-size: 14.4px;\">\u00a0Fiber optikler \u0131\u015f\u0131\u011f\u0131 e\u015fit \u015fekilde da\u011f\u0131tarak parlamay\u0131 ve s\u0131cak noktalar\u0131 ortadan kald\u0131r\u0131r, g\u00f6rsel olarak ho\u015f ve rahat bir izleme deneyimi yarat\u0131r.<\/span><\/li>\n<li><strong style=\"color: #555555; font-size: 14.4px;\">Y\u00fcksek I\u015f\u0131k Verimlili\u011fi:<\/strong><span style=\"color: #555555; font-size: 14.4px;\">\u00a0Fiberler i\u00e7indeki minimum \u0131\u015f\u0131k kayb\u0131 nedeniyle, fiber optik arka ayd\u0131nlatma verimli \u0131\u015f\u0131k iletimi sunar.<\/span><\/li>\n<li><strong style=\"color: #555555; font-size: 14.4px;\">Dayan\u0131kl\u0131l\u0131k:<\/strong><span style=\"color: #555555; font-size: 14.4px;\"> Fiber optik kablolar son derece dayan\u0131kl\u0131d\u0131r ve titre\u015fime, darbeye, a\u015f\u0131r\u0131 s\u0131cakl\u0131klara dayan\u0131kl\u0131d\u0131r \uff0c enerji tasarrufu sa\u011flar \uff0c ve n<\/span><span class=\"Y2IQFc\" lang=\"en\">o ate\u015f.<\/span><\/li>\n<li><strong style=\"color: #555555; font-size: 14.4px;\">Tasar\u0131m Esnekli\u011fi:<\/strong><span style=\"color: #555555; font-size: 14.4px;\">\u00a0\u0130nce ve esnek fiberler, \u00e7e\u015fitli ayd\u0131nlatma gereksinimlerine uyacak \u015fekilde kolayca \u015fekillendirilebilir ve \u00f6zelle\u015ftirilebilir.<\/span><\/li>\n<li><strong style=\"color: #555555; font-size: 14.4px;\">So\u011fuk Operasyon:<\/strong><span style=\"color: #555555; font-size: 14.4px;\">\u00a0Fiber optik kablolar\u0131n kendileri \u0131s\u0131 \u00fcretmez ve daha serin bir \u00e7al\u0131\u015fma ortam\u0131na katk\u0131da bulunur.<\/span><\/li>\n<\/ul>\n<p>&nbsp;<\/p>\n<h3><strong style=\"font-size: 23.04px;\">Fiber Optik Arka Ayd\u0131nlatma Uygulamalar\u0131:<\/strong><\/h3>\n<ul>\n<li><strong style=\"color: #555555; font-size: 14.4px;\">LCD Ekranlar:<\/strong><span style=\"color: #555555; font-size: 14.4px;\">\u00a0Fiber optik arka \u0131\u015f\u0131klar TV'ler, diz\u00fcst\u00fc bilgisayarlar ve di\u011fer elektronik cihazlardaki LCD ekranlar\u0131n homojenli\u011fini ve parlakl\u0131\u011f\u0131n\u0131 art\u0131rabilir.<\/span><\/li>\n<li><strong style=\"color: #555555; font-size: 14.4px;\">Tabela ve Ekranlar:<\/strong><span style=\"color: #555555; font-size: 14.4px;\">\u00a0G\u00f6rsel olarak \u00e7arp\u0131c\u0131 bir etki i\u00e7in \u0131\u015f\u0131kl\u0131 tabelalarda, mimari ayd\u0131nlatmada ve sat\u0131\u015f noktas\u0131 ekranlar\u0131nda kullan\u0131l\u0131rlar.<\/span><\/li>\n<li><strong style=\"color: #555555; font-size: 14.4px;\">T\u0131bbi Ekipman:<\/strong><span style=\"color: #555555; font-size: 14.4px;\">\u00a0Fiber optik arka ayd\u0131nlatma, t\u0131bbi muayene ve te\u015fhis ekipmanlar\u0131nda kontroll\u00fc ve odaklanm\u0131\u015f ayd\u0131nlatma sa\u011flar.<\/span><\/li>\n<li><strong style=\"color: #555555; font-size: 14.4px;\">Yapay G\u00f6rme Sistemleri:<\/strong><span style=\"color: #555555; font-size: 14.4px;\">\u00a0D\u00fczg\u00fcn \u0131\u015f\u0131k da\u011f\u0131l\u0131m\u0131, hassas nesne incelemesinin gerekli oldu\u011fu makine g\u00f6r\u00fc\u015f uygulamalar\u0131 i\u00e7in idealdir.<\/span><\/li>\n<li><strong style=\"color: #555555; font-size: 14.4px;\">Kenar Ayd\u0131nlatma:<\/strong><span style=\"color: #555555; font-size: 14.4px;\">\u00a0Fiber optikler, dekoratif ve mimari uygulamalar i\u00e7in keskin ve iyi tan\u0131mlanm\u0131\u015f kenar ayd\u0131nlatma efektleri olu\u015fturabilir.<\/span><\/li>\n<li><strong style=\"color: #555555; font-size: 14.4px;\">\u00d6zel Ayd\u0131nlatma:<\/strong><span style=\"color: #555555; font-size: 14.4px;\">\u00a0Fiber optik arka ayd\u0131nlatma, su alt\u0131 ayd\u0131nlatmas\u0131 ve alet ayd\u0131nlatmas\u0131 dahil olmak \u00fczere \u00e7e\u015fitli \u00f6zel uygulamalarda kullan\u0131l\u0131r.<\/span><\/li>\n<\/ul>","protected":false},"excerpt":{"rendered":"<p>Fiber optik arka ayd\u0131nlatma benzersiz ve \u00e7ok y\u00f6nl\u00fc bir ayd\u0131nlatma \u00e7\u00f6z\u00fcm\u00fc sunar. Uzaktan \u0131\u015f\u0131k kayna\u011f\u0131, e\u015fit \u0131\u015f\u0131k da\u011f\u0131l\u0131m\u0131, y\u00fcksek verimlilik ve tasar\u0131m esnekli\u011fi kombinasyonu, onu \u00e7e\u015fitli uygulamalar i\u00e7in de\u011ferli bir teknoloji haline getirmektedir. Teknoloji ilerledik\u00e7e, fiber optik arka ayd\u0131nlatman\u0131n gelecekte daha da yenilik\u00e7i kullan\u0131m alanlar\u0131 bulmas\u0131 beklenmektedir.<\/p>","protected":false},"featured_media":1539,"comment_status":"closed","ping_status":"closed","template":"","meta":[],"product_cat":[15],"product_tag":[],"_links":{"self":[{"href":"https:\/\/backlightmfg.com\/tr\/wp-json\/wp\/v2\/product\/1549"}],"collection":[{"href":"https:\/\/backlightmfg.com\/tr\/wp-json\/wp\/v2\/product"}],"about":[{"href":"https:\/\/backlightmfg.com\/tr\/wp-json\/wp\/v2\/types\/product"}],"replies":[{"embeddable":true,"href":"https:\/\/backlightmfg.com\/tr\/wp-json\/wp\/v2\/comments?post=1549"}],"wp:featuredmedia":[{"embeddable":true,"href":"https:\/\/backlightmfg.com\/tr\/wp-json\/wp\/v2\/media\/1539"}],"wp:attachment":[{"href":"https:\/\/backlightmfg.com\/tr\/wp-json\/wp\/v2\/media?parent=1549"}],"wp:term":[{"taxonomy":"product_cat","embeddable":true,"href":"https:\/\/backlightmfg.com\/tr\/wp-json\/wp\/v2\/product_cat?post=1549"},{"taxonomy":"product_tag","embeddable":true,"href":"https:\/\/backlightmfg.com\/tr\/wp-json\/wp\/v2\/product_tag?post=1549"}],"curies":[{"name":"wp","href":"https:\/\/api.w.org\/{rel}","templated":true}]}}