{"id":2265,"date":"2025-04-02T02:39:59","date_gmt":"2025-04-02T02:39:59","guid":{"rendered":"https:\/\/backlightmfg.com\/?page_id=2265"},"modified":"2025-04-02T07:36:40","modified_gmt":"2025-04-02T07:36:40","slug":"medical-human-machine-interface%ef%bc%88hmi%ef%bc%89","status":"publish","type":"page","link":"https:\/\/backlightmfg.com\/tr\/medical-human-machine-interface%ef%bc%88hmi%ef%bc%89\/","title":{"rendered":"T\u0131bbi \u0130nsan Makine Aray\u00fcz\u00fc\uff08HMI\uff09"},"content":{"rendered":"<div class=\"banner has-hover\" id=\"banner-834913383\">\n          <div class=\"banner-inner fill\">\n        <div class=\"banner-bg fill\" >\n            <div class=\"bg fill bg-fill\"><\/div>\n                        <div class=\"overlay\"><\/div>            \n                    <\/div>\n\t\t\n        <div class=\"banner-layers container\">\n            <div class=\"fill banner-link\"><\/div>            \n   <div id=\"text-box-1108498566\" class=\"text-box banner-layer x50 md-x50 lg-x50 y25 md-y25 lg-y25 res-text\">\n                                <div class=\"text-box-content text dark\">\n              \n              <div class=\"text-inner text-center\">\n                  \n<h1><span style=\"font-size: 80%;\">T\u0131bbi \u0130nsan Makine Aray\u00fcz\u00fc\uff08HMI\uff09<\/span><\/h1>\n              <\/div>\n           <\/div>\n                            \n<style>\n#text-box-1108498566 {\n  width: 86%;\n}\n#text-box-1108498566 .text-box-content {\n  font-size: 100%;\n}\n<\/style>\n    <\/div>\n \n        <\/div>\n      <\/div>\n\n            \n<style>\n#banner-834913383 {\n  padding-top: 188px;\n}\n#banner-834913383 .overlay {\n  background-color: rgba(0, 0, 0, 0.209);\n}\n<\/style>\n  <\/div>\n\n\n\t<section class=\"section\" id=\"section_1972733557\">\n\t\t<div class=\"bg section-bg fill bg-fill  bg-loaded\" >\n\n\t\t\t\n\t\t\t\n\t\t\t\n\n\t\t<\/div>\n\n\t\t\n\n\t\t<div class=\"section-content relative\">\n\t\t\t\n<div class=\"row row-box-shadow-5-hover\" style=\"max-width:1400px\" id=\"row-1588189988\">\n\n\t<div id=\"col-1926239605\" class=\"col medium-6 small-12 large-6\"  >\n\t\t\t\t<div class=\"col-inner\"  >\n\t\t\t\n\t\t\t\n\t<div class=\"img has-hover x md-x lg-x y md-y lg-y\" id=\"image_948927063\">\n\t\t\t\t\t\t\t\t<div class=\"img-inner dark\" >\n\t\t\t<img loading=\"lazy\" decoding=\"async\" width=\"800\" height=\"800\" src=\"https:\/\/backlightmfg.com\/wp-content\/uploads\/2025\/04\/HMI.jpeg\" class=\"attachment-original size-original\" alt=\"T\u0131bbi HMI\" srcset=\"https:\/\/backlightmfg.com\/wp-content\/uploads\/2025\/04\/HMI.jpeg 800w, https:\/\/backlightmfg.com\/wp-content\/uploads\/2025\/04\/HMI-300x300.jpeg 300w, https:\/\/backlightmfg.com\/wp-content\/uploads\/2025\/04\/HMI-150x150.jpeg 150w, https:\/\/backlightmfg.com\/wp-content\/uploads\/2025\/04\/HMI-768x768.jpeg 768w, https:\/\/backlightmfg.com\/wp-content\/uploads\/2025\/04\/HMI-12x12.jpeg 12w, https:\/\/backlightmfg.com\/wp-content\/uploads\/2025\/04\/HMI-510x510.jpeg 510w, https:\/\/backlightmfg.com\/wp-content\/uploads\/2025\/04\/HMI-100x100.jpeg 100w\" sizes=\"(max-width: 800px) 100vw, 800px\" \/>\t\t\t\t\t\t\n\t\t\t\t\t<\/div>\n\t\t\t\t\t\t\t\t\n<style>\n#image_948927063 {\n  width: 100%;\n}\n<\/style>\n\t<\/div>\n\t\n\t\t<\/div>\n\t\t\t\t\t<\/div>\n\n\t\n\n\t<div id=\"col-507096325\" class=\"col medium-6 small-12 large-6\"  >\n\t\t\t\t<div class=\"col-inner\"  >\n\t\t\t\n\t\t\t\n\t<div id=\"text-165371984\" class=\"text\">\n\t\t\n<h2>Medikal \u0130nsan Makine Aray\u00fcz\u00fc (Medikal HMI)<\/h2>\n<p>T\u0131bbi insan makine aray\u00fcz\u00fc (HMI), t\u0131p uzmanlar\u0131n\u0131, hastalar\u0131 ve t\u0131bbi ekipman veya sistemleri birbirine ba\u011flayan etkile\u015fimli bir k\u00f6pr\u00fcd\u00fcr. Sezgisel, g\u00fcvenli ve verimli \u00e7al\u0131\u015fma y\u00f6ntemleriyle t\u0131bbi verilerin giri\u015fini, \u00e7\u0131k\u0131\u015f\u0131n\u0131, izlenmesini ve kontrol\u00fcn\u00fc sa\u011flamay\u0131 ama\u00e7lar. Modern t\u0131bbi ekipmanlar\u0131n (ventilat\u00f6rler, monit\u00f6rler, cerrahi robotlar, g\u00f6r\u00fcnt\u00fcleme sistemleri vb. gibi) ve dijital t\u0131bbi sistemlerin (elektronik sa\u011fl\u0131k kay\u0131tlar\u0131, uzaktan te\u015fhis ve tedavi platformlar\u0131 gibi) temel bir bile\u015fenidir.<br \/>\n\t\t\n<style>\n#text-165371984 {\n  line-height: 2;\n}\n<\/style>\n\t<\/div>\n\t\n<div class=\"row\"  id=\"row-1829443321\">\n\n\t<div id=\"col-1533863555\" class=\"col small-12 large-12\"  >\n\t\t\t\t<div class=\"col-inner\"  >\n\t\t\t\n\t\t\t\n\t<div id=\"gap-1738969195\" class=\"gap-element clearfix\" style=\"display:block; height:auto;\">\n\t\t\n<style>\n#gap-1738969195 {\n  padding-top: 20px;\n}\n<\/style>\n\t<\/div>\n\t\n\t<div id=\"text-3669028934\" class=\"text\">\n\t\t\n<h2>Rayera Medikal HMI \u00c7\u00f6z\u00fcm\u00fc<\/h2>\n<p>Medikal HMI uygulama senaryolar\u0131nda, \u0131\u015f\u0131k kalitesi, renk do\u011frulu\u011fu ve \u0131\u015f\u0131k y\u00f6nl\u00fcl\u00fc\u011f\u00fc gibi fakt\u00f6rler, t\u0131bbi ekipmanlarda insan-makine etkile\u015fiminin etkinli\u011fi ile do\u011frudan ili\u015fkilidir ve \u00f6nemi a\u00e7\u0131kt\u0131r. Derin end\u00fcstri deneyimi ve en ileri teknik bilgi birikimiyle ekibimiz ba\u015far\u0131l\u0131 bir ayd\u0131nlatma \u00e7\u00f6z\u00fcm\u00fc yaratt\u0131. G\u00fcvenilir performansa ve y\u00fcksek hassasiyete sahiptir. Pratik uygulamalarda, t\u0131bbi ekipman\u0131 \u00e7al\u0131\u015ft\u0131r\u0131rken hem\u015firelik personelini daha rahat hale getirebilir ve ayr\u0131ca hastalara ger\u00e7ekten sezgisel, verimli ve g\u00fcvenli bir t\u0131bbi deneyim sunabilir.<br \/>\n\t\t\n<style>\n#text-3669028934 {\n  line-height: 2;\n}\n<\/style>\n\t<\/div>\n\t\n\t\t<\/div>\n\t\t\t\t\t<\/div>\n\n\t\n<\/div>\n\t<div id=\"gap-1837849583\" class=\"gap-element clearfix\" style=\"display:block; height:auto;\">\n\t\t\n<style>\n#gap-1837849583 {\n  padding-top: 15px;\n}\n<\/style>\n\t<\/div>\n\t\n<div class=\"row\"  id=\"row-1755533212\">\n\n\t<div id=\"col-1060963942\" class=\"col small-12 large-12\"  >\n\t\t\t\t<div class=\"col-inner text-center\"  >\n\t\t\t\n\t\t\t\n<a href=\"https:\/\/backlightmfg.com\/tr\/contact\/\" class=\"button primary\"  style=\"border-radius:99px;\">\n    <span>daha fazla \u00f6\u011fren<\/span>\n  <\/a>\n\n\t\t<\/div>\n\t\t\t\t\t<\/div>\n\n\t\n<\/div>\n\t\t<\/div>\n\t\t\t\t\n<style>\n#col-507096325 > .col-inner {\n  margin: 0px 0px 0px 0px;\n}\n<\/style>\n\t<\/div>\n\n\t\n<\/div>\n\t\t<\/div>\n\n\t\t\n<style>\n#section_1972733557 {\n  padding-top: 30px;\n  padding-bottom: 30px;\n}\n<\/style>\n\t<\/section>\n\t\n\t<section class=\"section\" id=\"section_1899060041\">\n\t\t<div class=\"bg section-bg fill bg-fill  bg-loaded\" >\n\n\t\t\t\n\t\t\t<div class=\"section-bg-overlay absolute fill\"><\/div>\n\t\t\t\n\n\t\t<\/div>\n\n\t\t\n\n\t\t<div class=\"section-content relative\">\n\t\t\t\n<div class=\"row\" style=\"max-width:1400px\" id=\"row-1067402038\">\n\n\t<div id=\"col-1769307714\" class=\"col small-12 large-12\"  >\n\t\t\t\t<div class=\"col-inner\"  >\n\t\t\t\n\t\t\t\n<h2 style=\"text-align: center;\">Rayera ile \u00e7al\u0131\u015fmak<\/h2>\n<h4 style=\"text-align: center;\">Medikal HMI Teknolojilerini Birlikte Geli\u015ftiriyoruz<\/h4>\n<p style=\"text-align: center;\">M\u00fc\u015fterilerimize \u00e7ok y\u00f6nl\u00fc ve her \u015feyi kapsayan bir geli\u015ftirme metodolojisi sunuyoruz. Bu yakla\u015f\u0131m sadece s\u00fcreci kolayla\u015ft\u0131rmakla kalm\u0131yor, ayn\u0131 zamanda hem zaman\u0131 hem de maliyetleri \u00f6nemli \u00f6l\u00e7\u00fcde azalt\u0131yor. \u0130ster tasar\u0131m a\u015famas\u0131nda fikirleri taslak haline getirmeye yeni ba\u015fl\u0131yor olun, ister ince ayar\u0131n son a\u015famalar\u0131nda olun, en \u00fcst d\u00fczey ekiplerimiz sizinle i\u015fbirli\u011fi yapmaya haz\u0131rd\u0131r. Kullan\u0131c\u0131lar \u00fczerinde en \u00f6nemli ve olumlu etkiye sahip olacak ayd\u0131nlatma \u00e7\u00f6z\u00fcmlerini optimize etmeye odaklanaca\u011f\u0131z.<\/p>\n\t\t<\/div>\n\t\t\t\t\t<\/div>\n\n\t\n<\/div>\n<div class=\"row\"  id=\"row-131555351\">\n\n\t<div id=\"col-1298490592\" class=\"col medium-6 small-12 large-6\"  >\n\t\t\t\t<div class=\"col-inner\"  >\n\t\t\t\n\t\t\t\n\t<div class=\"img has-hover x md-x lg-x y md-y lg-y\" id=\"image_1981188134\">\n\t\t\t\t\t\t\t\t<div class=\"img-inner dark\" >\n\t\t\t<img loading=\"lazy\" decoding=\"async\" width=\"800\" height=\"800\" src=\"https:\/\/backlightmfg.com\/wp-content\/uploads\/2025\/04\/HMI-1.jpeg\" class=\"attachment-original size-original\" alt=\"Optik Tasar\u0131m ve Ekran Optimizasyonu\" srcset=\"https:\/\/backlightmfg.com\/wp-content\/uploads\/2025\/04\/HMI-1.jpeg 800w, https:\/\/backlightmfg.com\/wp-content\/uploads\/2025\/04\/HMI-1-300x300.jpeg 300w, https:\/\/backlightmfg.com\/wp-content\/uploads\/2025\/04\/HMI-1-150x150.jpeg 150w, https:\/\/backlightmfg.com\/wp-content\/uploads\/2025\/04\/HMI-1-768x768.jpeg 768w, https:\/\/backlightmfg.com\/wp-content\/uploads\/2025\/04\/HMI-1-12x12.jpeg 12w, https:\/\/backlightmfg.com\/wp-content\/uploads\/2025\/04\/HMI-1-510x510.jpeg 510w, https:\/\/backlightmfg.com\/wp-content\/uploads\/2025\/04\/HMI-1-100x100.jpeg 100w\" sizes=\"(max-width: 800px) 100vw, 800px\" \/>\t\t\t\t\t\t\n\t\t\t\t\t<\/div>\n\t\t\t\t\t\t\t\t\n<style>\n#image_1981188134 {\n  width: 100%;\n}\n<\/style>\n\t<\/div>\n\t\n\t\t<\/div>\n\t\t\t\t\t<\/div>\n\n\t\n\n\t<div id=\"col-1453670145\" class=\"col medium-6 small-12 large-6\"  >\n\t\t\t\t<div class=\"col-inner\"  >\n\t\t\t\n\t\t\t\n<h3>Optik Tasar\u0131m ve Ekran Optimizasyonu<\/h3>\n<ul>\n<li><strong>I\u015f\u0131k kalitesi ve parlakl\u0131k kontrol\u00fc: <\/strong>Medikal HMI'\u0131n karma\u015f\u0131k ayd\u0131nlatma ortamlar\u0131na uyum sa\u011flamas\u0131 ve ekran\u0131n farkl\u0131 parlakl\u0131k seviyelerinde parlama olmadan net bir \u015fekilde okunabilmesini sa\u011flamak i\u00e7in uyarlanabilir karartma teknolojisini kullanmas\u0131 gerekir. \u00d6rne\u011fin, endoskop ekranlar\u0131n\u0131n, cerrahi alan de\u011ferlendirmesine m\u00fcdahale eden yerel a\u015f\u0131r\u0131 pozlamay\u0131 veya g\u00f6lgeleri \u00f6nlemek i\u00e7in olduk\u00e7a homojen arka \u0131\u015f\u0131klara sahip olmas\u0131 gerekir.<\/li>\n<li><strong>Renk do\u011frulu\u011fu: <\/strong>G\u00f6r\u00fcnt\u00fc gri tonlamas\u0131n\u0131n ve s\u00f6zde renk e\u015flemesinin klinik tutarl\u0131l\u0131\u011f\u0131n\u0131 sa\u011flamak amac\u0131yla g\u00f6r\u00fcnt\u00fcleme cihazlar\u0131n\u0131 kalibre etmek i\u00e7in DICOM standard\u0131na kesinlikle uyun. Ya\u015fam izleme aray\u00fcz\u00fc, renk g\u00f6rme bozuklu\u011fu olan kullan\u0131c\u0131lar\u0131n yanl\u0131\u015f de\u011ferlendirmelerini \u00f6nlemek i\u00e7in k\u0131rm\u0131z\u0131\/ye\u015fil\/sar\u0131 gibi uyar\u0131 renklerinin standartla\u015ft\u0131r\u0131lm\u0131\u015f kodlamas\u0131n\u0131 kullan\u0131r.<\/li>\n<li><strong>Y\u00f6nl\u00fcl\u00fck ve g\u00f6r\u00fcn\u00fcrl\u00fck: <\/strong>Geni\u015f a\u00e7\u0131l\u0131 LCD\/OLED paneller, bu\u011fu \u00f6nleyici kaplamalar ve yans\u0131ma \u00f6nleyici i\u015flemler sayesinde sa\u011fl\u0131k personeli ayakta dururken, otururken veya hareket halindeyken aray\u00fcz\u00fc bir\u00e7ok a\u00e7\u0131dan g\u00f6zlemleyebilir. Anahtar parametreler, acil durumlarda tan\u0131ma h\u0131z\u0131n\u0131 art\u0131rmak i\u00e7in b\u00fcy\u00fck yaz\u0131 tipleri ve y\u00fcksek kontrastla d\u00fczenlenmi\u015ftir.<\/li>\n<\/ul>\n\t\t<\/div>\n\t\t\t\t\t<\/div>\n\n\t\n<\/div>\n\t\t<\/div>\n\n\t\t\n<style>\n#section_1899060041 {\n  padding-top: 30px;\n  padding-bottom: 30px;\n}\n#section_1899060041 .section-bg-overlay {\n  background-color: rgba(68, 96, 132, 0.11);\n}\n<\/style>\n\t<\/section>\n\t\n\t<section class=\"section\" id=\"section_1679573676\">\n\t\t<div class=\"bg section-bg fill bg-fill  bg-loaded\" >\n\n\t\t\t\n\t\t\t\n\t\t\t\n\n\t\t<\/div>\n\n\t\t\n\n\t\t<div class=\"section-content relative\">\n\t\t\t\n<div class=\"row\"  id=\"row-1283490961\">\n\n\t<div id=\"col-32084016\" class=\"col small-12 large-12\"  >\n\t\t\t\t<div class=\"col-inner\"  >\n\t\t\t\n\t\t\t\n<h3 style=\"text-align: center;\">Ekip \u00c7\u00f6z\u00fcm \u00d6rne\u011fi<\/h3>\n<p style=\"text-align: center;\">M\u00fchendislik ekibimiz, a\u015fa\u011f\u0131daki sorunlu noktalar\u0131n \u00fcstesinden gelmek i\u00e7in t\u0131bbi s\u0131n\u0131f bir ak\u0131ll\u0131 ayd\u0131nlatma sistemi geli\u015ftirdi:<\/p>\n\t\t<\/div>\n\t\t\t\t\t<\/div>\n\n\t\n<\/div>\n<div class=\"row\"  id=\"row-2011382870\">\n\n\t<div id=\"col-1335442161\" class=\"col medium-6 small-12 large-6\"  >\n\t\t\t\t<div class=\"col-inner\"  >\n\t\t\t\n\t\t\t\n<p><strong>G\u00fcvenilirlik ve do\u011fruluk:<\/strong> T\u0131bbi olarak onaylanm\u0131\u015f LED \u0131\u015f\u0131k kaynaklar\u0131 (IEC 60601-1 ile uyumlu) kullan\u0131ld\u0131\u011f\u0131nda, kullan\u0131m \u00f6mr\u00fc &gt;50.000 saattir ve uzun s\u00fcreli izlemenin neden oldu\u011fu g\u00f6rsel yorgunlu\u011fu \u00f6nleyerek titre\u015fim olmaz. NIT parlakl\u0131k e\u011frisini ger\u00e7ek zamanl\u0131 olarak e\u015fle\u015ftirmek i\u00e7in dahili ortam \u0131\u015f\u0131\u011f\u0131 sens\u00f6r\u00fc ve AI algoritmas\u0131 (g\u00fcnd\u00fcz 800nit \/ gece 50nit gibi).<\/p>\n<p><strong>\u0130nteraktif ve sezgisel tasar\u0131m:<\/strong><\/p>\n<ul>\n<li>I\u015f\u0131k ak\u0131\u015f\u0131 animasyonu ile \u00e7al\u0131\u015fma s\u00fcrecini y\u00f6nlendirmek i\u00e7in ventilat\u00f6r paneline y\u00f6nl\u00fc \u0131\u015f\u0131k k\u0131lavuzlar\u0131 entegre edin (PEEP de\u011ferini saat y\u00f6n\u00fcnde d\u00f6nd\u00fcrerek ayarlamak gibi).<\/li>\n<li>El tipi ultrason ekipman\u0131 i\u00e7in \u00e7ok renkli bir halka g\u00f6stergesi tasarlay\u0131n ve prob bas\u0131nc\u0131 e\u015fi\u011fini belirtmek i\u00e7in renk doygunlu\u011fu gradyan\u0131 kullan\u0131n (mavi\u2192ye\u015fil\u2192k\u0131rm\u0131z\u0131 g\u00fcvenlik\u2192uyar\u0131ya kar\u015f\u0131l\u0131k gelir).<\/li>\n<\/ul>\n<p><strong>G\u00fcvenlik yedekleme mekanizmas\u0131: <\/strong>\u00c7ift kanall\u0131 ba\u011f\u0131ms\u0131z arka \u0131\u015f\u0131k s\u00fcr\u00fcc\u00fc devresi, siyah ekran riskini \u00f6nler ve acil durum modunda otomatik olarak tek renkli vurgulu ekrana ge\u00e7er (ECMO aray\u00fcz\u00fc ar\u0131zaland\u0131\u011f\u0131nda kan oksijen dalga formunun korunmas\u0131 gibi).<\/p>\n\t\t<\/div>\n\t\t\t\t\t<\/div>\n\n\t\n\n\t<div id=\"col-981316532\" class=\"col medium-6 small-12 large-6\"  >\n\t\t\t\t<div class=\"col-inner\"  >\n\t\t\t\n\t\t\t\n\t<div class=\"img has-hover x md-x lg-x y md-y lg-y\" id=\"image_360467870\">\n\t\t\t\t\t\t\t\t<div class=\"img-inner dark\" >\n\t\t\t<img loading=\"lazy\" decoding=\"async\" width=\"800\" height=\"800\" src=\"https:\/\/backlightmfg.com\/wp-content\/uploads\/2025\/04\/HMI-3.jpeg\" class=\"attachment-original size-original\" alt=\"Ekip \u00c7\u00f6z\u00fcm \u00d6rne\u011fi\" srcset=\"https:\/\/backlightmfg.com\/wp-content\/uploads\/2025\/04\/HMI-3.jpeg 800w, https:\/\/backlightmfg.com\/wp-content\/uploads\/2025\/04\/HMI-3-300x300.jpeg 300w, https:\/\/backlightmfg.com\/wp-content\/uploads\/2025\/04\/HMI-3-150x150.jpeg 150w, https:\/\/backlightmfg.com\/wp-content\/uploads\/2025\/04\/HMI-3-768x768.jpeg 768w, https:\/\/backlightmfg.com\/wp-content\/uploads\/2025\/04\/HMI-3-12x12.jpeg 12w, https:\/\/backlightmfg.com\/wp-content\/uploads\/2025\/04\/HMI-3-510x510.jpeg 510w, https:\/\/backlightmfg.com\/wp-content\/uploads\/2025\/04\/HMI-3-100x100.jpeg 100w\" sizes=\"(max-width: 800px) 100vw, 800px\" \/>\t\t\t\t\t\t\n\t\t\t\t\t<\/div>\n\t\t\t\t\t\t\t\t\n<style>\n#image_360467870 {\n  width: 100%;\n}\n<\/style>\n\t<\/div>\n\t\n\t\t<\/div>\n\t\t\t\t\t<\/div>\n\n\t\n<\/div>\n\t\t<\/div>\n\n\t\t\n<style>\n#section_1679573676 {\n  padding-top: 30px;\n  padding-bottom: 30px;\n}\n<\/style>\n\t<\/section>\n\t\n\t<section class=\"section\" id=\"section_1141891071\">\n\t\t<div class=\"bg section-bg fill bg-fill  bg-loaded\" >\n\n\t\t\t\n\t\t\t<div class=\"section-bg-overlay absolute fill\"><\/div>\n\t\t\t\n\n\t\t<\/div>\n\n\t\t\n\n\t\t<div class=\"section-content relative\">\n\t\t\t\n<div class=\"row\"  id=\"row-545817869\">\n\n\t<div id=\"col-670662338\" class=\"col medium-6 small-12 large-6\"  >\n\t\t\t\t<div class=\"col-inner\"  >\n\t\t\t\n\t\t\t\n\t<div class=\"img has-hover x md-x lg-x y md-y lg-y\" id=\"image_14294185\">\n\t\t\t\t\t\t\t\t<div class=\"img-inner image-cover dark\" style=\"padding-top:78%;\">\n\t\t\t<img loading=\"lazy\" decoding=\"async\" width=\"800\" height=\"800\" src=\"https:\/\/backlightmfg.com\/wp-content\/uploads\/2025\/04\/HMI-2.jpeg\" class=\"attachment-original size-original\" alt=\"Tasar\u0131m ilkeleri\" srcset=\"https:\/\/backlightmfg.com\/wp-content\/uploads\/2025\/04\/HMI-2.jpeg 800w, https:\/\/backlightmfg.com\/wp-content\/uploads\/2025\/04\/HMI-2-300x300.jpeg 300w, https:\/\/backlightmfg.com\/wp-content\/uploads\/2025\/04\/HMI-2-150x150.jpeg 150w, https:\/\/backlightmfg.com\/wp-content\/uploads\/2025\/04\/HMI-2-768x768.jpeg 768w, https:\/\/backlightmfg.com\/wp-content\/uploads\/2025\/04\/HMI-2-12x12.jpeg 12w, https:\/\/backlightmfg.com\/wp-content\/uploads\/2025\/04\/HMI-2-510x510.jpeg 510w, https:\/\/backlightmfg.com\/wp-content\/uploads\/2025\/04\/HMI-2-100x100.jpeg 100w\" sizes=\"(max-width: 800px) 100vw, 800px\" \/>\t\t\t\t\t\t\n\t\t\t\t\t<\/div>\n\t\t\t\t\t\t\t\t\n<style>\n#image_14294185 {\n  width: 100%;\n}\n<\/style>\n\t<\/div>\n\t\n\t\t<\/div>\n\t\t\t\t\t<\/div>\n\n\t\n\n\t<div id=\"col-1092405489\" class=\"col medium-6 small-12 large-6\"  >\n\t\t\t\t<div class=\"col-inner\"  >\n\t\t\t\n\t\t\t\n<h3>Tasar\u0131m \u0130lkeleri<\/h3>\n<p><strong>I\u015f\u0131k ortam\u0131na uyumluluk:<\/strong> Aray\u00fcz\u00fcn renk s\u0131cakl\u0131\u011f\u0131, t\u0131bbi personelin g\u00f6r\u00fc\u015f hatlar\u0131n\u0131 de\u011fi\u015ftirirken renk alg\u0131s\u0131 \u00f6nyarg\u0131s\u0131n\u0131 azaltmak i\u00e7in t\u0131bbi kurumlar\u0131n ayd\u0131nlatmas\u0131yla (ameliyathanedeki 4500K so\u011fuk beyaz \u0131\u015f\u0131k gibi) senkronize edilir. Karanl\u0131k oda sahnelerinde (radyoloji b\u00f6l\u00fcmleri gibi), g\u00f6rme keskinli\u011fini korumak i\u00e7in k\u0131rm\u0131z\u0131 bir karanl\u0131k adaptasyon modu sa\u011flanm\u0131\u015ft\u0131r.<\/p>\n<h3>Zorluklar ve Gelecekteki E\u011filimler<\/h3>\n<ul>\n<li><strong>Minyat\u00fcrle\u015ftirme ve esnek ekran:<\/strong> Giyilebilir t\u0131bbi cihazlar\u0131n kavisli HMI tasar\u0131m\u0131 i\u00e7in ultra d\u00fc\u015f\u00fck g\u00fc\u00e7l\u00fc Micro-LET paneller geli\u015ftirin.<\/li>\n<li><strong>Biyouyumlu ayd\u0131nlatma:<\/strong> Aray\u00fcz dezenfeksiyonu ve interaktif kontrolde belirli dalga boyundaki \u0131\u015f\u0131k kaynaklar\u0131n\u0131n (405nm mavi-mor \u0131\u015f\u0131k gibi) entegre uygulamas\u0131n\u0131 inceleyin.<\/li>\n<\/ul>\n\t\t<\/div>\n\t\t\t\t\t<\/div>\n\n\t\n<\/div>\n\t\t<\/div>\n\n\t\t\n<style>\n#section_1141891071 {\n  padding-top: 30px;\n  padding-bottom: 30px;\n}\n#section_1141891071 .section-bg-overlay {\n  background-color: #eaeef1;\n}\n<\/style>\n\t<\/section>\n\t\n\t<section class=\"section\" id=\"section_947837849\">\n\t\t<div class=\"bg section-bg fill bg-fill  bg-loaded\" >\n\n\t\t\t\n\t\t\t\n\t\t\t\n\n\t\t<\/div>\n\n\t\t\n\n\t\t<div class=\"section-content relative\">\n\t\t\t\n<div class=\"row\"  id=\"row-234725268\">\n\n\t<div id=\"col-1632108902\" class=\"col small-12 large-12\"  >\n\t\t\t\t<div class=\"col-inner\"  >\n\t\t\t\n\t\t\t\n<h1 style=\"text-align: center;\">Karma\u015f\u0131kl\u0131ktan G\u00fcvene: Rayera Medikal HMI Ba\u015far\u0131s\u0131na G\u00fc\u00e7 Kat\u0131yor<\/h1>\n<p style=\"text-align: center;\">Daha k\u00fc\u00e7\u00fck cihazlara y\u00f6nelik artan taleple birlikte, t\u0131bbi \u00fcr\u00fcn \u015firketleri her ge\u00e7en g\u00fcn daha karma\u015f\u0131k ayd\u0131nlatma zorluklar\u0131yla kar\u015f\u0131 kar\u015f\u0131ya kalmaktad\u0131r. \u0130\u015f orta\u011f\u0131n\u0131z olarak Rayera ile en uygun ayd\u0131nlatma \u00e7\u00f6z\u00fcm\u00fcn\u00fc elde edecek, \u00fcr\u00fcn\u00fcn\u00fcz\u00fc m\u00fc\u015fterinize daha h\u0131zl\u0131 ula\u015ft\u0131racak ve daha fazla i\u015f kazanacaks\u0131n\u0131z.<\/p>\n\t\t<\/div>\n\t\t\t\t\t<\/div>\n\n\t\n<\/div>\n<div class=\"row\"  id=\"row-276490613\">\n\n\t<div id=\"col-194999041\" class=\"col small-12 large-12\"  >\n\t\t\t\t<div class=\"col-inner\"  >\n\t\t\t\n\t\t\t\n\n<div class=\"wpcf7 no-js\" id=\"wpcf7-f280-o1\" lang=\"en-US\" dir=\"ltr\">\n<div class=\"screen-reader-response\"><p role=\"status\" aria-live=\"polite\" aria-atomic=\"true\"><\/p> <ul><\/ul><\/div>\n<form action=\"\/tr\/wp-json\/wp\/v2\/pages\/2265#wpcf7-f280-o1\" method=\"post\" class=\"wpcf7-form init\" aria-label=\"\u0130leti\u015fim formu\" novalidate=\"novalidate\" data-status=\"init\" data-trp-original-action=\"\/tr\/wp-json\/wp\/v2\/pages\/2265#wpcf7-f280-o1\">\n<div style=\"display: none;\">\n<input type=\"hidden\" name=\"_wpcf7\" value=\"280\" \/>\n<input type=\"hidden\" name=\"_wpcf7_version\" value=\"5.9.6\" \/>\n<input type=\"hidden\" name=\"_wpcf7_locale\" value=\"en_US\" \/>\n<input type=\"hidden\" name=\"_wpcf7_unit_tag\" value=\"wpcf7-f280-o1\" \/>\n<input type=\"hidden\" name=\"_wpcf7_container_post\" value=\"0\" \/>\n<input type=\"hidden\" name=\"_wpcf7_posted_data_hash\" value=\"\" \/>\n<\/div>\n<div class='custom_contact_style'>\n\t<div class=\"row row-small\">\n\t\t<div class=\"col medium-6 small-12 large-6\">\n\t\t\t<div class=\"col-inner\">\n\t\t\t\t<p><span class=\"wpcf7-form-control-wrap\" data-name=\"your-name\"><input size=\"40\" maxlength=\"80\" class=\"wpcf7-form-control wpcf7-text wpcf7-validates-as-required\" aria-required=\"true\" aria-invalid=\"false\" placeholder=\"\u0130sim*\" value=\"\" type=\"text\" name=\"your-name\" \/><\/span>\n\t\t\t\t<\/p>\n\t\t\t<\/div>\n\t\t<\/div>\n\t\t<div class=\"col medium-6 small-12 large-6\">\n\t\t\t<div class=\"col-inner\">\n\t\t\t\t<p><span class=\"wpcf7-form-control-wrap\" data-name=\"your-email\"><input size=\"40\" maxlength=\"80\" class=\"wpcf7-form-control wpcf7-email wpcf7-validates-as-required wpcf7-text wpcf7-validates-as-email\" aria-required=\"true\" aria-invalid=\"false\" placeholder=\"E-posta*\" value=\"\" type=\"email\" name=\"your-email\" \/><\/span>\n\t\t\t\t<\/p>\n\t\t\t<\/div>\n\t\t<\/div>\n\t<\/div>\n\t<div class='cus_contact_form_bottom'>\n\t\t<p><span class=\"wpcf7-form-control-wrap\" data-name=\"your-phone\"><input size=\"40\" maxlength=\"80\" class=\"wpcf7-form-control wpcf7-text\" aria-invalid=\"false\" placeholder=\"Telefon\" value=\"\" type=\"text\" name=\"your-phone\" \/><\/span>\n\t\t<\/p>\n\t<\/div>\n\t<div class='cus_contact_form_bottom'>\n\t\t<p><span class=\"wpcf7-form-control-wrap\" data-name=\"your-country\"><input size=\"40\" maxlength=\"80\" class=\"wpcf7-form-control wpcf7-text\" aria-invalid=\"false\" placeholder=\"\u00dclke\" value=\"\" type=\"text\" name=\"your-country\" \/><\/span>\n\t\t<\/p>\n\t<\/div>\n\t<p><span class=\"wpcf7-form-control-wrap\" data-name=\"your-message\"><textarea cols=\"40\" rows=\"10\" maxlength=\"400\" class=\"wpcf7-form-control wpcf7-textarea wpcf7-validates-as-required\" aria-required=\"true\" aria-invalid=\"false\" placeholder=\"Mesaj\u0131n\u0131z *\" name=\"your-message\"><\/textarea><\/span>\n\t<\/p>\n\t<div style=\"margin-bottom:10px;\">\n\t\t<p><span class=\"wpcf7-form-control-wrap kc_captcha cf7ic-toggle\" data-name=\"kc_captcha\"><span class=\"wpcf7-form-control wpcf7-radio\"><span class=\"captcha-image\" style=\"display: none;\"><span class=\"cf7ic_instructions\">L\u00fctfen insan oldu\u011funuzu kan\u0131tlamak i\u00e7in<span> u\u00e7ak<\/span>.<\/span><label><input aria-label=\"1\" type=\"radio\" name=\"kc_captcha\" value=\"bot\" \/><svg aria-hidden=\"true\" role=\"img\" xmlns=\"http:\/\/www.w3.org\/2000\/svg\" viewbox=\"0 0 576 512\"><path fill=\"currentColor\" d=\"M415 24c-53 0-103 42-127 65-24-23-74-65-127-65C70 24 16 77 16 166c0 72 67 133 69 135l187 181c9 8 23 8 32 0l187-180c2-3 69-64 69-136 0-89-54-142-145-142z\"\/><\/svg><\/label><label><input aria-label=\"2\" type=\"radio\" name=\"kc_captcha\" value=\"bot\" \/><svg aria-hidden=\"true\" role=\"img\" xmlns=\"http:\/\/www.w3.org\/2000\/svg\" viewbox=\"0 0 512 512\"><path fill=\"currentColor\" d=\"M512 176a176 176 0 01-209 173l-24 27a24 24 0 01-18 8h-37v40c0 13-11 24-24 24h-40v40c0 13-11 24-24 24H24c-13 0-24-11-24-24v-78c0-6 3-13 7-17l162-162a176 176 0 11343-55zm-176-48a48 48 0 1096 0 48 48 0 00-96 0z\"\/><\/svg><\/label><label><input aria-label=\"3\" type=\"radio\" name=\"kc_captcha\" value=\"kc_human\" \/><svg aria-hidden=\"true\" role=\"img\" xmlns=\"http:\/\/www.w3.org\/2000\/svg\" viewbox=\"0 0 576 512\"><path fill=\"currentColor\" d=\"M472 200H360L256 6a12 12 0 00-10-6h-58c-8 0-14 7-12 15l34 185H100l-35-58a12 12 0 00-10-6H12c-8 0-13 7-12 14l21 106L0 362c-1 7 4 14 12 14h43c4 0 8-2 10-6l35-58h110l-34 185c-2 8 4 15 12 15h58a12 12 0 0010-6l104-194h112c57 0 104-25 104-56s-47-56-104-56z\"\/><\/svg><\/label>\r\n    <\/span>\r\n    <span style=\"display:none\">\r\n        <input type=\"text\" name=\"kc_honeypot\">\r\n    <\/span><\/span><\/span>\n\t\t<\/p>\n\t<\/div>\n\t<p><input class=\"wpcf7-form-control wpcf7-submit has-spinner\" type=\"submit\" value=\"Mesaj G\u00f6nder\" \/>\n\t<\/p>\n<\/div><div class=\"wpcf7-response-output\" aria-hidden=\"true\"><\/div>\n<input type=\"hidden\" name=\"trp-form-language\" value=\"tr\"\/><\/form>\n<\/div>\n\n\t\t<\/div>\n\t\t\t\t\t<\/div>\n\n\t\n<\/div>\n\t\t<\/div>\n\n\t\t\n<style>\n#section_947837849 {\n  padding-top: 30px;\n  padding-bottom: 30px;\n}\n<\/style>\n\t<\/section>","protected":false},"excerpt":{"rendered":"","protected":false},"author":1,"featured_media":0,"parent":0,"menu_order":0,"comment_status":"closed","ping_status":"closed","template":"page-blank.php","meta":{"footnotes":""},"_links":{"self":[{"href":"https:\/\/backlightmfg.com\/tr\/wp-json\/wp\/v2\/pages\/2265"}],"collection":[{"href":"https:\/\/backlightmfg.com\/tr\/wp-json\/wp\/v2\/pages"}],"about":[{"href":"https:\/\/backlightmfg.com\/tr\/wp-json\/wp\/v2\/types\/page"}],"author":[{"embeddable":true,"href":"https:\/\/backlightmfg.com\/tr\/wp-json\/wp\/v2\/users\/1"}],"replies":[{"embeddable":true,"href":"https:\/\/backlightmfg.com\/tr\/wp-json\/wp\/v2\/comments?post=2265"}],"version-history":[{"count":23,"href":"https:\/\/backlightmfg.com\/tr\/wp-json\/wp\/v2\/pages\/2265\/revisions"}],"predecessor-version":[{"id":2315,"href":"https:\/\/backlightmfg.com\/tr\/wp-json\/wp\/v2\/pages\/2265\/revisions\/2315"}],"wp:attachment":[{"href":"https:\/\/backlightmfg.com\/tr\/wp-json\/wp\/v2\/media?parent=2265"}],"curies":[{"name":"wp","href":"https:\/\/api.w.org\/{rel}","templated":true}]}}