{"id":2011,"date":"2024-09-14T08:11:32","date_gmt":"2024-09-14T08:11:32","guid":{"rendered":"https:\/\/backlightmfg.com\/?page_id=2011"},"modified":"2024-09-14T08:48:30","modified_gmt":"2024-09-14T08:48:30","slug":"fiber-optic-backlight-panels","status":"publish","type":"page","link":"https:\/\/backlightmfg.com\/tr\/fiber-optic-backlight-panels\/","title":{"rendered":"Fiber Optik Arka Ayd\u0131nlatma Panelleri"},"content":{"rendered":"<div class=\"banner has-hover has-parallax\" id=\"banner-622056100\">\n          <div class=\"banner-inner fill\">\n        <div class=\"banner-bg fill\" data-parallax=\"-3\" data-parallax-container=\".banner\" data-parallax-background>\n            <div class=\"bg fill bg-fill\"><\/div>\n                                    \n                    <\/div>\n\t\t\n        <div class=\"banner-layers container\">\n            <div class=\"fill banner-link\"><\/div>            \n   <div id=\"text-box-1565675643\" class=\"text-box banner-layer x50 md-x85 lg-x85 y50 md-y50 lg-y50 res-text\">\n                     <div data-animate=\"fadeInLeft\">           <div class=\"text-box-content text dark\">\n              \n              <div class=\"text-inner text-center\">\n                  \n<h1 style=\"text-align: center;\">Fiber Optik Arka Ayd\u0131nlatma Paneli<\/h1>\n              <\/div>\n           <\/div>\n       <\/div>                     \n<style>\n#text-box-1565675643 {\n  width: 80%;\n}\n#text-box-1565675643 .text-box-content {\n  font-size: 100%;\n}\n@media (min-width:550px) {\n  #text-box-1565675643 {\n    width: 66%;\n  }\n}\n<\/style>\n    <\/div>\n \n        <\/div>\n      <\/div>\n\n            \n<style>\n#banner-622056100 {\n  padding-top: 200px;\n}\n#banner-622056100 .bg.bg-loaded {\n  background-image: 8950;\n}\n#banner-622056100 .overlay {\n  background-color: rgba(0, 0, 0, 0.3);\n}\n#banner-622056100 .bg {\n  background-position: 35% 23%;\n}\n<\/style>\n  <\/div>\n\n\n\t<section class=\"section\" id=\"section_2105224173\">\n\t\t<div class=\"bg section-bg fill bg-fill  bg-loaded\" >\n\n\t\t\t\n\t\t\t\n\t\t\t\n\n\t\t<\/div>\n\n\t\t\n\n\t\t<div class=\"section-content relative\">\n\t\t\t\n<div class=\"row\"  id=\"row-522650111\">\n\n\t<div id=\"col-882755104\" class=\"col small-12 large-12\"  >\n\t\t\t\t<div class=\"col-inner\"  >\n\t\t\t\n\t\t\t\n<h2 class=\"\" style=\"text-align: center;\" data-sourcepos=\"1:1-1:54\">Fiber Optik Arka I\u015f\u0131k Panelleri: Ayd\u0131nlatmal\u0131 Ekranlar<\/h2>\n<p data-sourcepos=\"3:1-3:121\">Fiber optik arka \u0131\u015f\u0131k panelleri, \u0131\u015f\u0131\u011f\u0131 bir kaynaktan ekran\u0131n arkas\u0131na y\u00f6nlendirmek i\u00e7in fiber optikleri kullanan, tek tip ve parlak bir ayd\u0131nlatma yaratan bir ekran teknolojisi t\u00fcr\u00fcd\u00fcr. Bu teknoloji genellikle LCD ve OLED ekranlarda kullan\u0131l\u0131r.<\/p>\n\t\t<\/div>\n\t\t\t\t\t<\/div>\n\n\t\n<\/div>\n<div class=\"row\"  id=\"row-315317254\">\n\n\t<div id=\"col-1075108272\" class=\"col small-12 large-12\"  >\n\t\t\t\t<div class=\"col-inner\"  >\n\t\t\t\n\t\t\t\n\t<div class=\"img has-hover x md-x lg-x y md-y lg-y\" id=\"image_223555711\">\n\t\t\t\t\t\t\t\t<div class=\"img-inner dark\" >\n\t\t\t<img loading=\"lazy\" decoding=\"async\" width=\"1020\" height=\"631\" src=\"https:\/\/backlightmfg.com\/wp-content\/uploads\/2024\/09\/1625228552-1024x633.jpg\" class=\"attachment-large size-large\" alt=\"Fiber Optik Arka Ayd\u0131nlatma Panelleri\" srcset=\"https:\/\/backlightmfg.com\/wp-content\/uploads\/2024\/09\/1625228552-1024x633.jpg 1024w, https:\/\/backlightmfg.com\/wp-content\/uploads\/2024\/09\/1625228552-300x186.jpg 300w, https:\/\/backlightmfg.com\/wp-content\/uploads\/2024\/09\/1625228552-768x475.jpg 768w, https:\/\/backlightmfg.com\/wp-content\/uploads\/2024\/09\/1625228552-1536x950.jpg 1536w, https:\/\/backlightmfg.com\/wp-content\/uploads\/2024\/09\/1625228552-18x12.jpg 18w, https:\/\/backlightmfg.com\/wp-content\/uploads\/2024\/09\/1625228552-510x315.jpg 510w, https:\/\/backlightmfg.com\/wp-content\/uploads\/2024\/09\/1625228552.jpg 1990w\" sizes=\"(max-width: 1020px) 100vw, 1020px\" \/>\t\t\t\t\t\t\n\t\t\t\t\t<\/div>\n\t\t\t\t\t\t\t\t\n<style>\n#image_223555711 {\n  width: 100%;\n}\n<\/style>\n\t<\/div>\n\t\n\t\t<\/div>\n\t\t\t\t\t<\/div>\n\n\t\n<\/div>\n\t\t<\/div>\n\n\t\t\n<style>\n#section_2105224173 {\n  padding-top: 30px;\n  padding-bottom: 30px;\n}\n<\/style>\n\t<\/section>\n\t\n\t<section class=\"section\" id=\"section_891368998\">\n\t\t<div class=\"bg section-bg fill bg-fill  bg-loaded\" >\n\n\t\t\t\n\t\t\t\n\t\t\t\n\n\t\t<\/div>\n\n\t\t\n\n\t\t<div class=\"section-content relative\">\n\t\t\t\n<div class=\"row\"  id=\"row-82055034\">\n\n\t<div id=\"col-1781707145\" class=\"col medium-6 small-12 large-6\"  >\n\t\t\t\t<div class=\"col-inner\"  >\n\t\t\t\n\t\t\t\n\t<div class=\"img has-hover x md-x lg-x y md-y lg-y\" id=\"image_26472932\">\n\t\t\t\t\t\t\t\t<div class=\"img-inner image-cover dark\" style=\"padding-top:100%;\">\n\t\t\t<img loading=\"lazy\" decoding=\"async\" width=\"2560\" height=\"1920\" src=\"https:\/\/backlightmfg.com\/wp-content\/uploads\/2024\/09\/1625232631-scaled.jpg\" class=\"attachment-original size-original\" alt=\"Fiber Optik Ayd\u0131nlatma\" srcset=\"https:\/\/backlightmfg.com\/wp-content\/uploads\/2024\/09\/1625232631-scaled.jpg 2560w, https:\/\/backlightmfg.com\/wp-content\/uploads\/2024\/09\/1625232631-300x225.jpg 300w, https:\/\/backlightmfg.com\/wp-content\/uploads\/2024\/09\/1625232631-1024x768.jpg 1024w, https:\/\/backlightmfg.com\/wp-content\/uploads\/2024\/09\/1625232631-768x576.jpg 768w, https:\/\/backlightmfg.com\/wp-content\/uploads\/2024\/09\/1625232631-1536x1152.jpg 1536w, https:\/\/backlightmfg.com\/wp-content\/uploads\/2024\/09\/1625232631-2048x1536.jpg 2048w, https:\/\/backlightmfg.com\/wp-content\/uploads\/2024\/09\/1625232631-16x12.jpg 16w, https:\/\/backlightmfg.com\/wp-content\/uploads\/2024\/09\/1625232631-510x383.jpg 510w\" sizes=\"(max-width: 2560px) 100vw, 2560px\" \/>\t\t\t\t\t\t\n\t\t\t\t\t<\/div>\n\t\t\t\t\t\t\t\t\n<style>\n#image_26472932 {\n  width: 100%;\n}\n<\/style>\n\t<\/div>\n\t\n\t\t<\/div>\n\t\t\t\t\t<\/div>\n\n\t\n\n\t<div id=\"col-514492137\" class=\"col medium-6 small-12 large-6\"  >\n\t\t\t\t<div class=\"col-inner\"  >\n\t\t\t\n\t\t\t\n<h3 data-sourcepos=\"5:1-5:41\"><strong>Fiber Optik Arka I\u015f\u0131k Panellerinin Temel Bile\u015fenleri:<\/strong><\/h3>\n<ul data-sourcepos=\"7:1-8:63\">\n<li data-sourcepos=\"7:1-7:77\"><strong>I\u015f\u0131k Kayna\u011f\u0131:<\/strong> I\u015f\u0131k kayna\u011f\u0131, tipik olarak LED'ler veya floresan lambalar.<\/li>\n<li data-sourcepos=\"8:1-8:63\"><strong>Fiber Optik Kablolar:<\/strong> I\u015f\u0131\u011f\u0131 ge\u00e7iren ince cam veya plastik teller.<\/li>\n<li data-sourcepos=\"9:1-9:82\"><strong>I\u015f\u0131k K\u0131lavuz Plakas\u0131:<\/strong> I\u015f\u0131\u011f\u0131 e\u015fit olarak da\u011f\u0131tan \u015feffaf bir malzeme.<\/li>\n<li data-sourcepos=\"10:1-10:50\"><strong>Dif\u00fcz\u00f6r:<\/strong> I\u015f\u0131\u011f\u0131 da\u011f\u0131tarak d\u00fczg\u00fcn bir ayd\u0131nlatma sa\u011flayan bir malzeme.<\/li>\n<\/ul>\n<h3 data-sourcepos=\"12:1-12:42\"><strong>Fiber Optik Arka I\u015f\u0131k Panelleri Nas\u0131l \u00c7al\u0131\u015f\u0131r?<\/strong><\/h3>\n<ol data-sourcepos=\"14:1-18:0\">\n<li data-sourcepos=\"14:1-14:80\"><strong>I\u015f\u0131k Emisyonu:<\/strong> I\u015f\u0131k kayna\u011f\u0131, fiber optik kablolara \u0131\u015f\u0131k yayar.<\/li>\n<li data-sourcepos=\"15:1-15:101\"><strong>I\u015f\u0131k \u0130letimi:<\/strong> I\u015f\u0131k, fiber optik kablolardan ge\u00e7erek \u0131\u015f\u0131k k\u0131lavuz plakas\u0131na ula\u015f\u0131r.<\/li>\n<li data-sourcepos=\"16:1-16:109\"><strong>I\u015f\u0131k Da\u011f\u0131l\u0131m\u0131:<\/strong> I\u015f\u0131k k\u0131lavuzu plakas\u0131, \u0131\u015f\u0131\u011f\u0131 ekran\u0131n arkas\u0131na e\u015fit olarak da\u011f\u0131t\u0131r.<\/li>\n<li data-sourcepos=\"17:1-18:0\"><strong>Ayd\u0131nlatma:<\/strong> Da\u011f\u0131n\u0131k \u0131\u015f\u0131k ekran\u0131 ayd\u0131nlatarak parlak ve homojen bir g\u00f6r\u00fcnt\u00fc olu\u015fturur.<\/li>\n<\/ol>\n\t\t<\/div>\n\t\t\t\t\t<\/div>\n\n\t\n<\/div>\n\t\t<\/div>\n\n\t\t\n<style>\n#section_891368998 {\n  padding-top: 30px;\n  padding-bottom: 30px;\n  background-color: #c3e7f2;\n}\n<\/style>\n\t<\/section>\n\t\n\t<section class=\"section\" id=\"section_2041239673\">\n\t\t<div class=\"bg section-bg fill bg-fill  bg-loaded\" >\n\n\t\t\t\n\t\t\t\n\t\t\t\n\n\t\t<\/div>\n\n\t\t\n\n\t\t<div class=\"section-content relative\">\n\t\t\t\n<div class=\"row\"  id=\"row-27560860\">\n\n\t<div id=\"col-1891627969\" class=\"col medium-6 small-12 large-6\"  >\n\t\t\t\t<div class=\"col-inner\"  >\n\t\t\t\n\t\t\t\n<h3 data-sourcepos=\"19:1-19:45\">Fiber Optik Arka I\u015f\u0131k Panellerinin Faydalar\u0131:<\/h3>\n<ul data-sourcepos=\"21:1-21:140\">\n<li data-sourcepos=\"21:1-21:140\"><strong>D\u00fczg\u00fcn Ayd\u0131nlatma:<\/strong> Fiber optik arka \u0131\u015f\u0131k panelleri, geleneksel kenar ayd\u0131nlatmal\u0131 veya do\u011frudan ayd\u0131nlatmal\u0131 arka \u0131\u015f\u0131klara k\u0131yasla daha e\u015fit ve tutarl\u0131 bir ayd\u0131nlatma sa\u011flar.<\/li>\n<li data-sourcepos=\"22:1-22:141\"><strong>Enerji Verimlili\u011fi:<\/strong> \u00d6zellikle y\u00fcksek verimli LED'lerle kullan\u0131ld\u0131klar\u0131nda di\u011fer arka \u0131\u015f\u0131k teknolojilerinden daha enerji tasarruflu olabilirler.<\/li>\n<li data-sourcepos=\"23:1-23:99\"><strong>\u0130nce Tasar\u0131m:<\/strong> Fiber optik arka \u0131\u015f\u0131k panelleri daha ince ve daha kompakt ekran tasar\u0131mlar\u0131na olanak sa\u011flar.<\/li>\n<li data-sourcepos=\"24:1-25:0\"><strong>Esneklik:<\/strong> \u00c7e\u015fitli ekran boyutlar\u0131na ve \u015fekillerine uyacak \u015fekilde \u00f6zelle\u015ftirilebilirler.<\/li>\n<\/ul>\n<h3 data-sourcepos=\"26:1-26:49\">Fiber Optik Arka I\u015f\u0131k Panellerinin Uygulamalar\u0131:<\/h3>\n<ul data-sourcepos=\"28:1-31:0\">\n<li data-sourcepos=\"28:1-28:72\"><strong>LCD Ekranlar:<\/strong> Televizyonlarda, bilgisayar monit\u00f6rlerinde ve diz\u00fcst\u00fc bilgisayarlarda kullan\u0131l\u0131r.<\/li>\n<li data-sourcepos=\"29:1-29:68\"><strong>OLED Ekranlar:<\/strong> Ak\u0131ll\u0131 telefonlarda, tabletlerde ve \u00fcst d\u00fczey TV'lerde kullan\u0131l\u0131r.<\/li>\n<li data-sourcepos=\"30:1-31:0\"><strong>Dijital Tabela:<\/strong> Reklam ekranlar\u0131nda ve dijital reklam panolar\u0131nda kullan\u0131l\u0131r.<\/li>\n<\/ul>\n<p data-sourcepos=\"32:1-32:30\"><strong>Fiber optik arka \u0131\u015f\u0131k panelleri, ayd\u0131nlatma kalitesi, enerji verimlili\u011fi ve tasar\u0131m esnekli\u011fi a\u00e7\u0131s\u0131ndan sa\u011flad\u0131\u011f\u0131 avantajlar nedeniyle modern ekran teknolojisi i\u00e7in pop\u00fcler bir se\u00e7im haline gelmi\u015ftir.<\/strong><\/p>\n\t\t<\/div>\n\t\t\t\t\t<\/div>\n\n\t\n\n\t<div id=\"col-1660453726\" class=\"col medium-6 small-12 large-6\"  >\n\t\t\t\t<div class=\"col-inner\"  >\n\t\t\t\n\t\t\t\n\t<div class=\"img has-hover x md-x lg-x y md-y lg-y\" id=\"image_371630452\">\n\t\t\t\t\t\t\t\t<div class=\"img-inner image-cover dark\" style=\"padding-top:100%;\">\n\t\t\t<img loading=\"lazy\" decoding=\"async\" width=\"685\" height=\"667\" src=\"https:\/\/backlightmfg.com\/wp-content\/uploads\/2024\/09\/1625230825.png\" class=\"attachment-original size-original\" alt=\"Fiber Optik Arka I\u015f\u0131k Panellerinin Uygulamalar\u0131\" srcset=\"https:\/\/backlightmfg.com\/wp-content\/uploads\/2024\/09\/1625230825.png 685w, https:\/\/backlightmfg.com\/wp-content\/uploads\/2024\/09\/1625230825-300x292.png 300w, https:\/\/backlightmfg.com\/wp-content\/uploads\/2024\/09\/1625230825-12x12.png 12w, https:\/\/backlightmfg.com\/wp-content\/uploads\/2024\/09\/1625230825-510x497.png 510w\" sizes=\"(max-width: 685px) 100vw, 685px\" \/>\t\t\t\t\t\t\n\t\t\t\t\t<\/div>\n\t\t\t\t\t\t\t\t\n<style>\n#image_371630452 {\n  width: 100%;\n}\n<\/style>\n\t<\/div>\n\t\n\t\t<\/div>\n\t\t\t\t\t<\/div>\n\n\t\n<\/div>\n\t\t<\/div>\n\n\t\t\n<style>\n#section_2041239673 {\n  padding-top: 30px;\n  padding-bottom: 30px;\n}\n<\/style>\n\t<\/section>\n\t\n\t<section class=\"section\" id=\"section_1881074603\">\n\t\t<div class=\"bg section-bg fill bg-fill  bg-loaded\" >\n\n\t\t\t\n\t\t\t\n\t\t\t\n\n\t\t<\/div>\n\n\t\t\n\n\t\t<div class=\"section-content relative\">\n\t\t\t\n<div class=\"row\"  id=\"row-1456423163\">\n\n\t<div id=\"col-730094554\" class=\"col small-12 large-12\"  >\n\t\t\t\t<div class=\"col-inner\"  >\n\t\t\t\n\t\t\t\n<h2 class=\"\" style=\"text-align: center;\" data-sourcepos=\"1:1-1:61\">OEM Fiber Optik Arka I\u015f\u0131k Panelleri: Ekran\u0131n\u0131z\u0131 \u00d6zelle\u015ftirme<\/h2>\n<p data-sourcepos=\"3:1-3:126\"><strong>OEM fiber optik arka \u0131\u015f\u0131k panelleri olarak Reyera<\/strong> \u00fcr\u00fcnlerine y\u00fcksek kaliteli ayd\u0131nlatma eklemek isteyen i\u015fletmeler i\u00e7in \u00f6zelle\u015ftirilebilir bir \u00e7\u00f6z\u00fcm sunar. Bu paneller, optimum performans ve estetik sa\u011flayarak \u00f6zel gereksinimlerinize uyacak \u015fekilde uyarlanabilir.<\/p>\n<p data-sourcepos=\"5:1-5:34\"><strong>OEM Fiber Optik Arka I\u015f\u0131k Panellerinin Faydalar\u0131:<\/strong><\/p>\n<ul data-sourcepos=\"7:1-8:27\">\n<li data-sourcepos=\"7:1-7:112\"><strong>\u00d6zelle\u015ftirme:<\/strong> Panelin boyutunu, \u015feklini, parlakl\u0131\u011f\u0131n\u0131 ve renk s\u0131cakl\u0131\u011f\u0131n\u0131 ihtiya\u00e7lar\u0131n\u0131z\u0131 tam olarak kar\u015f\u0131layacak \u015fekilde uyarlay\u0131n.<\/li>\n<li data-sourcepos=\"8:1-8:27\"><strong>Markala\u015fma:<\/strong> Benzersiz bir g\u00f6r\u00fcn\u00fcm i\u00e7in marka logonuzu veya tasar\u0131m \u00f6\u011felerinizi panele ekleyin.<\/li>\n<li data-sourcepos=\"9:1-9:97\"><strong>Uygun Maliyetli:<\/strong> OEM \u00fcretimi genellikle b\u00fcy\u00fck miktarlar i\u00e7in rekabet\u00e7i fiyatlar sunabilir.<\/li>\n<li data-sourcepos=\"10:1-10:1\"><strong>Kalite Kontrol:<\/strong> Y\u00fcksek kaliteli \u00fcr\u00fcnler ve g\u00fcvenilir performans sa\u011flamak i\u00e7in sayg\u0131n \u00fcreticilerle \u00e7al\u0131\u015f\u0131n.<\/li>\n<\/ul>\n<p data-sourcepos=\"12:1-12:26\"><strong>\u00d6zelle\u015ftirme Se\u00e7enekleri:<\/strong><\/p>\n<ul data-sourcepos=\"14:1-18:0\">\n<li data-sourcepos=\"14:1-14:91\"><strong>Boyut ve \u015eekil:<\/strong> Panelin boyutlar\u0131n\u0131 ve \u015feklini ekran\u0131n\u0131z\u0131n tasar\u0131m\u0131na uyacak \u015fekilde se\u00e7in.<\/li>\n<li data-sourcepos=\"15:1-15:118\"><strong>Parlakl\u0131k ve Renk S\u0131cakl\u0131\u011f\u0131:<\/strong> I\u015f\u0131k yo\u011funlu\u011funu ve renk spektrumunu istedi\u011finiz esteti\u011fe uyacak \u015fekilde ayarlay\u0131n.<\/li>\n<li data-sourcepos=\"16:1-16:108\"><strong>I\u015f\u0131k Da\u011f\u0131l\u0131m\u0131:<\/strong> Belirli ayd\u0131nlatma efektleri elde etmek i\u00e7in \u0131\u015f\u0131k da\u011f\u0131t\u0131m modelini \u00f6zelle\u015ftirin.<\/li>\n<li data-sourcepos=\"17:1-18:0\"><strong>Entegrasyon:<\/strong> Dokunma sens\u00f6rleri veya ortam \u0131\u015f\u0131\u011f\u0131 sens\u00f6rleri gibi ek \u00f6zellikleri entegre edin.<\/li>\n<\/ul>\n<p data-sourcepos=\"19:1-19:98\"><strong>Neden Reyera OEM fiber optik arka \u0131\u015f\u0131k paneli \u00fcreticisini se\u00e7melisiniz?<\/strong><\/p>\n<ul data-sourcepos=\"21:1-21:100\">\n<li data-sourcepos=\"21:1-21:100\"><strong>Tecr\u00fcbe:<\/strong> Y\u00fcksek kaliteli arka \u0131\u015f\u0131k panelleri \u00fcretme deneyimine sahip \u00fcreticileri aray\u0131n.<\/li>\n<li data-sourcepos=\"22:1-22:121\"><strong>Yetenekler:<\/strong> \u00dcreticinin \u00f6zel gereksinimlerinizi kar\u015f\u0131lamak i\u00e7in gerekli ekipmana ve uzmanl\u0131\u011fa sahip oldu\u011fundan emin olun.<\/li>\n<li data-sourcepos=\"23:1-23:94\"><strong>Teslim S\u00fcreleri:<\/strong> Zaman\u0131nda teslimat\u0131 sa\u011flamak i\u00e7in \u00fcreticinin \u00fcretim teslim s\u00fcrelerini g\u00f6z \u00f6n\u00fcnde bulundurun.<\/li>\n<li data-sourcepos=\"24:1-25:0\"><strong>Sat\u0131\u015f Sonras\u0131 Destek:<\/strong> G\u00fcvenilir sat\u0131\u015f sonras\u0131 destek ve garanti kapsam\u0131 sa\u011flayan bir \u00fcretici se\u00e7in.<\/li>\n<\/ul>\n\t\t<\/div>\n\t\t\t\t\t<\/div>\n\n\t\n<\/div>\n\t\t<\/div>\n\n\t\t\n<style>\n#section_1881074603 {\n  padding-top: 30px;\n  padding-bottom: 30px;\n  background-color: #c3e7f2;\n}\n<\/style>\n\t<\/section>\n\t\n\t<section class=\"section\" id=\"section_1598679822\">\n\t\t<div class=\"bg section-bg fill bg-fill  bg-loaded\" >\n\n\t\t\t\n\t\t\t\n\t\t\t\n\n\t\t<\/div>\n\n\t\t\n\n\t\t<div class=\"section-content relative\">\n\t\t\t\n<div class=\"row\"  id=\"row-264251221\">\n\n\t<div id=\"col-1522263532\" class=\"col small-12 large-12\"  >\n\t\t\t\t<div class=\"col-inner\"  >\n\t\t\t\n\t\t\t\n<h2 style=\"text-align: center;\">Bize Ula\u015f\u0131n<\/h2>\n\t\t<\/div>\n\t\t\t\t\t<\/div>\n\n\t\n<\/div>\n<div class=\"row\"  id=\"row-425598899\">\n\n\t<div id=\"col-1921193657\" class=\"col small-12 large-12\"  >\n\t\t\t\t<div class=\"col-inner\"  >\n\t\t\t\n\t\t\t\n\n<div class=\"wpcf7 no-js\" id=\"wpcf7-f280-o1\" lang=\"en-US\" dir=\"ltr\">\n<div class=\"screen-reader-response\"><p role=\"status\" aria-live=\"polite\" aria-atomic=\"true\"><\/p> <ul><\/ul><\/div>\n<form action=\"\/tr\/wp-json\/wp\/v2\/pages\/2011#wpcf7-f280-o1\" method=\"post\" class=\"wpcf7-form init\" aria-label=\"\u0130leti\u015fim formu\" novalidate=\"novalidate\" data-status=\"init\" data-trp-original-action=\"\/tr\/wp-json\/wp\/v2\/pages\/2011#wpcf7-f280-o1\">\n<div style=\"display: none;\">\n<input type=\"hidden\" name=\"_wpcf7\" value=\"280\" \/>\n<input type=\"hidden\" name=\"_wpcf7_version\" value=\"5.9.6\" \/>\n<input type=\"hidden\" name=\"_wpcf7_locale\" value=\"en_US\" \/>\n<input type=\"hidden\" name=\"_wpcf7_unit_tag\" value=\"wpcf7-f280-o1\" \/>\n<input type=\"hidden\" name=\"_wpcf7_container_post\" value=\"0\" \/>\n<input type=\"hidden\" name=\"_wpcf7_posted_data_hash\" value=\"\" \/>\n<\/div>\n<div class='custom_contact_style'>\n\t<div class=\"row row-small\">\n\t\t<div class=\"col medium-6 small-12 large-6\">\n\t\t\t<div class=\"col-inner\">\n\t\t\t\t<p><span class=\"wpcf7-form-control-wrap\" data-name=\"your-name\"><input size=\"40\" maxlength=\"80\" class=\"wpcf7-form-control wpcf7-text wpcf7-validates-as-required\" aria-required=\"true\" aria-invalid=\"false\" placeholder=\"\u0130sim*\" value=\"\" type=\"text\" name=\"your-name\" \/><\/span>\n\t\t\t\t<\/p>\n\t\t\t<\/div>\n\t\t<\/div>\n\t\t<div class=\"col medium-6 small-12 large-6\">\n\t\t\t<div class=\"col-inner\">\n\t\t\t\t<p><span class=\"wpcf7-form-control-wrap\" data-name=\"your-email\"><input size=\"40\" maxlength=\"80\" class=\"wpcf7-form-control wpcf7-email wpcf7-validates-as-required wpcf7-text wpcf7-validates-as-email\" aria-required=\"true\" aria-invalid=\"false\" placeholder=\"E-posta*\" value=\"\" type=\"email\" name=\"your-email\" \/><\/span>\n\t\t\t\t<\/p>\n\t\t\t<\/div>\n\t\t<\/div>\n\t<\/div>\n\t<div class='cus_contact_form_bottom'>\n\t\t<p><span class=\"wpcf7-form-control-wrap\" data-name=\"your-phone\"><input size=\"40\" maxlength=\"80\" class=\"wpcf7-form-control wpcf7-text\" aria-invalid=\"false\" placeholder=\"Telefon\" value=\"\" type=\"text\" name=\"your-phone\" \/><\/span>\n\t\t<\/p>\n\t<\/div>\n\t<div class='cus_contact_form_bottom'>\n\t\t<p><span class=\"wpcf7-form-control-wrap\" data-name=\"your-country\"><input size=\"40\" maxlength=\"80\" class=\"wpcf7-form-control wpcf7-text\" aria-invalid=\"false\" placeholder=\"\u00dclke\" value=\"\" type=\"text\" name=\"your-country\" \/><\/span>\n\t\t<\/p>\n\t<\/div>\n\t<p><span class=\"wpcf7-form-control-wrap\" data-name=\"your-message\"><textarea cols=\"40\" rows=\"10\" maxlength=\"400\" class=\"wpcf7-form-control wpcf7-textarea wpcf7-validates-as-required\" aria-required=\"true\" aria-invalid=\"false\" placeholder=\"Mesaj\u0131n\u0131z *\" name=\"your-message\"><\/textarea><\/span>\n\t<\/p>\n\t<div style=\"margin-bottom:10px;\">\n\t\t<p><span class=\"wpcf7-form-control-wrap kc_captcha cf7ic-toggle\" data-name=\"kc_captcha\"><span class=\"wpcf7-form-control wpcf7-radio\"><span class=\"captcha-image\" style=\"display: none;\"><span class=\"cf7ic_instructions\">L\u00fctfen insan oldu\u011funuzu kan\u0131tlamak i\u00e7in<span> Anahtar<\/span>.<\/span><label><input aria-label=\"1\" type=\"radio\" name=\"kc_captcha\" value=\"bot\" \/><svg aria-hidden=\"true\" role=\"img\" xmlns=\"http:\/\/www.w3.org\/2000\/svg\" viewbox=\"0 0 576 512\"><path fill=\"currentColor\" d=\"M488 313v143c0 13-11 24-24 24H348c-7 0-12-5-12-12V356c0-7-5-12-12-12h-72c-7 0-12 5-12 12v112c0 7-5 12-12 12H112c-13 0-24-11-24-24V313c0-4 2-7 4-10l188-154c5-4 11-4 16 0l188 154c2 3 4 6 4 10zm84-61l-84-69V44c0-6-5-12-12-12h-56c-7 0-12 6-12 12v73l-89-74a48 48 0 00-61 0L4 252c-5 4-5 12-1 17l25 31c5 5 12 5 17 1l235-193c5-4 11-4 16 0l235 193c5 5 13 4 17-1l25-31c4-6 4-13-1-17z\"\/><\/svg><\/label><label><input aria-label=\"2\" type=\"radio\" name=\"kc_captcha\" value=\"kc_human\" \/><svg aria-hidden=\"true\" role=\"img\" xmlns=\"http:\/\/www.w3.org\/2000\/svg\" viewbox=\"0 0 512 512\"><path fill=\"currentColor\" d=\"M512 176a176 176 0 01-209 173l-24 27a24 24 0 01-18 8h-37v40c0 13-11 24-24 24h-40v40c0 13-11 24-24 24H24c-13 0-24-11-24-24v-78c0-6 3-13 7-17l162-162a176 176 0 11343-55zm-176-48a48 48 0 1096 0 48 48 0 00-96 0z\"\/><\/svg><\/label><label><input aria-label=\"3\" type=\"radio\" name=\"kc_captcha\" value=\"bot\" \/><svg aria-hidden=\"true\" role=\"img\" xmlns=\"http:\/\/www.w3.org\/2000\/svg\" viewbox=\"0 0 640 512\"><path fill=\"currentColor\" d=\"M624 352h-16V244c0-13-5-25-14-34L494 110c-9-9-21-14-34-14h-44V48c0-26-21-48-48-48H48C22 0 0 22 0 48v320c0 27 22 48 48 48h16a96 96 0 00192 0h128a96 96 0 00192 0h48c9 0 16-7 16-16v-32c0-9-7-16-16-16zM160 464a48 48 0 110-96 48 48 0 010 96zm320 0a48 48 0 110-96 48 48 0 010 96zm80-208H416V144h44l100 100v12z\"\/><\/svg><\/label>\r\n    <\/span>\r\n    <span style=\"display:none\">\r\n        <input type=\"text\" name=\"kc_honeypot\">\r\n    <\/span><\/span><\/span>\n\t\t<\/p>\n\t<\/div>\n\t<p><input class=\"wpcf7-form-control wpcf7-submit has-spinner\" type=\"submit\" value=\"Mesaj G\u00f6nder\" \/>\n\t<\/p>\n<\/div><div class=\"wpcf7-response-output\" aria-hidden=\"true\"><\/div>\n<input type=\"hidden\" name=\"trp-form-language\" value=\"tr\"\/><\/form>\n<\/div>\n\n\t\t<\/div>\n\t\t\t\t\t<\/div>\n\n\t\n<\/div>\n\t\t<\/div>\n\n\t\t\n<style>\n#section_1598679822 {\n  padding-top: 30px;\n  padding-bottom: 30px;\n}\n<\/style>\n\t<\/section>","protected":false},"excerpt":{"rendered":"","protected":false},"author":1,"featured_media":0,"parent":0,"menu_order":0,"comment_status":"closed","ping_status":"closed","template":"page-blank.php","meta":{"footnotes":""},"_links":{"self":[{"href":"https:\/\/backlightmfg.com\/tr\/wp-json\/wp\/v2\/pages\/2011"}],"collection":[{"href":"https:\/\/backlightmfg.com\/tr\/wp-json\/wp\/v2\/pages"}],"about":[{"href":"https:\/\/backlightmfg.com\/tr\/wp-json\/wp\/v2\/types\/page"}],"author":[{"embeddable":true,"href":"https:\/\/backlightmfg.com\/tr\/wp-json\/wp\/v2\/users\/1"}],"replies":[{"embeddable":true,"href":"https:\/\/backlightmfg.com\/tr\/wp-json\/wp\/v2\/comments?post=2011"}],"version-history":[{"count":20,"href":"https:\/\/backlightmfg.com\/tr\/wp-json\/wp\/v2\/pages\/2011\/revisions"}],"predecessor-version":[{"id":2047,"href":"https:\/\/backlightmfg.com\/tr\/wp-json\/wp\/v2\/pages\/2011\/revisions\/2047"}],"wp:attachment":[{"href":"https:\/\/backlightmfg.com\/tr\/wp-json\/wp\/v2\/media?parent=2011"}],"curies":[{"name":"wp","href":"https:\/\/api.w.org\/{rel}","templated":true}]}}