{"id":1790,"date":"2024-08-03T02:08:10","date_gmt":"2024-08-03T02:08:10","guid":{"rendered":"https:\/\/backlightmfg.com\/?post_type=product&#038;p=1790"},"modified":"2025-07-14T08:33:49","modified_gmt":"2025-07-14T08:33:49","slug":"lgp-backlight","status":"publish","type":"product","link":"https:\/\/backlightmfg.com\/sv\/lgp-backlight\/","title":{"rendered":"LGP Bakgrundsbelysning"},"content":{"rendered":"<h3><strong><span class=\"Y2IQFc\" lang=\"en\">LGP mikrostrukturteknik (milj\u00f6skydd) \uff1a<\/span><\/strong><\/h3>\n<p>Konvertering fr\u00e5n original tryckprocess till varmpressningsprocess, automatiserad produktion, h\u00f6gt utbyte och utm\u00e4rkt visuell effekt. Det inkluderar Micro_structure LGP och Ink printing LGP.<\/p>\n<h4><b>Vad \u00e4r micro_structure?<\/b><\/h4>\n<ul>\n<li>Om m\u00f6nstrets storlek p\u00e5 LGP som kan kontrolleras \u00e4r mindre \u00e4n 100 um. Vi kan kalla det micro_structure.<\/li>\n<\/ul>\n<h4><strong>Bl\u00e4ckutskrift<\/strong><\/h4>\n<ul>\n<li>M\u00f6nsterstorleken \u00e4r 0,4 mm (min med diameter).<\/li>\n<\/ul>\n<h4 class=\"tw-data-text tw-text-large tw-ta\" dir=\"ltr\" data-placeholder=\"Translation\" aria-label=\"\u00d6versatt text\" data-ved=\"2ahUKEwii-OPw3deHAxXnha8BHe_AMVoQ3ewLegQIDRAU\"><strong><span class=\"Y2IQFc\" lang=\"en\">Ljusledarmodul-<\/span><span class=\"Y2IQFc\" lang=\"en\">Gallring<\/span><\/strong><\/h4>\n<ul>\n<li>Den totala tjockleken p\u00e5 ljusledarmodulen varierar fr\u00e5n 0,8 ~ 2 mm. Ljuskortet kan tillverkas av mjukt kort (FPC) eller h\u00e5rt kort (PCB) enligt kundens behov.<\/li>\n<\/ul>\n<h4 class=\"tw-data-text tw-text-large tw-ta\" dir=\"ltr\" data-placeholder=\"Translation\" aria-label=\"\u00d6versatt text\" data-ved=\"2ahUKEwii-OPw3deHAxXnha8BHe_AMVoQ3ewLegQIDRAU\"><strong><span class=\"Y2IQFc\" lang=\"en\">Ljusledarmodul-<\/span><span class=\"Y2IQFc\" lang=\"en\">Flexibilitet<\/span><\/strong><\/h4>\n<ul>\n<li>Dess tunna ljusledarmodul med mjuk kartong har god flexibilitet och det tjocka limmet kan anv\u00e4ndas f\u00f6r att passa den enligt produktens utseende.<\/li>\n<\/ul>\n<h4 id=\"tw-target-text\" class=\"tw-data-text tw-text-large tw-ta\" dir=\"ltr\" data-placeholder=\"Translation\" aria-label=\"\u00d6versatt text\" data-ved=\"2ahUKEwii-OPw3deHAxXnha8BHe_AMVoQ3ewLegQIDRAU\"><strong><span class=\"Y2IQFc\" lang=\"en\">Anpassning av ljusledarmodul<\/span><\/strong><\/h4>\n<ul>\n<li id=\"tw-target-text\" class=\"tw-data-text tw-text-large tw-ta\" dir=\"ltr\" data-placeholder=\"Translation\" aria-label=\"\u00d6versatt text\" data-ved=\"2ahUKEwii-OPw3deHAxXnha8BHe_AMVoQ3ewLegQIDRAU\"><span class=\"Y2IQFc\" lang=\"en\">Olika ljusledarmoduler kan utformas efter kundernas olika behov f\u00f6r att uppn\u00e5 de effekter som kunderna kr\u00e4ver.<\/span><\/li>\n<\/ul>\n<div id=\"KnM9nf\" class=\"PZPZlf\" data-attrid=\"tw-sourceArea\" data-entityname=\"Google Translate\">\n<div id=\"tw-source\">\n<div id=\"tw-source-rmn-container\" class=\"tw-ta-container F0azHf tw-nfl\">\n<h3 id=\"tw-source-rmn\" class=\"tw-data-text tw-text-small tw-ta\" dir=\"ltr\"><strong>Till\u00e4mpning<\/strong><\/h3>\n<ul>\n<li>Normal typ -Under gummi<\/li>\n<li>Mellan nyckel och gummi<\/li>\n<li>Samgjutning<\/li>\n<\/ul>\n<\/div>\n<\/div>\n<\/div>","protected":false},"excerpt":{"rendered":"<p id=\"tw-target-text\" class=\"tw-data-text tw-text-large tw-ta\" dir=\"ltr\" data-placeholder=\"Translation\" aria-label=\"\u00d6versatt text\" data-ved=\"2ahUKEwii-OPw3deHAxXnha8BHe_AMVoQ3ewLegQIDRAU\"><span class=\"Y2IQFc\" lang=\"en\">LED-fotoelektriska ljusledarmoduler anv\u00e4nds i smarta st\u00e4der, smarta fordon, smarta hush\u00e5llsapparater och kringutrustning f\u00f6r e-sport. Framtida utvecklingstrender f\u00f6r ljusstyrningsmoduler<\/span><\/p>\n<ul>\n<li><span class=\"Y2IQFc\" lang=\"en\">LGP-mikrostrukturteknik (milj\u00f6skydd)<br \/>\n<\/span><\/li>\n<li><span class=\"Y2IQFc\" lang=\"en\">Gallring<br \/>\n<\/span><\/li>\n<li><span class=\"Y2IQFc\" lang=\"en\">Flexibilitet<br \/>\n<\/span><\/li>\n<li><span class=\"Y2IQFc\" lang=\"en\">RGB-ljusledarmodul<br \/>\n<\/span><\/li>\n<li><span class=\"Y2IQFc\" lang=\"en\">Programmerbar RGB-ljusremsa<br \/>\n<\/span><\/li>\n<li><span class=\"Y2IQFc\" lang=\"en\">Fast f\u00f6r\u00e4ndring RGB-ljusremsa<\/span><\/li>\n<\/ul>","protected":false},"featured_media":1791,"comment_status":"open","ping_status":"closed","template":"","meta":[],"product_cat":[15],"product_tag":[],"_links":{"self":[{"href":"https:\/\/backlightmfg.com\/sv\/wp-json\/wp\/v2\/product\/1790"}],"collection":[{"href":"https:\/\/backlightmfg.com\/sv\/wp-json\/wp\/v2\/product"}],"about":[{"href":"https:\/\/backlightmfg.com\/sv\/wp-json\/wp\/v2\/types\/product"}],"replies":[{"embeddable":true,"href":"https:\/\/backlightmfg.com\/sv\/wp-json\/wp\/v2\/comments?post=1790"}],"wp:featuredmedia":[{"embeddable":true,"href":"https:\/\/backlightmfg.com\/sv\/wp-json\/wp\/v2\/media\/1791"}],"wp:attachment":[{"href":"https:\/\/backlightmfg.com\/sv\/wp-json\/wp\/v2\/media?parent=1790"}],"wp:term":[{"taxonomy":"product_cat","embeddable":true,"href":"https:\/\/backlightmfg.com\/sv\/wp-json\/wp\/v2\/product_cat?post=1790"},{"taxonomy":"product_tag","embeddable":true,"href":"https:\/\/backlightmfg.com\/sv\/wp-json\/wp\/v2\/product_tag?post=1790"}],"curies":[{"name":"wp","href":"https:\/\/api.w.org\/{rel}","templated":true}]}}