{"id":1552,"date":"2024-07-08T08:09:39","date_gmt":"2024-07-08T08:09:39","guid":{"rendered":"https:\/\/backlightmfg.com\/manufacturer\/luminous-powder-backlighting\/"},"modified":"2024-09-15T06:29:46","modified_gmt":"2024-09-15T06:29:46","slug":"luminescent-powder-backlight","status":"publish","type":"product","link":"https:\/\/backlightmfg.com\/sv\/luminescent-powder-backlight\/","title":{"rendered":"Bakgrundsbelysning med sj\u00e4lvlysande pulver"},"content":{"rendered":"<p>Luminescerande pulver, \u00e4ven k\u00e4nt som fosforpulver, \u00e4r ett fascinerande material som absorberar ljusenergi och l\u00e5ngsamt avger den \u00f6ver tid i form av synligt ljus. Denna unika egenskap g\u00f6r det till ett idealiskt material f\u00f6r att skapa l\u00e5ngvariga bakgrundsbelysningar i olika applikationer, s\u00e4rskilt i svagt belysta eller m\u00f6rka milj\u00f6er.<\/p>\n<p>&nbsp;<\/p>\n<h3><strong>Viktiga f\u00f6rdelar med bakgrundsbelysning med sj\u00e4lvlysande pulver:<\/strong><\/h3>\n<ul>\n<li><strong style=\"color: #555555; font-size: 14.4px;\">S\u00e4kerhet:<\/strong><span style=\"color: #555555; font-size: 14.4px;\">\u00a0Till skillnad fr\u00e5n radioaktiva material \u00e4r sj\u00e4lvlysande pulver helt giftfritt, icke brandfarligt och fritt fr\u00e5n skadliga \u00e4mnen som fosfor, bly eller andra farliga kemikalier. Detta g\u00f6r det till ett s\u00e4kert val f\u00f6r anv\u00e4ndning i olika produkter, s\u00e4rskilt s\u00e5dana som \u00e4r i n\u00e4ra kontakt med m\u00e4nniskor.<\/span><\/li>\n<li><strong style=\"color: #555555; font-size: 14.4px;\">L\u00e5ngvarig lyster:<\/strong><span style=\"color: #555555; font-size: 14.4px;\">\u00a0Luminous Powder Backlight kan avge ljus i timmar, \u00e4ven efter att exponeringen f\u00f6r ljus har upph\u00f6rt. Denna f\u00f6rl\u00e4ngda gl\u00f6dtid s\u00e4kerst\u00e4ller att f\u00f6rem\u00e5l f\u00f6rblir synliga och identifierbara \u00e4ven i fullst\u00e4ndigt m\u00f6rker.<\/span><\/li>\n<li><strong style=\"color: #555555; font-size: 14.4px;\">Stabila egenskaper:<\/strong><span style=\"color: #555555; font-size: 14.4px;\">\u00a0Luminous Powder Backlighting uppvisar en anm\u00e4rkningsv\u00e4rd stabilitet n\u00e4r det g\u00e4ller dess fysiska och kemiska egenskaper. Denna egenskap s\u00e4kerst\u00e4ller att den sj\u00e4lvlysande effekten f\u00f6rblir konsekvent och tillf\u00f6rlitlig \u00f6ver tid.<\/span><\/li>\n<li><strong style=\"color: #555555; font-size: 14.4px;\">Exceptionell h\u00e5llbarhet:<\/strong><span style=\"color: #555555; font-size: 14.4px;\">\u00a0Luminescerande pulver har en exceptionell h\u00e5llbarhet som g\u00f6r det motst\u00e5ndskraftigt mot slitage. Denna h\u00e5llbarhet s\u00e4kerst\u00e4ller att produkter som inneh\u00e5ller sj\u00e4lvlysande pulver kan motst\u00e5 tuffa f\u00f6rh\u00e5llanden och beh\u00e5lla sina sj\u00e4lvlysande egenskaper i m\u00e5nga \u00e5r fram\u00f6ver.<\/span><\/li>\n<li><strong style=\"color: #555555; font-size: 14.4px;\">M\u00e5ngsidighet:<\/strong><span style=\"color: #555555; font-size: 14.4px;\">\u00a0Luminescerande pulver kan enkelt inf\u00f6rlivas i ett brett spektrum av material, inklusive plast, gummi, l\u00e4der, keramik, glas, f\u00e4rger och bel\u00e4ggningar. Denna m\u00e5ngsidighet g\u00f6r det m\u00f6jligt att anv\u00e4nda det i en m\u00e4ngd olika produkter.<\/span><\/li>\n<\/ul>\n<h3><strong style=\"font-size: 23.04px;\">Olika till\u00e4mpningar av bakgrundsbelysning med sj\u00e4lvlysande pulver:<\/strong><\/h3>\n<ul>\n<li><strong style=\"color: #555555; font-size: 14.4px;\">S\u00e4kerhetsprodukter:<\/strong><span style=\"color: #555555; font-size: 14.4px;\">\u00a0Det anv\u00e4nds ofta i s\u00e4kerhetsprodukter som n\u00f6dutg\u00e5ngsskyltar, sj\u00e4lvlysande str\u00f6mbrytare, s\u00e4kerhetsv\u00e4star och trafikskyltar f\u00f6r att s\u00e4kerst\u00e4lla synlighet och s\u00e4kerhet i svagt ljus eller under farliga f\u00f6rh\u00e5llanden.<\/span><\/li>\n<li><strong style=\"color: #555555; font-size: 14.4px;\">Dekorativa f\u00f6rem\u00e5l:<\/strong><span style=\"color: #555555; font-size: 14.4px;\">\u00a0Sj\u00e4lvlysande pulver ger en touch av magi till dekorativa f\u00f6rem\u00e5l som sj\u00e4lvlysande m\u00e5lningar, figurer och smycken, och skapar en f\u00e4ngslande atmosf\u00e4r i m\u00f6rka milj\u00f6er.<\/span><\/li>\n<li><strong style=\"color: #555555; font-size: 14.4px;\">Leksaker och spel:<\/strong><span style=\"color: #555555; font-size: 14.4px;\">\u00a0G\u00f6r leksaker och spel roligare och mer sp\u00e4nnande genom att f\u00e5 dem att lysa och bli levande i m\u00f6rkret, vilket fr\u00e4mjar lek och fantasi.<\/span><\/li>\n<li><strong style=\"color: #555555; font-size: 14.4px;\">Industriella till\u00e4mpningar:<\/strong><span style=\"color: #555555; font-size: 14.4px;\">\u00a0Anv\u00e4nds i industriella milj\u00f6er, t.ex. f\u00f6r att markera farliga omr\u00e5den, identifiera utrustningskontroller och ge synlighet i tr\u00e5nga utrymmen.<\/span><\/li>\n<li><strong style=\"color: #555555; font-size: 14.4px;\">Milit\u00e4r och rymd:<\/strong><span style=\"color: #555555; font-size: 14.4px;\">\u00a0Det anv\u00e4nds inom milit\u00e4r- och flygindustrin, bland annat f\u00f6r att m\u00e4rka upp flygplan, ge synlighet vid nattoperationer och skapa sj\u00e4lvlysande navigationshj\u00e4lpmedel.<\/span><\/li>\n<\/ul>","protected":false},"excerpt":{"rendered":"<p>Bakgrundsbelysning med luminescerande pulver: En m\u00e5ngsidig och s\u00e4ker l\u00f6sning f\u00f6r synlighet nattetid Dess m\u00e5ngsidiga anv\u00e4ndningsomr\u00e5den str\u00e4cker sig \u00f6ver olika branscher, fr\u00e5n s\u00e4kerhet och trygghet till dekoration och underh\u00e5llning, vilket g\u00f6r det till ett v\u00e4rdefullt material f\u00f6r att skapa innovativa och funktionella produkter.<\/p>","protected":false},"featured_media":1544,"comment_status":"closed","ping_status":"closed","template":"","meta":[],"product_cat":[15],"product_tag":[],"_links":{"self":[{"href":"https:\/\/backlightmfg.com\/sv\/wp-json\/wp\/v2\/product\/1552"}],"collection":[{"href":"https:\/\/backlightmfg.com\/sv\/wp-json\/wp\/v2\/product"}],"about":[{"href":"https:\/\/backlightmfg.com\/sv\/wp-json\/wp\/v2\/types\/product"}],"replies":[{"embeddable":true,"href":"https:\/\/backlightmfg.com\/sv\/wp-json\/wp\/v2\/comments?post=1552"}],"wp:featuredmedia":[{"embeddable":true,"href":"https:\/\/backlightmfg.com\/sv\/wp-json\/wp\/v2\/media\/1544"}],"wp:attachment":[{"href":"https:\/\/backlightmfg.com\/sv\/wp-json\/wp\/v2\/media?parent=1552"}],"wp:term":[{"taxonomy":"product_cat","embeddable":true,"href":"https:\/\/backlightmfg.com\/sv\/wp-json\/wp\/v2\/product_cat?post=1552"},{"taxonomy":"product_tag","embeddable":true,"href":"https:\/\/backlightmfg.com\/sv\/wp-json\/wp\/v2\/product_tag?post=1552"}],"curies":[{"name":"wp","href":"https:\/\/api.w.org\/{rel}","templated":true}]}}