{"id":1550,"date":"2024-07-08T08:09:39","date_gmt":"2024-07-08T08:09:39","guid":{"rendered":"https:\/\/backlightmfg.com\/manufacturer\/el-backlighting\/"},"modified":"2024-09-15T06:29:47","modified_gmt":"2024-09-15T06:29:47","slug":"el-backlighting","status":"publish","type":"product","link":"https:\/\/backlightmfg.com\/sv\/el-backlighting\/","title":{"rendered":"EL-bakgrundsbelysning"},"content":{"rendered":"<p>EL-bakgrundsbelysningsk\u00e4llan k\u00e4nnetecknas av sin ljusstyrka, enhetlighet, mjukhet och h\u00e5llbarhet, vilket g\u00f6r den allm\u00e4nt anv\u00e4ndbar inom olika omr\u00e5den som displaypaneler, kommersiella skyltar och dekorativ belysning.<\/p>\n<h3><strong>Viktiga f\u00f6rdelar med EL-bakgrundsbelysning:<\/strong><\/h3>\n<ul>\n<li><strong style=\"color: #555555; font-size: 14.4px;\">Energieffektivitet:<\/strong><span style=\"color: #555555; font-size: 14.4px;\">\u00a0De f\u00f6rbrukar betydligt mindre energi j\u00e4mf\u00f6rt med gl\u00f6dlampor och lysr\u00f6r, vilket leder till l\u00e4gre driftskostnader och minskad milj\u00f6p\u00e5verkan.<\/span><\/li>\n<li><strong style=\"color: #555555; font-size: 14.4px;\">Enhetlighet:<\/strong><span style=\"color: #555555; font-size: 14.4px;\">\u00a0De ger en j\u00e4mn och konsekvent belysning \u00f6ver hela ytan, vilket eliminerar bl\u00e4ndning och hotspots.<\/span><\/li>\n<li><strong style=\"color: #555555; font-size: 14.4px;\">Mjukhet:<\/strong><span style=\"color: #555555; font-size: 14.4px;\">\u00a0Ljuset fr\u00e5n EL-bakgrundsbelysningen \u00e4r mjukt och diffust, vilket ger en behaglig och tilltalande tittarupplevelse.<\/span><\/li>\n<li><strong style=\"color: #555555; font-size: 14.4px;\">H\u00e5llbarhet:De<\/strong><span style=\"color: #555555; font-size: 14.4px;\">\u00a0\u00e4r mycket t\u00e5liga och motst\u00e5ndskraftiga mot st\u00f6tar och vibrationer, vilket g\u00f6r dem l\u00e4mpliga f\u00f6r kr\u00e4vande applikationer.<\/span><\/li>\n<li><strong style=\"color: #555555; font-size: 14.4px;\">Flexibilitet i utformningen:<\/strong><span style=\"color: #555555; font-size: 14.4px;\">\u00a0De kan enkelt formas och anpassas f\u00f6r att passa olika designkrav.<\/span><\/li>\n<li><strong style=\"color: #555555; font-size: 14.4px;\">F\u00e4rgalternativ:<\/strong><span style=\"color: #555555; font-size: 14.4px;\">\u00a0De kan producera ett brett spektrum av f\u00e4rger, inklusive fullf\u00e4rgsalternativ, vilket f\u00f6rb\u00e4ttrar det visuella tilltalet och designm\u00f6jligheterna.<\/span><\/li>\n<\/ul>\n<h3><strong style=\"font-size: 23.04px;\">Utbredda till\u00e4mpningar av EL-bakgrundsbelysning:<\/strong><\/h3>\n<p>EL har funnit omfattande till\u00e4mpningar inom m\u00e5nga olika omr\u00e5den:<\/p>\n<ul>\n<li><strong style=\"color: #555555; font-size: 14.4px;\">Displaypaneler:<\/strong><span style=\"color: #555555; font-size: 14.4px;\">\u00a0De anv\u00e4nds ofta i LCD- och OLED-sk\u00e4rmar f\u00f6r smartphones, surfplattor, b\u00e4rbara datorer och TV-apparater.<\/span><\/li>\n<li><strong style=\"color: #555555; font-size: 14.4px;\">Kommersiella skyltar:<\/strong><span style=\"color: #555555; font-size: 14.4px;\">\u00a0De lyser upp kommersiella skyltar och ger i\u00f6gonfallande och livfulla annonser.<\/span><\/li>\n<li><strong style=\"color: #555555; font-size: 14.4px;\">Dekorativ belysning:<\/strong><span style=\"color: #555555; font-size: 14.4px;\">\u00a0De anv\u00e4nds i dekorativa belysningsarmaturer f\u00f6r att skapa atmosf\u00e4r och visuella accenter.<\/span><\/li>\n<li><strong style=\"color: #555555; font-size: 14.4px;\">Fordonsinteri\u00f6rer:<\/strong><span style=\"color: #555555; font-size: 14.4px;\">\u00a0De \u00e4r inbyggda i bilars instrumentbr\u00e4dor, instrumentpaneler och kontrollknappar.<\/span><\/li>\n<li><strong style=\"color: #555555; font-size: 14.4px;\">Medicintekniska produkter:<\/strong><span style=\"color: #555555; font-size: 14.4px;\">\u00a0De anv\u00e4nds i medicinsk utrustning f\u00f6r tydlig och exakt visualisering.<\/span><\/li>\n<li><strong style=\"color: #555555; font-size: 14.4px;\">Industriella till\u00e4mpningar:<\/strong><span style=\"color: #555555; font-size: 14.4px;\">\u00a0De anv\u00e4nds i industriella kontrollpaneler och skyltar f\u00f6r \u00f6kad synlighet.<\/span><\/li>\n<\/ul>","protected":false},"excerpt":{"rendered":"<p>EL-bakgrundsbelysning har revolutionerat belysningstekniken och erbjuder ett \u00f6verl\u00e4gset alternativ till traditionella ljusk\u00e4llor. Deras energieffektivitet, j\u00e4mnhet, mjukhet, h\u00e5llbarhet, designflexibilitet och f\u00e4rgalternativ g\u00f6r dem till en m\u00e5ngsidig och eftertraktad l\u00f6sning f\u00f6r ett brett spektrum av applikationer. I takt med att tekniken g\u00e5r fram\u00e5t f\u00f6rv\u00e4ntas EL-bakgrundsbelysningen forts\u00e4tta att utvecklas och erbjuda \u00e4nnu mer innovativa och effektiva belysningsl\u00f6sningar.<\/p>","protected":false},"featured_media":1538,"comment_status":"closed","ping_status":"closed","template":"","meta":[],"product_cat":[15],"product_tag":[],"_links":{"self":[{"href":"https:\/\/backlightmfg.com\/sv\/wp-json\/wp\/v2\/product\/1550"}],"collection":[{"href":"https:\/\/backlightmfg.com\/sv\/wp-json\/wp\/v2\/product"}],"about":[{"href":"https:\/\/backlightmfg.com\/sv\/wp-json\/wp\/v2\/types\/product"}],"replies":[{"embeddable":true,"href":"https:\/\/backlightmfg.com\/sv\/wp-json\/wp\/v2\/comments?post=1550"}],"wp:featuredmedia":[{"embeddable":true,"href":"https:\/\/backlightmfg.com\/sv\/wp-json\/wp\/v2\/media\/1538"}],"wp:attachment":[{"href":"https:\/\/backlightmfg.com\/sv\/wp-json\/wp\/v2\/media?parent=1550"}],"wp:term":[{"taxonomy":"product_cat","embeddable":true,"href":"https:\/\/backlightmfg.com\/sv\/wp-json\/wp\/v2\/product_cat?post=1550"},{"taxonomy":"product_tag","embeddable":true,"href":"https:\/\/backlightmfg.com\/sv\/wp-json\/wp\/v2\/product_tag?post=1550"}],"curies":[{"name":"wp","href":"https:\/\/api.w.org\/{rel}","templated":true}]}}