{"id":1549,"date":"2024-07-08T08:09:39","date_gmt":"2024-07-08T08:09:39","guid":{"rendered":"https:\/\/backlightmfg.com\/manufacturer\/fiber-optic-backlighting\/"},"modified":"2024-09-15T06:29:48","modified_gmt":"2024-09-15T06:29:48","slug":"fiber-optic-backlighting","status":"publish","type":"product","link":"https:\/\/backlightmfg.com\/sv\/fiber-optic-backlighting\/","title":{"rendered":"Fiberoptisk bakgrundsbelysning"},"content":{"rendered":"<p>Fiberoptisk bakgrundsbelysning anv\u00e4nder tunna tr\u00e5dar av glas- eller plastfibrer som fungerar som ljusledare. Ljuset leds in i ena \u00e4nden av den fiberoptiska kabeln, vanligtvis fr\u00e5n en LED-k\u00e4lla. Detta ljus f\u00e4rdas genom fiberns k\u00e4rna p\u00e5 grund av ett fenomen som kallas intern reflektion, studsar mot innerv\u00e4ggarna och minimerar ljusf\u00f6rlusten. Ljuset kommer ut i den andra \u00e4nden av fibern och belyser m\u00e5lomr\u00e5det.<\/p>\n<h3><strong>F\u00f6rdelar med fiberoptisk bakgrundsbelysning:<\/strong><\/h3>\n<ul>\n<li><strong style=\"color: #555555; font-size: 14.4px;\">Fj\u00e4rrkontroll Ljusk\u00e4lla:<\/strong><span style=\"color: #555555; font-size: 14.4px;\">\u00a0Ljusk\u00e4llan kan placeras p\u00e5 avst\u00e5nd fr\u00e5n det belysta omr\u00e5det, vilket minskar v\u00e4rmeutvecklingen och f\u00f6rb\u00e4ttrar designflexibiliteten.<\/span><\/li>\n<li><strong style=\"color: #555555; font-size: 14.4px;\">Enhetlig belysning:<\/strong><span style=\"color: #555555; font-size: 14.4px;\">\u00a0Fiberoptik f\u00f6rdelar ljuset j\u00e4mnt, eliminerar bl\u00e4ndning och hotspots, vilket skapar en visuellt tilltalande och bekv\u00e4m tittarupplevelse.<\/span><\/li>\n<li><strong style=\"color: #555555; font-size: 14.4px;\">H\u00f6g ljuseffektivitet:<\/strong><span style=\"color: #555555; font-size: 14.4px;\">\u00a0P\u00e5 grund av minimala ljusf\u00f6rluster i fibrerna ger fiberoptisk bakgrundsbelysning effektiv ljus\u00f6verf\u00f6ring.<\/span><\/li>\n<li><strong style=\"color: #555555; font-size: 14.4px;\">H\u00e5llbarhet:<\/strong><span style=\"color: #555555; font-size: 14.4px;\"> Fiberoptiska kablar \u00e4r mycket h\u00e5llbara och motst\u00e5ndskraftiga mot vibrationer, st\u00f6tar, extrema temperaturer \uff0c energibesparing \uff0c och n<\/span><span class=\"Y2IQFc\" lang=\"en\">o feber.<\/span><\/li>\n<li><strong style=\"color: #555555; font-size: 14.4px;\">Flexibilitet i utformningen:<\/strong><span style=\"color: #555555; font-size: 14.4px;\">\u00a0Tunna och flexibla fibrer kan enkelt formas och anpassas f\u00f6r att passa olika belysningskrav.<\/span><\/li>\n<li><strong style=\"color: #555555; font-size: 14.4px;\">Cool drift:<\/strong><span style=\"color: #555555; font-size: 14.4px;\">\u00a0Fiberoptiska kablar i sig genererar inte v\u00e4rme, vilket bidrar till en svalare driftsmilj\u00f6.<\/span><\/li>\n<\/ul>\n<p>&nbsp;<\/p>\n<h3><strong style=\"font-size: 23.04px;\">Till\u00e4mpningar av fiberoptisk bakgrundsbelysning:<\/strong><\/h3>\n<ul>\n<li><strong style=\"color: #555555; font-size: 14.4px;\">LCD-sk\u00e4rmar:<\/strong><span style=\"color: #555555; font-size: 14.4px;\">\u00a0Fiberoptiska bakgrundsbelysningar kan f\u00f6rb\u00e4ttra j\u00e4mnheten och ljusstyrkan hos LCD-sk\u00e4rmar i TV-apparater, b\u00e4rbara datorer och andra elektroniska apparater.<\/span><\/li>\n<li><strong style=\"color: #555555; font-size: 14.4px;\">Skyltar och displayer:<\/strong><span style=\"color: #555555; font-size: 14.4px;\">\u00a0De anv\u00e4nds i ljusskyltar, arkitektonisk belysning och f\u00f6rs\u00e4ljningsst\u00e4llen f\u00f6r att ge en visuellt sl\u00e5ende effekt.<\/span><\/li>\n<li><strong style=\"color: #555555; font-size: 14.4px;\">Medicinsk utrustning:<\/strong><span style=\"color: #555555; font-size: 14.4px;\">\u00a0Fiberoptisk bakgrundsbelysning ger kontrollerad och fokuserad belysning i medicinsk unders\u00f6knings- och diagnostikutrustning.<\/span><\/li>\n<li><strong style=\"color: #555555; font-size: 14.4px;\">System f\u00f6r maskinseende:<\/strong><span style=\"color: #555555; font-size: 14.4px;\">\u00a0Den j\u00e4mna ljusf\u00f6rdelningen g\u00f6r den idealisk f\u00f6r maskinseendeapplikationer, d\u00e4r exakt objektinspektion kr\u00e4vs.<\/span><\/li>\n<li><strong style=\"color: #555555; font-size: 14.4px;\">Kantbelysning:<\/strong><span style=\"color: #555555; font-size: 14.4px;\">\u00a0Fiberoptik kan skapa skarpa och v\u00e4ldefinierade kantbelysningseffekter f\u00f6r dekorativa och arkitektoniska till\u00e4mpningar.<\/span><\/li>\n<li><strong style=\"color: #555555; font-size: 14.4px;\">Specialiserad belysning:<\/strong><span style=\"color: #555555; font-size: 14.4px;\">\u00a0Fiberoptisk bakgrundsbelysning anv\u00e4nds i en m\u00e4ngd olika specialiserade applikationer, inklusive undervattensbelysning och instrumentbelysning.<\/span><\/li>\n<\/ul>","protected":false},"excerpt":{"rendered":"<p>Fiberoptisk bakgrundsbelysning erbjuder en unik och m\u00e5ngsidig belysningsl\u00f6sning. Dess kombination av fj\u00e4rrstyrd ljusk\u00e4lla, j\u00e4mn ljusf\u00f6rdelning, h\u00f6g effektivitet och designflexibilitet g\u00f6r den till en v\u00e4rdefull teknik f\u00f6r olika applikationer. I takt med att tekniken utvecklas f\u00f6rv\u00e4ntas den fiberoptiska bakgrundsbelysningen f\u00e5 \u00e4nnu fler innovativa anv\u00e4ndningsomr\u00e5den i framtiden.<\/p>","protected":false},"featured_media":1539,"comment_status":"closed","ping_status":"closed","template":"","meta":[],"product_cat":[15],"product_tag":[],"_links":{"self":[{"href":"https:\/\/backlightmfg.com\/sv\/wp-json\/wp\/v2\/product\/1549"}],"collection":[{"href":"https:\/\/backlightmfg.com\/sv\/wp-json\/wp\/v2\/product"}],"about":[{"href":"https:\/\/backlightmfg.com\/sv\/wp-json\/wp\/v2\/types\/product"}],"replies":[{"embeddable":true,"href":"https:\/\/backlightmfg.com\/sv\/wp-json\/wp\/v2\/comments?post=1549"}],"wp:featuredmedia":[{"embeddable":true,"href":"https:\/\/backlightmfg.com\/sv\/wp-json\/wp\/v2\/media\/1539"}],"wp:attachment":[{"href":"https:\/\/backlightmfg.com\/sv\/wp-json\/wp\/v2\/media?parent=1549"}],"wp:term":[{"taxonomy":"product_cat","embeddable":true,"href":"https:\/\/backlightmfg.com\/sv\/wp-json\/wp\/v2\/product_cat?post=1549"},{"taxonomy":"product_tag","embeddable":true,"href":"https:\/\/backlightmfg.com\/sv\/wp-json\/wp\/v2\/product_tag?post=1549"}],"curies":[{"name":"wp","href":"https:\/\/api.w.org\/{rel}","templated":true}]}}