{"id":2265,"date":"2025-04-02T02:39:59","date_gmt":"2025-04-02T02:39:59","guid":{"rendered":"https:\/\/backlightmfg.com\/?page_id=2265"},"modified":"2025-04-02T07:36:40","modified_gmt":"2025-04-02T07:36:40","slug":"medical-human-machine-interface%ef%bc%88hmi%ef%bc%89","status":"publish","type":"page","link":"https:\/\/backlightmfg.com\/sv\/medical-human-machine-interface%ef%bc%88hmi%ef%bc%89\/","title":{"rendered":"Gr\u00e4nssnitt f\u00f6r m\u00e4nniska och maskin inom medicin (HMI)"},"content":{"rendered":"<div class=\"banner has-hover\" id=\"banner-643616611\">\n          <div class=\"banner-inner fill\">\n        <div class=\"banner-bg fill\" >\n            <div class=\"bg fill bg-fill\"><\/div>\n                        <div class=\"overlay\"><\/div>            \n                    <\/div>\n\t\t\n        <div class=\"banner-layers container\">\n            <div class=\"fill banner-link\"><\/div>            \n   <div id=\"text-box-1527341395\" class=\"text-box banner-layer x50 md-x50 lg-x50 y25 md-y25 lg-y25 res-text\">\n                                <div class=\"text-box-content text dark\">\n              \n              <div class=\"text-inner text-center\">\n                  \n<h1><span style=\"font-size: 80%;\">Gr\u00e4nssnitt f\u00f6r m\u00e4nniska och maskin inom medicin (HMI)<\/span><\/h1>\n              <\/div>\n           <\/div>\n                            \n<style>\n#text-box-1527341395 {\n  width: 86%;\n}\n#text-box-1527341395 .text-box-content {\n  font-size: 100%;\n}\n<\/style>\n    <\/div>\n \n        <\/div>\n      <\/div>\n\n            \n<style>\n#banner-643616611 {\n  padding-top: 188px;\n}\n#banner-643616611 .overlay {\n  background-color: rgba(0, 0, 0, 0.209);\n}\n<\/style>\n  <\/div>\n\n\n\t<section class=\"section\" id=\"section_7183205\">\n\t\t<div class=\"bg section-bg fill bg-fill  bg-loaded\" >\n\n\t\t\t\n\t\t\t\n\t\t\t\n\n\t\t<\/div>\n\n\t\t\n\n\t\t<div class=\"section-content relative\">\n\t\t\t\n<div class=\"row row-box-shadow-5-hover\" style=\"max-width:1400px\" id=\"row-1979663333\">\n\n\t<div id=\"col-769524238\" class=\"col medium-6 small-12 large-6\"  >\n\t\t\t\t<div class=\"col-inner\"  >\n\t\t\t\n\t\t\t\n\t<div class=\"img has-hover x md-x lg-x y md-y lg-y\" id=\"image_1933326179\">\n\t\t\t\t\t\t\t\t<div class=\"img-inner dark\" >\n\t\t\t<img loading=\"lazy\" decoding=\"async\" width=\"800\" height=\"800\" src=\"https:\/\/backlightmfg.com\/wp-content\/uploads\/2025\/04\/HMI.jpeg\" class=\"attachment-original size-original\" alt=\"Medicinsk HMI\" srcset=\"https:\/\/backlightmfg.com\/wp-content\/uploads\/2025\/04\/HMI.jpeg 800w, https:\/\/backlightmfg.com\/wp-content\/uploads\/2025\/04\/HMI-300x300.jpeg 300w, https:\/\/backlightmfg.com\/wp-content\/uploads\/2025\/04\/HMI-150x150.jpeg 150w, https:\/\/backlightmfg.com\/wp-content\/uploads\/2025\/04\/HMI-768x768.jpeg 768w, https:\/\/backlightmfg.com\/wp-content\/uploads\/2025\/04\/HMI-12x12.jpeg 12w, https:\/\/backlightmfg.com\/wp-content\/uploads\/2025\/04\/HMI-510x510.jpeg 510w, https:\/\/backlightmfg.com\/wp-content\/uploads\/2025\/04\/HMI-100x100.jpeg 100w\" sizes=\"(max-width: 800px) 100vw, 800px\" \/>\t\t\t\t\t\t\n\t\t\t\t\t<\/div>\n\t\t\t\t\t\t\t\t\n<style>\n#image_1933326179 {\n  width: 100%;\n}\n<\/style>\n\t<\/div>\n\t\n\t\t<\/div>\n\t\t\t\t\t<\/div>\n\n\t\n\n\t<div id=\"col-1457544206\" class=\"col medium-6 small-12 large-6\"  >\n\t\t\t\t<div class=\"col-inner\"  >\n\t\t\t\n\t\t\t\n\t<div id=\"text-629265259\" class=\"text\">\n\t\t\n<h2>Gr\u00e4nssnitt mellan m\u00e4nniska och maskin inom medicinteknik (Medical HMI)<\/h2>\n<p>Det medicinska gr\u00e4nssnittet mellan m\u00e4nniska och maskin (HMI) \u00e4r en interaktiv bro som f\u00f6rbinder medicinsk personal, patienter och medicinsk utrustning eller system. Det syftar till att uppn\u00e5 inmatning, utmatning, \u00f6vervakning och kontroll av medicinska data genom intuitiva, s\u00e4kra och effektiva driftsmetoder. Det \u00e4r en central komponent i modern medicinsk utrustning (t.ex. ventilatorer, monitorer, kirurgiska robotar, bildsystem etc.) och digitala medicinska system (t.ex. elektroniska patientjournaler, plattformar f\u00f6r fj\u00e4rrdiagnostik och fj\u00e4rrbehandling).<br \/>\n\t\t\n<style>\n#text-629265259 {\n  line-height: 2;\n}\n<\/style>\n\t<\/div>\n\t\n<div class=\"row\"  id=\"row-1284728666\">\n\n\t<div id=\"col-2046615196\" class=\"col small-12 large-12\"  >\n\t\t\t\t<div class=\"col-inner\"  >\n\t\t\t\n\t\t\t\n\t<div id=\"gap-1001517637\" class=\"gap-element clearfix\" style=\"display:block; height:auto;\">\n\t\t\n<style>\n#gap-1001517637 {\n  padding-top: 20px;\n}\n<\/style>\n\t<\/div>\n\t\n\t<div id=\"text-1699598376\" class=\"text\">\n\t\t\n<h2>HMI-l\u00f6sning f\u00f6r Rayera Medical<\/h2>\n<p>I medicinska HMI-applikationsscenarier \u00e4r faktorer som ljuskvalitet, f\u00e4rgprecision och ljusriktning direkt relaterade till effektiviteten i interaktionen mellan m\u00e4nniska och maskin i medicinsk utrustning, och deras betydelse \u00e4r sj\u00e4lvklar. Med djup branscherfarenhet och banbrytande teknisk kunskap har v\u00e5rt team framg\u00e5ngsrikt skapat en belysningsl\u00f6sning. Den har tillf\u00f6rlitlig prestanda och h\u00f6g precision. I praktiska till\u00e4mpningar kan den g\u00f6ra v\u00e5rdpersonalen mer bekv\u00e4m n\u00e4r de anv\u00e4nder medicinsk utrustning och \u00e4ven ge patienterna en s\u00e4ker medicinsk upplevelse, som verkligen \u00e4r intuitiv, effektiv och s\u00e4ker.<br \/>\n\t\t\n<style>\n#text-1699598376 {\n  line-height: 2;\n}\n<\/style>\n\t<\/div>\n\t\n\t\t<\/div>\n\t\t\t\t\t<\/div>\n\n\t\n<\/div>\n\t<div id=\"gap-1469430796\" class=\"gap-element clearfix\" style=\"display:block; height:auto;\">\n\t\t\n<style>\n#gap-1469430796 {\n  padding-top: 15px;\n}\n<\/style>\n\t<\/div>\n\t\n<div class=\"row\"  id=\"row-538014367\">\n\n\t<div id=\"col-634776937\" class=\"col small-12 large-12\"  >\n\t\t\t\t<div class=\"col-inner text-center\"  >\n\t\t\t\n\t\t\t\n<a href=\"https:\/\/backlightmfg.com\/sv\/contact\/\" class=\"button primary\"  style=\"border-radius:99px;\">\n    <span>L\u00e4s mer<\/span>\n  <\/a>\n\n\t\t<\/div>\n\t\t\t\t\t<\/div>\n\n\t\n<\/div>\n\t\t<\/div>\n\t\t\t\t\n<style>\n#col-1457544206 > .col-inner {\n  margin: 0px 0px 0px 0px;\n}\n<\/style>\n\t<\/div>\n\n\t\n<\/div>\n\t\t<\/div>\n\n\t\t\n<style>\n#section_7183205 {\n  padding-top: 30px;\n  padding-bottom: 30px;\n}\n<\/style>\n\t<\/section>\n\t\n\t<section class=\"section\" id=\"section_82784753\">\n\t\t<div class=\"bg section-bg fill bg-fill  bg-loaded\" >\n\n\t\t\t\n\t\t\t<div class=\"section-bg-overlay absolute fill\"><\/div>\n\t\t\t\n\n\t\t<\/div>\n\n\t\t\n\n\t\t<div class=\"section-content relative\">\n\t\t\t\n<div class=\"row\" style=\"max-width:1400px\" id=\"row-1353591390\">\n\n\t<div id=\"col-1942459967\" class=\"col small-12 large-12\"  >\n\t\t\t\t<div class=\"col-inner\"  >\n\t\t\t\n\t\t\t\n<h2 style=\"text-align: center;\">Att arbeta med Rayera<\/h2>\n<h4 style=\"text-align: center;\">Tillsammans utvecklar vi medicinsk HMI-teknik<\/h4>\n<p style=\"text-align: center;\">Vi f\u00f6rser v\u00e5ra kunder med en m\u00e5ngsidig och helt\u00e4ckande utvecklingsmetodik. Detta tillv\u00e4gag\u00e5ngss\u00e4tt effektiviserar inte bara processen utan minskar ocks\u00e5 b\u00e5de tid och kostnader avsev\u00e4rt. Oavsett om du precis har b\u00f6rjat skissa p\u00e5 id\u00e9er i designfasen eller befinner dig i slutskedet av finjusteringen \u00e4r v\u00e5ra toppteam redo att samarbeta med dig. Vi kommer att fokusera p\u00e5 att optimera belysningsl\u00f6sningar som kommer att ha det mest betydande och positiva inflytandet p\u00e5 anv\u00e4ndarna.<\/p>\n\t\t<\/div>\n\t\t\t\t\t<\/div>\n\n\t\n<\/div>\n<div class=\"row\"  id=\"row-990253156\">\n\n\t<div id=\"col-1435071331\" class=\"col medium-6 small-12 large-6\"  >\n\t\t\t\t<div class=\"col-inner\"  >\n\t\t\t\n\t\t\t\n\t<div class=\"img has-hover x md-x lg-x y md-y lg-y\" id=\"image_1647741801\">\n\t\t\t\t\t\t\t\t<div class=\"img-inner dark\" >\n\t\t\t<img loading=\"lazy\" decoding=\"async\" width=\"800\" height=\"800\" src=\"https:\/\/backlightmfg.com\/wp-content\/uploads\/2025\/04\/HMI-1.jpeg\" class=\"attachment-original size-original\" alt=\"Optisk design och optimering av bildsk\u00e4rmar\" srcset=\"https:\/\/backlightmfg.com\/wp-content\/uploads\/2025\/04\/HMI-1.jpeg 800w, https:\/\/backlightmfg.com\/wp-content\/uploads\/2025\/04\/HMI-1-300x300.jpeg 300w, https:\/\/backlightmfg.com\/wp-content\/uploads\/2025\/04\/HMI-1-150x150.jpeg 150w, https:\/\/backlightmfg.com\/wp-content\/uploads\/2025\/04\/HMI-1-768x768.jpeg 768w, https:\/\/backlightmfg.com\/wp-content\/uploads\/2025\/04\/HMI-1-12x12.jpeg 12w, https:\/\/backlightmfg.com\/wp-content\/uploads\/2025\/04\/HMI-1-510x510.jpeg 510w, https:\/\/backlightmfg.com\/wp-content\/uploads\/2025\/04\/HMI-1-100x100.jpeg 100w\" sizes=\"(max-width: 800px) 100vw, 800px\" \/>\t\t\t\t\t\t\n\t\t\t\t\t<\/div>\n\t\t\t\t\t\t\t\t\n<style>\n#image_1647741801 {\n  width: 100%;\n}\n<\/style>\n\t<\/div>\n\t\n\t\t<\/div>\n\t\t\t\t\t<\/div>\n\n\t\n\n\t<div id=\"col-281626638\" class=\"col medium-6 small-12 large-6\"  >\n\t\t\t\t<div class=\"col-inner\"  >\n\t\t\t\n\t\t\t\n<h3>Optisk design och optimering av bildsk\u00e4rmar<\/h3>\n<ul>\n<li><strong>Kontroll av ljuskvalitet och ljusstyrka: <\/strong>Medicinsk HMI m\u00e5ste kunna anpassas till komplexa ljusmilj\u00f6er och anv\u00e4nda adaptiv dimningsteknik f\u00f6r att s\u00e4kerst\u00e4lla att sk\u00e4rmen \u00e4r tydligt l\u00e4sbar vid olika ljusniv\u00e5er utan att bl\u00e4nda. Till exempel m\u00e5ste endoskopsk\u00e4rmar ha en mycket j\u00e4mn bakgrundsbelysning f\u00f6r att undvika lokal \u00f6verexponering eller skuggor som st\u00f6r bed\u00f6mningen av operationsf\u00e4ltet.<\/li>\n<li><strong>F\u00e4rgprecision: <\/strong>F\u00f6lj strikt DICOM-standarden f\u00f6r att kalibrera bildsk\u00e4rmsenheter f\u00f6r att s\u00e4kerst\u00e4lla klinisk konsekvens i bildgr\u00e5skala och pseudof\u00e4rgmappning. Gr\u00e4nssnittet f\u00f6r livs\u00f6vervakning anv\u00e4nder standardiserad kodning av varningsf\u00e4rger som r\u00f6tt\/gr\u00f6nt\/gult f\u00f6r att undvika felbed\u00f6mningar av anv\u00e4ndare med f\u00e4rgseendeproblem.<\/li>\n<li><strong>Riktning och synlighet: <\/strong>Tack vare LCD\/OLED-paneler med vidvinkel, anti-fog-bel\u00e4ggningar och antireflexbehandlingar kan v\u00e5rdpersonalen se gr\u00e4nssnittet fr\u00e5n flera vinklar n\u00e4r de st\u00e5r, sitter eller r\u00f6r sig. Viktiga parametrar visas med stora teckensnitt och h\u00f6g kontrast f\u00f6r att f\u00f6rb\u00e4ttra igenk\u00e4nningshastigheten i n\u00f6dsituationer.<\/li>\n<\/ul>\n\t\t<\/div>\n\t\t\t\t\t<\/div>\n\n\t\n<\/div>\n\t\t<\/div>\n\n\t\t\n<style>\n#section_82784753 {\n  padding-top: 30px;\n  padding-bottom: 30px;\n}\n#section_82784753 .section-bg-overlay {\n  background-color: rgba(68, 96, 132, 0.11);\n}\n<\/style>\n\t<\/section>\n\t\n\t<section class=\"section\" id=\"section_1062655928\">\n\t\t<div class=\"bg section-bg fill bg-fill  bg-loaded\" >\n\n\t\t\t\n\t\t\t\n\t\t\t\n\n\t\t<\/div>\n\n\t\t\n\n\t\t<div class=\"section-content relative\">\n\t\t\t\n<div class=\"row\"  id=\"row-1726440402\">\n\n\t<div id=\"col-390221972\" class=\"col small-12 large-12\"  >\n\t\t\t\t<div class=\"col-inner\"  >\n\t\t\t\n\t\t\t\n<h3 style=\"text-align: center;\">Exempel p\u00e5 teaml\u00f6sning<\/h3>\n<p style=\"text-align: center;\">V\u00e5rt ingenj\u00f6rsteam utvecklade ett intelligent belysningssystem av medicinsk kvalitet f\u00f6r att l\u00f6sa f\u00f6ljande problem:<\/p>\n\t\t<\/div>\n\t\t\t\t\t<\/div>\n\n\t\n<\/div>\n<div class=\"row\"  id=\"row-299659882\">\n\n\t<div id=\"col-1813495544\" class=\"col medium-6 small-12 large-6\"  >\n\t\t\t\t<div class=\"col-inner\"  >\n\t\t\t\n\t\t\t\n<p><strong>Tillf\u00f6rlitlighet och noggrannhet:<\/strong> Med hj\u00e4lp av medicinskt certifierade LED-ljusk\u00e4llor (i enlighet med IEC 60601-1) \u00e4r livsl\u00e4ngden &gt;50 000 timmar och det finns inget flimmer, vilket undviker visuell tr\u00f6tthet som orsakas av l\u00e5ngvarig \u00f6vervakning. Inbyggd sensor f\u00f6r omgivande ljus och AI-algoritm f\u00f6r att matcha NIT-ljusstyrkekurvan i realtid (t.ex. 800 nits under dagen\/50 nits p\u00e5 natten).<\/p>\n<p><strong>Interaktiv och intuitiv design:<\/strong><\/p>\n<ul>\n<li>Integrera riktade ljusledare i ventilatorpanelen f\u00f6r att v\u00e4gleda driftprocessen genom animering av ljusfl\u00f6det (t.ex. justering av PEEP-v\u00e4rdet genom att rotera medurs).<\/li>\n<li>Utforma en flerf\u00e4rgad ringindikator f\u00f6r handh\u00e5llen ultraljudsutrustning och anv\u00e4nd f\u00e4rgm\u00e4ttnadsgradient f\u00f6r att ange tr\u00f6skelv\u00e4rdet f\u00f6r sondtrycket (bl\u00e5\u2192gr\u00f6n\u2192r\u00f6d motsvarar s\u00e4kerhet\u2192varning).<\/li>\n<\/ul>\n<p><strong>Mekanism f\u00f6r s\u00e4kerhetsredundans: <\/strong>Den tv\u00e5kanaliga oberoende drivkretsen f\u00f6r bakgrundsbelysning f\u00f6rhindrar risken f\u00f6r svart sk\u00e4rm och v\u00e4xlar automatiskt till monokrom markeringsdisplay i n\u00f6dl\u00e4ge (t.ex. beh\u00e5ller v\u00e5gformen f\u00f6r blodsyre n\u00e4r ECMO-gr\u00e4nssnittet misslyckas).<\/p>\n\t\t<\/div>\n\t\t\t\t\t<\/div>\n\n\t\n\n\t<div id=\"col-884123793\" class=\"col medium-6 small-12 large-6\"  >\n\t\t\t\t<div class=\"col-inner\"  >\n\t\t\t\n\t\t\t\n\t<div class=\"img has-hover x md-x lg-x y md-y lg-y\" id=\"image_1298219832\">\n\t\t\t\t\t\t\t\t<div class=\"img-inner dark\" >\n\t\t\t<img loading=\"lazy\" decoding=\"async\" width=\"800\" height=\"800\" src=\"https:\/\/backlightmfg.com\/wp-content\/uploads\/2025\/04\/HMI-3.jpeg\" class=\"attachment-original size-original\" alt=\"Exempel p\u00e5 teaml\u00f6sning\" srcset=\"https:\/\/backlightmfg.com\/wp-content\/uploads\/2025\/04\/HMI-3.jpeg 800w, https:\/\/backlightmfg.com\/wp-content\/uploads\/2025\/04\/HMI-3-300x300.jpeg 300w, https:\/\/backlightmfg.com\/wp-content\/uploads\/2025\/04\/HMI-3-150x150.jpeg 150w, https:\/\/backlightmfg.com\/wp-content\/uploads\/2025\/04\/HMI-3-768x768.jpeg 768w, https:\/\/backlightmfg.com\/wp-content\/uploads\/2025\/04\/HMI-3-12x12.jpeg 12w, https:\/\/backlightmfg.com\/wp-content\/uploads\/2025\/04\/HMI-3-510x510.jpeg 510w, https:\/\/backlightmfg.com\/wp-content\/uploads\/2025\/04\/HMI-3-100x100.jpeg 100w\" sizes=\"(max-width: 800px) 100vw, 800px\" \/>\t\t\t\t\t\t\n\t\t\t\t\t<\/div>\n\t\t\t\t\t\t\t\t\n<style>\n#image_1298219832 {\n  width: 100%;\n}\n<\/style>\n\t<\/div>\n\t\n\t\t<\/div>\n\t\t\t\t\t<\/div>\n\n\t\n<\/div>\n\t\t<\/div>\n\n\t\t\n<style>\n#section_1062655928 {\n  padding-top: 30px;\n  padding-bottom: 30px;\n}\n<\/style>\n\t<\/section>\n\t\n\t<section class=\"section\" id=\"section_1552541506\">\n\t\t<div class=\"bg section-bg fill bg-fill  bg-loaded\" >\n\n\t\t\t\n\t\t\t<div class=\"section-bg-overlay absolute fill\"><\/div>\n\t\t\t\n\n\t\t<\/div>\n\n\t\t\n\n\t\t<div class=\"section-content relative\">\n\t\t\t\n<div class=\"row\"  id=\"row-2030786822\">\n\n\t<div id=\"col-1117913673\" class=\"col medium-6 small-12 large-6\"  >\n\t\t\t\t<div class=\"col-inner\"  >\n\t\t\t\n\t\t\t\n\t<div class=\"img has-hover x md-x lg-x y md-y lg-y\" id=\"image_1391173832\">\n\t\t\t\t\t\t\t\t<div class=\"img-inner image-cover dark\" style=\"padding-top:78%;\">\n\t\t\t<img loading=\"lazy\" decoding=\"async\" width=\"800\" height=\"800\" src=\"https:\/\/backlightmfg.com\/wp-content\/uploads\/2025\/04\/HMI-2.jpeg\" class=\"attachment-original size-original\" alt=\"Principer f\u00f6r utformning\" srcset=\"https:\/\/backlightmfg.com\/wp-content\/uploads\/2025\/04\/HMI-2.jpeg 800w, https:\/\/backlightmfg.com\/wp-content\/uploads\/2025\/04\/HMI-2-300x300.jpeg 300w, https:\/\/backlightmfg.com\/wp-content\/uploads\/2025\/04\/HMI-2-150x150.jpeg 150w, https:\/\/backlightmfg.com\/wp-content\/uploads\/2025\/04\/HMI-2-768x768.jpeg 768w, https:\/\/backlightmfg.com\/wp-content\/uploads\/2025\/04\/HMI-2-12x12.jpeg 12w, https:\/\/backlightmfg.com\/wp-content\/uploads\/2025\/04\/HMI-2-510x510.jpeg 510w, https:\/\/backlightmfg.com\/wp-content\/uploads\/2025\/04\/HMI-2-100x100.jpeg 100w\" sizes=\"(max-width: 800px) 100vw, 800px\" \/>\t\t\t\t\t\t\n\t\t\t\t\t<\/div>\n\t\t\t\t\t\t\t\t\n<style>\n#image_1391173832 {\n  width: 100%;\n}\n<\/style>\n\t<\/div>\n\t\n\t\t<\/div>\n\t\t\t\t\t<\/div>\n\n\t\n\n\t<div id=\"col-1017911243\" class=\"col medium-6 small-12 large-6\"  >\n\t\t\t\t<div class=\"col-inner\"  >\n\t\t\t\n\t\t\t\n<h3>Designprinciper<\/h3>\n<p><strong>Anpassningsf\u00f6rm\u00e5ga till ljusmilj\u00f6:<\/strong> Gr\u00e4nssnittets f\u00e4rgtemperatur \u00e4r synkroniserad med belysningen p\u00e5 medicinska institutioner (t.ex. 4500K kallvitt ljus i operationssalen) f\u00f6r att minska den medicinska personalens f\u00e4rguppfattning n\u00e4r de byter siktlinje. F\u00f6r m\u00f6rka rumsscener (t.ex. r\u00f6ntgenavdelningar) finns ett r\u00f6tt m\u00f6rkeranpassningsl\u00e4ge f\u00f6r att bevara synsk\u00e4rpan.<\/p>\n<h3>Utmaningar och framtida trender<\/h3>\n<ul>\n<li><strong>Miniatyrisering och flexibel display:<\/strong> Utveckla Micro-LET-paneler med extremt l\u00e5g effekt f\u00f6r kurvad HMI-design av b\u00e4rbara medicintekniska produkter.<\/li>\n<li><strong>Biokompatibel belysning:<\/strong> Studera den integrerade till\u00e4mpningen av ljusk\u00e4llor med specifika v\u00e5gl\u00e4ngder (t.ex. 405 nm bl\u00e5violett ljus) vid desinfektion av gr\u00e4nssnitt och interaktiv kontroll.<\/li>\n<\/ul>\n\t\t<\/div>\n\t\t\t\t\t<\/div>\n\n\t\n<\/div>\n\t\t<\/div>\n\n\t\t\n<style>\n#section_1552541506 {\n  padding-top: 30px;\n  padding-bottom: 30px;\n}\n#section_1552541506 .section-bg-overlay {\n  background-color: #eaeef1;\n}\n<\/style>\n\t<\/section>\n\t\n\t<section class=\"section\" id=\"section_1495186085\">\n\t\t<div class=\"bg section-bg fill bg-fill  bg-loaded\" >\n\n\t\t\t\n\t\t\t\n\t\t\t\n\n\t\t<\/div>\n\n\t\t\n\n\t\t<div class=\"section-content relative\">\n\t\t\t\n<div class=\"row\"  id=\"row-168568258\">\n\n\t<div id=\"col-696351068\" class=\"col small-12 large-12\"  >\n\t\t\t\t<div class=\"col-inner\"  >\n\t\t\t\n\t\t\t\n<h1 style=\"text-align: center;\">Fr\u00e5n komplex till sj\u00e4lvs\u00e4ker: Rayera m\u00f6jligg\u00f6r framg\u00e5ng f\u00f6r HMI inom medicinteknik<\/h1>\n<p style=\"text-align: center;\">Med den \u00f6kade efterfr\u00e5gan p\u00e5 mindre enheter st\u00e4lls f\u00f6retag som tillverkar medicintekniska produkter inf\u00f6r allt mer komplexa belysningsutmaningar varje dag. Med Rayera som partner f\u00e5r du den optimala belysningsl\u00f6sningen, f\u00e5r ut din produkt till kunden snabbare och vinner fler aff\u00e4rer.<\/p>\n\t\t<\/div>\n\t\t\t\t\t<\/div>\n\n\t\n<\/div>\n<div class=\"row\"  id=\"row-1720437473\">\n\n\t<div id=\"col-1526856436\" class=\"col small-12 large-12\"  >\n\t\t\t\t<div class=\"col-inner\"  >\n\t\t\t\n\t\t\t\n\n<div class=\"wpcf7 no-js\" id=\"wpcf7-f280-o1\" lang=\"en-US\" dir=\"ltr\">\n<div class=\"screen-reader-response\"><p role=\"status\" aria-live=\"polite\" aria-atomic=\"true\"><\/p> <ul><\/ul><\/div>\n<form action=\"\/sv\/wp-json\/wp\/v2\/pages\/2265#wpcf7-f280-o1\" method=\"post\" class=\"wpcf7-form init\" aria-label=\"Kontaktformul\u00e4r\" novalidate=\"novalidate\" data-status=\"init\" data-trp-original-action=\"\/sv\/wp-json\/wp\/v2\/pages\/2265#wpcf7-f280-o1\">\n<div style=\"display: none;\">\n<input type=\"hidden\" name=\"_wpcf7\" value=\"280\" \/>\n<input type=\"hidden\" name=\"_wpcf7_version\" value=\"5.9.6\" \/>\n<input type=\"hidden\" name=\"_wpcf7_locale\" value=\"en_US\" \/>\n<input type=\"hidden\" name=\"_wpcf7_unit_tag\" value=\"wpcf7-f280-o1\" \/>\n<input type=\"hidden\" name=\"_wpcf7_container_post\" value=\"0\" \/>\n<input type=\"hidden\" name=\"_wpcf7_posted_data_hash\" value=\"\" \/>\n<\/div>\n<div class='custom_contact_style'>\n\t<div class=\"row row-small\">\n\t\t<div class=\"col medium-6 small-12 large-6\">\n\t\t\t<div class=\"col-inner\">\n\t\t\t\t<p><span class=\"wpcf7-form-control-wrap\" data-name=\"your-name\"><input size=\"40\" maxlength=\"80\" class=\"wpcf7-form-control wpcf7-text wpcf7-validates-as-required\" aria-required=\"true\" aria-invalid=\"false\" placeholder=\"Namn\" value=\"\" type=\"text\" name=\"your-name\" \/><\/span>\n\t\t\t\t<\/p>\n\t\t\t<\/div>\n\t\t<\/div>\n\t\t<div class=\"col medium-6 small-12 large-6\">\n\t\t\t<div class=\"col-inner\">\n\t\t\t\t<p><span class=\"wpcf7-form-control-wrap\" data-name=\"your-email\"><input size=\"40\" maxlength=\"80\" class=\"wpcf7-form-control wpcf7-email wpcf7-validates-as-required wpcf7-text wpcf7-validates-as-email\" aria-required=\"true\" aria-invalid=\"false\" placeholder=\"E-post*\" value=\"\" type=\"email\" name=\"your-email\" \/><\/span>\n\t\t\t\t<\/p>\n\t\t\t<\/div>\n\t\t<\/div>\n\t<\/div>\n\t<div class='cus_contact_form_bottom'>\n\t\t<p><span class=\"wpcf7-form-control-wrap\" data-name=\"your-phone\"><input size=\"40\" maxlength=\"80\" class=\"wpcf7-form-control wpcf7-text\" aria-invalid=\"false\" placeholder=\"Telefon\" value=\"\" type=\"text\" name=\"your-phone\" \/><\/span>\n\t\t<\/p>\n\t<\/div>\n\t<div class='cus_contact_form_bottom'>\n\t\t<p><span class=\"wpcf7-form-control-wrap\" data-name=\"your-country\"><input size=\"40\" maxlength=\"80\" class=\"wpcf7-form-control wpcf7-text\" aria-invalid=\"false\" placeholder=\"Land\" value=\"\" type=\"text\" name=\"your-country\" \/><\/span>\n\t\t<\/p>\n\t<\/div>\n\t<p><span class=\"wpcf7-form-control-wrap\" data-name=\"your-message\"><textarea cols=\"40\" rows=\"10\" maxlength=\"400\" class=\"wpcf7-form-control wpcf7-textarea wpcf7-validates-as-required\" aria-required=\"true\" aria-invalid=\"false\" placeholder=\"Ditt meddelande *\" name=\"your-message\"><\/textarea><\/span>\n\t<\/p>\n\t<div style=\"margin-bottom:10px;\">\n\t\t<p><span class=\"wpcf7-form-control-wrap kc_captcha cf7ic-toggle\" data-name=\"kc_captcha\"><span class=\"wpcf7-form-control wpcf7-radio\"><span class=\"captcha-image\" style=\"display: none;\"><span class=\"cf7ic_instructions\">Bevisa att du \u00e4r m\u00e4nniska genom att v\u00e4lja<span> lastbil<\/span>.<\/span><label><input aria-label=\"1\" type=\"radio\" name=\"kc_captcha\" value=\"bot\" \/><svg aria-hidden=\"true\" role=\"img\" xmlns=\"http:\/\/www.w3.org\/2000\/svg\" viewbox=\"0 0 576 512\"><path fill=\"currentColor\" d=\"M488 313v143c0 13-11 24-24 24H348c-7 0-12-5-12-12V356c0-7-5-12-12-12h-72c-7 0-12 5-12 12v112c0 7-5 12-12 12H112c-13 0-24-11-24-24V313c0-4 2-7 4-10l188-154c5-4 11-4 16 0l188 154c2 3 4 6 4 10zm84-61l-84-69V44c0-6-5-12-12-12h-56c-7 0-12 6-12 12v73l-89-74a48 48 0 00-61 0L4 252c-5 4-5 12-1 17l25 31c5 5 12 5 17 1l235-193c5-4 11-4 16 0l235 193c5 5 13 4 17-1l25-31c4-6 4-13-1-17z\"\/><\/svg><\/label><label><input aria-label=\"2\" type=\"radio\" name=\"kc_captcha\" value=\"bot\" \/><svg aria-hidden=\"true\" role=\"img\" xmlns=\"http:\/\/www.w3.org\/2000\/svg\" viewbox=\"0 0 512 512\"><path fill=\"currentColor\" d=\"M350 99c-54 0-98-35-166-35-25 0-47 4-68 12a56 56 0 004-24C118 24 95 1 66 0a56 56 0 00-34 102v386c0 13 11 24 24 24h16c13 0 24-11 24-24v-94c28-12 64-23 114-23 54 0 98 35 166 35 48 0 86-16 122-41 9-6 14-15 14-26V96c0-23-24-39-45-29-35 16-77 32-117 32z\"\/><\/svg><\/label><label><input aria-label=\"3\" type=\"radio\" name=\"kc_captcha\" value=\"kc_human\" \/><svg aria-hidden=\"true\" role=\"img\" xmlns=\"http:\/\/www.w3.org\/2000\/svg\" viewbox=\"0 0 640 512\"><path fill=\"currentColor\" d=\"M624 352h-16V244c0-13-5-25-14-34L494 110c-9-9-21-14-34-14h-44V48c0-26-21-48-48-48H48C22 0 0 22 0 48v320c0 27 22 48 48 48h16a96 96 0 00192 0h128a96 96 0 00192 0h48c9 0 16-7 16-16v-32c0-9-7-16-16-16zM160 464a48 48 0 110-96 48 48 0 010 96zm320 0a48 48 0 110-96 48 48 0 010 96zm80-208H416V144h44l100 100v12z\"\/><\/svg><\/label>\r\n    <\/span>\r\n    <span style=\"display:none\">\r\n        <input type=\"text\" name=\"kc_honeypot\">\r\n    <\/span><\/span><\/span>\n\t\t<\/p>\n\t<\/div>\n\t<p><input class=\"wpcf7-form-control wpcf7-submit has-spinner\" type=\"submit\" value=\"Skicka meddelande\" \/>\n\t<\/p>\n<\/div><div class=\"wpcf7-response-output\" aria-hidden=\"true\"><\/div>\n<input type=\"hidden\" name=\"trp-form-language\" value=\"sv\"\/><\/form>\n<\/div>\n\n\t\t<\/div>\n\t\t\t\t\t<\/div>\n\n\t\n<\/div>\n\t\t<\/div>\n\n\t\t\n<style>\n#section_1495186085 {\n  padding-top: 30px;\n  padding-bottom: 30px;\n}\n<\/style>\n\t<\/section>","protected":false},"excerpt":{"rendered":"","protected":false},"author":1,"featured_media":0,"parent":0,"menu_order":0,"comment_status":"closed","ping_status":"closed","template":"page-blank.php","meta":{"footnotes":""},"_links":{"self":[{"href":"https:\/\/backlightmfg.com\/sv\/wp-json\/wp\/v2\/pages\/2265"}],"collection":[{"href":"https:\/\/backlightmfg.com\/sv\/wp-json\/wp\/v2\/pages"}],"about":[{"href":"https:\/\/backlightmfg.com\/sv\/wp-json\/wp\/v2\/types\/page"}],"author":[{"embeddable":true,"href":"https:\/\/backlightmfg.com\/sv\/wp-json\/wp\/v2\/users\/1"}],"replies":[{"embeddable":true,"href":"https:\/\/backlightmfg.com\/sv\/wp-json\/wp\/v2\/comments?post=2265"}],"version-history":[{"count":23,"href":"https:\/\/backlightmfg.com\/sv\/wp-json\/wp\/v2\/pages\/2265\/revisions"}],"predecessor-version":[{"id":2315,"href":"https:\/\/backlightmfg.com\/sv\/wp-json\/wp\/v2\/pages\/2265\/revisions\/2315"}],"wp:attachment":[{"href":"https:\/\/backlightmfg.com\/sv\/wp-json\/wp\/v2\/media?parent=2265"}],"curies":[{"name":"wp","href":"https:\/\/api.w.org\/{rel}","templated":true}]}}