{"id":1793,"date":"2024-08-03T06:46:11","date_gmt":"2024-08-03T06:46:11","guid":{"rendered":"https:\/\/backlightmfg.com\/?post_type=product&#038;p=1793"},"modified":"2024-09-15T06:29:42","modified_gmt":"2024-09-15T06:29:42","slug":"lgf-light-guide-film","status":"publish","type":"product","link":"https:\/\/backlightmfg.com\/sl\/lgf-light-guide-film\/","title":{"rendered":"LGF (film za vodenje svetlobe)"},"content":{"rendered":"<h3 data-sourcepos=\"3:1-3:53\">Kaj je LGF?<\/h3>\n<ul>\n<li data-sourcepos=\"3:1-3:53\">Folija za usmerjanje svetlobe (LGF) je tanka, opti\u010dno prozorna plasti\u010dna folija, zasnovana za enakomerno porazdelitev svetlobe iz vira, osvetljenega z robom, po svoji povr\u0161ini. Ta tehnologija je bistvena za ustvarjanje enakomerne osvetlitve ozadja v razli\u010dnih aplikacijah, od osvetljenih tipkovnic in zaslonov LCD do oznak in avtomobilskih notranjosti.<\/li>\n<\/ul>\n<h3>Kako deluje film za vodenje svetlobe?<\/h3>\n<ul>\n<li data-sourcepos=\"7:1-7:66\">LGF uporablja edinstveno mikrostrukturo na svoji povr\u0161ini za zajemanje in lomljenje svetlobe iz vira svetlobe LED, name\u0161\u010denega na robu folije. Ta svetloba se nato enakomerno razpr\u0161i po povr\u0161ini folije, kar zagotavlja svetlo in dosledno osvetlitev.<\/li>\n<\/ul>\n<h3 data-sourcepos=\"7:1-7:66\">Zna\u010dilnosti<\/h3>\n<ul>\n<li>ultra tanek opti\u010dni polikarbonatni film s prilagojenimi strukturami mikrosvetlobnih vodnikov zagotavlja enakomerno svetlobno zmogljivost.<\/li>\n<li>Uporaba zaslona: Folija za vodenje sprednje svetlobe za e-papir in javne napise ter druge prikazovalne aplikacije.<\/li>\n<li>Avtomobilska industrija: Avtomobilski: instrumentna plo\u0161\u010da \/ vratna plo\u0161\u010da \/ osvetlitev interierja za avto.<\/li>\n<li>Potro\u0161ni\u0161ka elektronika: osvetljene tipkovnice \/ RGB Led ventilatorji \/ nadzorne plo\u0161\u010de.<\/li>\n<li>Doma\u010de aplikacije: osvetljeni gumbi na dotik<\/li>\n<\/ul>","protected":false},"excerpt":{"rendered":"<h4 id=\"tw-target-text\" class=\"tw-data-text tw-text-large tw-ta\" dir=\"ltr\" data-placeholder=\"Translation\" aria-label=\"Prevedeno besedilo\" data-ved=\"2ahUKEwiFvaiamtiHAxXCnK8BHcMXH1QQ3ewLegQIERAU\"><strong><span class=\"Y2IQFc\" lang=\"en\">Procesni parametri <\/span>LGF<\/strong><\/h4>\n<p dir=\"ltr\" data-placeholder=\"Translation\" aria-label=\"Prevedeno besedilo\" data-ved=\"2ahUKEwiFvaiamtiHAxXCnK8BHcMXH1QQ3ewLegQIERAU\">Material \uff1aPolikarbonat (PC)<\/p>\n<p dir=\"ltr\" data-placeholder=\"Translation\" aria-label=\"Prevedeno besedilo\" data-ved=\"2ahUKEwiFvaiamtiHAxXCnK8BHcMXH1QQ3ewLegQIERAU\">Debelina \uff1a0,075 mm, 0,1 mm, 0,125 mm<\/p>\n<p dir=\"ltr\" data-placeholder=\"Translation\" aria-label=\"Prevedeno besedilo\" data-ved=\"2ahUKEwiFvaiamtiHAxXCnK8BHcMXH1QQ3ewLegQIERAU\">Velikost in oblika: Kot na risbo stranke<\/p>","protected":false},"featured_media":1794,"comment_status":"open","ping_status":"closed","template":"","meta":[],"product_cat":[15],"product_tag":[],"_links":{"self":[{"href":"https:\/\/backlightmfg.com\/sl\/wp-json\/wp\/v2\/product\/1793"}],"collection":[{"href":"https:\/\/backlightmfg.com\/sl\/wp-json\/wp\/v2\/product"}],"about":[{"href":"https:\/\/backlightmfg.com\/sl\/wp-json\/wp\/v2\/types\/product"}],"replies":[{"embeddable":true,"href":"https:\/\/backlightmfg.com\/sl\/wp-json\/wp\/v2\/comments?post=1793"}],"wp:featuredmedia":[{"embeddable":true,"href":"https:\/\/backlightmfg.com\/sl\/wp-json\/wp\/v2\/media\/1794"}],"wp:attachment":[{"href":"https:\/\/backlightmfg.com\/sl\/wp-json\/wp\/v2\/media?parent=1793"}],"wp:term":[{"taxonomy":"product_cat","embeddable":true,"href":"https:\/\/backlightmfg.com\/sl\/wp-json\/wp\/v2\/product_cat?post=1793"},{"taxonomy":"product_tag","embeddable":true,"href":"https:\/\/backlightmfg.com\/sl\/wp-json\/wp\/v2\/product_tag?post=1793"}],"curies":[{"name":"wp","href":"https:\/\/api.w.org\/{rel}","templated":true}]}}