{"id":1556,"date":"2024-07-08T08:09:40","date_gmt":"2024-07-08T08:09:40","guid":{"rendered":"https:\/\/backlightmfg.com\/manufacturer\/keyboard-backlight\/"},"modified":"2024-09-15T06:29:44","modified_gmt":"2024-09-15T06:29:44","slug":"keyboard-backlight","status":"publish","type":"product","link":"https:\/\/backlightmfg.com\/sl\/keyboard-backlight\/","title":{"rendered":"Osvetlitev tipkovnice"},"content":{"rendered":"<p>Membranske tipkovnice, ki so znane po tihem delovanju in cenovni dostopnosti, vse pogosteje vklju\u010dujejo osvetlitev, kar je prakti\u010dna in elegantna nadgradnja. V nadaljevanju si podrobneje oglejte osvetlitev membranskih tipkovnic.<\/p>\n<h3><strong>Tehnologija osvetlitve tipkovnice:<\/strong><\/h3>\n<p>Za razliko od mehanskih tipkovnic s posameznimi stikali pod vsako tipko se membranske tipkovnice zana\u0161ajo na eno samo pritisno membrano. Pri teh tipkovnicah se obi\u010dajno uporablja osvetlitev ozadja:<\/p>\n<ul>\n<li><strong>Folija za vodenje svetlobe (LGF):<\/strong>Ta tanka prozorna folija u\u010dinkovito razporedi svetlobo diod LED, ki so strate\u0161ko razporejene po tipkovnici. LGF pomaga dose\u010di enakomerno osvetlitev po vseh tipkovnicah.<\/li>\n<li><strong>LED diode za povr\u0161insko monta\u017eo (SMD):<\/strong>Te kompaktne diode LED so name\u0161\u010dene na dolo\u010denih mestih na plo\u0161\u010dici tiskanega vezja tipkovnice, da usmerjajo svetlobo v LGF.<\/li>\n<\/ul>\n<h3><strong>Prednosti:<\/strong><\/h3>\n<ul>\n<li><strong>Izbolj\u0161ana prepoznavnost:<\/strong>Osvetlitev ozadja omogo\u010da, da tipke jasno vidite tudi v slab\u0161i svetlobi, kar pove\u010duje natan\u010dnost in u\u010dinkovitost tipkanja.<\/li>\n<li><strong>Pove\u010dana produktivnost:<\/strong>Jasnej\u0161a vidljivost tipk pomeni manj napak in hitrej\u0161e tipkanje, kar je \u0161e posebej koristno za no\u010dne sove ali tiste, ki delajo v zatemnjenih okoljih.<\/li>\n<li><strong>Manj\u0161a obremenitev o\u010di:<\/strong>Mehka osvetlitev ozadja zmanj\u0161uje obremenitev o\u010di med dolgotrajnim tipkanjem.<\/li>\n<li><strong>Elegantna estetika:<\/strong>Tipkovnice z osvetlitvijo dodajo va\u0161emu delovnemu prostoru pridih osebnosti in elegance, \u0161e posebej z mo\u017enostjo prilagodljive osvetlitve.<\/li>\n<\/ul>\n<h3><strong>Prednosti pred obi\u010dajnimi membranskimi tipkovnicami:<\/strong><\/h3>\n<ul>\n<li><strong>Izbolj\u0161ana funkcionalnost:<\/strong>Osvetlitev ozadja odpravlja klju\u010dno omejitev tradicionalnih membranskih tipkovnic - slabo vidljivost pri \u0161ibki svetlobi.<\/li>\n<li><strong>Izbolj\u0161ana uporabni\u0161ka izku\u0161nja:<\/strong>Kombinacija udobnega tipkanja in jasne vidljivosti tipk izbolj\u0161a splo\u0161no uporabni\u0161ko izku\u0161njo.<\/li>\n<li><strong>Konkuren\u010dna cenovna to\u010dka:<\/strong>Membranske tipkovnice z osvetlitvijo so cenovno ugodne, saj v primerjavi z nekaterimi mehanskimi tipkovnicami z osvetlitvijo zagotavljajo prednosti osvetlitve po dostopnej\u0161i ceni.<\/li>\n<\/ul>\n<h3><strong>Kaj je treba upo\u0161tevati:<\/strong><\/h3>\n<ul>\n<li><strong>Mo\u017enosti prilagajanja:<\/strong>Nekatere membranske tipkovnice z osvetlitvijo ozadja sicer niso tako obse\u017ene kot nekatere mehanske tipkovnice, vendar ponujajo nastavljive stopnje svetlosti in mo\u017enosti enobarvne ali ve\u010dbarvne osvetlitve.<\/li>\n<li><strong>uhajanje svetlobe:<\/strong>Pri nekaterih modelih lahko svetloba uhaja okoli pokrov\u010dkov tipk, kar lahko nekatere uporabnike moti.<\/li>\n<\/ul>","protected":false},"excerpt":{"rendered":"<p>Membranska osvetlitev tipkovnice je prepri\u010dljiva kombinacija funkcionalnosti in sloga. Izbolj\u0161ajo uporabnost pri \u0161ibki svetlobi, izbolj\u0161ajo uporabni\u0161ko izku\u0161njo in va\u0161emu delovnemu prostoru dodajo pridih elegance, vse po konkuren\u010dni ceni. Z razvojem tehnologije lahko pri\u010dakujemo nadaljnje izbolj\u0161ave mo\u017enosti prilagajanja, razpr\u0161itve svetlobe in energetske u\u010dinkovitosti membranskih tipkovnic z osvetlitvijo ozadja.<\/p>","protected":false},"featured_media":1541,"comment_status":"closed","ping_status":"closed","template":"","meta":[],"product_cat":[15],"product_tag":[],"_links":{"self":[{"href":"https:\/\/backlightmfg.com\/sl\/wp-json\/wp\/v2\/product\/1556"}],"collection":[{"href":"https:\/\/backlightmfg.com\/sl\/wp-json\/wp\/v2\/product"}],"about":[{"href":"https:\/\/backlightmfg.com\/sl\/wp-json\/wp\/v2\/types\/product"}],"replies":[{"embeddable":true,"href":"https:\/\/backlightmfg.com\/sl\/wp-json\/wp\/v2\/comments?post=1556"}],"wp:featuredmedia":[{"embeddable":true,"href":"https:\/\/backlightmfg.com\/sl\/wp-json\/wp\/v2\/media\/1541"}],"wp:attachment":[{"href":"https:\/\/backlightmfg.com\/sl\/wp-json\/wp\/v2\/media?parent=1556"}],"wp:term":[{"taxonomy":"product_cat","embeddable":true,"href":"https:\/\/backlightmfg.com\/sl\/wp-json\/wp\/v2\/product_cat?post=1556"},{"taxonomy":"product_tag","embeddable":true,"href":"https:\/\/backlightmfg.com\/sl\/wp-json\/wp\/v2\/product_tag?post=1556"}],"curies":[{"name":"wp","href":"https:\/\/api.w.org\/{rel}","templated":true}]}}