{"id":1553,"date":"2024-07-08T08:09:39","date_gmt":"2024-07-08T08:09:39","guid":{"rendered":"https:\/\/backlightmfg.com\/manufacturer\/film-backlighting\/"},"modified":"2024-09-15T06:29:45","modified_gmt":"2024-09-15T06:29:45","slug":"film-backlighting","status":"publish","type":"product","link":"https:\/\/backlightmfg.com\/sl\/film-backlighting\/","title":{"rendered":"Osvetlitev filma"},"content":{"rendered":"<p>Filmske osvetlitvene folije, znane tudi kot svetlobno vodilne folije (LGF), so postale pomembna tehnologija osvetlitve, ki v primerjavi s tradicionalnimi metodami osvetljevanja ponuja \u0161tevilne prednosti. Te tanke, pro\u017ene folije so izdelane iz okolju prijaznih materialov, kot je polietilen tereftalat (PET), in se pogosto uporabljajo v razli\u010dnih aplikacijah, zlasti v elektronskih napravah.<\/p>\n<h3><strong>Klju\u010dne zna\u010dilnosti tankoplastnih osvetljevalnih teles:<\/strong><\/h3>\n<ul>\n<li><strong style=\"color: #555555; font-size: 14.4px;\">prijaznost do okolja:<\/strong><span style=\"color: #555555; font-size: 14.4px;\">\u00a0Izdelani so iz materialov, ki jih je mogo\u010de reciklirati, kar zmanj\u0161uje njihov vpliv na okolje.<\/span><\/li>\n<li><strong style=\"color: #555555; font-size: 14.4px;\">Enakomerna osvetlitev:<\/strong><span style=\"color: #555555; font-size: 14.4px;\">\u00a0Zagotavljajo enakomerno in dosledno porazdelitev svetlobe po celotni povr\u0161ini, kar odpravlja ble\u0161\u010danje in vro\u010de to\u010dke.<\/span><\/li>\n<li><strong style=\"color: #555555; font-size: 14.4px;\">Energetska u\u010dinkovitost:<\/strong><span style=\"color: #555555; font-size: 14.4px;\">\u00a0V primerjavi s tradicionalnimi metodami osvetlitve ozadja porabijo bistveno manj energije, kar zmanj\u0161uje obratovalne stro\u0161ke in vpliv na okolje.<\/span><\/li>\n<li><strong style=\"color: #555555; font-size: 14.4px;\">Tanek in lahek:<\/strong><span style=\"color: #555555; font-size: 14.4px;\">\u00a0Zaradi svoje tanke in lahke narave so idealni za vgradnjo v kompaktne elektronske naprave.<\/span><\/li>\n<li><strong style=\"color: #555555; font-size: 14.4px;\">Prilagodljivost oblikovanja:<\/strong><span style=\"color: #555555; font-size: 14.4px;\">\u00a0Zlahka jih oblikujete in prilagodite razli\u010dnim oblikovnim zahtevam.<\/span><\/li>\n<li><strong style=\"color: #555555; font-size: 14.4px;\">Stro\u0161kovna u\u010dinkovitost:<\/strong><span style=\"color: #555555; font-size: 14.4px;\">\u00a0Ponujajo stro\u0161kovno u\u010dinkovito re\u0161itev za aplikacije za osvetlitev ozadja.<\/span><\/li>\n<\/ul>\n<h3><strong style=\"font-size: 23.04px;\">Uporaba tankoplastnih osvetljevalnih teles:<\/strong><\/h3>\n<ul>\n<li><strong style=\"color: #555555; font-size: 14.4px;\">LCD-zasloni:<\/strong><span style=\"color: #555555; font-size: 14.4px;\">\u00a0Pogosto se uporabljajo v zaslonih LCD za pametne telefone, tabli\u010dne ra\u010dunalnike, prenosne ra\u010dunalnike in televizorje.<\/span><\/li>\n<li><strong style=\"color: #555555; font-size: 14.4px;\">Osvetljene tipkovnice:<\/strong><span style=\"color: #555555; font-size: 14.4px;\">\u00a0Osvetljujejo tipkovnice in izbolj\u0161ujejo vidljivost v slabih svetlobnih pogojih.<\/span><\/li>\n<li><strong style=\"color: #555555; font-size: 14.4px;\">Nadzorne plo\u0161\u010de:<\/strong><span style=\"color: #555555; font-size: 14.4px;\">\u00a0Osvetlitev s tanko plastjo se uporablja v nadzornih plo\u0161\u010dah za naprave, industrijske stroje in medicinsko opremo.<\/span><\/li>\n<li><strong style=\"color: #555555; font-size: 14.4px;\">Oznake in ogla\u0161evanje:<\/strong><span style=\"color: #555555; font-size: 14.4px;\">\u00a0Uporabljajo se v osvetljenih znakih in oglasih, kjer ustvarjajo privla\u010dne prikaze.<\/span><\/li>\n<li><strong style=\"color: #555555; font-size: 14.4px;\">Dekorativna razsvetljava:<\/strong><span style=\"color: #555555; font-size: 14.4px;\">\u00a0Vgrajeni so v dekorativne svetilke, ki ustvarjajo ambient in vizualne poudarke.<\/span><\/li>\n<\/ul>\n<p><span style=\"font-size: 150%;\"><strong>Prednosti tankoplastnih osvetljevalnikov:<\/strong><\/span><\/p>\n<ul>\n<li><strong style=\"color: #555555; font-size: 14.4px;\">Izbolj\u0161ano vizualno udobje:<\/strong><span style=\"color: #555555; font-size: 14.4px;\">\u00a0Enakomerna osvetlitev zmanj\u0161uje obremenitev o\u010di in izbolj\u0161uje vidno udobje.<\/span><\/li>\n<li><strong style=\"color: #555555; font-size: 14.4px;\">Izbolj\u0161ana estetika izdelka:<\/strong><span style=\"color: #555555; font-size: 14.4px;\">\u00a0Osvetlitev s tanko plastjo doda elektronskim napravam pridih elegance in prefinjenosti.<\/span><\/li>\n<li><strong style=\"color: #555555; font-size: 14.4px;\">Svoboda oblikovanja:<\/strong><span style=\"color: #555555; font-size: 14.4px;\">\u00a0Njihova prilagodljivost omogo\u010da kreativno oblikovanje osvetlitve in vgradnjo v razli\u010dne izdelke.<\/span><\/li>\n<li><strong style=\"color: #555555; font-size: 14.4px;\">Var\u010devanje z energijo:<\/strong><span style=\"color: #555555; font-size: 14.4px;\">\u00a0Energetska u\u010dinkovitost pomeni ni\u017eje obratovalne stro\u0161ke in manj\u0161i vpliv na okolje.<\/span><\/li>\n<li><strong style=\"color: #555555; font-size: 14.4px;\">Stro\u0161kovna u\u010dinkovitost:<\/strong><span style=\"color: #555555; font-size: 14.4px;\">\u00a0Ponujajo cenovno konkuren\u010dno re\u0161itev za aplikacije osvetlitve ozadja.<\/span><\/li>\n<\/ul>","protected":false},"excerpt":{"rendered":"<p>Filmska osvetlitev je revolucionarno spremenila tehnologijo osvetlitve, saj predstavlja bolj\u0161o alternativo tradicionalnim na\u010dinom osvetlitve. Zaradi prijaznosti do okolja, enakomerne osvetlitve, energetske u\u010dinkovitosti, tanke zasnove in stro\u0161kovne u\u010dinkovitosti so vsestranska in iskana re\u0161itev za \u0161tevilne aplikacije. Z razvojem tehnologije se pri\u010dakuje, da se bo osvetlitev s tankimi folijami \u0161e naprej razvijala in v prihodnosti ponujala \u0161e bolj inovativne in u\u010dinkovite svetlobne re\u0161itve.<\/p>","protected":false},"featured_media":1540,"comment_status":"closed","ping_status":"closed","template":"","meta":[],"product_cat":[15],"product_tag":[],"_links":{"self":[{"href":"https:\/\/backlightmfg.com\/sl\/wp-json\/wp\/v2\/product\/1553"}],"collection":[{"href":"https:\/\/backlightmfg.com\/sl\/wp-json\/wp\/v2\/product"}],"about":[{"href":"https:\/\/backlightmfg.com\/sl\/wp-json\/wp\/v2\/types\/product"}],"replies":[{"embeddable":true,"href":"https:\/\/backlightmfg.com\/sl\/wp-json\/wp\/v2\/comments?post=1553"}],"wp:featuredmedia":[{"embeddable":true,"href":"https:\/\/backlightmfg.com\/sl\/wp-json\/wp\/v2\/media\/1540"}],"wp:attachment":[{"href":"https:\/\/backlightmfg.com\/sl\/wp-json\/wp\/v2\/media?parent=1553"}],"wp:term":[{"taxonomy":"product_cat","embeddable":true,"href":"https:\/\/backlightmfg.com\/sl\/wp-json\/wp\/v2\/product_cat?post=1553"},{"taxonomy":"product_tag","embeddable":true,"href":"https:\/\/backlightmfg.com\/sl\/wp-json\/wp\/v2\/product_tag?post=1553"}],"curies":[{"name":"wp","href":"https:\/\/api.w.org\/{rel}","templated":true}]}}