{"id":1550,"date":"2024-07-08T08:09:39","date_gmt":"2024-07-08T08:09:39","guid":{"rendered":"https:\/\/backlightmfg.com\/manufacturer\/el-backlighting\/"},"modified":"2024-09-15T06:29:47","modified_gmt":"2024-09-15T06:29:47","slug":"el-backlighting","status":"publish","type":"product","link":"https:\/\/backlightmfg.com\/sl\/el-backlighting\/","title":{"rendered":"Osvetlitev ozadja EL"},"content":{"rendered":"<p>Za vir osvetlitve EL so zna\u010dilni svetlost, enakomernost, mehkoba in trajnost, zato se \u0161iroko uporablja na razli\u010dnih podro\u010djih, kot so zaslonske plo\u0161\u010de, komercialni panoji in dekorativna razsvetljava.<\/p>\n<h3><strong>Glavne prednosti osvetlitve EL:<\/strong><\/h3>\n<ul>\n<li><strong style=\"color: #555555; font-size: 14.4px;\">Energetska u\u010dinkovitost:<\/strong><span style=\"color: #555555; font-size: 14.4px;\">\u00a0V primerjavi z \u017earnicami z \u017earilno nitko in fluorescen\u010dnimi sijalkami porabijo bistveno manj energije, kar pomeni ni\u017eje obratovalne stro\u0161ke in manj\u0161i vpliv na okolje.<\/span><\/li>\n<li><strong style=\"color: #555555; font-size: 14.4px;\">Enotnost:<\/strong><span style=\"color: #555555; font-size: 14.4px;\">\u00a0Zagotavljajo enakomerno in konsistentno osvetlitev po celotni povr\u0161ini, kar odpravlja ble\u0161\u010danje in vro\u010de to\u010dke.<\/span><\/li>\n<li><strong style=\"color: #555555; font-size: 14.4px;\">Mehkoba:<\/strong><span style=\"color: #555555; font-size: 14.4px;\">\u00a0Svetloba, ki jo oddaja osvetlitev EL, je mehka in razpr\u0161ena, kar omogo\u010da udobno in prijetno gledanje.<\/span><\/li>\n<li><strong style=\"color: #555555; font-size: 14.4px;\">Trajnost: So<\/strong><span style=\"color: #555555; font-size: 14.4px;\">\u00a0so zelo trpe\u017eni ter odporni na udarce in vibracije, zato so primerni za zahtevne aplikacije.<\/span><\/li>\n<li><strong style=\"color: #555555; font-size: 14.4px;\">Prilagodljivost oblikovanja:<\/strong><span style=\"color: #555555; font-size: 14.4px;\">\u00a0Zlahka jih oblikujete in prilagodite razli\u010dnim oblikovnim zahtevam.<\/span><\/li>\n<li><strong style=\"color: #555555; font-size: 14.4px;\">Mo\u017enosti barv:<\/strong><span style=\"color: #555555; font-size: 14.4px;\">\u00a0Izdelujejo lahko \u0161irok razpon barv, vklju\u010dno s polnimi barvami, kar pove\u010duje vizualno privla\u010dnost in mo\u017enosti oblikovanja.<\/span><\/li>\n<\/ul>\n<h3><strong style=\"font-size: 23.04px;\">Raz\u0161irjena uporaba osvetlitve ozadja EL:<\/strong><\/h3>\n<p>EL so na\u0161li \u0161iroko uporabo na razli\u010dnih podro\u010djih:<\/p>\n<ul>\n<li><strong style=\"color: #555555; font-size: 14.4px;\">Zaslonske plo\u0161\u010de:<\/strong><span style=\"color: #555555; font-size: 14.4px;\">\u00a0Pogosto se uporabljajo v zaslonih LCD in OLED za pametne telefone, tabli\u010dne ra\u010dunalnike, prenosne ra\u010dunalnike in televizorje.<\/span><\/li>\n<li><strong style=\"color: #555555; font-size: 14.4px;\">Komercialni oglasni panoji:<\/strong><span style=\"color: #555555; font-size: 14.4px;\">\u00a0Osvetljujejo komercialne oglasne deske ter zagotavljajo privla\u010dne in \u017eivahne oglase.<\/span><\/li>\n<li><strong style=\"color: #555555; font-size: 14.4px;\">Dekorativna razsvetljava:<\/strong><span style=\"color: #555555; font-size: 14.4px;\">\u00a0Uporabljajo se v dekorativnih svetilkah, ki ustvarjajo ambient in vizualne poudarke.<\/span><\/li>\n<li><strong style=\"color: #555555; font-size: 14.4px;\">Avtomobilski interierji:<\/strong><span style=\"color: #555555; font-size: 14.4px;\">\u00a0Vgrajeni so v armaturne plo\u0161\u010de, instrumentne plo\u0161\u010de in gumbe za upravljanje.<\/span><\/li>\n<li><strong style=\"color: #555555; font-size: 14.4px;\">Medicinski pripomo\u010dki:<\/strong><span style=\"color: #555555; font-size: 14.4px;\">\u00a0Uporabljajo se v medicinski opremi za jasno in natan\u010dno vizualizacijo.<\/span><\/li>\n<li><strong style=\"color: #555555; font-size: 14.4px;\">Industrijske aplikacije:<\/strong><span style=\"color: #555555; font-size: 14.4px;\">\u00a0Uporabljajo se v industrijskih nadzornih plo\u0161\u010dah in oznakah za bolj\u0161o vidljivost.<\/span><\/li>\n<\/ul>","protected":false},"excerpt":{"rendered":"<p>Podsvetlobe EL so revolucionarno spremenile tehnologijo osvetlitve in ponujajo bolj\u0161o alternativo tradicionalnim virom svetlobe. Zaradi energetske u\u010dinkovitosti, enakomernosti, mehkobe, trajnosti, prilagodljivosti zasnove in barvnih mo\u017enosti so vsestranska in iskana re\u0161itev za \u0161tevilne aplikacije. Z razvojem tehnologije je pri\u010dakovati, da se bodo osvetlitve EL \u0161e naprej razvijale in zagotavljale \u0161e bolj inovativne in u\u010dinkovite svetlobne re\u0161itve.<\/p>","protected":false},"featured_media":1538,"comment_status":"closed","ping_status":"closed","template":"","meta":[],"product_cat":[15],"product_tag":[],"_links":{"self":[{"href":"https:\/\/backlightmfg.com\/sl\/wp-json\/wp\/v2\/product\/1550"}],"collection":[{"href":"https:\/\/backlightmfg.com\/sl\/wp-json\/wp\/v2\/product"}],"about":[{"href":"https:\/\/backlightmfg.com\/sl\/wp-json\/wp\/v2\/types\/product"}],"replies":[{"embeddable":true,"href":"https:\/\/backlightmfg.com\/sl\/wp-json\/wp\/v2\/comments?post=1550"}],"wp:featuredmedia":[{"embeddable":true,"href":"https:\/\/backlightmfg.com\/sl\/wp-json\/wp\/v2\/media\/1538"}],"wp:attachment":[{"href":"https:\/\/backlightmfg.com\/sl\/wp-json\/wp\/v2\/media?parent=1550"}],"wp:term":[{"taxonomy":"product_cat","embeddable":true,"href":"https:\/\/backlightmfg.com\/sl\/wp-json\/wp\/v2\/product_cat?post=1550"},{"taxonomy":"product_tag","embeddable":true,"href":"https:\/\/backlightmfg.com\/sl\/wp-json\/wp\/v2\/product_tag?post=1550"}],"curies":[{"name":"wp","href":"https:\/\/api.w.org\/{rel}","templated":true}]}}