{"id":1549,"date":"2024-07-08T08:09:39","date_gmt":"2024-07-08T08:09:39","guid":{"rendered":"https:\/\/backlightmfg.com\/manufacturer\/fiber-optic-backlighting\/"},"modified":"2024-09-15T06:29:48","modified_gmt":"2024-09-15T06:29:48","slug":"fiber-optic-backlighting","status":"publish","type":"product","link":"https:\/\/backlightmfg.com\/sl\/fiber-optic-backlighting\/","title":{"rendered":"Osvetlitev ozadja z opti\u010dnimi vlakni"},"content":{"rendered":"<p>Opti\u010dna osvetlitev z opti\u010dnimi vlakni uporablja tanke pramene steklenih ali plasti\u010dnih vlaken, ki delujejo kot svetlobni vodniki. Svetloba se uvaja na enem koncu opti\u010dnega kabla, obi\u010dajno iz vira LED. Ta svetloba potuje skozi jedro vlakna zaradi pojava, imenovanega notranji odboj, pri \u010demer se odbija od notranjih sten in zmanj\u0161uje izgubo svetlobe. Svetloba izstopi na drugem koncu vlakna in osvetli ciljno obmo\u010dje.<\/p>\n<h3><strong>Prednosti osvetlitve z opti\u010dnimi vlakni:<\/strong><\/h3>\n<ul>\n<li><strong style=\"color: #555555; font-size: 14.4px;\">Daljinski vir svetlobe:<\/strong><span style=\"color: #555555; font-size: 14.4px;\">\u00a0Vir svetlobe je lahko name\u0161\u010den stran od osvetljenega obmo\u010dja, kar zmanj\u0161uje nastajanje toplote in izbolj\u0161uje prilagodljivost zasnove.<\/span><\/li>\n<li><strong style=\"color: #555555; font-size: 14.4px;\">Enakomerna osvetlitev:<\/strong><span style=\"color: #555555; font-size: 14.4px;\">\u00a0Opti\u010dna vlakna enakomerno porazdelijo svetlobo, odpravljajo ble\u0161\u010danje in vro\u010de to\u010dke ter ustvarjajo vizualno prijetno in udobno izku\u0161njo gledanja.<\/span><\/li>\n<li><strong style=\"color: #555555; font-size: 14.4px;\">Visoka svetlobna u\u010dinkovitost:<\/strong><span style=\"color: #555555; font-size: 14.4px;\">\u00a0Zaradi minimalnih izgub svetlobe v vlaknih je osvetlitev z opti\u010dnimi vlakni u\u010dinkovita pri prenosu svetlobe.<\/span><\/li>\n<li><strong style=\"color: #555555; font-size: 14.4px;\">Trajnost:<\/strong><span style=\"color: #555555; font-size: 14.4px;\"> Opti\u010dni kabli so zelo trpe\u017eni in odporni na vibracije, udarce, ekstremne temperature, var\u010devanje z energijo in n<\/span><span class=\"Y2IQFc\" lang=\"en\">o vro\u010dina.<\/span><\/li>\n<li><strong style=\"color: #555555; font-size: 14.4px;\">Prilagodljivost oblikovanja:<\/strong><span style=\"color: #555555; font-size: 14.4px;\">\u00a0Tanka in pro\u017ena vlakna je mogo\u010de zlahka oblikovati in prilagoditi razli\u010dnim zahtevam glede osvetlitve.<\/span><\/li>\n<li><strong style=\"color: #555555; font-size: 14.4px;\">Hladno delovanje:<\/strong><span style=\"color: #555555; font-size: 14.4px;\">\u00a0Opti\u010dni kabli sami ne proizvajajo toplote, kar prispeva k hladnej\u0161emu delovnemu okolju.<\/span><\/li>\n<\/ul>\n<p>&nbsp;<\/p>\n<h3><strong style=\"font-size: 23.04px;\">Uporaba opti\u010dnih vlaken za osvetlitev ozadja:<\/strong><\/h3>\n<ul>\n<li><strong style=\"color: #555555; font-size: 14.4px;\">LCD-zasloni:<\/strong><span style=\"color: #555555; font-size: 14.4px;\">\u00a0Osvetlitev z opti\u010dnimi vlakni lahko izbolj\u0161a enakomernost in svetlost zaslonov LCD v televizorjih, prenosnikih in drugih elektronskih napravah.<\/span><\/li>\n<li><strong style=\"color: #555555; font-size: 14.4px;\">Oznake in prikazovalniki:<\/strong><span style=\"color: #555555; font-size: 14.4px;\">\u00a0Uporabljajo se v svetlobnih znakih, arhitekturni razsvetljavi in prikazovalnikih na prodajnih mestih za vizualno presenetljiv u\u010dinek.<\/span><\/li>\n<li><strong style=\"color: #555555; font-size: 14.4px;\">Medicinska oprema:<\/strong><span style=\"color: #555555; font-size: 14.4px;\">\u00a0Osvetlitev z opti\u010dnimi vlakni zagotavlja nadzorovano in usmerjeno osvetlitev v medicinskih pregledih in diagnosti\u010dni opremi.<\/span><\/li>\n<li><strong style=\"color: #555555; font-size: 14.4px;\">Sistemi strojnega vida:<\/strong><span style=\"color: #555555; font-size: 14.4px;\">\u00a0Zaradi enakomerne porazdelitve svetlobe je idealen za aplikacije strojnega vida, kjer je potreben natan\u010den pregled predmetov.<\/span><\/li>\n<li><strong style=\"color: #555555; font-size: 14.4px;\">Razsvetljava robov:<\/strong><span style=\"color: #555555; font-size: 14.4px;\">\u00a0Opti\u010dna vlakna lahko ustvarijo ostre in dobro definirane svetlobne u\u010dinke na robovih za dekorativne in arhitekturne aplikacije.<\/span><\/li>\n<li><strong style=\"color: #555555; font-size: 14.4px;\">Posebna razsvetljava:<\/strong><span style=\"color: #555555; font-size: 14.4px;\">\u00a0Osvetlitev z opti\u010dnimi vlakni se uporablja v razli\u010dnih specializiranih aplikacijah, vklju\u010dno s podvodno razsvetljavo in osvetlitvijo instrumentov.<\/span><\/li>\n<\/ul>","protected":false},"excerpt":{"rendered":"<p>Osvetlitev z opti\u010dnimi vlakni ponuja edinstveno in vsestransko re\u0161itev osvetlitve. Zaradi kombinacije oddaljenega vira svetlobe, enakomerne porazdelitve svetlobe, visoke u\u010dinkovitosti in prilagodljivosti zasnove je dragocena tehnologija za razli\u010dne aplikacije. Z razvojem tehnologije se pri\u010dakuje, da bo opti\u010dna osvetlitev v prihodnosti na\u0161la \u0161e ve\u010d inovativnih na\u010dinov uporabe.<\/p>","protected":false},"featured_media":1539,"comment_status":"closed","ping_status":"closed","template":"","meta":[],"product_cat":[15],"product_tag":[],"_links":{"self":[{"href":"https:\/\/backlightmfg.com\/sl\/wp-json\/wp\/v2\/product\/1549"}],"collection":[{"href":"https:\/\/backlightmfg.com\/sl\/wp-json\/wp\/v2\/product"}],"about":[{"href":"https:\/\/backlightmfg.com\/sl\/wp-json\/wp\/v2\/types\/product"}],"replies":[{"embeddable":true,"href":"https:\/\/backlightmfg.com\/sl\/wp-json\/wp\/v2\/comments?post=1549"}],"wp:featuredmedia":[{"embeddable":true,"href":"https:\/\/backlightmfg.com\/sl\/wp-json\/wp\/v2\/media\/1539"}],"wp:attachment":[{"href":"https:\/\/backlightmfg.com\/sl\/wp-json\/wp\/v2\/media?parent=1549"}],"wp:term":[{"taxonomy":"product_cat","embeddable":true,"href":"https:\/\/backlightmfg.com\/sl\/wp-json\/wp\/v2\/product_cat?post=1549"},{"taxonomy":"product_tag","embeddable":true,"href":"https:\/\/backlightmfg.com\/sl\/wp-json\/wp\/v2\/product_tag?post=1549"}],"curies":[{"name":"wp","href":"https:\/\/api.w.org\/{rel}","templated":true}]}}