{"id":2011,"date":"2024-09-14T08:11:32","date_gmt":"2024-09-14T08:11:32","guid":{"rendered":"https:\/\/backlightmfg.com\/?page_id=2011"},"modified":"2024-09-14T08:48:30","modified_gmt":"2024-09-14T08:48:30","slug":"fiber-optic-backlight-panels","status":"publish","type":"page","link":"https:\/\/backlightmfg.com\/sl\/fiber-optic-backlight-panels\/","title":{"rendered":"Plo\u0161\u010de za osvetlitev ozadja z opti\u010dnimi vlakni"},"content":{"rendered":"<div class=\"banner has-hover has-parallax\" id=\"banner-1739687059\">\n          <div class=\"banner-inner fill\">\n        <div class=\"banner-bg fill\" data-parallax=\"-3\" data-parallax-container=\".banner\" data-parallax-background>\n            <div class=\"bg fill bg-fill\"><\/div>\n                                    \n                    <\/div>\n\t\t\n        <div class=\"banner-layers container\">\n            <div class=\"fill banner-link\"><\/div>            \n   <div id=\"text-box-445005996\" class=\"text-box banner-layer x50 md-x85 lg-x85 y50 md-y50 lg-y50 res-text\">\n                     <div data-animate=\"fadeInLeft\">           <div class=\"text-box-content text dark\">\n              \n              <div class=\"text-inner text-center\">\n                  \n<h1 style=\"text-align: center;\">Plo\u0161\u010da z opti\u010dnimi vlakni za osvetlitev ozadja<\/h1>\n              <\/div>\n           <\/div>\n       <\/div>                     \n<style>\n#text-box-445005996 {\n  width: 80%;\n}\n#text-box-445005996 .text-box-content {\n  font-size: 100%;\n}\n@media (min-width:550px) {\n  #text-box-445005996 {\n    width: 66%;\n  }\n}\n<\/style>\n    <\/div>\n \n        <\/div>\n      <\/div>\n\n            \n<style>\n#banner-1739687059 {\n  padding-top: 200px;\n}\n#banner-1739687059 .bg.bg-loaded {\n  background-image: 8950;\n}\n#banner-1739687059 .overlay {\n  background-color: rgba(0, 0, 0, 0.3);\n}\n#banner-1739687059 .bg {\n  background-position: 35% 23%;\n}\n<\/style>\n  <\/div>\n\n\n\t<section class=\"section\" id=\"section_2127439716\">\n\t\t<div class=\"bg section-bg fill bg-fill  bg-loaded\" >\n\n\t\t\t\n\t\t\t\n\t\t\t\n\n\t\t<\/div>\n\n\t\t\n\n\t\t<div class=\"section-content relative\">\n\t\t\t\n<div class=\"row\"  id=\"row-2024224708\">\n\n\t<div id=\"col-1445982241\" class=\"col small-12 large-12\"  >\n\t\t\t\t<div class=\"col-inner\"  >\n\t\t\t\n\t\t\t\n<h2 class=\"\" style=\"text-align: center;\" data-sourcepos=\"1:1-1:54\">Plo\u0161\u010de z opti\u010dnimi vlakni za osvetlitev ozadja: Osvetlitev zaslonov<\/h2>\n<p data-sourcepos=\"3:1-3:121\">Plo\u0161\u010de z opti\u010dnimi vlakni za osvetlitev ozadja so vrsta zaslonske tehnologije, ki uporablja opti\u010dna vlakna za usmerjanje svetlobe iz vira na hrbtno stran zaslona, kar ustvarja enakomerno in svetlo osvetlitev. Ta tehnologija se pogosto uporablja v zaslonih LCD in OLED.<\/p>\n\t\t<\/div>\n\t\t\t\t\t<\/div>\n\n\t\n<\/div>\n<div class=\"row\"  id=\"row-356757061\">\n\n\t<div id=\"col-471468984\" class=\"col small-12 large-12\"  >\n\t\t\t\t<div class=\"col-inner\"  >\n\t\t\t\n\t\t\t\n\t<div class=\"img has-hover x md-x lg-x y md-y lg-y\" id=\"image_1379384494\">\n\t\t\t\t\t\t\t\t<div class=\"img-inner dark\" >\n\t\t\t<img loading=\"lazy\" decoding=\"async\" width=\"1020\" height=\"631\" src=\"https:\/\/backlightmfg.com\/wp-content\/uploads\/2024\/09\/1625228552-1024x633.jpg\" class=\"attachment-large size-large\" alt=\"Plo\u0161\u010de za osvetlitev ozadja z opti\u010dnimi vlakni\" srcset=\"https:\/\/backlightmfg.com\/wp-content\/uploads\/2024\/09\/1625228552-1024x633.jpg 1024w, https:\/\/backlightmfg.com\/wp-content\/uploads\/2024\/09\/1625228552-300x186.jpg 300w, https:\/\/backlightmfg.com\/wp-content\/uploads\/2024\/09\/1625228552-768x475.jpg 768w, https:\/\/backlightmfg.com\/wp-content\/uploads\/2024\/09\/1625228552-1536x950.jpg 1536w, https:\/\/backlightmfg.com\/wp-content\/uploads\/2024\/09\/1625228552-18x12.jpg 18w, https:\/\/backlightmfg.com\/wp-content\/uploads\/2024\/09\/1625228552-510x315.jpg 510w, https:\/\/backlightmfg.com\/wp-content\/uploads\/2024\/09\/1625228552.jpg 1990w\" sizes=\"(max-width: 1020px) 100vw, 1020px\" \/>\t\t\t\t\t\t\n\t\t\t\t\t<\/div>\n\t\t\t\t\t\t\t\t\n<style>\n#image_1379384494 {\n  width: 100%;\n}\n<\/style>\n\t<\/div>\n\t\n\t\t<\/div>\n\t\t\t\t\t<\/div>\n\n\t\n<\/div>\n\t\t<\/div>\n\n\t\t\n<style>\n#section_2127439716 {\n  padding-top: 30px;\n  padding-bottom: 30px;\n}\n<\/style>\n\t<\/section>\n\t\n\t<section class=\"section\" id=\"section_473967254\">\n\t\t<div class=\"bg section-bg fill bg-fill  bg-loaded\" >\n\n\t\t\t\n\t\t\t\n\t\t\t\n\n\t\t<\/div>\n\n\t\t\n\n\t\t<div class=\"section-content relative\">\n\t\t\t\n<div class=\"row\"  id=\"row-29300235\">\n\n\t<div id=\"col-2140288111\" class=\"col medium-6 small-12 large-6\"  >\n\t\t\t\t<div class=\"col-inner\"  >\n\t\t\t\n\t\t\t\n\t<div class=\"img has-hover x md-x lg-x y md-y lg-y\" id=\"image_1417933901\">\n\t\t\t\t\t\t\t\t<div class=\"img-inner image-cover dark\" style=\"padding-top:100%;\">\n\t\t\t<img loading=\"lazy\" decoding=\"async\" width=\"2560\" height=\"1920\" src=\"https:\/\/backlightmfg.com\/wp-content\/uploads\/2024\/09\/1625232631-scaled.jpg\" class=\"attachment-original size-original\" alt=\"Osvetlitev z opti\u010dnimi vlakni\" srcset=\"https:\/\/backlightmfg.com\/wp-content\/uploads\/2024\/09\/1625232631-scaled.jpg 2560w, https:\/\/backlightmfg.com\/wp-content\/uploads\/2024\/09\/1625232631-300x225.jpg 300w, https:\/\/backlightmfg.com\/wp-content\/uploads\/2024\/09\/1625232631-1024x768.jpg 1024w, https:\/\/backlightmfg.com\/wp-content\/uploads\/2024\/09\/1625232631-768x576.jpg 768w, https:\/\/backlightmfg.com\/wp-content\/uploads\/2024\/09\/1625232631-1536x1152.jpg 1536w, https:\/\/backlightmfg.com\/wp-content\/uploads\/2024\/09\/1625232631-2048x1536.jpg 2048w, https:\/\/backlightmfg.com\/wp-content\/uploads\/2024\/09\/1625232631-16x12.jpg 16w, https:\/\/backlightmfg.com\/wp-content\/uploads\/2024\/09\/1625232631-510x383.jpg 510w\" sizes=\"(max-width: 2560px) 100vw, 2560px\" \/>\t\t\t\t\t\t\n\t\t\t\t\t<\/div>\n\t\t\t\t\t\t\t\t\n<style>\n#image_1417933901 {\n  width: 100%;\n}\n<\/style>\n\t<\/div>\n\t\n\t\t<\/div>\n\t\t\t\t\t<\/div>\n\n\t\n\n\t<div id=\"col-1364466382\" class=\"col medium-6 small-12 large-6\"  >\n\t\t\t\t<div class=\"col-inner\"  >\n\t\t\t\n\t\t\t\n<h3 data-sourcepos=\"5:1-5:41\"><strong>Klju\u010dne komponente plo\u0161\u010d z opti\u010dnimi vlakni za osvetlitev ozadja:<\/strong><\/h3>\n<ul data-sourcepos=\"7:1-8:63\">\n<li data-sourcepos=\"7:1-7:77\"><strong>Vir svetlobe:<\/strong> Vir svetlobe, obi\u010dajno LED ali fluorescen\u010dne sijalke.<\/li>\n<li data-sourcepos=\"8:1-8:63\"><strong>Opti\u010dni kabli:<\/strong> Tanki stekleni ali plasti\u010dni trakovi, ki prepu\u0161\u010dajo svetlobo.<\/li>\n<li data-sourcepos=\"9:1-9:82\"><strong>Plo\u0161\u010da za vodenje svetlobe:<\/strong> Prozoren material, ki enakomerno porazdeli svetlobo.<\/li>\n<li data-sourcepos=\"10:1-10:50\"><strong>Difuzor:<\/strong> Material, ki razpr\u0161i svetlobo in ustvari enakomerno osvetlitev.<\/li>\n<\/ul>\n<h3 data-sourcepos=\"12:1-12:42\"><strong>Kako delujejo plo\u0161\u010de z opti\u010dnimi vlakni:<\/strong><\/h3>\n<ol data-sourcepos=\"14:1-18:0\">\n<li data-sourcepos=\"14:1-14:80\"><strong>Emisija svetlobe:<\/strong> Vir svetlobe oddaja svetlobo v opti\u010dne kable.<\/li>\n<li data-sourcepos=\"15:1-15:101\"><strong>Prenos svetlobe:<\/strong> Svetloba potuje po opti\u010dnih kablih do plo\u0161\u010de za vodenje svetlobe.<\/li>\n<li data-sourcepos=\"16:1-16:109\"><strong>Razporeditev svetlobe:<\/strong> Plo\u0161\u010da za usmerjanje svetlobe enakomerno porazdeli svetlobo po hrbtni strani zaslona.<\/li>\n<li data-sourcepos=\"17:1-18:0\"><strong>Osvetlitev:<\/strong> Razpr\u0161ena svetloba osvetljuje zaslon ter ustvarja svetlo in enakomerno sliko.<\/li>\n<\/ol>\n\t\t<\/div>\n\t\t\t\t\t<\/div>\n\n\t\n<\/div>\n\t\t<\/div>\n\n\t\t\n<style>\n#section_473967254 {\n  padding-top: 30px;\n  padding-bottom: 30px;\n  background-color: #c3e7f2;\n}\n<\/style>\n\t<\/section>\n\t\n\t<section class=\"section\" id=\"section_1704621730\">\n\t\t<div class=\"bg section-bg fill bg-fill  bg-loaded\" >\n\n\t\t\t\n\t\t\t\n\t\t\t\n\n\t\t<\/div>\n\n\t\t\n\n\t\t<div class=\"section-content relative\">\n\t\t\t\n<div class=\"row\"  id=\"row-2056134587\">\n\n\t<div id=\"col-1785673997\" class=\"col medium-6 small-12 large-6\"  >\n\t\t\t\t<div class=\"col-inner\"  >\n\t\t\t\n\t\t\t\n<h3 data-sourcepos=\"19:1-19:45\">Prednosti plo\u0161\u010d z opti\u010dnimi vlakni za osvetlitev ozadja:<\/h3>\n<ul data-sourcepos=\"21:1-21:140\">\n<li data-sourcepos=\"21:1-21:140\"><strong>Enakomerna osvetlitev:<\/strong> Plo\u0161\u010de z opti\u010dnimi vlakni za osvetlitev ozadja zagotavljajo enakomernej\u0161o in doslednej\u0161o osvetlitev v primerjavi s tradicionalnimi osvetlitvami z robno ali neposredno osvetlitvijo.<\/li>\n<li data-sourcepos=\"22:1-22:141\"><strong>Energetska u\u010dinkovitost:<\/strong> Lahko so energetsko u\u010dinkovitej\u0161e od drugih tehnologij osvetlitve ozadja, zlasti \u010de se uporabljajo z visoko u\u010dinkovitimi diodami LED.<\/li>\n<li data-sourcepos=\"23:1-23:99\"><strong>Tanka zasnova:<\/strong> Plo\u0161\u010de z osvetlitvijo iz opti\u010dnih vlaken omogo\u010dajo tanj\u0161e in kompaktnej\u0161e zasnove zaslonov.<\/li>\n<li data-sourcepos=\"24:1-25:0\"><strong>Prilagodljivost:<\/strong> Prilagodite jih lahko razli\u010dnim velikostim in oblikam zaslonov.<\/li>\n<\/ul>\n<h3 data-sourcepos=\"26:1-26:49\">Uporaba panelov z opti\u010dnimi vlakni za osvetlitev ozadja:<\/h3>\n<ul data-sourcepos=\"28:1-31:0\">\n<li data-sourcepos=\"28:1-28:72\"><strong>LCD-zasloni:<\/strong> Uporablja se v televizorjih, ra\u010dunalni\u0161kih monitorjih in prenosnikih.<\/li>\n<li data-sourcepos=\"29:1-29:68\"><strong>Zasloni OLED:<\/strong> Uporablja se v pametnih telefonih, tabli\u010dnih ra\u010dunalnikih in vrhunskih televizorjih.<\/li>\n<li data-sourcepos=\"30:1-31:0\"><strong>Digitalno ogla\u0161evanje:<\/strong> Uporablja se v ogla\u0161evalskih prikazovalnikih in digitalnih oglasnih panojih.<\/li>\n<\/ul>\n<p data-sourcepos=\"32:1-32:30\"><strong>Plo\u0161\u010de z opti\u010dnimi vlakni so postale priljubljena izbira za sodobno zaslonsko tehnologijo zaradi svojih prednosti v smislu kakovosti osvetlitve, energetske u\u010dinkovitosti in prilagodljivosti zasnove.<\/strong><\/p>\n\t\t<\/div>\n\t\t\t\t\t<\/div>\n\n\t\n\n\t<div id=\"col-449806137\" class=\"col medium-6 small-12 large-6\"  >\n\t\t\t\t<div class=\"col-inner\"  >\n\t\t\t\n\t\t\t\n\t<div class=\"img has-hover x md-x lg-x y md-y lg-y\" id=\"image_591655216\">\n\t\t\t\t\t\t\t\t<div class=\"img-inner image-cover dark\" style=\"padding-top:100%;\">\n\t\t\t<img loading=\"lazy\" decoding=\"async\" width=\"685\" height=\"667\" src=\"https:\/\/backlightmfg.com\/wp-content\/uploads\/2024\/09\/1625230825.png\" class=\"attachment-original size-original\" alt=\"Uporaba panelov z opti\u010dnimi vlakni za osvetlitev ozadja\" srcset=\"https:\/\/backlightmfg.com\/wp-content\/uploads\/2024\/09\/1625230825.png 685w, https:\/\/backlightmfg.com\/wp-content\/uploads\/2024\/09\/1625230825-300x292.png 300w, https:\/\/backlightmfg.com\/wp-content\/uploads\/2024\/09\/1625230825-12x12.png 12w, https:\/\/backlightmfg.com\/wp-content\/uploads\/2024\/09\/1625230825-510x497.png 510w\" sizes=\"(max-width: 685px) 100vw, 685px\" \/>\t\t\t\t\t\t\n\t\t\t\t\t<\/div>\n\t\t\t\t\t\t\t\t\n<style>\n#image_591655216 {\n  width: 100%;\n}\n<\/style>\n\t<\/div>\n\t\n\t\t<\/div>\n\t\t\t\t\t<\/div>\n\n\t\n<\/div>\n\t\t<\/div>\n\n\t\t\n<style>\n#section_1704621730 {\n  padding-top: 30px;\n  padding-bottom: 30px;\n}\n<\/style>\n\t<\/section>\n\t\n\t<section class=\"section\" id=\"section_1553825635\">\n\t\t<div class=\"bg section-bg fill bg-fill  bg-loaded\" >\n\n\t\t\t\n\t\t\t\n\t\t\t\n\n\t\t<\/div>\n\n\t\t\n\n\t\t<div class=\"section-content relative\">\n\t\t\t\n<div class=\"row\"  id=\"row-1413375925\">\n\n\t<div id=\"col-269303986\" class=\"col small-12 large-12\"  >\n\t\t\t\t<div class=\"col-inner\"  >\n\t\t\t\n\t\t\t\n<h2 class=\"\" style=\"text-align: center;\" data-sourcepos=\"1:1-1:61\">Plo\u0161\u010de za osvetlitev ozadja iz opti\u010dnih vlaken OEM: Prilagoditev va\u0161ega zaslona<\/h2>\n<p data-sourcepos=\"3:1-3:126\"><strong>Reyera kot OEM plo\u0161\u010de z opti\u010dnimi vlakni za osvetlitev ozadja<\/strong> ponujajo prilagodljivo re\u0161itev za podjetja, ki \u017eelijo v svoje izdelke vgraditi visokokakovostno razsvetljavo. Te plo\u0161\u010de je mogo\u010de prilagoditi va\u0161im specifi\u010dnim zahtevam, kar zagotavlja optimalno delovanje in estetiko.<\/p>\n<p data-sourcepos=\"5:1-5:34\"><strong>Prednosti panelov z opti\u010dnimi vlakni za osvetlitev ozadja OEM:<\/strong><\/p>\n<ul data-sourcepos=\"7:1-8:27\">\n<li data-sourcepos=\"7:1-7:112\"><strong>Prilagajanje:<\/strong> Velikost, obliko, svetlost in barvno temperaturo plo\u0161\u010de lahko prilagodite svojim potrebam.<\/li>\n<li data-sourcepos=\"8:1-8:27\"><strong>Blagovna znamka:<\/strong> V plo\u0161\u010do vklju\u010dite logotip svoje blagovne znamke ali elemente oblikovanja, da boste dobili edinstven videz.<\/li>\n<li data-sourcepos=\"9:1-9:97\"><strong>Stro\u0161kovna u\u010dinkovitost:<\/strong> Proizvodnja OEM lahko pogosto ponudi konkuren\u010dne cene za velike koli\u010dine.<\/li>\n<li data-sourcepos=\"10:1-10:1\"><strong>Nadzor kakovosti:<\/strong> Sodelujte s priznanimi proizvajalci, da zagotovite visokokakovostne izdelke in zanesljivo delovanje.<\/li>\n<\/ul>\n<p data-sourcepos=\"12:1-12:26\"><strong>Mo\u017enosti prilagajanja:<\/strong><\/p>\n<ul data-sourcepos=\"14:1-18:0\">\n<li data-sourcepos=\"14:1-14:91\"><strong>Velikost in oblika:<\/strong> Izberite dimenzije in obliko plo\u0161\u010de, da bo ustrezala zasnovi va\u0161ega zaslona.<\/li>\n<li data-sourcepos=\"15:1-15:118\"><strong>Svetlost in barvna temperatura:<\/strong> Prilagodite intenzivnost svetlobe in barvni spekter, da bo ustrezal va\u0161i \u017eeleni estetiki.<\/li>\n<li data-sourcepos=\"16:1-16:108\"><strong>Razporeditev svetlobe:<\/strong> Prilagodite vzorec porazdelitve svetlobe za doseganje posebnih u\u010dinkov osvetlitve.<\/li>\n<li data-sourcepos=\"17:1-18:0\"><strong>Vklju\u010devanje:<\/strong> Vklju\u010dite dodatne funkcije, kot so senzorji dotika ali senzorji okoli\u0161ke svetlobe.<\/li>\n<\/ul>\n<p data-sourcepos=\"19:1-19:98\"><strong>Zakaj izbrati proizvajalca Reyera OEM opti\u010dnih vlaken z osvetlitvijo ozadja:<\/strong><\/p>\n<ul data-sourcepos=\"21:1-21:100\">\n<li data-sourcepos=\"21:1-21:100\"><strong>Izku\u0161nje:<\/strong> Poi\u0161\u010dite proizvajalce z izku\u0161njami s proizvodnjo visokokakovostnih plo\u0161\u010d za osvetlitev ozadja.<\/li>\n<li data-sourcepos=\"22:1-22:121\"><strong>zmo\u017enosti:<\/strong> Prepri\u010dajte se, da ima proizvajalec potrebno opremo in strokovno znanje za izpolnjevanje va\u0161ih posebnih zahtev.<\/li>\n<li data-sourcepos=\"23:1-23:94\"><strong>\u010cas izvedbe:<\/strong> Upo\u0161tevajte proizvodne roke proizvajalca, da zagotovite pravo\u010dasno dobavo.<\/li>\n<li data-sourcepos=\"24:1-25:0\"><strong>Poprodajna podpora:<\/strong> Izberite proizvajalca, ki zagotavlja zanesljivo poprodajno podporo in garancijo.<\/li>\n<\/ul>\n\t\t<\/div>\n\t\t\t\t\t<\/div>\n\n\t\n<\/div>\n\t\t<\/div>\n\n\t\t\n<style>\n#section_1553825635 {\n  padding-top: 30px;\n  padding-bottom: 30px;\n  background-color: #c3e7f2;\n}\n<\/style>\n\t<\/section>\n\t\n\t<section class=\"section\" id=\"section_134259466\">\n\t\t<div class=\"bg section-bg fill bg-fill  bg-loaded\" >\n\n\t\t\t\n\t\t\t\n\t\t\t\n\n\t\t<\/div>\n\n\t\t\n\n\t\t<div class=\"section-content relative\">\n\t\t\t\n<div class=\"row\"  id=\"row-1285372677\">\n\n\t<div id=\"col-504440884\" class=\"col small-12 large-12\"  >\n\t\t\t\t<div class=\"col-inner\"  >\n\t\t\t\n\t\t\t\n<h2 style=\"text-align: center;\">Pi\u0161ite nam<\/h2>\n\t\t<\/div>\n\t\t\t\t\t<\/div>\n\n\t\n<\/div>\n<div class=\"row\"  id=\"row-1184068318\">\n\n\t<div id=\"col-1199404800\" class=\"col small-12 large-12\"  >\n\t\t\t\t<div class=\"col-inner\"  >\n\t\t\t\n\t\t\t\n\n<div class=\"wpcf7 no-js\" id=\"wpcf7-f280-o1\" lang=\"en-US\" dir=\"ltr\">\n<div class=\"screen-reader-response\"><p role=\"status\" aria-live=\"polite\" aria-atomic=\"true\"><\/p> <ul><\/ul><\/div>\n<form action=\"\/sl\/wp-json\/wp\/v2\/pages\/2011#wpcf7-f280-o1\" method=\"post\" class=\"wpcf7-form init\" aria-label=\"Kontaktni obrazec\" novalidate=\"novalidate\" data-status=\"init\" data-trp-original-action=\"\/sl\/wp-json\/wp\/v2\/pages\/2011#wpcf7-f280-o1\">\n<div style=\"display: none;\">\n<input type=\"hidden\" name=\"_wpcf7\" value=\"280\" \/>\n<input type=\"hidden\" name=\"_wpcf7_version\" value=\"5.9.6\" \/>\n<input type=\"hidden\" name=\"_wpcf7_locale\" value=\"en_US\" \/>\n<input type=\"hidden\" name=\"_wpcf7_unit_tag\" value=\"wpcf7-f280-o1\" \/>\n<input type=\"hidden\" name=\"_wpcf7_container_post\" value=\"0\" \/>\n<input type=\"hidden\" name=\"_wpcf7_posted_data_hash\" value=\"\" \/>\n<\/div>\n<div class='custom_contact_style'>\n\t<div class=\"row row-small\">\n\t\t<div class=\"col medium-6 small-12 large-6\">\n\t\t\t<div class=\"col-inner\">\n\t\t\t\t<p><span class=\"wpcf7-form-control-wrap\" data-name=\"your-name\"><input size=\"40\" maxlength=\"80\" class=\"wpcf7-form-control wpcf7-text wpcf7-validates-as-required\" aria-required=\"true\" aria-invalid=\"false\" placeholder=\"Ime*\" value=\"\" type=\"text\" name=\"your-name\" \/><\/span>\n\t\t\t\t<\/p>\n\t\t\t<\/div>\n\t\t<\/div>\n\t\t<div class=\"col medium-6 small-12 large-6\">\n\t\t\t<div class=\"col-inner\">\n\t\t\t\t<p><span class=\"wpcf7-form-control-wrap\" data-name=\"your-email\"><input size=\"40\" maxlength=\"80\" class=\"wpcf7-form-control wpcf7-email wpcf7-validates-as-required wpcf7-text wpcf7-validates-as-email\" aria-required=\"true\" aria-invalid=\"false\" placeholder=\"E-po\u0161ta*\" value=\"\" type=\"email\" name=\"your-email\" \/><\/span>\n\t\t\t\t<\/p>\n\t\t\t<\/div>\n\t\t<\/div>\n\t<\/div>\n\t<div class='cus_contact_form_bottom'>\n\t\t<p><span class=\"wpcf7-form-control-wrap\" data-name=\"your-phone\"><input size=\"40\" maxlength=\"80\" class=\"wpcf7-form-control wpcf7-text\" aria-invalid=\"false\" placeholder=\"Telefon\" value=\"\" type=\"text\" name=\"your-phone\" \/><\/span>\n\t\t<\/p>\n\t<\/div>\n\t<div class='cus_contact_form_bottom'>\n\t\t<p><span class=\"wpcf7-form-control-wrap\" data-name=\"your-country\"><input size=\"40\" maxlength=\"80\" class=\"wpcf7-form-control wpcf7-text\" aria-invalid=\"false\" placeholder=\"Dr\u017eava\" value=\"\" type=\"text\" name=\"your-country\" \/><\/span>\n\t\t<\/p>\n\t<\/div>\n\t<p><span class=\"wpcf7-form-control-wrap\" data-name=\"your-message\"><textarea cols=\"40\" rows=\"10\" maxlength=\"400\" class=\"wpcf7-form-control wpcf7-textarea wpcf7-validates-as-required\" aria-required=\"true\" aria-invalid=\"false\" placeholder=\"Va\u0161e sporo\u010dilo *\" name=\"your-message\"><\/textarea><\/span>\n\t<\/p>\n\t<div style=\"margin-bottom:10px;\">\n\t\t<p><span class=\"wpcf7-form-control-wrap kc_captcha cf7ic-toggle\" data-name=\"kc_captcha\"><span class=\"wpcf7-form-control wpcf7-radio\"><span class=\"captcha-image\" style=\"display: none;\"><span class=\"cf7ic_instructions\">Doka\u017eite, da ste \u010dlovek, tako da izberete<span> zvezda<\/span>.<\/span><label><input aria-label=\"1\" type=\"radio\" name=\"kc_captcha\" value=\"bot\" \/><svg aria-hidden=\"true\" role=\"img\" xmlns=\"http:\/\/www.w3.org\/2000\/svg\" viewbox=\"0 0 576 512\"><path fill=\"currentColor\" d=\"M415 24c-53 0-103 42-127 65-24-23-74-65-127-65C70 24 16 77 16 166c0 72 67 133 69 135l187 181c9 8 23 8 32 0l187-180c2-3 69-64 69-136 0-89-54-142-145-142z\"\/><\/svg><\/label><label><input aria-label=\"2\" type=\"radio\" name=\"kc_captcha\" value=\"kc_human\" \/><svg aria-hidden=\"true\" role=\"img\" xmlns=\"http:\/\/www.w3.org\/2000\/svg\" viewbox=\"0 0 576 512\"><path fill=\"currentColor\" d=\"M259 18l-65 132-146 22c-26 3-37 36-18 54l106 103-25 146c-5 26 23 46 46 33l131-68 131 68c23 13 51-7 46-33l-25-146 106-103c19-18 8-51-18-54l-146-22-65-132a32 32 0 00-58 0z\"\/><\/svg><\/label><label><input aria-label=\"3\" type=\"radio\" name=\"kc_captcha\" value=\"bot\" \/><svg aria-hidden=\"true\" role=\"img\" xmlns=\"http:\/\/www.w3.org\/2000\/svg\" viewbox=\"0 0 512 512\"><path fill=\"currentColor\" d=\"M500 168h-55l-8-21a127 127 0 00-120-83H195a127 127 0 00-120 83l-8 21H12c-8 0-14 8-11 16l8 24a12 12 0 0011 8h29a64 64 0 00-33 56v48c0 16 6 31 16 42v62c0 13 11 24 24 24h48c13 0 24-11 24-24v-40h256v40c0 13 11 24 24 24h48c13 0 24-11 24-24v-62c10-11 16-26 16-42v-48c0-24-13-45-33-56h29a12 12 0 0011-8l8-24c3-8-3-16-11-16zm-365 2c9-25 33-42 60-42h122c27 0 51 17 60 42l15 38H120l15-38zM88 328a32 32 0 010-64c18 0 48 30 48 48s-30 16-48 16zm336 0c-18 0-48 2-48-16s30-48 48-48 32 14 32 32-14 32-32 32z\"\/><\/svg><\/label>\r\n    <\/span>\r\n    <span style=\"display:none\">\r\n        <input type=\"text\" name=\"kc_honeypot\">\r\n    <\/span><\/span><\/span>\n\t\t<\/p>\n\t<\/div>\n\t<p><input class=\"wpcf7-form-control wpcf7-submit has-spinner\" type=\"submit\" value=\"Po\u0161lji sporo\u010dilo\" \/>\n\t<\/p>\n<\/div><div class=\"wpcf7-response-output\" aria-hidden=\"true\"><\/div>\n<input type=\"hidden\" name=\"trp-form-language\" value=\"sl\"\/><\/form>\n<\/div>\n\n\t\t<\/div>\n\t\t\t\t\t<\/div>\n\n\t\n<\/div>\n\t\t<\/div>\n\n\t\t\n<style>\n#section_134259466 {\n  padding-top: 30px;\n  padding-bottom: 30px;\n}\n<\/style>\n\t<\/section>","protected":false},"excerpt":{"rendered":"","protected":false},"author":1,"featured_media":0,"parent":0,"menu_order":0,"comment_status":"closed","ping_status":"closed","template":"page-blank.php","meta":{"footnotes":""},"_links":{"self":[{"href":"https:\/\/backlightmfg.com\/sl\/wp-json\/wp\/v2\/pages\/2011"}],"collection":[{"href":"https:\/\/backlightmfg.com\/sl\/wp-json\/wp\/v2\/pages"}],"about":[{"href":"https:\/\/backlightmfg.com\/sl\/wp-json\/wp\/v2\/types\/page"}],"author":[{"embeddable":true,"href":"https:\/\/backlightmfg.com\/sl\/wp-json\/wp\/v2\/users\/1"}],"replies":[{"embeddable":true,"href":"https:\/\/backlightmfg.com\/sl\/wp-json\/wp\/v2\/comments?post=2011"}],"version-history":[{"count":20,"href":"https:\/\/backlightmfg.com\/sl\/wp-json\/wp\/v2\/pages\/2011\/revisions"}],"predecessor-version":[{"id":2047,"href":"https:\/\/backlightmfg.com\/sl\/wp-json\/wp\/v2\/pages\/2011\/revisions\/2047"}],"wp:attachment":[{"href":"https:\/\/backlightmfg.com\/sl\/wp-json\/wp\/v2\/media?parent=2011"}],"curies":[{"name":"wp","href":"https:\/\/api.w.org\/{rel}","templated":true}]}}