{"id":1793,"date":"2024-08-03T06:46:11","date_gmt":"2024-08-03T06:46:11","guid":{"rendered":"https:\/\/backlightmfg.com\/?post_type=product&#038;p=1793"},"modified":"2024-09-15T06:29:42","modified_gmt":"2024-09-15T06:29:42","slug":"lgf-light-guide-film","status":"publish","type":"product","link":"https:\/\/backlightmfg.com\/sk\/lgf-light-guide-film\/","title":{"rendered":"LGF (svetlovodn\u00e1 f\u00f3lia)"},"content":{"rendered":"<h3 data-sourcepos=\"3:1-3:53\">\u010co je LGF?<\/h3>\n<ul>\n<li data-sourcepos=\"3:1-3:53\">Svetlovodn\u00e1 f\u00f3lia (LGF) je tenk\u00e1, opticky prieh\u013eadn\u00e1 plastov\u00e1 f\u00f3lia navrhnut\u00e1 tak, aby rovnomerne rozde\u013eovala svetlo z okrajovo osvetlen\u00e9ho zdroja po svojom povrchu. T\u00e1to technol\u00f3gia je nevyhnutn\u00e1 na vytvorenie rovnomern\u00e9ho podsvietenia v r\u00f4znych aplik\u00e1ci\u00e1ch, od podsvieten\u00fdch kl\u00e1vesn\u00edc a displejov LCD a\u017e po n\u00e1pisy a interi\u00e9ry automobilov.<\/li>\n<\/ul>\n<h3>Ako funguje svetlovodn\u00e1 f\u00f3lia?<\/h3>\n<ul>\n<li data-sourcepos=\"7:1-7:66\">LGF vyu\u017e\u00edva jedine\u010dn\u00fa mikro\u0161trukt\u00faru na svojom povrchu na zachyt\u00e1vanie a l\u00e1manie svetla zo zdroja svetla LED umiestnen\u00e9ho na okraji f\u00f3lie. Toto svetlo sa potom rovnomerne rozpt\u00fdli po celom povrchu f\u00f3lie a vytv\u00e1ra jasn\u00e9 a konzistentn\u00e9 osvetlenie.<\/li>\n<\/ul>\n<h3 data-sourcepos=\"7:1-7:66\">Funkcie<\/h3>\n<ul>\n<li>ultra tenk\u00e1 optick\u00e1 polykarbon\u00e1tov\u00e1 f\u00f3lia s prisp\u00f4soben\u00fdmi \u0161trukt\u00farami mikrosvetlovodov poskytuje rovnomern\u00fd sveteln\u00fd v\u00fdkon.<\/li>\n<li>Zobrazenie aplik\u00e1ci\u00ed: F\u00f3lia na vedenie predn\u00e9ho svetla pre e-papier a verejn\u00e9 n\u00e1pisy a in\u00e9 zobrazovacie aplik\u00e1cie.<\/li>\n<li>Automobilov\u00fd priemysel: Pr\u00edstrojov\u00e1 doska \/dverov\u00e1 li\u0161ta\/ interierov\u00e9 osvetlenie pre auto.<\/li>\n<li>Spotrebn\u00e1 elektronika: podsvieten\u00e9 kl\u00e1vesnice \/ RGB Led ventil\u00e1tory \/ ovl\u00e1dacie panely.<\/li>\n<li>Dom\u00e1ce aplik\u00e1cie: podsvieten\u00e9 dotykov\u00e9 tla\u010didl\u00e1<\/li>\n<\/ul>","protected":false},"excerpt":{"rendered":"<h4 id=\"tw-target-text\" class=\"tw-data-text tw-text-large tw-ta\" dir=\"ltr\" data-placeholder=\"Translation\" aria-label=\"Prelo\u017een\u00fd text\" data-ved=\"2ahUKEwiFvaiamtiHAxXCnK8BHcMXH1QQ3ewLegQIERAU\"><strong><span class=\"Y2IQFc\" lang=\"en\">Parametre procesu <\/span>z LGF<\/strong><\/h4>\n<p dir=\"ltr\" data-placeholder=\"Translation\" aria-label=\"Prelo\u017een\u00fd text\" data-ved=\"2ahUKEwiFvaiamtiHAxXCnK8BHcMXH1QQ3ewLegQIERAU\">Materi\u00e1l \uff1aPolykarbon\u00e1t (PC)<\/p>\n<p dir=\"ltr\" data-placeholder=\"Translation\" aria-label=\"Prelo\u017een\u00fd text\" data-ved=\"2ahUKEwiFvaiamtiHAxXCnK8BHcMXH1QQ3ewLegQIERAU\">Hr\u00fabka \uff1a0,075 mm, 0,1 mm, 0,125 mm<\/p>\n<p dir=\"ltr\" data-placeholder=\"Translation\" aria-label=\"Prelo\u017een\u00fd text\" data-ved=\"2ahUKEwiFvaiamtiHAxXCnK8BHcMXH1QQ3ewLegQIERAU\">Ve\u013ekos\u0165 a tvar : Pod\u013ea v\u00fdkresu z\u00e1kazn\u00edka<\/p>","protected":false},"featured_media":1794,"comment_status":"open","ping_status":"closed","template":"","meta":[],"product_cat":[15],"product_tag":[],"_links":{"self":[{"href":"https:\/\/backlightmfg.com\/sk\/wp-json\/wp\/v2\/product\/1793"}],"collection":[{"href":"https:\/\/backlightmfg.com\/sk\/wp-json\/wp\/v2\/product"}],"about":[{"href":"https:\/\/backlightmfg.com\/sk\/wp-json\/wp\/v2\/types\/product"}],"replies":[{"embeddable":true,"href":"https:\/\/backlightmfg.com\/sk\/wp-json\/wp\/v2\/comments?post=1793"}],"wp:featuredmedia":[{"embeddable":true,"href":"https:\/\/backlightmfg.com\/sk\/wp-json\/wp\/v2\/media\/1794"}],"wp:attachment":[{"href":"https:\/\/backlightmfg.com\/sk\/wp-json\/wp\/v2\/media?parent=1793"}],"wp:term":[{"taxonomy":"product_cat","embeddable":true,"href":"https:\/\/backlightmfg.com\/sk\/wp-json\/wp\/v2\/product_cat?post=1793"},{"taxonomy":"product_tag","embeddable":true,"href":"https:\/\/backlightmfg.com\/sk\/wp-json\/wp\/v2\/product_tag?post=1793"}],"curies":[{"name":"wp","href":"https:\/\/api.w.org\/{rel}","templated":true}]}}