{"id":1790,"date":"2024-08-03T02:08:10","date_gmt":"2024-08-03T02:08:10","guid":{"rendered":"https:\/\/backlightmfg.com\/?post_type=product&#038;p=1790"},"modified":"2025-07-14T08:33:49","modified_gmt":"2025-07-14T08:33:49","slug":"lgp-backlight","status":"publish","type":"product","link":"https:\/\/backlightmfg.com\/sk\/lgp-backlight\/","title":{"rendered":"Podsvietenie LGP"},"content":{"rendered":"<h3><strong><span class=\"Y2IQFc\" lang=\"en\">Technol\u00f3gia mikro\u0161trukt\u00fary LGP (ochrana \u017eivotn\u00e9ho prostredia) \uff1a<\/span><\/strong><\/h3>\n<p>Konverzia z p\u00f4vodn\u00e9ho procesu tla\u010de na proces lisovania za tepla, automatizovan\u00e1 v\u00fdroba, vysok\u00e1 v\u00fd\u0165a\u017enos\u0165 a vynikaj\u00faci vizu\u00e1lny efekt.Zah\u0155\u0148a mikro\u0161trukt\u00faru LGP a atramentov\u00fa tla\u010d LGP.<\/p>\n<h4><b>\u010co je mikro\u0161trukt\u00fara?<\/b><\/h4>\n<ul>\n<li>Ak je ve\u013ekos\u0165 vzoru LGP, ktor\u00fa mo\u017eno kontrolova\u0165, men\u0161ia ako 100 um. M\u00f4\u017eeme ho nazva\u0165 mikro\u0161trukt\u00fara.<\/li>\n<\/ul>\n<h4><strong>Tla\u010d atramentom<\/strong><\/h4>\n<ul>\n<li>Ve\u013ekos\u0165 vzoru je 0,4 mm (min. priemer).<\/li>\n<\/ul>\n<h4 class=\"tw-data-text tw-text-large tw-ta\" dir=\"ltr\" data-placeholder=\"Translation\" aria-label=\"Prelo\u017een\u00fd text\" data-ved=\"2ahUKEwii-OPw3deHAxXnha8BHe_AMVoQ3ewLegQIDRAU\"><strong><span class=\"Y2IQFc\" lang=\"en\">Sveteln\u00fd vodiaci modul -<\/span><span class=\"Y2IQFc\" lang=\"en\">Riedenie<\/span><\/strong><\/h4>\n<ul>\n<li>Celkov\u00e1 hr\u00fabka svetlovodn\u00e9ho modulu sa pohybuje od 0,8 do 2 mm. Sveteln\u00e1 doska m\u00f4\u017ee by\u0165 vyroben\u00e1 z m\u00e4kkej dosky (FPC) alebo tvrdej dosky (PCB) pod\u013ea potrieb z\u00e1kazn\u00edka.<\/li>\n<\/ul>\n<h4 class=\"tw-data-text tw-text-large tw-ta\" dir=\"ltr\" data-placeholder=\"Translation\" aria-label=\"Prelo\u017een\u00fd text\" data-ved=\"2ahUKEwii-OPw3deHAxXnha8BHe_AMVoQ3ewLegQIDRAU\"><strong><span class=\"Y2IQFc\" lang=\"en\">Sveteln\u00fd vodiaci modul -<\/span><span class=\"Y2IQFc\" lang=\"en\">Flexibilita<\/span><\/strong><\/h4>\n<ul>\n<li>Jeho tenk\u00fd sveteln\u00fd vodiaci modul z m\u00e4kkej dosky m\u00e1 dobr\u00fa flexibilitu a na jeho prisp\u00f4sobenie pod\u013ea vzh\u013eadu v\u00fdrobku mo\u017eno pou\u017ei\u0165 hrub\u00e9 lepidlo.<\/li>\n<\/ul>\n<h4 id=\"tw-target-text\" class=\"tw-data-text tw-text-large tw-ta\" dir=\"ltr\" data-placeholder=\"Translation\" aria-label=\"Prelo\u017een\u00fd text\" data-ved=\"2ahUKEwii-OPw3deHAxXnha8BHe_AMVoQ3ewLegQIDRAU\"><strong><span class=\"Y2IQFc\" lang=\"en\">Prisp\u00f4sobenie modulu svetlovodu<\/span><\/strong><\/h4>\n<ul>\n<li id=\"tw-target-text\" class=\"tw-data-text tw-text-large tw-ta\" dir=\"ltr\" data-placeholder=\"Translation\" aria-label=\"Prelo\u017een\u00fd text\" data-ved=\"2ahUKEwii-OPw3deHAxXnha8BHe_AMVoQ3ewLegQIDRAU\"><span class=\"Y2IQFc\" lang=\"en\">R\u00f4zne moduly svetlovodov mo\u017eno navrhn\u00fa\u0165 pod\u013ea r\u00f4znych potrieb z\u00e1kazn\u00edkov, aby sa dosiahli po\u017eadovan\u00e9 efekty.<\/span><\/li>\n<\/ul>\n<div id=\"KnM9nf\" class=\"PZPZlf\" data-attrid=\"tw-sourceArea\" data-entityname=\"Google Translate\">\n<div id=\"tw-source\">\n<div id=\"tw-source-rmn-container\" class=\"tw-ta-container F0azHf tw-nfl\">\n<h3 id=\"tw-source-rmn\" class=\"tw-data-text tw-text-small tw-ta\" dir=\"ltr\"><strong>Aplik\u00e1cia<\/strong><\/h3>\n<ul>\n<li>Norm\u00e1lny typ - pod gumou<\/li>\n<li>Medzi k\u013e\u00fa\u010dom a gumou<\/li>\n<li>Spoluformovanie<\/li>\n<\/ul>\n<\/div>\n<\/div>\n<\/div>","protected":false},"excerpt":{"rendered":"<p id=\"tw-target-text\" class=\"tw-data-text tw-text-large tw-ta\" dir=\"ltr\" data-placeholder=\"Translation\" aria-label=\"Prelo\u017een\u00fd text\" data-ved=\"2ahUKEwii-OPw3deHAxXnha8BHe_AMVoQ3ewLegQIDRAU\"><span class=\"Y2IQFc\" lang=\"en\">Moduly LED fotoelektrick\u00fdch svetlovodov sa pou\u017e\u00edvaj\u00fa v inteligentn\u00fdch mest\u00e1ch, inteligentn\u00fdch vozidl\u00e1ch, inteligentn\u00fdch dom\u00e1cich spotrebi\u010doch a perif\u00e9rnych zariadeniach pre elektronick\u00e9 \u0161porty. Bud\u00face v\u00fdvojov\u00e9 trendy modulov na vedenie svetla<\/span><\/p>\n<ul>\n<li><span class=\"Y2IQFc\" lang=\"en\">Technol\u00f3gia mikro\u0161trukt\u00fary LGP (ochrana \u017eivotn\u00e9ho prostredia)<br \/>\n<\/span><\/li>\n<li><span class=\"Y2IQFc\" lang=\"en\">Riedenie<br \/>\n<\/span><\/li>\n<li><span class=\"Y2IQFc\" lang=\"en\">Flexibilita<br \/>\n<\/span><\/li>\n<li><span class=\"Y2IQFc\" lang=\"en\">Vodiaci modul svetla RGB<br \/>\n<\/span><\/li>\n<li><span class=\"Y2IQFc\" lang=\"en\">Programovate\u013en\u00fd sveteln\u00fd p\u00e1s RGB<br \/>\n<\/span><\/li>\n<li><span class=\"Y2IQFc\" lang=\"en\">Pevn\u00e1 zmena sveteln\u00e9ho p\u00e1su RGB<\/span><\/li>\n<\/ul>","protected":false},"featured_media":1791,"comment_status":"open","ping_status":"closed","template":"","meta":[],"product_cat":[15],"product_tag":[],"_links":{"self":[{"href":"https:\/\/backlightmfg.com\/sk\/wp-json\/wp\/v2\/product\/1790"}],"collection":[{"href":"https:\/\/backlightmfg.com\/sk\/wp-json\/wp\/v2\/product"}],"about":[{"href":"https:\/\/backlightmfg.com\/sk\/wp-json\/wp\/v2\/types\/product"}],"replies":[{"embeddable":true,"href":"https:\/\/backlightmfg.com\/sk\/wp-json\/wp\/v2\/comments?post=1790"}],"wp:featuredmedia":[{"embeddable":true,"href":"https:\/\/backlightmfg.com\/sk\/wp-json\/wp\/v2\/media\/1791"}],"wp:attachment":[{"href":"https:\/\/backlightmfg.com\/sk\/wp-json\/wp\/v2\/media?parent=1790"}],"wp:term":[{"taxonomy":"product_cat","embeddable":true,"href":"https:\/\/backlightmfg.com\/sk\/wp-json\/wp\/v2\/product_cat?post=1790"},{"taxonomy":"product_tag","embeddable":true,"href":"https:\/\/backlightmfg.com\/sk\/wp-json\/wp\/v2\/product_tag?post=1790"}],"curies":[{"name":"wp","href":"https:\/\/api.w.org\/{rel}","templated":true}]}}