{"id":1555,"date":"2024-07-08T08:09:39","date_gmt":"2024-07-08T08:09:39","guid":{"rendered":"https:\/\/backlightmfg.com\/manufacturer\/phone-backlight\/"},"modified":"2024-09-15T06:29:44","modified_gmt":"2024-09-15T06:29:44","slug":"phone-backlight","status":"publish","type":"product","link":"https:\/\/backlightmfg.com\/sk\/phone-backlight\/","title":{"rendered":"Podsvietenie telef\u00f3nu"},"content":{"rendered":"<p>Podsvietenie telef\u00f3nu je z\u00e1kladn\u00fdm prvkom, ktor\u00fd v\u00e1m umo\u017e\u0148uje jasne vidie\u0165 obsah na obrazovke telef\u00f3nu aj pri slabom osvetlen\u00ed. Je to nevidite\u013en\u00fd hrdina, ktor\u00fd stoj\u00ed za \u017eiariv\u00fdm displejom, s ktor\u00fdm denne komunikujete. Tu je rozdelenie podsvietenia telef\u00f3nu:<\/p>\n<h3><strong>Technol\u00f3gia podsvietenia telef\u00f3nu:<\/strong><\/h3>\n<p>Modern\u00e9 smartf\u00f3ny pou\u017e\u00edvaj\u00fa predov\u0161etk\u00fdm podsvietenie LED, ktor\u00e9 nahradilo star\u0161ie technol\u00f3gie, ako s\u00fa \u017eiarivky. LED di\u00f3dy maj\u00fa mno\u017estvo v\u00fdhod:<\/p>\n<ul>\n<li><strong>Energetick\u00e1 \u00fa\u010dinnos\u0165:<\/strong>LED di\u00f3dy spotreb\u00favaj\u00fa podstatne menej energie ako tradi\u010dn\u00e9 podsvietenie, \u010d\u00edm predl\u017euj\u00fa \u017eivotnos\u0165 bat\u00e9rie a zni\u017euj\u00fa vplyv na \u017eivotn\u00e9 prostredie.<\/li>\n<li><strong>Rovnomern\u00e9 osvetlenie:<\/strong>Podsvietenie LED rovnomerne rozde\u013euje svetlo po celej obrazovke, \u010d\u00edm minimalizuje odlesky a hor\u00face miesta a zabezpe\u010duje pohodln\u00e9 sledovanie.<\/li>\n<li><strong>Nastavite\u013en\u00fd jas:<\/strong>Intenzitu podsvietenia si m\u00f4\u017eete nastavi\u0165 pod\u013ea svojich potrieb a podmienok okolit\u00e9ho osvetlenia, \u010d\u00edm \u010falej optimalizujete v\u00fddr\u017e bat\u00e9rie a pohodlie o\u010d\u00ed.<\/li>\n<\/ul>\n<h3><strong>V\u00fdhody:<\/strong><\/h3>\n<ul>\n<li><strong>Jasnos\u0165 :<\/strong>Podsvietenie zais\u0165uje jasn\u00fa vidite\u013enos\u0165 textu, obr\u00e1zkov a vide\u00ed na obrazovke telef\u00f3nu.<\/li>\n<li><strong>Prisp\u00f4sobite\u013enos\u0165:<\/strong>Nastavite\u013en\u00fd jas v\u00e1m umo\u017en\u00ed prisp\u00f4sobi\u0165 si z\u00e1\u017eitok zo sledovania, \u010di u\u017e d\u00e1vate prednos\u0165 jasnej obrazovke vonku, alebo jemnej\u0161iemu svetlu v noci.<\/li>\n<li><strong>No\u010dn\u00fd re\u017eim \u010d\u00edtania:<\/strong>Niektor\u00e9 telef\u00f3ny pon\u00fakaj\u00fa re\u017eim no\u010dn\u00e9ho \u010d\u00edtania, ktor\u00fd upravuje teplotu farieb podsvietenia, aby sa zn\u00ed\u017eilo nam\u00e1hanie o\u010d\u00ed po\u010das no\u010dn\u00e9ho \u010d\u00edtania.<\/li>\n<\/ul>\n<h3><strong>\u00davahy:<\/strong><\/h3>\n<ul>\n<li><strong>V\u00fddr\u017e bat\u00e9rie:<\/strong>Jas podsvietenia v\u00fdrazne ovplyv\u0148uje v\u00fddr\u017e bat\u00e9rie. Zn\u00ed\u017eenie jasu m\u00f4\u017ee v\u00fdrazne pred\u013a\u017ei\u0165 v\u00fddr\u017e bat\u00e9rie na jedno nabitie.<\/li>\n<li><strong>Nam\u00e1hanie o\u010d\u00ed:<\/strong>Nepretr\u017eit\u00e9 vystavenie jasn\u00fdm obrazovk\u00e1m m\u00f4\u017ee sp\u00f4sobi\u0165 \u00fanavu o\u010d\u00ed. Nastavenie jasu a pou\u017e\u00edvanie re\u017eimu no\u010dn\u00e9ho \u010d\u00edtania m\u00f4\u017ee pom\u00f4c\u0165 zmierni\u0165 tento probl\u00e9m.<\/li>\n<li><strong>Technol\u00f3gia zobrazovania:<\/strong>V\u00fdkon podsvietenia spolupracuje s technol\u00f3giou displeja telef\u00f3nu (napr. LCD, OLED). Napr\u00edklad displeje OLED m\u00f4\u017eu pon\u00faka\u0165 lep\u0161\u00ed kontrast v\u010faka svojej samosvet\u013euj\u00facej povahe.<\/li>\n<\/ul>","protected":false},"excerpt":{"rendered":"<p>Podsvietenie telef\u00f3nu je k\u013e\u00fa\u010dov\u00fdm komponentom, ktor\u00fd zohr\u00e1va d\u00f4le\u017eit\u00fa \u00falohu pri pou\u017e\u00edvan\u00ed. Jeho energetick\u00e1 \u00fa\u010dinnos\u0165, nastavite\u013en\u00fd jas a schopnos\u0165 poskytova\u0165 jasn\u00fd obraz z neho robia z\u00e1kladn\u00fa technol\u00f3giu pre na\u0161e mobiln\u00e9 zariadenia. S pokra\u010duj\u00facim pokrokom v technol\u00f3gii displeja a kon\u0161trukcii podsvietenia m\u00f4\u017eeme o\u010dak\u00e1va\u0165 e\u0161te efekt\u00edvnej\u0161ie a pou\u017e\u00edvate\u013esky pr\u00edvetivej\u0161ie rie\u0161enia podsvietenia bud\u00facich smartf\u00f3nov.<\/p>","protected":false},"featured_media":1545,"comment_status":"closed","ping_status":"closed","template":"","meta":[],"product_cat":[15],"product_tag":[],"_links":{"self":[{"href":"https:\/\/backlightmfg.com\/sk\/wp-json\/wp\/v2\/product\/1555"}],"collection":[{"href":"https:\/\/backlightmfg.com\/sk\/wp-json\/wp\/v2\/product"}],"about":[{"href":"https:\/\/backlightmfg.com\/sk\/wp-json\/wp\/v2\/types\/product"}],"replies":[{"embeddable":true,"href":"https:\/\/backlightmfg.com\/sk\/wp-json\/wp\/v2\/comments?post=1555"}],"wp:featuredmedia":[{"embeddable":true,"href":"https:\/\/backlightmfg.com\/sk\/wp-json\/wp\/v2\/media\/1545"}],"wp:attachment":[{"href":"https:\/\/backlightmfg.com\/sk\/wp-json\/wp\/v2\/media?parent=1555"}],"wp:term":[{"taxonomy":"product_cat","embeddable":true,"href":"https:\/\/backlightmfg.com\/sk\/wp-json\/wp\/v2\/product_cat?post=1555"},{"taxonomy":"product_tag","embeddable":true,"href":"https:\/\/backlightmfg.com\/sk\/wp-json\/wp\/v2\/product_tag?post=1555"}],"curies":[{"name":"wp","href":"https:\/\/api.w.org\/{rel}","templated":true}]}}