{"id":1554,"date":"2024-07-08T08:09:39","date_gmt":"2024-07-08T08:09:39","guid":{"rendered":"https:\/\/backlightmfg.com\/manufacturer\/tv-backlight\/"},"modified":"2024-09-15T06:29:45","modified_gmt":"2024-09-15T06:29:45","slug":"tv-backlight","status":"publish","type":"product","link":"https:\/\/backlightmfg.com\/sk\/tv-backlight\/","title":{"rendered":"Podsvietenie telev\u00edzora"},"content":{"rendered":"<p>Podsvietenie telev\u00edzora zohr\u00e1va k\u013e\u00fa\u010dov\u00fa \u00falohu pri poskytovan\u00ed podmaniv\u00e9ho a pr\u00edjemn\u00e9ho z\u00e1\u017eitku zo sledovania. Je to skryt\u00fd zdroj svetla za obrazovkou, ktor\u00fd ovplyv\u0148uje kvalitu obrazu, pohodlie pou\u017e\u00edvate\u013ea a dokonca aj estetiku va\u0161ej zostavy dom\u00e1ceho kina.<\/p>\n<h3><strong>Technol\u00f3gia podsvietenia telev\u00edzora:<\/strong><\/h3>\n<p>Modern\u00e9 telev\u00edzory pou\u017e\u00edvaj\u00fa predov\u0161etk\u00fdm dve technol\u00f3gie podsvietenia:<\/p>\n<ul>\n<li><strong style=\"color: #555555; font-size: 14.4px;\">Podsvietenie LED:<\/strong><span style=\"color: #555555; font-size: 14.4px;\">\u00a0T\u00e1to dominantn\u00e1 technol\u00f3gia vyu\u017e\u00edva ako zdroj svetla sveteln\u00e9 di\u00f3dy (LED). LED di\u00f3dy maj\u00fa nieko\u013eko v\u00fdhod:<\/span><\/li>\n<li><strong>Energetick\u00e1 \u00fa\u010dinnos\u0165:<\/strong>Men\u0161ia spotreba energie znamen\u00e1 ni\u017e\u0161ie \u00fa\u010dty za energiu a men\u0161iu ekologick\u00fa stopu.<\/li>\n<li><strong>Rovnomern\u00e9 osvetlenie:<\/strong>LED di\u00f3dy poskytuj\u00fa konzistentnej\u0161ie rozlo\u017eenie svetla po celej obrazovke, \u010d\u00edm zni\u017euj\u00fa oslnenie a hor\u00face miesta, \u010do prin\u00e1\u0161a pohodln\u00fd z\u00e1\u017eitok zo sledovania.<\/li>\n<li><strong>Nastavite\u013en\u00fd jas:<\/strong>Intenzitu podsvietenia m\u00f4\u017eete nastavi\u0165 tak, aby zodpovedala okolit\u00e9mu osvetleniu a typu obsahu, \u010do \u010falej zvy\u0161uje pohodlie a optimalizuje spotrebu energie.<\/li>\n<li><strong style=\"color: #555555; font-size: 14.4px;\">Miestne stmievanie cel\u00e9ho po\u013ea (FALD):<\/strong><span style=\"color: #555555; font-size: 14.4px;\">\u00a0T\u00e1to pokro\u010dil\u00e1 technol\u00f3gia podsvietenia LED umo\u017e\u0148uje individu\u00e1lne stmievanie z\u00f3n v r\u00e1mci podsvietenia. To umo\u017e\u0148uje:<\/span><\/li>\n<li><strong>Vylep\u0161en\u00fd kontrast:<\/strong>Stlmen\u00edm z\u00f3n podsvietenia, ktor\u00e9 zodpovedaj\u00fa tmav\u00fdm oblastiam na obrazovke, vytv\u00e1ra FALD hlb\u0161iu \u010diernu a bohat\u0161ie kontrasty pre realistickej\u0161\u00ed obraz.<\/li>\n<li><strong>Zn\u00ed\u017een\u00e9 kvitnutie:<\/strong>K prekrveniu doch\u00e1dza vtedy, ke\u010f svetl\u00e9 oblasti \"presvitaj\u00fa\" do tmav\u00fdch oblast\u00ed na obrazovke. FALD minimalizuje tento efekt presn\u00fdm riaden\u00edm jednotliv\u00fdch z\u00f3n podsvietenia.<\/li>\n<\/ul>\n<h3><strong>V\u00fdhody:<\/strong><\/h3>\n<ul>\n<li><strong>Vylep\u0161en\u00e1 kvalita obrazu:<\/strong>Podsvietenie osvet\u013euje displej, \u010do v\u00e1m umo\u017e\u0148uje vidie\u0165 \u017eiv\u00e9 farby, jasn\u00e9 detaily a hlbok\u00fa \u010diernu farbu, aby ste si mohli vychutna\u0165 pohlcuj\u00faci z\u00e1\u017eitok zo sledovania.<\/li>\n<li><strong>Zlep\u0161en\u00e1 preh\u013eadnos\u0165:<\/strong>Rovnomern\u00e9 osvetlenie zni\u017euje oslnenie a hor\u00face body, \u010d\u00edm zabezpe\u010duje jasn\u00e9 a pohodln\u00e9 zobrazenie bez oh\u013eadu na zobrazovan\u00fd obsah.<\/li>\n<li><strong>Zn\u00ed\u017eenie nam\u00e1hania o\u010d\u00ed:<\/strong>Nastavite\u013en\u00fd jas umo\u017e\u0148uje nastavi\u0165 \u00farove\u0148, ktor\u00e1 vyhovuje okolit\u00e9mu osvetleniu a zni\u017euje nam\u00e1hanie o\u010d\u00ed, najm\u00e4 po\u010das dlh\u0161ieho sledovania.<\/li>\n<li><strong>Estetick\u00e1 pr\u00ed\u0165a\u017elivos\u0165:<\/strong>Podsvietenie prispieva k modernej\u0161iemu a elegantnej\u0161iemu vzh\u013eadu telev\u00edzora a zlep\u0161uje celkov\u00fd vzh\u013ead v\u00e1\u0161ho dom\u00e1ceho kina.<\/li>\n<\/ul>\n<h3><strong>\u00davahy:<\/strong><\/h3>\n<ul>\n<li><strong>Typ podsvietenia:<\/strong>\u0160tandardn\u00e9 podsvietenie LED pon\u00faka dobr\u00fd v\u0161eobecn\u00fd v\u00fdkon, zatia\u013e \u010do FALD pon\u00faka vynikaj\u00faci kontrast a zn\u00ed\u017een\u00fd v\u00fdskyt blokov. Telev\u00edzory FALD s\u00fa v\u0161ak zvy\u010dajne drah\u0161ie.<\/li>\n<li><strong>Po\u010det z\u00f3n stmievania:<\/strong>Viac z\u00f3n stmievania v podsvieten\u00ed FALD poskytuje jemnej\u0161ie ovl\u00e1danie a lep\u0161iu kvalitu obrazu, ale m\u00f4\u017ee tie\u017e zv\u00fd\u0161i\u0165 n\u00e1klady.<\/li>\n<li><strong>Typ obsahu :<\/strong>V\u00fdkon podsvietenia m\u00f4\u017ee ovplyvni\u0165 z\u00e1\u017eitok zo sledovania r\u00f4zneho obsahu. Napr\u00edklad tmav\u00e9 sc\u00e9ny vo filmoch vyu\u017e\u00edvaj\u00fa FALD viac ako jasn\u00fd denn\u00fd obsah.<\/li>\n<\/ul>\n<h3><strong>Bud\u00facnos\u0165 telev\u00edzneho podsvietenia:<\/strong><\/h3>\n<p>Technol\u00f3gia podsvietenia sa neust\u00e1le zdokona\u013euje s cie\u013eom zabezpe\u010di\u0165 e\u0161te lep\u0161iu kvalitu obrazu a pou\u017e\u00edvate\u013esk\u00fd z\u00e1\u017eitok. Tu s\u00fa niektor\u00e9 potenci\u00e1lne bud\u00face trendy:<\/p>\n<ul>\n<li><strong>Podsvietenie MicroLED:<\/strong>T\u00e1to technol\u00f3gia novej gener\u00e1cie vyu\u017e\u00edva mikroskopick\u00e9 LED di\u00f3dy na e\u0161te presnej\u0161ie lok\u00e1lne stmievanie, \u010do vedie k vynikaj\u00facemu kontrastu a v\u00fdkonu HDR (vysok\u00fd dynamick\u00fd rozsah).<\/li>\n<li><strong>Displeje OLED:<\/strong>Technol\u00f3gia organick\u00fdch sveteln\u00fdch di\u00f3d \u00faplne eliminuje potrebu podsvietenia, preto\u017ee jednotliv\u00e9 pixely sa dok\u00e1\u017eu sam\u00e9 rozsvieti\u0165 a pon\u00fakaj\u00fa dokonal\u00fa \u010diernu a bezkonkuren\u010dn\u00e9 kontrastn\u00e9 pomery.<\/li>\n<\/ul>","protected":false},"excerpt":{"rendered":"<p>Podsvietenie telev\u00edzora je z\u00e1kladn\u00fdm prvkom na dosiahnutie podmaniv\u00e9ho z\u00e1\u017eitku zo sledovania. Ak pozn\u00e1te technol\u00f3gie podsvietenia a ich vplyv na kvalitu obrazu, m\u00f4\u017eete si vybra\u0165 najlep\u0161\u00ed telev\u00edzor, ktor\u00fd bude vyhovova\u0165 va\u0161im preferenci\u00e1m a rozpo\u010dtu. Technol\u00f3gia podsvietenia telev\u00edzora sa neust\u00e1le vyv\u00edja, m\u00f4\u017eeme o\u010dak\u00e1va\u0165 e\u0161te inovat\u00edvnej\u0161ie rie\u0161enia, ktor\u00e9 e\u0161te viac zv\u00fd\u0161ia n\u00e1\u0161 p\u00f4\u017eitok z dom\u00e1cej z\u00e1bavy.<\/p>","protected":false},"featured_media":1546,"comment_status":"closed","ping_status":"closed","template":"","meta":[],"product_cat":[15],"product_tag":[],"_links":{"self":[{"href":"https:\/\/backlightmfg.com\/sk\/wp-json\/wp\/v2\/product\/1554"}],"collection":[{"href":"https:\/\/backlightmfg.com\/sk\/wp-json\/wp\/v2\/product"}],"about":[{"href":"https:\/\/backlightmfg.com\/sk\/wp-json\/wp\/v2\/types\/product"}],"replies":[{"embeddable":true,"href":"https:\/\/backlightmfg.com\/sk\/wp-json\/wp\/v2\/comments?post=1554"}],"wp:featuredmedia":[{"embeddable":true,"href":"https:\/\/backlightmfg.com\/sk\/wp-json\/wp\/v2\/media\/1546"}],"wp:attachment":[{"href":"https:\/\/backlightmfg.com\/sk\/wp-json\/wp\/v2\/media?parent=1554"}],"wp:term":[{"taxonomy":"product_cat","embeddable":true,"href":"https:\/\/backlightmfg.com\/sk\/wp-json\/wp\/v2\/product_cat?post=1554"},{"taxonomy":"product_tag","embeddable":true,"href":"https:\/\/backlightmfg.com\/sk\/wp-json\/wp\/v2\/product_tag?post=1554"}],"curies":[{"name":"wp","href":"https:\/\/api.w.org\/{rel}","templated":true}]}}