{"id":1552,"date":"2024-07-08T08:09:39","date_gmt":"2024-07-08T08:09:39","guid":{"rendered":"https:\/\/backlightmfg.com\/manufacturer\/luminous-powder-backlighting\/"},"modified":"2024-09-15T06:29:46","modified_gmt":"2024-09-15T06:29:46","slug":"luminescent-powder-backlight","status":"publish","type":"product","link":"https:\/\/backlightmfg.com\/sk\/luminescent-powder-backlight\/","title":{"rendered":"Luminiscen\u010dn\u00e9 pr\u00e1\u0161kov\u00e9 podsvietenie"},"content":{"rendered":"<p>Luminiscen\u010dn\u00fd pr\u00e1\u0161ok, zn\u00e1my aj ako fosforov\u00fd pr\u00e1\u0161ok, je fascinuj\u00faci materi\u00e1l, ktor\u00fd absorbuje sveteln\u00fa energiu a po \u010dase ju pomaly uvo\u013e\u0148uje vo forme vidite\u013en\u00e9ho svetla. T\u00e1to jedine\u010dn\u00e1 vlastnos\u0165 z neho rob\u00ed ide\u00e1lny materi\u00e1l na vytv\u00e1ranie dlhotrvaj\u00faceho podsvietenia v r\u00f4znych aplik\u00e1ci\u00e1ch, najm\u00e4 v prostred\u00ed so slab\u00fdm osvetlen\u00edm alebo v tme.<\/p>\n<p>&nbsp;<\/p>\n<h3><strong>K\u013e\u00fa\u010dov\u00e9 v\u00fdhody luminiscen\u010dn\u00e9ho pr\u00e1\u0161kov\u00e9ho podsvietenia:<\/strong><\/h3>\n<ul>\n<li><strong style=\"color: #555555; font-size: 14.4px;\">Bezpe\u010dnos\u0165:<\/strong><span style=\"color: #555555; font-size: 14.4px;\">\u00a0Na rozdiel od r\u00e1dioakt\u00edvnych materi\u00e1lov je luminiscen\u010dn\u00fd pr\u00e1\u0161ok \u00faplne netoxick\u00fd, nehor\u013eav\u00fd a neobsahuje \u0161kodliv\u00e9 l\u00e1tky, ako je fosfor, olovo alebo in\u00e9 nebezpe\u010dn\u00e9 chemik\u00e1lie. V\u010faka tomu je bezpe\u010dnou vo\u013ebou na pou\u017eitie v r\u00f4znych v\u00fdrobkoch, najm\u00e4 v t\u00fdch, ktor\u00e9 s\u00fa v \u00fazkom kontakte s \u013eu\u010fmi.<\/span><\/li>\n<li><strong style=\"color: #555555; font-size: 14.4px;\">Dlhotrvaj\u00faci lesk:<\/strong><span style=\"color: #555555; font-size: 14.4px;\">\u00a0Svietiace pr\u00e1\u0161kov\u00e9 podsvietenie m\u00f4\u017ee vy\u017earova\u0165 svetlo cel\u00e9 hodiny, dokonca aj po skon\u010den\u00ed p\u00f4sobenia svetla. Toto pred\u013a\u017een\u00e9 trvanie svietenia zaru\u010duje, \u017ee predmety zostan\u00fa vidite\u013en\u00e9 a identifikovate\u013en\u00e9 aj v \u00faplnej tme.<\/span><\/li>\n<li><strong style=\"color: #555555; font-size: 14.4px;\">Stabiln\u00e9 vlastnosti:<\/strong><span style=\"color: #555555; font-size: 14.4px;\">\u00a0Svietiv\u00e9 pr\u00e1\u0161kov\u00e9 podsvietenie vykazuje pozoruhodn\u00fa stabilitu z h\u013eadiska fyzik\u00e1lnych a chemick\u00fdch vlastnost\u00ed. T\u00e1to vlastnos\u0165 zaru\u010duje, \u017ee luminiscen\u010dn\u00fd efekt zost\u00e1va st\u00e1ly a spo\u013eahliv\u00fd v priebehu \u010dasu.<\/span><\/li>\n<li><strong style=\"color: #555555; font-size: 14.4px;\">V\u00fdnimo\u010dn\u00e1 odolnos\u0165:<\/strong><span style=\"color: #555555; font-size: 14.4px;\">\u00a0Luminiscen\u010dn\u00fd pr\u00e1\u0161ok sa vyzna\u010duje v\u00fdnimo\u010dnou trvanlivos\u0165ou, v\u010faka ktorej je odoln\u00fd vo\u010di opotrebovaniu. T\u00e1to odolnos\u0165 zaru\u010duje, \u017ee v\u00fdrobky obsahuj\u00face luminiscen\u010dn\u00fd pr\u00e1\u0161ok vydr\u017eia n\u00e1ro\u010dn\u00e9 podmienky a zachovaj\u00fa si svoje luminiscen\u010dn\u00e9 vlastnosti dlh\u00e9 roky.<\/span><\/li>\n<li><strong style=\"color: #555555; font-size: 14.4px;\">V\u0161estrannos\u0165:<\/strong><span style=\"color: #555555; font-size: 14.4px;\">\u00a0Luminiscen\u010dn\u00fd pr\u00e1\u0161ok sa d\u00e1 \u013eahko zapracova\u0165 do \u0161irokej \u0161k\u00e1ly materi\u00e1lov vr\u00e1tane plastov, gumy, ko\u017ee, keramiky, skla, farieb a n\u00e1terov. T\u00e1to univerz\u00e1lnos\u0165 umo\u017e\u0148uje jeho pou\u017eitie v r\u00f4znorod\u00fdch v\u00fdrobkoch.<\/span><\/li>\n<\/ul>\n<h3><strong style=\"font-size: 23.04px;\">R\u00f4zne aplik\u00e1cie luminiscen\u010dn\u00e9ho pr\u00e1\u0161kov\u00e9ho podsvietenia:<\/strong><\/h3>\n<ul>\n<li><strong style=\"color: #555555; font-size: 14.4px;\">Bezpe\u010dnostn\u00e9 produkty:<\/strong><span style=\"color: #555555; font-size: 14.4px;\">\u00a0\u0160iroko sa pou\u017e\u00edva v bezpe\u010dnostn\u00fdch v\u00fdrobkoch, ako s\u00fa zna\u010dky n\u00fadzov\u00fdch v\u00fdchodov, sp\u00edna\u010de svietiace v tme, bezpe\u010dnostn\u00e9 vesty a dopravn\u00e9 zna\u010dky, ktor\u00e9 zais\u0165uj\u00fa vidite\u013enos\u0165 a bezpe\u010dnos\u0165 pri slabom osvetlen\u00ed alebo v nebezpe\u010dn\u00fdch podmienkach.<\/span><\/li>\n<li><strong style=\"color: #555555; font-size: 14.4px;\">Dekorat\u00edvne predmety:<\/strong><span style=\"color: #555555; font-size: 14.4px;\">\u00a0Luminiscen\u010dn\u00fd pr\u00e1\u0161ok dod\u00e1va n\u00e1dych k\u00fazla dekorat\u00edvnym predmetom, ako s\u00fa svietiace obrazy, fig\u00farky a \u0161perky, a vytv\u00e1ra podmaniv\u00fa atmosf\u00e9ru v tmavom prostred\u00ed.<\/span><\/li>\n<li><strong style=\"color: #555555; font-size: 14.4px;\">Hra\u010dky a hry:<\/strong><span style=\"color: #555555; font-size: 14.4px;\">\u00a0Vn\u00e1\u0161a do hra\u010diek a hier prvok z\u00e1bavy a vzru\u0161enia, v\u010faka \u010domu v tme svietia a o\u017e\u00edvaj\u00fa, \u010do zlep\u0161uje hru a predstavivos\u0165.<\/span><\/li>\n<li><strong style=\"color: #555555; font-size: 14.4px;\">Priemyseln\u00e9 aplik\u00e1cie:<\/strong><span style=\"color: #555555; font-size: 14.4px;\">\u00a0Nach\u00e1dza uplatnenie v priemyselnom prostred\u00ed, napr\u00edklad pri ozna\u010dovan\u00ed nebezpe\u010dn\u00fdch oblast\u00ed, identifik\u00e1cii ovl\u00e1dac\u00edch prvkov zariaden\u00ed a zabezpe\u010dovan\u00ed vidite\u013enosti v uzavret\u00fdch priestoroch.<\/span><\/li>\n<li><strong style=\"color: #555555; font-size: 14.4px;\">Vojensk\u00fd a leteck\u00fd priemysel:<\/strong><span style=\"color: #555555; font-size: 14.4px;\">\u00a0Vyu\u017e\u00edva sa vo vojensk\u00fdch a leteck\u00fdch aplik\u00e1ci\u00e1ch vr\u00e1tane ozna\u010dovania lietadiel, zabezpe\u010dovania vidite\u013enosti pri no\u010dn\u00fdch oper\u00e1ci\u00e1ch a vytv\u00e1rania samosveteln\u00fdch naviga\u010dn\u00fdch pom\u00f4cok.<\/span><\/li>\n<\/ul>","protected":false},"excerpt":{"rendered":"<p>Luminiscen\u010dn\u00e9 pr\u00e1\u0161kov\u00e9 podsvietenie: R\u00f4znorod\u00e9 vyu\u017eitie v r\u00f4znych odvetviach, od bezpe\u010dnosti a ochrany a\u017e po dekor\u00e1cie a z\u00e1bavu, z neho rob\u00ed cenn\u00fd materi\u00e1l na vytv\u00e1ranie inovat\u00edvnych a funk\u010dn\u00fdch v\u00fdrobkov.<\/p>","protected":false},"featured_media":1544,"comment_status":"closed","ping_status":"closed","template":"","meta":[],"product_cat":[15],"product_tag":[],"_links":{"self":[{"href":"https:\/\/backlightmfg.com\/sk\/wp-json\/wp\/v2\/product\/1552"}],"collection":[{"href":"https:\/\/backlightmfg.com\/sk\/wp-json\/wp\/v2\/product"}],"about":[{"href":"https:\/\/backlightmfg.com\/sk\/wp-json\/wp\/v2\/types\/product"}],"replies":[{"embeddable":true,"href":"https:\/\/backlightmfg.com\/sk\/wp-json\/wp\/v2\/comments?post=1552"}],"wp:featuredmedia":[{"embeddable":true,"href":"https:\/\/backlightmfg.com\/sk\/wp-json\/wp\/v2\/media\/1544"}],"wp:attachment":[{"href":"https:\/\/backlightmfg.com\/sk\/wp-json\/wp\/v2\/media?parent=1552"}],"wp:term":[{"taxonomy":"product_cat","embeddable":true,"href":"https:\/\/backlightmfg.com\/sk\/wp-json\/wp\/v2\/product_cat?post=1552"},{"taxonomy":"product_tag","embeddable":true,"href":"https:\/\/backlightmfg.com\/sk\/wp-json\/wp\/v2\/product_tag?post=1552"}],"curies":[{"name":"wp","href":"https:\/\/api.w.org\/{rel}","templated":true}]}}