{"id":1550,"date":"2024-07-08T08:09:39","date_gmt":"2024-07-08T08:09:39","guid":{"rendered":"https:\/\/backlightmfg.com\/manufacturer\/el-backlighting\/"},"modified":"2024-09-15T06:29:47","modified_gmt":"2024-09-15T06:29:47","slug":"el-backlighting","status":"publish","type":"product","link":"https:\/\/backlightmfg.com\/sk\/el-backlighting\/","title":{"rendered":"Podsvietenie EL"},"content":{"rendered":"<p>Zdroj podsvietenia EL sa vyzna\u010duje jasom, rovnomernos\u0165ou, jemnos\u0165ou a trvanlivos\u0165ou, v\u010faka \u010domu je \u0161iroko pou\u017eite\u013en\u00fd v r\u00f4znych oblastiach, ako s\u00fa zobrazovacie panely, komer\u010dn\u00e9 reklamn\u00e9 tabule a dekorat\u00edvne osvetlenie.<\/p>\n<h3><strong>Hlavn\u00e9 v\u00fdhody podsvietenia EL:<\/strong><\/h3>\n<ul>\n<li><strong style=\"color: #555555; font-size: 14.4px;\">Energetick\u00e1 \u00fa\u010dinnos\u0165:<\/strong><span style=\"color: #555555; font-size: 14.4px;\">\u00a0V porovnan\u00ed so \u017eiarovkami a \u017eiarivkami spotrebuj\u00fa podstatne menej energie, \u010do sa prejavuje v ni\u017e\u0161\u00edch prev\u00e1dzkov\u00fdch n\u00e1kladoch a men\u0161om vplyve na \u017eivotn\u00e9 prostredie.<\/span><\/li>\n<li><strong style=\"color: #555555; font-size: 14.4px;\">Jednotnos\u0165:<\/strong><span style=\"color: #555555; font-size: 14.4px;\">\u00a0Poskytuj\u00fa rovnomern\u00e9 a konzistentn\u00e9 osvetlenie na celom povrchu, \u010d\u00edm eliminuj\u00fa oslnenie a hor\u00face miesta.<\/span><\/li>\n<li><strong style=\"color: #555555; font-size: 14.4px;\">M\u00e4kkos\u0165:<\/strong><span style=\"color: #555555; font-size: 14.4px;\">\u00a0Svetlo vy\u017earovan\u00e9 z podsvietenia EL je m\u00e4kk\u00e9 a rozpt\u00fdlen\u00e9, \u010do vytv\u00e1ra pohodln\u00fd a pr\u00edjemn\u00fd z\u00e1\u017eitok zo sledovania.<\/span><\/li>\n<li><strong style=\"color: #555555; font-size: 14.4px;\">Trvanlivos\u0165: S\u00fa<\/strong><span style=\"color: #555555; font-size: 14.4px;\">\u00a0s\u00fa vysoko odoln\u00e9 a odoln\u00e9 vo\u010di n\u00e1razom a vibr\u00e1ci\u00e1m, v\u010faka \u010domu s\u00fa vhodn\u00e9 pre n\u00e1ro\u010dn\u00e9 aplik\u00e1cie.<\/span><\/li>\n<li><strong style=\"color: #555555; font-size: 14.4px;\">Flexibilita dizajnu:<\/strong><span style=\"color: #555555; font-size: 14.4px;\">\u00a0Daj\u00fa sa \u013eahko tvarova\u0165 a prisp\u00f4sobi\u0165 r\u00f4znym po\u017eiadavk\u00e1m na dizajn.<\/span><\/li>\n<li><strong style=\"color: #555555; font-size: 14.4px;\">Mo\u017enosti farieb:<\/strong><span style=\"color: #555555; font-size: 14.4px;\">\u00a0M\u00f4\u017eu produkova\u0165 \u0161irok\u00fa \u0161k\u00e1lu farieb vr\u00e1tane plnofarebn\u00fdch mo\u017enost\u00ed, \u010do zvy\u0161uje vizu\u00e1lnu pr\u00ed\u0165a\u017elivos\u0165 a mo\u017enosti dizajnu.<\/span><\/li>\n<\/ul>\n<h3><strong style=\"font-size: 23.04px;\">Roz\u0161\u00edren\u00e9 aplik\u00e1cie podsvietenia EL:<\/strong><\/h3>\n<p>EL na\u0161li \u0161irok\u00e9 uplatnenie v r\u00f4znych oblastiach:<\/p>\n<ul>\n<li><strong style=\"color: #555555; font-size: 14.4px;\">Zobrazovacie panely:<\/strong><span style=\"color: #555555; font-size: 14.4px;\">\u00a0Be\u017ene sa pou\u017e\u00edvaj\u00fa v displejoch LCD a OLED pre smartf\u00f3ny, tablety, notebooky a telev\u00edzory.<\/span><\/li>\n<li><strong style=\"color: #555555; font-size: 14.4px;\">Komer\u010dn\u00e9 billboardy:<\/strong><span style=\"color: #555555; font-size: 14.4px;\">\u00a0Osvet\u013euj\u00fa komer\u010dn\u00e9 billboardy a poskytuj\u00fa p\u00fatav\u00e9 a \u017eiv\u00e9 reklamy.<\/span><\/li>\n<li><strong style=\"color: #555555; font-size: 14.4px;\">Dekorat\u00edvne osvetlenie:<\/strong><span style=\"color: #555555; font-size: 14.4px;\">\u00a0Pou\u017e\u00edvaj\u00fa sa v dekorat\u00edvnych svietidl\u00e1ch, ktor\u00e9 vytv\u00e1raj\u00fa atmosf\u00e9ru a vizu\u00e1lne akcenty.<\/span><\/li>\n<li><strong style=\"color: #555555; font-size: 14.4px;\">Interi\u00e9ry automobilov:<\/strong><span style=\"color: #555555; font-size: 14.4px;\">\u00a0S\u00fa zabudovan\u00e9 do pr\u00edstrojov\u00fdch dosiek, pr\u00edstrojov\u00fdch panelov a ovl\u00e1dac\u00edch tla\u010didiel.<\/span><\/li>\n<li><strong style=\"color: #555555; font-size: 14.4px;\">Zdravotn\u00edcke pom\u00f4cky:<\/strong><span style=\"color: #555555; font-size: 14.4px;\">\u00a0Pou\u017e\u00edvaj\u00fa sa v lek\u00e1rskych zariadeniach na jasn\u00fa a presn\u00fa vizualiz\u00e1ciu.<\/span><\/li>\n<li><strong style=\"color: #555555; font-size: 14.4px;\">Priemyseln\u00e9 aplik\u00e1cie:<\/strong><span style=\"color: #555555; font-size: 14.4px;\">\u00a0Pou\u017e\u00edvaj\u00fa sa v priemyseln\u00fdch ovl\u00e1dac\u00edch paneloch a ozna\u010deniach na zlep\u0161enie vidite\u013enosti.<\/span><\/li>\n<\/ul>","protected":false},"excerpt":{"rendered":"<p>Podsvietenie EL prinieslo revol\u00faciu v technol\u00f3gii osvetlenia a pon\u00faka lep\u0161iu alternat\u00edvu k tradi\u010dn\u00fdm zdrojom svetla. Ich energetick\u00e1 \u00fa\u010dinnos\u0165, rovnomernos\u0165, jemnos\u0165, trvanlivos\u0165, flexibilita dizajnu a farebn\u00e9 mo\u017enosti z nich robia univerz\u00e1lne a vyh\u013ead\u00e1van\u00e9 rie\u0161enie pre \u0161irok\u00fa \u0161k\u00e1lu aplik\u00e1ci\u00ed. O\u010dak\u00e1va sa, \u017ee s technologick\u00fdm pokrokom sa bud\u00fa EL podsvietenia na\u010falej vyv\u00edja\u0165 a poskytova\u0165 e\u0161te inovat\u00edvnej\u0161ie a efekt\u00edvnej\u0161ie rie\u0161enia osvetlenia.<\/p>","protected":false},"featured_media":1538,"comment_status":"closed","ping_status":"closed","template":"","meta":[],"product_cat":[15],"product_tag":[],"_links":{"self":[{"href":"https:\/\/backlightmfg.com\/sk\/wp-json\/wp\/v2\/product\/1550"}],"collection":[{"href":"https:\/\/backlightmfg.com\/sk\/wp-json\/wp\/v2\/product"}],"about":[{"href":"https:\/\/backlightmfg.com\/sk\/wp-json\/wp\/v2\/types\/product"}],"replies":[{"embeddable":true,"href":"https:\/\/backlightmfg.com\/sk\/wp-json\/wp\/v2\/comments?post=1550"}],"wp:featuredmedia":[{"embeddable":true,"href":"https:\/\/backlightmfg.com\/sk\/wp-json\/wp\/v2\/media\/1538"}],"wp:attachment":[{"href":"https:\/\/backlightmfg.com\/sk\/wp-json\/wp\/v2\/media?parent=1550"}],"wp:term":[{"taxonomy":"product_cat","embeddable":true,"href":"https:\/\/backlightmfg.com\/sk\/wp-json\/wp\/v2\/product_cat?post=1550"},{"taxonomy":"product_tag","embeddable":true,"href":"https:\/\/backlightmfg.com\/sk\/wp-json\/wp\/v2\/product_tag?post=1550"}],"curies":[{"name":"wp","href":"https:\/\/api.w.org\/{rel}","templated":true}]}}