{"id":1549,"date":"2024-07-08T08:09:39","date_gmt":"2024-07-08T08:09:39","guid":{"rendered":"https:\/\/backlightmfg.com\/manufacturer\/fiber-optic-backlighting\/"},"modified":"2024-09-15T06:29:48","modified_gmt":"2024-09-15T06:29:48","slug":"fiber-optic-backlighting","status":"publish","type":"product","link":"https:\/\/backlightmfg.com\/sk\/fiber-optic-backlighting\/","title":{"rendered":"Podsvietenie optick\u00fdmi vl\u00e1knami"},"content":{"rendered":"<p>Optick\u00e9 podsvietenie vyu\u017e\u00edva tenk\u00e9 vl\u00e1kna zo skla alebo plastu, ktor\u00e9 sl\u00fa\u017eia ako svetlovody. Svetlo sa priv\u00e1dza na jednom konci optick\u00e9ho k\u00e1bla, zvy\u010dajne zo zdroja LED. Toto svetlo prech\u00e1dza jadrom vl\u00e1kna v\u010faka javu naz\u00fdvan\u00e9mu vn\u00fatorn\u00fd odraz, odr\u00e1\u017ea sa od vn\u00fatorn\u00fdch stien a minimalizuje sveteln\u00e9 straty. Svetlo vych\u00e1dza z druh\u00e9ho konca vl\u00e1kna a osvet\u013euje cie\u013eov\u00fa oblas\u0165.<\/p>\n<h3><strong>V\u00fdhody podsvietenia optick\u00fdmi vl\u00e1knami:<\/strong><\/h3>\n<ul>\n<li><strong style=\"color: #555555; font-size: 14.4px;\">Vzdialen\u00fd zdroj svetla:<\/strong><span style=\"color: #555555; font-size: 14.4px;\">\u00a0Zdroj svetla m\u00f4\u017ee by\u0165 umiestnen\u00fd mimo osvet\u013eovanej oblasti, \u010d\u00edm sa zni\u017euje produkcia tepla a zvy\u0161uje flexibilita kon\u0161trukcie.<\/span><\/li>\n<li><strong style=\"color: #555555; font-size: 14.4px;\">Rovnomern\u00e9 osvetlenie:<\/strong><span style=\"color: #555555; font-size: 14.4px;\">\u00a0Optick\u00e9 vl\u00e1kna rovnomerne rozde\u013euj\u00fa svetlo, \u010d\u00edm eliminuj\u00fa oslnenie a hor\u00face miesta a vytv\u00e1raj\u00fa vizu\u00e1lne pr\u00edjemn\u00fd a pohodln\u00fd z\u00e1\u017eitok zo sledovania.<\/span><\/li>\n<li><strong style=\"color: #555555; font-size: 14.4px;\">Vysok\u00e1 \u00fa\u010dinnos\u0165 svetla:<\/strong><span style=\"color: #555555; font-size: 14.4px;\">\u00a0V\u010faka minim\u00e1lnym sveteln\u00fdm strat\u00e1m vo vl\u00e1knach pon\u00faka podsvietenie optick\u00fdmi vl\u00e1knami efekt\u00edvny prenos svetla.<\/span><\/li>\n<li><strong style=\"color: #555555; font-size: 14.4px;\">Odolnos\u0165:<\/strong><span style=\"color: #555555; font-size: 14.4px;\"> Optick\u00e9 k\u00e1ble s\u00fa ve\u013emi trvanliv\u00e9 a odoln\u00e9 vo\u010di vibr\u00e1ci\u00e1m, n\u00e1razom, extr\u00e9mnym teplot\u00e1m, \u0161etria energiu a n<\/span><span class=\"Y2IQFc\" lang=\"en\">o hor\u00fa\u010dka.<\/span><\/li>\n<li><strong style=\"color: #555555; font-size: 14.4px;\">Flexibilita dizajnu:<\/strong><span style=\"color: #555555; font-size: 14.4px;\">\u00a0Tenk\u00e9 a flexibiln\u00e9 vl\u00e1kna sa daj\u00fa \u013eahko tvarova\u0165 a prisp\u00f4sobi\u0165 r\u00f4znym po\u017eiadavk\u00e1m na osvetlenie.<\/span><\/li>\n<li><strong style=\"color: #555555; font-size: 14.4px;\">Chladn\u00e1 prev\u00e1dzka:<\/strong><span style=\"color: #555555; font-size: 14.4px;\">\u00a0Samotn\u00e9 optick\u00e9 k\u00e1ble nevytv\u00e1raj\u00fa teplo, \u010do prispieva k chladnej\u0161iemu prev\u00e1dzkov\u00e9mu prostrediu.<\/span><\/li>\n<\/ul>\n<p>&nbsp;<\/p>\n<h3><strong style=\"font-size: 23.04px;\">Aplik\u00e1cie podsvietenia optick\u00fdmi vl\u00e1knami:<\/strong><\/h3>\n<ul>\n<li><strong style=\"color: #555555; font-size: 14.4px;\">LCD displeje:<\/strong><span style=\"color: #555555; font-size: 14.4px;\">\u00a0Podsvietenie optick\u00fdmi vl\u00e1knami m\u00f4\u017ee zlep\u0161i\u0165 rovnomernos\u0165 a jas LCD displejov v telev\u00edzoroch, notebookoch a in\u00fdch elektronick\u00fdch zariadeniach.<\/span><\/li>\n<li><strong style=\"color: #555555; font-size: 14.4px;\">Ozna\u010denia a displeje:<\/strong><span style=\"color: #555555; font-size: 14.4px;\">\u00a0Pou\u017e\u00edvaj\u00fa sa v osvetlen\u00fdch n\u00e1pisoch, architektonickom osvetlen\u00ed a na displejoch v miestach predaja, aby dosiahli vizu\u00e1lne v\u00fdrazn\u00fd efekt.<\/span><\/li>\n<li><strong style=\"color: #555555; font-size: 14.4px;\">Zdravotn\u00edcke vybavenie:<\/strong><span style=\"color: #555555; font-size: 14.4px;\">\u00a0Podsvietenie z optick\u00fdch vl\u00e1kien poskytuje kontrolovan\u00e9 a cielen\u00e9 osvetlenie v lek\u00e1rskych vy\u0161etrovac\u00edch a diagnostick\u00fdch zariadeniach.<\/span><\/li>\n<li><strong style=\"color: #555555; font-size: 14.4px;\">Syst\u00e9my strojov\u00e9ho videnia:<\/strong><span style=\"color: #555555; font-size: 14.4px;\">\u00a0V\u010faka rovnomern\u00e9mu rozlo\u017eeniu svetla je ide\u00e1lny pre aplik\u00e1cie strojov\u00e9ho videnia, kde sa vy\u017eaduje presn\u00e1 kontrola objektov.<\/span><\/li>\n<li><strong style=\"color: #555555; font-size: 14.4px;\">Osvetlenie hr\u00e1n:<\/strong><span style=\"color: #555555; font-size: 14.4px;\">\u00a0Optick\u00e9 vl\u00e1kna m\u00f4\u017eu vytv\u00e1ra\u0165 ostr\u00e9 a dobre definovan\u00e9 sveteln\u00e9 efekty na okrajoch pre dekorat\u00edvne a architektonick\u00e9 aplik\u00e1cie.<\/span><\/li>\n<li><strong style=\"color: #555555; font-size: 14.4px;\">\u0160peci\u00e1lne osvetlenie:<\/strong><span style=\"color: #555555; font-size: 14.4px;\">\u00a0Podsvietenie optick\u00fdmi vl\u00e1knami sa pou\u017e\u00edva v r\u00f4znych \u0161pecializovan\u00fdch aplik\u00e1ci\u00e1ch vr\u00e1tane podvodn\u00e9ho osvetlenia a osvetlenia pr\u00edstrojov.<\/span><\/li>\n<\/ul>","protected":false},"excerpt":{"rendered":"<p>Optick\u00e9 podsvietenie pon\u00faka jedine\u010dn\u00e9 a v\u0161estrann\u00e9 rie\u0161enie osvetlenia. V\u010faka kombin\u00e1cii vzdialen\u00e9ho zdroja svetla, rovnomern\u00e9ho rozlo\u017eenia svetla, vysokej \u00fa\u010dinnosti a flexibilite dizajnu je cennou technol\u00f3giou pre r\u00f4zne aplik\u00e1cie. S technologick\u00fdm pokrokom sa o\u010dak\u00e1va, \u017ee podsvietenie optick\u00fdmi vl\u00e1knami n\u00e1jde v bud\u00facnosti e\u0161te inovat\u00edvnej\u0161ie vyu\u017eitie.<\/p>","protected":false},"featured_media":1539,"comment_status":"closed","ping_status":"closed","template":"","meta":[],"product_cat":[15],"product_tag":[],"_links":{"self":[{"href":"https:\/\/backlightmfg.com\/sk\/wp-json\/wp\/v2\/product\/1549"}],"collection":[{"href":"https:\/\/backlightmfg.com\/sk\/wp-json\/wp\/v2\/product"}],"about":[{"href":"https:\/\/backlightmfg.com\/sk\/wp-json\/wp\/v2\/types\/product"}],"replies":[{"embeddable":true,"href":"https:\/\/backlightmfg.com\/sk\/wp-json\/wp\/v2\/comments?post=1549"}],"wp:featuredmedia":[{"embeddable":true,"href":"https:\/\/backlightmfg.com\/sk\/wp-json\/wp\/v2\/media\/1539"}],"wp:attachment":[{"href":"https:\/\/backlightmfg.com\/sk\/wp-json\/wp\/v2\/media?parent=1549"}],"wp:term":[{"taxonomy":"product_cat","embeddable":true,"href":"https:\/\/backlightmfg.com\/sk\/wp-json\/wp\/v2\/product_cat?post=1549"},{"taxonomy":"product_tag","embeddable":true,"href":"https:\/\/backlightmfg.com\/sk\/wp-json\/wp\/v2\/product_tag?post=1549"}],"curies":[{"name":"wp","href":"https:\/\/api.w.org\/{rel}","templated":true}]}}