{"id":2011,"date":"2024-09-14T08:11:32","date_gmt":"2024-09-14T08:11:32","guid":{"rendered":"https:\/\/backlightmfg.com\/?page_id=2011"},"modified":"2024-09-14T08:48:30","modified_gmt":"2024-09-14T08:48:30","slug":"fiber-optic-backlight-panels","status":"publish","type":"page","link":"https:\/\/backlightmfg.com\/sk\/fiber-optic-backlight-panels\/","title":{"rendered":"Panely s podsvieten\u00edm z optick\u00fdch vl\u00e1kien"},"content":{"rendered":"<div class=\"banner has-hover has-parallax\" id=\"banner-1559927773\">\n          <div class=\"banner-inner fill\">\n        <div class=\"banner-bg fill\" data-parallax=\"-3\" data-parallax-container=\".banner\" data-parallax-background>\n            <div class=\"bg fill bg-fill\"><\/div>\n                                    \n                    <\/div>\n\t\t\n        <div class=\"banner-layers container\">\n            <div class=\"fill banner-link\"><\/div>            \n   <div id=\"text-box-1500176810\" class=\"text-box banner-layer x50 md-x85 lg-x85 y50 md-y50 lg-y50 res-text\">\n                     <div data-animate=\"fadeInLeft\">           <div class=\"text-box-content text dark\">\n              \n              <div class=\"text-inner text-center\">\n                  \n<h1 style=\"text-align: center;\">Panel podsvietenia s optick\u00fdmi vl\u00e1knami<\/h1>\n              <\/div>\n           <\/div>\n       <\/div>                     \n<style>\n#text-box-1500176810 {\n  width: 80%;\n}\n#text-box-1500176810 .text-box-content {\n  font-size: 100%;\n}\n@media (min-width:550px) {\n  #text-box-1500176810 {\n    width: 66%;\n  }\n}\n<\/style>\n    <\/div>\n \n        <\/div>\n      <\/div>\n\n            \n<style>\n#banner-1559927773 {\n  padding-top: 200px;\n}\n#banner-1559927773 .bg.bg-loaded {\n  background-image: 8950;\n}\n#banner-1559927773 .overlay {\n  background-color: rgba(0, 0, 0, 0.3);\n}\n#banner-1559927773 .bg {\n  background-position: 35% 23%;\n}\n<\/style>\n  <\/div>\n\n\n\t<section class=\"section\" id=\"section_577414667\">\n\t\t<div class=\"bg section-bg fill bg-fill  bg-loaded\" >\n\n\t\t\t\n\t\t\t\n\t\t\t\n\n\t\t<\/div>\n\n\t\t\n\n\t\t<div class=\"section-content relative\">\n\t\t\t\n<div class=\"row\"  id=\"row-1815619201\">\n\n\t<div id=\"col-1511253801\" class=\"col small-12 large-12\"  >\n\t\t\t\t<div class=\"col-inner\"  >\n\t\t\t\n\t\t\t\n<h2 class=\"\" style=\"text-align: center;\" data-sourcepos=\"1:1-1:54\">Panely s podsvieten\u00edm z optick\u00fdch vl\u00e1kien: Osvet\u013eovacie displeje<\/h2>\n<p data-sourcepos=\"3:1-3:121\">Panely s optick\u00fdm podsvieten\u00edm s\u00fa typom zobrazovacej technol\u00f3gie, ktor\u00e1 vyu\u017e\u00edva optick\u00e9 vl\u00e1kna na smerovanie svetla zo zdroja na zadn\u00fa stranu obrazovky, \u010d\u00edm sa vytv\u00e1ra rovnomern\u00e9 a jasn\u00e9 osvetlenie. T\u00e1to technol\u00f3gia sa be\u017ene pou\u017e\u00edva v displejoch LCD a OLED.<\/p>\n\t\t<\/div>\n\t\t\t\t\t<\/div>\n\n\t\n<\/div>\n<div class=\"row\"  id=\"row-2041989280\">\n\n\t<div id=\"col-1010974637\" class=\"col small-12 large-12\"  >\n\t\t\t\t<div class=\"col-inner\"  >\n\t\t\t\n\t\t\t\n\t<div class=\"img has-hover x md-x lg-x y md-y lg-y\" id=\"image_1940956583\">\n\t\t\t\t\t\t\t\t<div class=\"img-inner dark\" >\n\t\t\t<img loading=\"lazy\" decoding=\"async\" width=\"1020\" height=\"631\" src=\"https:\/\/backlightmfg.com\/wp-content\/uploads\/2024\/09\/1625228552-1024x633.jpg\" class=\"attachment-large size-large\" alt=\"Panely s podsvieten\u00edm z optick\u00fdch vl\u00e1kien\" srcset=\"https:\/\/backlightmfg.com\/wp-content\/uploads\/2024\/09\/1625228552-1024x633.jpg 1024w, https:\/\/backlightmfg.com\/wp-content\/uploads\/2024\/09\/1625228552-300x186.jpg 300w, https:\/\/backlightmfg.com\/wp-content\/uploads\/2024\/09\/1625228552-768x475.jpg 768w, https:\/\/backlightmfg.com\/wp-content\/uploads\/2024\/09\/1625228552-1536x950.jpg 1536w, https:\/\/backlightmfg.com\/wp-content\/uploads\/2024\/09\/1625228552-18x12.jpg 18w, https:\/\/backlightmfg.com\/wp-content\/uploads\/2024\/09\/1625228552-510x315.jpg 510w, https:\/\/backlightmfg.com\/wp-content\/uploads\/2024\/09\/1625228552.jpg 1990w\" sizes=\"(max-width: 1020px) 100vw, 1020px\" \/>\t\t\t\t\t\t\n\t\t\t\t\t<\/div>\n\t\t\t\t\t\t\t\t\n<style>\n#image_1940956583 {\n  width: 100%;\n}\n<\/style>\n\t<\/div>\n\t\n\t\t<\/div>\n\t\t\t\t\t<\/div>\n\n\t\n<\/div>\n\t\t<\/div>\n\n\t\t\n<style>\n#section_577414667 {\n  padding-top: 30px;\n  padding-bottom: 30px;\n}\n<\/style>\n\t<\/section>\n\t\n\t<section class=\"section\" id=\"section_2038113862\">\n\t\t<div class=\"bg section-bg fill bg-fill  bg-loaded\" >\n\n\t\t\t\n\t\t\t\n\t\t\t\n\n\t\t<\/div>\n\n\t\t\n\n\t\t<div class=\"section-content relative\">\n\t\t\t\n<div class=\"row\"  id=\"row-1456072216\">\n\n\t<div id=\"col-1559026477\" class=\"col medium-6 small-12 large-6\"  >\n\t\t\t\t<div class=\"col-inner\"  >\n\t\t\t\n\t\t\t\n\t<div class=\"img has-hover x md-x lg-x y md-y lg-y\" id=\"image_870715251\">\n\t\t\t\t\t\t\t\t<div class=\"img-inner image-cover dark\" style=\"padding-top:100%;\">\n\t\t\t<img loading=\"lazy\" decoding=\"async\" width=\"2560\" height=\"1920\" src=\"https:\/\/backlightmfg.com\/wp-content\/uploads\/2024\/09\/1625232631-scaled.jpg\" class=\"attachment-original size-original\" alt=\"Osvetlenie optick\u00fdmi vl\u00e1knami\" srcset=\"https:\/\/backlightmfg.com\/wp-content\/uploads\/2024\/09\/1625232631-scaled.jpg 2560w, https:\/\/backlightmfg.com\/wp-content\/uploads\/2024\/09\/1625232631-300x225.jpg 300w, https:\/\/backlightmfg.com\/wp-content\/uploads\/2024\/09\/1625232631-1024x768.jpg 1024w, https:\/\/backlightmfg.com\/wp-content\/uploads\/2024\/09\/1625232631-768x576.jpg 768w, https:\/\/backlightmfg.com\/wp-content\/uploads\/2024\/09\/1625232631-1536x1152.jpg 1536w, https:\/\/backlightmfg.com\/wp-content\/uploads\/2024\/09\/1625232631-2048x1536.jpg 2048w, https:\/\/backlightmfg.com\/wp-content\/uploads\/2024\/09\/1625232631-16x12.jpg 16w, https:\/\/backlightmfg.com\/wp-content\/uploads\/2024\/09\/1625232631-510x383.jpg 510w\" sizes=\"(max-width: 2560px) 100vw, 2560px\" \/>\t\t\t\t\t\t\n\t\t\t\t\t<\/div>\n\t\t\t\t\t\t\t\t\n<style>\n#image_870715251 {\n  width: 100%;\n}\n<\/style>\n\t<\/div>\n\t\n\t\t<\/div>\n\t\t\t\t\t<\/div>\n\n\t\n\n\t<div id=\"col-1950652065\" class=\"col medium-6 small-12 large-6\"  >\n\t\t\t\t<div class=\"col-inner\"  >\n\t\t\t\n\t\t\t\n<h3 data-sourcepos=\"5:1-5:41\"><strong>K\u013e\u00fa\u010dov\u00e9 komponenty panelov s optick\u00fdm podsvieten\u00edm:<\/strong><\/h3>\n<ul data-sourcepos=\"7:1-8:63\">\n<li data-sourcepos=\"7:1-7:77\"><strong>Zdroj svetla:<\/strong> Zdroj svetla, zvy\u010dajne LED alebo \u017eiarivky.<\/li>\n<li data-sourcepos=\"8:1-8:63\"><strong>Optick\u00e9 k\u00e1ble:<\/strong> Tenk\u00e9 vl\u00e1kna zo skla alebo plastu, ktor\u00e9 prep\u00fa\u0161\u0165aj\u00fa svetlo.<\/li>\n<li data-sourcepos=\"9:1-9:82\"><strong>Sveteln\u00e1 vodiaca doska:<\/strong> Prieh\u013eadn\u00fd materi\u00e1l, ktor\u00fd rovnomerne rozde\u013euje svetlo.<\/li>\n<li data-sourcepos=\"10:1-10:50\"><strong>Difuz\u00e9r:<\/strong> Materi\u00e1l, ktor\u00fd rozpty\u013euje svetlo a vytv\u00e1ra rovnomern\u00e9 osvetlenie.<\/li>\n<\/ul>\n<h3 data-sourcepos=\"12:1-12:42\"><strong>Ako funguj\u00fa panely s podsvieten\u00edm z optick\u00fdch vl\u00e1kien:<\/strong><\/h3>\n<ol data-sourcepos=\"14:1-18:0\">\n<li data-sourcepos=\"14:1-14:80\"><strong>Emisia svetla:<\/strong> Zdroj svetla vy\u017earuje svetlo do optick\u00fdch k\u00e1blov.<\/li>\n<li data-sourcepos=\"15:1-15:101\"><strong>Prenos svetla:<\/strong> Svetlo prech\u00e1dza cez optick\u00e9 k\u00e1ble do svetlovodnej dosky.<\/li>\n<li data-sourcepos=\"16:1-16:109\"><strong>Distrib\u00facia svetla:<\/strong> Svetlovodn\u00e1 doska rovnomerne rozde\u013euje svetlo po zadnej strane displeja.<\/li>\n<li data-sourcepos=\"17:1-18:0\"><strong>Osvetlenie:<\/strong> Rozpt\u00fdlen\u00e9 svetlo osvet\u013euje obrazovku a vytv\u00e1ra jasn\u00fd a rovnomern\u00fd obraz.<\/li>\n<\/ol>\n\t\t<\/div>\n\t\t\t\t\t<\/div>\n\n\t\n<\/div>\n\t\t<\/div>\n\n\t\t\n<style>\n#section_2038113862 {\n  padding-top: 30px;\n  padding-bottom: 30px;\n  background-color: #c3e7f2;\n}\n<\/style>\n\t<\/section>\n\t\n\t<section class=\"section\" id=\"section_294405289\">\n\t\t<div class=\"bg section-bg fill bg-fill  bg-loaded\" >\n\n\t\t\t\n\t\t\t\n\t\t\t\n\n\t\t<\/div>\n\n\t\t\n\n\t\t<div class=\"section-content relative\">\n\t\t\t\n<div class=\"row\"  id=\"row-827879694\">\n\n\t<div id=\"col-540135519\" class=\"col medium-6 small-12 large-6\"  >\n\t\t\t\t<div class=\"col-inner\"  >\n\t\t\t\n\t\t\t\n<h3 data-sourcepos=\"19:1-19:45\">V\u00fdhody panelov s podsvieten\u00edm z optick\u00fdch vl\u00e1kien:<\/h3>\n<ul data-sourcepos=\"21:1-21:140\">\n<li data-sourcepos=\"21:1-21:140\"><strong>Rovnomern\u00e9 osvetlenie:<\/strong> Panely s podsvieten\u00edm z optick\u00fdch vl\u00e1kien poskytuj\u00fa rovnomernej\u0161ie a konzistentnej\u0161ie osvetlenie v porovnan\u00ed s tradi\u010dn\u00fdm podsvieten\u00edm s okrajov\u00fdm alebo priamym osvetlen\u00edm.<\/li>\n<li data-sourcepos=\"22:1-22:141\"><strong>Energetick\u00e1 \u00fa\u010dinnos\u0165:<\/strong> M\u00f4\u017eu by\u0165 energeticky \u00faspornej\u0161ie ako in\u00e9 technol\u00f3gie podsvietenia, najm\u00e4 ak sa pou\u017e\u00edvaj\u00fa s vysoko \u00fa\u010dinn\u00fdmi di\u00f3dami LED.<\/li>\n<li data-sourcepos=\"23:1-23:99\"><strong>Tenk\u00fd dizajn:<\/strong> Panely s podsvieten\u00edm z optick\u00fdch vl\u00e1kien umo\u017e\u0148uj\u00fa ten\u0161ie a kompaktnej\u0161ie kon\u0161trukcie displejov.<\/li>\n<li data-sourcepos=\"24:1-25:0\"><strong>Flexibilita:<\/strong> Daj\u00fa sa prisp\u00f4sobi\u0165 r\u00f4znym ve\u013ekostiam a tvarom displejov.<\/li>\n<\/ul>\n<h3 data-sourcepos=\"26:1-26:49\">Aplik\u00e1cie panelov s podsvieten\u00edm z optick\u00fdch vl\u00e1kien:<\/h3>\n<ul data-sourcepos=\"28:1-31:0\">\n<li data-sourcepos=\"28:1-28:72\"><strong>LCD displeje:<\/strong> Pou\u017e\u00edva sa v telev\u00edzoroch, po\u010d\u00edta\u010dov\u00fdch monitoroch a prenosn\u00fdch po\u010d\u00edta\u010doch.<\/li>\n<li data-sourcepos=\"29:1-29:68\"><strong>Displeje OLED:<\/strong> Pou\u017e\u00edva sa v smartf\u00f3noch, tabletoch a \u0161pi\u010dkov\u00fdch telev\u00edzoroch.<\/li>\n<li data-sourcepos=\"30:1-31:0\"><strong>Digit\u00e1lna reklama:<\/strong> Pou\u017e\u00edva sa v reklamn\u00fdch displejoch a digit\u00e1lnych billboardoch.<\/li>\n<\/ul>\n<p data-sourcepos=\"32:1-32:30\"><strong>Panely s podsvieten\u00edm z optick\u00fdch vl\u00e1kien sa stali ob\u013e\u00fabenou vo\u013ebou pre modern\u00fa zobrazovaciu technol\u00f3giu v\u010faka svojim v\u00fdhod\u00e1m z h\u013eadiska kvality osvetlenia, energetickej \u00fa\u010dinnosti a flexibility dizajnu.<\/strong><\/p>\n\t\t<\/div>\n\t\t\t\t\t<\/div>\n\n\t\n\n\t<div id=\"col-654639110\" class=\"col medium-6 small-12 large-6\"  >\n\t\t\t\t<div class=\"col-inner\"  >\n\t\t\t\n\t\t\t\n\t<div class=\"img has-hover x md-x lg-x y md-y lg-y\" id=\"image_429839322\">\n\t\t\t\t\t\t\t\t<div class=\"img-inner image-cover dark\" style=\"padding-top:100%;\">\n\t\t\t<img loading=\"lazy\" decoding=\"async\" width=\"685\" height=\"667\" src=\"https:\/\/backlightmfg.com\/wp-content\/uploads\/2024\/09\/1625230825.png\" class=\"attachment-original size-original\" alt=\"Aplik\u00e1cie panelov s podsvieten\u00edm z optick\u00fdch vl\u00e1kien\" srcset=\"https:\/\/backlightmfg.com\/wp-content\/uploads\/2024\/09\/1625230825.png 685w, https:\/\/backlightmfg.com\/wp-content\/uploads\/2024\/09\/1625230825-300x292.png 300w, https:\/\/backlightmfg.com\/wp-content\/uploads\/2024\/09\/1625230825-12x12.png 12w, https:\/\/backlightmfg.com\/wp-content\/uploads\/2024\/09\/1625230825-510x497.png 510w\" sizes=\"(max-width: 685px) 100vw, 685px\" \/>\t\t\t\t\t\t\n\t\t\t\t\t<\/div>\n\t\t\t\t\t\t\t\t\n<style>\n#image_429839322 {\n  width: 100%;\n}\n<\/style>\n\t<\/div>\n\t\n\t\t<\/div>\n\t\t\t\t\t<\/div>\n\n\t\n<\/div>\n\t\t<\/div>\n\n\t\t\n<style>\n#section_294405289 {\n  padding-top: 30px;\n  padding-bottom: 30px;\n}\n<\/style>\n\t<\/section>\n\t\n\t<section class=\"section\" id=\"section_502322183\">\n\t\t<div class=\"bg section-bg fill bg-fill  bg-loaded\" >\n\n\t\t\t\n\t\t\t\n\t\t\t\n\n\t\t<\/div>\n\n\t\t\n\n\t\t<div class=\"section-content relative\">\n\t\t\t\n<div class=\"row\"  id=\"row-911582145\">\n\n\t<div id=\"col-1915814786\" class=\"col small-12 large-12\"  >\n\t\t\t\t<div class=\"col-inner\"  >\n\t\t\t\n\t\t\t\n<h2 class=\"\" style=\"text-align: center;\" data-sourcepos=\"1:1-1:61\">OEM panely s optick\u00fdm podsvieten\u00edm: Prisp\u00f4sobenie displeja<\/h2>\n<p data-sourcepos=\"3:1-3:126\"><strong>Reyera ako OEM panely s podsvieten\u00edm z optick\u00fdch vl\u00e1kien<\/strong> pon\u00fakaj\u00fa prisp\u00f4sobite\u013en\u00e9 rie\u0161enie pre podniky, ktor\u00e9 chc\u00fa do svojich produktov zabudova\u0165 vysokokvalitn\u00e9 osvetlenie. Tieto panely je mo\u017en\u00e9 prisp\u00f4sobi\u0165 va\u0161im \u0161pecifick\u00fdm po\u017eiadavk\u00e1m, \u010d\u00edm sa zabezpe\u010d\u00ed optim\u00e1lny v\u00fdkon a estetika.<\/p>\n<p data-sourcepos=\"5:1-5:34\"><strong>V\u00fdhody panelov s podsvieten\u00edm z optick\u00fdch vl\u00e1kien OEM:<\/strong><\/p>\n<ul data-sourcepos=\"7:1-8:27\">\n<li data-sourcepos=\"7:1-7:112\"><strong>Prisp\u00f4sobenie:<\/strong> Prisp\u00f4sobte si ve\u013ekos\u0165, tvar, jas a teplotu farieb panela presne pod\u013ea svojich potrieb.<\/li>\n<li data-sourcepos=\"8:1-8:27\"><strong>Zna\u010dkovanie:<\/strong> Do panela m\u00f4\u017eete zakomponova\u0165 logo svojej zna\u010dky alebo dizajnov\u00e9 prvky, \u010d\u00edm z\u00edskate jedine\u010dn\u00fd vzh\u013ead.<\/li>\n<li data-sourcepos=\"9:1-9:97\"><strong>N\u00e1kladovo efekt\u00edvne:<\/strong> V\u00fdroba OEM m\u00f4\u017ee \u010dasto pon\u00faknu\u0165 konkuren\u010dn\u00e9 ceny pre ve\u013ek\u00e9 mno\u017estv\u00e1.<\/li>\n<li data-sourcepos=\"10:1-10:1\"><strong>Kontrola kvality:<\/strong> Spolupracujte s renomovan\u00fdmi v\u00fdrobcami, aby ste zabezpe\u010dili vysok\u00fa kvalitu v\u00fdrobkov a spo\u013eahliv\u00fd v\u00fdkon.<\/li>\n<\/ul>\n<p data-sourcepos=\"12:1-12:26\"><strong>Mo\u017enosti prisp\u00f4sobenia:<\/strong><\/p>\n<ul data-sourcepos=\"14:1-18:0\">\n<li data-sourcepos=\"14:1-14:91\"><strong>Ve\u013ekos\u0165 a tvar:<\/strong> Vyberte si rozmery a tvar panela tak, aby vyhovoval dizajnu v\u00e1\u0161ho displeja.<\/li>\n<li data-sourcepos=\"15:1-15:118\"><strong>Jas a teplota farieb:<\/strong> Nastavte intenzitu svetla a farebn\u00e9 spektrum tak, aby zodpovedali va\u0161ej po\u017eadovanej estetike.<\/li>\n<li data-sourcepos=\"16:1-16:108\"><strong>Distrib\u00facia svetla:<\/strong> Prisp\u00f4sobte si vzor rozlo\u017eenia svetla na dosiahnutie \u0161pecifick\u00fdch efektov osvetlenia.<\/li>\n<li data-sourcepos=\"17:1-18:0\"><strong>Integr\u00e1cia:<\/strong> Integrujte \u010fal\u0161ie funkcie, ako s\u00fa dotykov\u00e9 senzory alebo senzory okolit\u00e9ho svetla.<\/li>\n<\/ul>\n<p data-sourcepos=\"19:1-19:98\"><strong>Pre\u010do si vybra\u0165 v\u00fdrobcu panelov s podsvieten\u00edm z optick\u00fdch vl\u00e1kien Reyera OEM:<\/strong><\/p>\n<ul data-sourcepos=\"21:1-21:100\">\n<li data-sourcepos=\"21:1-21:100\"><strong>Sk\u00fasenosti:<\/strong> H\u013eadajte v\u00fdrobcov so sk\u00fasenos\u0165ami s v\u00fdrobou vysokokvalitn\u00fdch panelov podsvietenia.<\/li>\n<li data-sourcepos=\"22:1-22:121\"><strong>Schopnosti:<\/strong> Uistite sa, \u017ee v\u00fdrobca m\u00e1 potrebn\u00e9 vybavenie a odborn\u00e9 znalosti na splnenie va\u0161ich \u0161pecifick\u00fdch po\u017eiadaviek.<\/li>\n<li data-sourcepos=\"23:1-23:94\"><strong>\u010cas realiz\u00e1cie:<\/strong> Zv\u00e1\u017ete v\u00fdrobn\u00e9 lehoty v\u00fdrobcu, aby ste zabezpe\u010dili v\u010dasn\u00e9 dodanie.<\/li>\n<li data-sourcepos=\"24:1-25:0\"><strong>Popredajn\u00e1 podpora:<\/strong> Vyberte si v\u00fdrobcu, ktor\u00fd poskytuje spo\u013eahliv\u00fa popredajn\u00fa podporu a z\u00e1ruku.<\/li>\n<\/ul>\n\t\t<\/div>\n\t\t\t\t\t<\/div>\n\n\t\n<\/div>\n\t\t<\/div>\n\n\t\t\n<style>\n#section_502322183 {\n  padding-top: 30px;\n  padding-bottom: 30px;\n  background-color: #c3e7f2;\n}\n<\/style>\n\t<\/section>\n\t\n\t<section class=\"section\" id=\"section_1216478679\">\n\t\t<div class=\"bg section-bg fill bg-fill  bg-loaded\" >\n\n\t\t\t\n\t\t\t\n\t\t\t\n\n\t\t<\/div>\n\n\t\t\n\n\t\t<div class=\"section-content relative\">\n\t\t\t\n<div class=\"row\"  id=\"row-1864366842\">\n\n\t<div id=\"col-425632183\" class=\"col small-12 large-12\"  >\n\t\t\t\t<div class=\"col-inner\"  >\n\t\t\t\n\t\t\t\n<h2 style=\"text-align: center;\">Kontaktujte n\u00e1s<\/h2>\n\t\t<\/div>\n\t\t\t\t\t<\/div>\n\n\t\n<\/div>\n<div class=\"row\"  id=\"row-631542071\">\n\n\t<div id=\"col-1053323683\" class=\"col small-12 large-12\"  >\n\t\t\t\t<div class=\"col-inner\"  >\n\t\t\t\n\t\t\t\n\n<div class=\"wpcf7 no-js\" id=\"wpcf7-f280-o1\" lang=\"en-US\" dir=\"ltr\">\n<div class=\"screen-reader-response\"><p role=\"status\" aria-live=\"polite\" aria-atomic=\"true\"><\/p> <ul><\/ul><\/div>\n<form action=\"\/sk\/wp-json\/wp\/v2\/pages\/2011#wpcf7-f280-o1\" method=\"post\" class=\"wpcf7-form init\" aria-label=\"Kontaktn\u00fd formul\u00e1r\" novalidate=\"novalidate\" data-status=\"init\" data-trp-original-action=\"\/sk\/wp-json\/wp\/v2\/pages\/2011#wpcf7-f280-o1\">\n<div style=\"display: none;\">\n<input type=\"hidden\" name=\"_wpcf7\" value=\"280\" \/>\n<input type=\"hidden\" name=\"_wpcf7_version\" value=\"5.9.6\" \/>\n<input type=\"hidden\" name=\"_wpcf7_locale\" value=\"en_US\" \/>\n<input type=\"hidden\" name=\"_wpcf7_unit_tag\" value=\"wpcf7-f280-o1\" \/>\n<input type=\"hidden\" name=\"_wpcf7_container_post\" value=\"0\" \/>\n<input type=\"hidden\" name=\"_wpcf7_posted_data_hash\" value=\"\" \/>\n<\/div>\n<div class='custom_contact_style'>\n\t<div class=\"row row-small\">\n\t\t<div class=\"col medium-6 small-12 large-6\">\n\t\t\t<div class=\"col-inner\">\n\t\t\t\t<p><span class=\"wpcf7-form-control-wrap\" data-name=\"your-name\"><input size=\"40\" maxlength=\"80\" class=\"wpcf7-form-control wpcf7-text wpcf7-validates-as-required\" aria-required=\"true\" aria-invalid=\"false\" placeholder=\"N\u00e1zov*\" value=\"\" type=\"text\" name=\"your-name\" \/><\/span>\n\t\t\t\t<\/p>\n\t\t\t<\/div>\n\t\t<\/div>\n\t\t<div class=\"col medium-6 small-12 large-6\">\n\t\t\t<div class=\"col-inner\">\n\t\t\t\t<p><span class=\"wpcf7-form-control-wrap\" data-name=\"your-email\"><input size=\"40\" maxlength=\"80\" class=\"wpcf7-form-control wpcf7-email wpcf7-validates-as-required wpcf7-text wpcf7-validates-as-email\" aria-required=\"true\" aria-invalid=\"false\" placeholder=\"E-mail*\" value=\"\" type=\"email\" name=\"your-email\" \/><\/span>\n\t\t\t\t<\/p>\n\t\t\t<\/div>\n\t\t<\/div>\n\t<\/div>\n\t<div class='cus_contact_form_bottom'>\n\t\t<p><span class=\"wpcf7-form-control-wrap\" data-name=\"your-phone\"><input size=\"40\" maxlength=\"80\" class=\"wpcf7-form-control wpcf7-text\" aria-invalid=\"false\" placeholder=\"Telef\u00f3n\" value=\"\" type=\"text\" name=\"your-phone\" \/><\/span>\n\t\t<\/p>\n\t<\/div>\n\t<div class='cus_contact_form_bottom'>\n\t\t<p><span class=\"wpcf7-form-control-wrap\" data-name=\"your-country\"><input size=\"40\" maxlength=\"80\" class=\"wpcf7-form-control wpcf7-text\" aria-invalid=\"false\" placeholder=\"Krajina\" value=\"\" type=\"text\" name=\"your-country\" \/><\/span>\n\t\t<\/p>\n\t<\/div>\n\t<p><span class=\"wpcf7-form-control-wrap\" data-name=\"your-message\"><textarea cols=\"40\" rows=\"10\" maxlength=\"400\" class=\"wpcf7-form-control wpcf7-textarea wpcf7-validates-as-required\" aria-required=\"true\" aria-invalid=\"false\" placeholder=\"Va\u0161a spr\u00e1va *\" name=\"your-message\"><\/textarea><\/span>\n\t<\/p>\n\t<div style=\"margin-bottom:10px;\">\n\t\t<p><span class=\"wpcf7-form-control-wrap kc_captcha cf7ic-toggle\" data-name=\"kc_captcha\"><span class=\"wpcf7-form-control wpcf7-radio\"><span class=\"captcha-image\" style=\"display: none;\"><span class=\"cf7ic_instructions\">Pros\u00edm, preuk\u00e1\u017ete, \u017ee ste \u010dlovek, v\u00fdberom<span> lietadlo<\/span>.<\/span><label><input aria-label=\"1\" type=\"radio\" name=\"kc_captcha\" value=\"bot\" \/><svg aria-hidden=\"true\" role=\"img\" xmlns=\"http:\/\/www.w3.org\/2000\/svg\" viewbox=\"0 0 576 512\"><path fill=\"currentColor\" d=\"M259 18l-65 132-146 22c-26 3-37 36-18 54l106 103-25 146c-5 26 23 46 46 33l131-68 131 68c23 13 51-7 46-33l-25-146 106-103c19-18 8-51-18-54l-146-22-65-132a32 32 0 00-58 0z\"\/><\/svg><\/label><label><input aria-label=\"2\" type=\"radio\" name=\"kc_captcha\" value=\"bot\" \/><svg aria-hidden=\"true\" role=\"img\" xmlns=\"http:\/\/www.w3.org\/2000\/svg\" viewbox=\"0 0 640 512\"><path fill=\"currentColor\" d=\"M192 384h192c53 0 96-43 96-96h32a128 128 0 000-256H120c-13 0-24 11-24 24v232c0 53 43 96 96 96zM512 96a64 64 0 010 128h-32V96h32zm48 384H48c-47 0-61-64-36-64h584c25 0 11 64-36 64z\"\/><\/svg><\/label><label><input aria-label=\"3\" type=\"radio\" name=\"kc_captcha\" value=\"kc_human\" \/><svg aria-hidden=\"true\" role=\"img\" xmlns=\"http:\/\/www.w3.org\/2000\/svg\" viewbox=\"0 0 576 512\"><path fill=\"currentColor\" d=\"M472 200H360L256 6a12 12 0 00-10-6h-58c-8 0-14 7-12 15l34 185H100l-35-58a12 12 0 00-10-6H12c-8 0-13 7-12 14l21 106L0 362c-1 7 4 14 12 14h43c4 0 8-2 10-6l35-58h110l-34 185c-2 8 4 15 12 15h58a12 12 0 0010-6l104-194h112c57 0 104-25 104-56s-47-56-104-56z\"\/><\/svg><\/label>\r\n    <\/span>\r\n    <span style=\"display:none\">\r\n        <input type=\"text\" name=\"kc_honeypot\">\r\n    <\/span><\/span><\/span>\n\t\t<\/p>\n\t<\/div>\n\t<p><input class=\"wpcf7-form-control wpcf7-submit has-spinner\" type=\"submit\" value=\"Odosla\u0165 spr\u00e1vu\" \/>\n\t<\/p>\n<\/div><div class=\"wpcf7-response-output\" aria-hidden=\"true\"><\/div>\n<input type=\"hidden\" name=\"trp-form-language\" value=\"sk\"\/><\/form>\n<\/div>\n\n\t\t<\/div>\n\t\t\t\t\t<\/div>\n\n\t\n<\/div>\n\t\t<\/div>\n\n\t\t\n<style>\n#section_1216478679 {\n  padding-top: 30px;\n  padding-bottom: 30px;\n}\n<\/style>\n\t<\/section>","protected":false},"excerpt":{"rendered":"","protected":false},"author":1,"featured_media":0,"parent":0,"menu_order":0,"comment_status":"closed","ping_status":"closed","template":"page-blank.php","meta":{"footnotes":""},"_links":{"self":[{"href":"https:\/\/backlightmfg.com\/sk\/wp-json\/wp\/v2\/pages\/2011"}],"collection":[{"href":"https:\/\/backlightmfg.com\/sk\/wp-json\/wp\/v2\/pages"}],"about":[{"href":"https:\/\/backlightmfg.com\/sk\/wp-json\/wp\/v2\/types\/page"}],"author":[{"embeddable":true,"href":"https:\/\/backlightmfg.com\/sk\/wp-json\/wp\/v2\/users\/1"}],"replies":[{"embeddable":true,"href":"https:\/\/backlightmfg.com\/sk\/wp-json\/wp\/v2\/comments?post=2011"}],"version-history":[{"count":20,"href":"https:\/\/backlightmfg.com\/sk\/wp-json\/wp\/v2\/pages\/2011\/revisions"}],"predecessor-version":[{"id":2047,"href":"https:\/\/backlightmfg.com\/sk\/wp-json\/wp\/v2\/pages\/2011\/revisions\/2047"}],"wp:attachment":[{"href":"https:\/\/backlightmfg.com\/sk\/wp-json\/wp\/v2\/media?parent=2011"}],"curies":[{"name":"wp","href":"https:\/\/api.w.org\/{rel}","templated":true}]}}