{"id":1790,"date":"2024-08-03T02:08:10","date_gmt":"2024-08-03T02:08:10","guid":{"rendered":"https:\/\/backlightmfg.com\/?post_type=product&#038;p=1790"},"modified":"2025-07-14T08:33:49","modified_gmt":"2025-07-14T08:33:49","slug":"lgp-backlight","status":"publish","type":"product","link":"https:\/\/backlightmfg.com\/ro\/lgp-backlight\/","title":{"rendered":"LGP Lumina de fundal"},"content":{"rendered":"<h3><strong><span class=\"Y2IQFc\" lang=\"en\">Tehnologia microstructurii LGP (protec\u021bia mediului) \uff1a<\/span><\/strong><\/h3>\n<p>Conversia de la procesul original de imprimare la procesul de presare la cald, produc\u021bia automatizat\u0103, randamentul ridicat \u0219i efectul vizual excelent.Acesta include Micro_structura LGP \u0219i cerneal\u0103 de imprimare LGP.<\/p>\n<h4><b>Ce este micro_structura?<\/b><\/h4>\n<ul>\n<li>Dac\u0103 dimensiunea modelului de LGP care poate fi controlat este mai mic\u0103 de 100 um. \u00cel putem numi micro_structur\u0103.<\/li>\n<\/ul>\n<h4><strong>Imprimare cu cerneal\u0103<\/strong><\/h4>\n<ul>\n<li>Dimensiunea modelului este de 0,4 mm (diametru minim).<\/li>\n<\/ul>\n<h4 class=\"tw-data-text tw-text-large tw-ta\" dir=\"ltr\" data-placeholder=\"Translation\" aria-label=\"Text tradus\" data-ved=\"2ahUKEwii-OPw3deHAxXnha8BHe_AMVoQ3ewLegQIDRAU\"><strong><span class=\"Y2IQFc\" lang=\"en\">Modul de ghidare a luminii-<\/span><span class=\"Y2IQFc\" lang=\"en\">Sub\u021bierea<\/span><\/strong><\/h4>\n<ul>\n<li>Grosimea total\u0103 a modulului de ghidare a luminii variaz\u0103 de la 0,8 la 2 mm. Placa de lumin\u0103 poate fi realizat\u0103 din plac\u0103 moale (FPC) sau plac\u0103 dur\u0103 (PCB) \u00een func\u021bie de nevoile clientului.<\/li>\n<\/ul>\n<h4 class=\"tw-data-text tw-text-large tw-ta\" dir=\"ltr\" data-placeholder=\"Translation\" aria-label=\"Text tradus\" data-ved=\"2ahUKEwii-OPw3deHAxXnha8BHe_AMVoQ3ewLegQIDRAU\"><strong><span class=\"Y2IQFc\" lang=\"en\">Modul de ghidare a luminii-<\/span><span class=\"Y2IQFc\" lang=\"en\">Flexibilitate<\/span><\/strong><\/h4>\n<ul>\n<li>Modulul s\u0103u de ghidare a luminii sub\u021bire din placa moale are o bun\u0103 flexibilitate, iar lipiciul gros poate fi utilizat pentru a-l potrivi \u00een func\u021bie de aspectul produsului.<\/li>\n<\/ul>\n<h4 id=\"tw-target-text\" class=\"tw-data-text tw-text-large tw-ta\" dir=\"ltr\" data-placeholder=\"Translation\" aria-label=\"Text tradus\" data-ved=\"2ahUKEwii-OPw3deHAxXnha8BHe_AMVoQ3ewLegQIDRAU\"><strong><span class=\"Y2IQFc\" lang=\"en\">Modul de ghidare a luminii - personalizare<\/span><\/strong><\/h4>\n<ul>\n<li id=\"tw-target-text\" class=\"tw-data-text tw-text-large tw-ta\" dir=\"ltr\" data-placeholder=\"Translation\" aria-label=\"Text tradus\" data-ved=\"2ahUKEwii-OPw3deHAxXnha8BHe_AMVoQ3ewLegQIDRAU\"><span class=\"Y2IQFc\" lang=\"en\">Diferite module de ghidare a luminii pot fi proiectate \u00een func\u021bie de diferitele nevoi ale clien\u021bilor pentru a ob\u021bine efectele cerute de ace\u0219tia.<\/span><\/li>\n<\/ul>\n<div id=\"KnM9nf\" class=\"PZPZlf\" data-attrid=\"tw-sourceArea\" data-entityname=\"Google Translate\">\n<div id=\"tw-source\">\n<div id=\"tw-source-rmn-container\" class=\"tw-ta-container F0azHf tw-nfl\">\n<h3 id=\"tw-source-rmn\" class=\"tw-data-text tw-text-small tw-ta\" dir=\"ltr\"><strong>Aplica\u021bie<\/strong><\/h3>\n<ul>\n<li>Tip normal - Sub cauciuc<\/li>\n<li>\u00centre cheie \u0219i cauciuc<\/li>\n<li>Co-mulare<\/li>\n<\/ul>\n<\/div>\n<\/div>\n<\/div>","protected":false},"excerpt":{"rendered":"<p id=\"tw-target-text\" class=\"tw-data-text tw-text-large tw-ta\" dir=\"ltr\" data-placeholder=\"Translation\" aria-label=\"Text tradus\" data-ved=\"2ahUKEwii-OPw3deHAxXnha8BHe_AMVoQ3ewLegQIDRAU\"><span class=\"Y2IQFc\" lang=\"en\">Modulele fotoelectrice LED de ghidare a luminii sunt utilizate \u00een ora\u0219e inteligente, vehicule inteligente, aparate electrocasnice inteligente \u0219i periferice e-sports. Tendin\u021bele viitoare de dezvoltare a modulelor de ghidare a luminii<\/span><\/p>\n<ul>\n<li><span class=\"Y2IQFc\" lang=\"en\">Tehnologia microstructurii LGP (protec\u021bia mediului)<br \/>\n<\/span><\/li>\n<li><span class=\"Y2IQFc\" lang=\"en\">Sub\u021bierea<br \/>\n<\/span><\/li>\n<li><span class=\"Y2IQFc\" lang=\"en\">Flexibilitate<br \/>\n<\/span><\/li>\n<li><span class=\"Y2IQFc\" lang=\"en\">Modul de ghidare a luminii RGB<br \/>\n<\/span><\/li>\n<li><span class=\"Y2IQFc\" lang=\"en\">Band\u0103 de lumin\u0103 RGB programabil\u0103<br \/>\n<\/span><\/li>\n<li><span class=\"Y2IQFc\" lang=\"en\">Band\u0103 de lumin\u0103 RGB cu schimbare fix\u0103<\/span><\/li>\n<\/ul>","protected":false},"featured_media":1791,"comment_status":"open","ping_status":"closed","template":"","meta":[],"product_cat":[15],"product_tag":[],"_links":{"self":[{"href":"https:\/\/backlightmfg.com\/ro\/wp-json\/wp\/v2\/product\/1790"}],"collection":[{"href":"https:\/\/backlightmfg.com\/ro\/wp-json\/wp\/v2\/product"}],"about":[{"href":"https:\/\/backlightmfg.com\/ro\/wp-json\/wp\/v2\/types\/product"}],"replies":[{"embeddable":true,"href":"https:\/\/backlightmfg.com\/ro\/wp-json\/wp\/v2\/comments?post=1790"}],"wp:featuredmedia":[{"embeddable":true,"href":"https:\/\/backlightmfg.com\/ro\/wp-json\/wp\/v2\/media\/1791"}],"wp:attachment":[{"href":"https:\/\/backlightmfg.com\/ro\/wp-json\/wp\/v2\/media?parent=1790"}],"wp:term":[{"taxonomy":"product_cat","embeddable":true,"href":"https:\/\/backlightmfg.com\/ro\/wp-json\/wp\/v2\/product_cat?post=1790"},{"taxonomy":"product_tag","embeddable":true,"href":"https:\/\/backlightmfg.com\/ro\/wp-json\/wp\/v2\/product_tag?post=1790"}],"curies":[{"name":"wp","href":"https:\/\/api.w.org\/{rel}","templated":true}]}}