{"id":1550,"date":"2024-07-08T08:09:39","date_gmt":"2024-07-08T08:09:39","guid":{"rendered":"https:\/\/backlightmfg.com\/manufacturer\/el-backlighting\/"},"modified":"2024-09-15T06:29:47","modified_gmt":"2024-09-15T06:29:47","slug":"el-backlighting","status":"publish","type":"product","link":"https:\/\/backlightmfg.com\/ro\/el-backlighting\/","title":{"rendered":"Iluminare din spate EL"},"content":{"rendered":"<p>Sursa de lumin\u0103 de fundal EL se caracterizeaz\u0103 prin luminozitate, uniformitate, bl\u00e2nde\u021be \u0219i durabilitate, ceea ce o face aplicabil\u0103 pe scar\u0103 larg\u0103 \u00een diverse domenii, cum ar fi panouri de afi\u0219aj, panouri publicitare comerciale \u0219i iluminat decorativ.<\/p>\n<h3><strong>Principalele avantaje ale luminii de fundal EL:<\/strong><\/h3>\n<ul>\n<li><strong style=\"color: #555555; font-size: 14.4px;\">Eficien\u021b\u0103 energetic\u0103:<\/strong><span style=\"color: #555555; font-size: 14.4px;\">\u00a0Acestea consum\u0103 semnificativ mai pu\u021bin\u0103 energie \u00een compara\u021bie cu l\u0103mpile cu incandescen\u021b\u0103 \u0219i fluorescente, ceea ce se traduce prin costuri de operare mai mici \u0219i un impact redus asupra mediului.<\/span><\/li>\n<li><strong style=\"color: #555555; font-size: 14.4px;\">Uniformitate:<\/strong><span style=\"color: #555555; font-size: 14.4px;\">\u00a0Acestea ofer\u0103 o iluminare uniform\u0103 \u0219i constant\u0103 pe \u00eentreaga suprafa\u021b\u0103, elimin\u00e2nd str\u0103lucirea \u0219i punctele fierbin\u021bi.<\/span><\/li>\n<li><strong style=\"color: #555555; font-size: 14.4px;\">Softness:<\/strong><span style=\"color: #555555; font-size: 14.4px;\">\u00a0Lumina emis\u0103 de luminile de fundal EL este moale \u0219i difuz\u0103, cre\u00e2nd o experien\u021b\u0103 de vizualizare confortabil\u0103 \u0219i pl\u0103cut\u0103.<\/span><\/li>\n<li><strong style=\"color: #555555; font-size: 14.4px;\">Durabilitate: Ele<\/strong><span style=\"color: #555555; font-size: 14.4px;\">\u00a0sunt foarte durabile \u0219i rezistente la \u0219ocuri \u0219i vibra\u021bii, ceea ce le face potrivite pentru aplica\u021bii solicitante.<\/span><\/li>\n<li><strong style=\"color: #555555; font-size: 14.4px;\">Flexibilitate de proiectare:<\/strong><span style=\"color: #555555; font-size: 14.4px;\">\u00a0Acestea pot fi u\u0219or modelate \u0219i personalizate pentru a se potrivi diferitelor cerin\u021be de proiectare.<\/span><\/li>\n<li><strong style=\"color: #555555; font-size: 14.4px;\">Op\u021biuni de culoare:<\/strong><span style=\"color: #555555; font-size: 14.4px;\">\u00a0Acestea pot produce o gam\u0103 larg\u0103 de culori, inclusiv op\u021biuni full-color, sporind atractivitatea vizual\u0103 \u0219i posibilit\u0103\u021bile de design.<\/span><\/li>\n<\/ul>\n<h3><strong style=\"font-size: 23.04px;\">Aplica\u021bii r\u0103sp\u00e2ndite ale luminii de fundal EL:<\/strong><\/h3>\n<p>EL au g\u0103sit aplica\u021bii extinse \u00een diverse domenii:<\/p>\n<ul>\n<li><strong style=\"color: #555555; font-size: 14.4px;\">Panouri de afi\u0219are:<\/strong><span style=\"color: #555555; font-size: 14.4px;\">\u00a0Acestea sunt utilizate \u00een mod obi\u0219nuit \u00een ecranele LCD \u0219i OLED pentru smartphone-uri, tablete, laptopuri \u0219i televizoare.<\/span><\/li>\n<li><strong style=\"color: #555555; font-size: 14.4px;\">Panouri publicitare:<\/strong><span style=\"color: #555555; font-size: 14.4px;\">\u00a0Acestea ilumineaz\u0103 panourile comerciale, oferind reclame atr\u0103g\u0103toare \u0219i vibrante.<\/span><\/li>\n<li><strong style=\"color: #555555; font-size: 14.4px;\">Iluminat decorativ:<\/strong><span style=\"color: #555555; font-size: 14.4px;\">\u00a0Acestea sunt utilizate \u00een corpurile de iluminat decorative, cre\u00e2nd ambian\u021b\u0103 \u0219i accente vizuale.<\/span><\/li>\n<li><strong style=\"color: #555555; font-size: 14.4px;\">Interioare auto:<\/strong><span style=\"color: #555555; font-size: 14.4px;\">\u00a0Acestea sunt \u00eencorporate \u00een tablourile de bord ale autovehiculelor, \u00een panourile de instrumente \u0219i \u00een butoanele de control.<\/span><\/li>\n<li><strong style=\"color: #555555; font-size: 14.4px;\">Dispozitive medicale:<\/strong><span style=\"color: #555555; font-size: 14.4px;\">\u00a0Acestea sunt utilizate \u00een echipamentele medicale pentru o vizualizare clar\u0103 \u0219i precis\u0103.<\/span><\/li>\n<li><strong style=\"color: #555555; font-size: 14.4px;\">Aplica\u021bii industriale:<\/strong><span style=\"color: #555555; font-size: 14.4px;\">\u00a0Acestea sunt utilizate \u00een panourile de control industrial \u0219i \u00een semnalistic\u0103 pentru o vizibilitate sporit\u0103.<\/span><\/li>\n<\/ul>","protected":false},"excerpt":{"rendered":"<p>Luminile de fundal EL au revolu\u021bionat tehnologia de iluminare, oferind o alternativ\u0103 superioar\u0103 la sursele de lumin\u0103 tradi\u021bionale. Eficien\u021ba energetic\u0103, uniformitatea, moliciunea, durabilitatea, flexibilitatea designului \u0219i op\u021biunile de culoare fac din ele o solu\u021bie versatil\u0103 \u0219i c\u0103utat\u0103 pentru o gam\u0103 larg\u0103 de aplica\u021bii. Pe m\u0103sur\u0103 ce tehnologia avanseaz\u0103, se a\u0219teapt\u0103 ca luminile de fundal EL s\u0103 continue s\u0103 evolueze, oferind solu\u021bii de iluminat \u0219i mai inovatoare \u0219i mai eficiente.<\/p>","protected":false},"featured_media":1538,"comment_status":"closed","ping_status":"closed","template":"","meta":[],"product_cat":[15],"product_tag":[],"_links":{"self":[{"href":"https:\/\/backlightmfg.com\/ro\/wp-json\/wp\/v2\/product\/1550"}],"collection":[{"href":"https:\/\/backlightmfg.com\/ro\/wp-json\/wp\/v2\/product"}],"about":[{"href":"https:\/\/backlightmfg.com\/ro\/wp-json\/wp\/v2\/types\/product"}],"replies":[{"embeddable":true,"href":"https:\/\/backlightmfg.com\/ro\/wp-json\/wp\/v2\/comments?post=1550"}],"wp:featuredmedia":[{"embeddable":true,"href":"https:\/\/backlightmfg.com\/ro\/wp-json\/wp\/v2\/media\/1538"}],"wp:attachment":[{"href":"https:\/\/backlightmfg.com\/ro\/wp-json\/wp\/v2\/media?parent=1550"}],"wp:term":[{"taxonomy":"product_cat","embeddable":true,"href":"https:\/\/backlightmfg.com\/ro\/wp-json\/wp\/v2\/product_cat?post=1550"},{"taxonomy":"product_tag","embeddable":true,"href":"https:\/\/backlightmfg.com\/ro\/wp-json\/wp\/v2\/product_tag?post=1550"}],"curies":[{"name":"wp","href":"https:\/\/api.w.org\/{rel}","templated":true}]}}