{"id":1549,"date":"2024-07-08T08:09:39","date_gmt":"2024-07-08T08:09:39","guid":{"rendered":"https:\/\/backlightmfg.com\/manufacturer\/fiber-optic-backlighting\/"},"modified":"2024-09-15T06:29:48","modified_gmt":"2024-09-15T06:29:48","slug":"fiber-optic-backlighting","status":"publish","type":"product","link":"https:\/\/backlightmfg.com\/ro\/fiber-optic-backlighting\/","title":{"rendered":"Iluminare din spate cu fibr\u0103 optic\u0103"},"content":{"rendered":"<p>Retroiluminarea cu fibr\u0103 optic\u0103 utilizeaz\u0103 fire sub\u021biri de fibre de sticl\u0103 sau de plastic care ac\u021bioneaz\u0103 ca ghizi de lumin\u0103. Lumina este introdus\u0103 la un cap\u0103t al cablului de fibr\u0103 optic\u0103, de obicei de la o surs\u0103 LED. Aceast\u0103 lumin\u0103 c\u0103l\u0103tore\u0219te prin miezul fibrei datorit\u0103 unui fenomen numit reflexie intern\u0103, rico\u0219\u00e2nd \u00een pere\u021bii interiori \u0219i minimiz\u00e2nd pierderea de lumin\u0103. Lumina iese la cel\u0103lalt cap\u0103t al fibrei, ilumin\u00e2nd zona \u021bint\u0103.<\/p>\n<h3><strong>Avantajele ilumin\u0103rii din spate cu fibr\u0103 optic\u0103:<\/strong><\/h3>\n<ul>\n<li><strong style=\"color: #555555; font-size: 14.4px;\">Surs\u0103 de lumin\u0103 la distan\u021b\u0103:<\/strong><span style=\"color: #555555; font-size: 14.4px;\">\u00a0Sursa de lumin\u0103 poate fi pozi\u021bionat\u0103 departe de zona iluminat\u0103, reduc\u00e2nd generarea de c\u0103ldur\u0103 \u0219i \u00eembun\u0103t\u0103\u021bind flexibilitatea proiect\u0103rii.<\/span><\/li>\n<li><strong style=\"color: #555555; font-size: 14.4px;\">Iluminare uniform\u0103:<\/strong><span style=\"color: #555555; font-size: 14.4px;\">\u00a0Fibrele optice distribuie lumina uniform, elimin\u00e2nd str\u0103lucirea \u0219i punctele fierbin\u021bi, cre\u00e2nd o experien\u021b\u0103 vizual\u0103 pl\u0103cut\u0103 \u0219i confortabil\u0103.<\/span><\/li>\n<li><strong style=\"color: #555555; font-size: 14.4px;\">Eficien\u021b\u0103 luminoas\u0103 ridicat\u0103:<\/strong><span style=\"color: #555555; font-size: 14.4px;\">\u00a0Datorit\u0103 pierderii minime de lumin\u0103 \u00een interiorul fibrelor, iluminarea de fundal cu fibr\u0103 optic\u0103 ofer\u0103 o transmisie eficient\u0103 a luminii.<\/span><\/li>\n<li><strong style=\"color: #555555; font-size: 14.4px;\">Durabilitate:<\/strong><span style=\"color: #555555; font-size: 14.4px;\"> Cablurile din fibr\u0103 optic\u0103 sunt extrem de durabile \u0219i rezistente la vibra\u021bii, \u0219ocuri, temperaturi extreme, economie de energie \u0219i n<\/span><span class=\"Y2IQFc\" lang=\"en\">o febr\u0103.<\/span><\/li>\n<li><strong style=\"color: #555555; font-size: 14.4px;\">Flexibilitate de proiectare:<\/strong><span style=\"color: #555555; font-size: 14.4px;\">\u00a0Fibrele sub\u021biri \u0219i flexibile pot fi u\u0219or modelate \u0219i personalizate pentru a se potrivi diferitelor cerin\u021be de iluminare.<\/span><\/li>\n<li><strong style=\"color: #555555; font-size: 14.4px;\">Func\u021bionare rece:<\/strong><span style=\"color: #555555; font-size: 14.4px;\">\u00a0Cablurile de fibr\u0103 optic\u0103 \u00een sine nu genereaz\u0103 c\u0103ldur\u0103, contribuind la un mediu de operare mai rece.<\/span><\/li>\n<\/ul>\n<p>&nbsp;<\/p>\n<h3><strong style=\"font-size: 23.04px;\">Aplica\u021bii ale ilumin\u0103rii din spate cu fibr\u0103 optic\u0103:<\/strong><\/h3>\n<ul>\n<li><strong style=\"color: #555555; font-size: 14.4px;\">Afi\u0219aje LCD:<\/strong><span style=\"color: #555555; font-size: 14.4px;\">\u00a0Backlight-urile cu fibr\u0103 optic\u0103 pot \u00eembun\u0103t\u0103\u021bi uniformitatea \u0219i luminozitatea ecranelor LCD din televizoare, laptopuri \u0219i alte dispozitive electronice.<\/span><\/li>\n<li><strong style=\"color: #555555; font-size: 14.4px;\">Semnalizare \u0219i afi\u0219are:<\/strong><span style=\"color: #555555; font-size: 14.4px;\">\u00a0Acestea sunt utilizate \u00een semnele luminoase, \u00een iluminatul arhitectural \u0219i \u00een afi\u0219ajul punctelor de v\u00e2nzare pentru un efect vizual izbitor.<\/span><\/li>\n<li><strong style=\"color: #555555; font-size: 14.4px;\">Echipament medical:<\/strong><span style=\"color: #555555; font-size: 14.4px;\">\u00a0Retroiluminarea cu fibr\u0103 optic\u0103 asigur\u0103 o iluminare controlat\u0103 \u0219i focalizat\u0103 \u00een echipamentele medicale de examinare \u0219i diagnosticare.<\/span><\/li>\n<li><strong style=\"color: #555555; font-size: 14.4px;\">Sisteme de viziune artificial\u0103:<\/strong><span style=\"color: #555555; font-size: 14.4px;\">\u00a0Distribu\u021bia uniform\u0103 a luminii o face ideal\u0103 pentru aplica\u021biile de vedere a ma\u0219inilor, unde este necesar\u0103 inspectarea precis\u0103 a obiectelor.<\/span><\/li>\n<li><strong style=\"color: #555555; font-size: 14.4px;\">Iluminarea marginilor:<\/strong><span style=\"color: #555555; font-size: 14.4px;\">\u00a0Fibrele optice pot crea efecte de iluminare a marginilor clare \u0219i bine definite pentru aplica\u021bii decorative \u0219i arhitecturale.<\/span><\/li>\n<li><strong style=\"color: #555555; font-size: 14.4px;\">Iluminat de specialitate:<\/strong><span style=\"color: #555555; font-size: 14.4px;\">\u00a0Iluminarea de fundal cu fibr\u0103 optic\u0103 este utilizat\u0103 \u00eentr-o varietate de aplica\u021bii specializate, inclusiv iluminarea subacvatic\u0103 \u0219i iluminarea instrumentelor.<\/span><\/li>\n<\/ul>","protected":false},"excerpt":{"rendered":"<p>Retroiluminarea cu fibr\u0103 optic\u0103 ofer\u0103 o solu\u021bie de iluminare unic\u0103 \u0219i versatil\u0103. Combina\u021bia sa de surs\u0103 de lumin\u0103 la distan\u021b\u0103, distribu\u021bie uniform\u0103 a luminii, eficien\u021b\u0103 ridicat\u0103 \u0219i flexibilitate a designului o transform\u0103 \u00eentr-o tehnologie valoroas\u0103 pentru diverse aplica\u021bii. Pe m\u0103sur\u0103 ce tehnologia avanseaz\u0103, se a\u0219teapt\u0103 ca iluminarea din spate cu fibr\u0103 optic\u0103 s\u0103 g\u0103seasc\u0103 \u0219i mai multe utiliz\u0103ri inovatoare \u00een viitor.<\/p>","protected":false},"featured_media":1539,"comment_status":"closed","ping_status":"closed","template":"","meta":[],"product_cat":[15],"product_tag":[],"_links":{"self":[{"href":"https:\/\/backlightmfg.com\/ro\/wp-json\/wp\/v2\/product\/1549"}],"collection":[{"href":"https:\/\/backlightmfg.com\/ro\/wp-json\/wp\/v2\/product"}],"about":[{"href":"https:\/\/backlightmfg.com\/ro\/wp-json\/wp\/v2\/types\/product"}],"replies":[{"embeddable":true,"href":"https:\/\/backlightmfg.com\/ro\/wp-json\/wp\/v2\/comments?post=1549"}],"wp:featuredmedia":[{"embeddable":true,"href":"https:\/\/backlightmfg.com\/ro\/wp-json\/wp\/v2\/media\/1539"}],"wp:attachment":[{"href":"https:\/\/backlightmfg.com\/ro\/wp-json\/wp\/v2\/media?parent=1549"}],"wp:term":[{"taxonomy":"product_cat","embeddable":true,"href":"https:\/\/backlightmfg.com\/ro\/wp-json\/wp\/v2\/product_cat?post=1549"},{"taxonomy":"product_tag","embeddable":true,"href":"https:\/\/backlightmfg.com\/ro\/wp-json\/wp\/v2\/product_tag?post=1549"}],"curies":[{"name":"wp","href":"https:\/\/api.w.org\/{rel}","templated":true}]}}