{"id":2265,"date":"2025-04-02T02:39:59","date_gmt":"2025-04-02T02:39:59","guid":{"rendered":"https:\/\/backlightmfg.com\/?page_id=2265"},"modified":"2025-04-02T07:36:40","modified_gmt":"2025-04-02T07:36:40","slug":"medical-human-machine-interface%ef%bc%88hmi%ef%bc%89","status":"publish","type":"page","link":"https:\/\/backlightmfg.com\/ro\/medical-human-machine-interface%ef%bc%88hmi%ef%bc%89\/","title":{"rendered":"Interfa\u021b\u0103 om-ma\u0219in\u0103 medical\u0103\uff08HMI\uff09"},"content":{"rendered":"<div class=\"banner has-hover\" id=\"banner-1180776309\">\n          <div class=\"banner-inner fill\">\n        <div class=\"banner-bg fill\" >\n            <div class=\"bg fill bg-fill\"><\/div>\n                        <div class=\"overlay\"><\/div>            \n                    <\/div>\n\t\t\n        <div class=\"banner-layers container\">\n            <div class=\"fill banner-link\"><\/div>            \n   <div id=\"text-box-425451212\" class=\"text-box banner-layer x50 md-x50 lg-x50 y25 md-y25 lg-y25 res-text\">\n                                <div class=\"text-box-content text dark\">\n              \n              <div class=\"text-inner text-center\">\n                  \n<h1><span style=\"font-size: 80%;\">Interfa\u021b\u0103 om-ma\u0219in\u0103 medical\u0103\uff08HMI\uff09<\/span><\/h1>\n              <\/div>\n           <\/div>\n                            \n<style>\n#text-box-425451212 {\n  width: 86%;\n}\n#text-box-425451212 .text-box-content {\n  font-size: 100%;\n}\n<\/style>\n    <\/div>\n \n        <\/div>\n      <\/div>\n\n            \n<style>\n#banner-1180776309 {\n  padding-top: 188px;\n}\n#banner-1180776309 .overlay {\n  background-color: rgba(0, 0, 0, 0.209);\n}\n<\/style>\n  <\/div>\n\n\n\t<section class=\"section\" id=\"section_1355571998\">\n\t\t<div class=\"bg section-bg fill bg-fill  bg-loaded\" >\n\n\t\t\t\n\t\t\t\n\t\t\t\n\n\t\t<\/div>\n\n\t\t\n\n\t\t<div class=\"section-content relative\">\n\t\t\t\n<div class=\"row row-box-shadow-5-hover\" style=\"max-width:1400px\" id=\"row-2114777930\">\n\n\t<div id=\"col-2120192495\" class=\"col medium-6 small-12 large-6\"  >\n\t\t\t\t<div class=\"col-inner\"  >\n\t\t\t\n\t\t\t\n\t<div class=\"img has-hover x md-x lg-x y md-y lg-y\" id=\"image_1130612095\">\n\t\t\t\t\t\t\t\t<div class=\"img-inner dark\" >\n\t\t\t<img loading=\"lazy\" decoding=\"async\" width=\"800\" height=\"800\" src=\"https:\/\/backlightmfg.com\/wp-content\/uploads\/2025\/04\/HMI.jpeg\" class=\"attachment-original size-original\" alt=\"HMI medical\" srcset=\"https:\/\/backlightmfg.com\/wp-content\/uploads\/2025\/04\/HMI.jpeg 800w, https:\/\/backlightmfg.com\/wp-content\/uploads\/2025\/04\/HMI-300x300.jpeg 300w, https:\/\/backlightmfg.com\/wp-content\/uploads\/2025\/04\/HMI-150x150.jpeg 150w, https:\/\/backlightmfg.com\/wp-content\/uploads\/2025\/04\/HMI-768x768.jpeg 768w, https:\/\/backlightmfg.com\/wp-content\/uploads\/2025\/04\/HMI-12x12.jpeg 12w, https:\/\/backlightmfg.com\/wp-content\/uploads\/2025\/04\/HMI-510x510.jpeg 510w, https:\/\/backlightmfg.com\/wp-content\/uploads\/2025\/04\/HMI-100x100.jpeg 100w\" sizes=\"(max-width: 800px) 100vw, 800px\" \/>\t\t\t\t\t\t\n\t\t\t\t\t<\/div>\n\t\t\t\t\t\t\t\t\n<style>\n#image_1130612095 {\n  width: 100%;\n}\n<\/style>\n\t<\/div>\n\t\n\t\t<\/div>\n\t\t\t\t\t<\/div>\n\n\t\n\n\t<div id=\"col-601597051\" class=\"col medium-6 small-12 large-6\"  >\n\t\t\t\t<div class=\"col-inner\"  >\n\t\t\t\n\t\t\t\n\t<div id=\"text-2552351257\" class=\"text\">\n\t\t\n<h2>Interfa\u021b\u0103 om-ma\u0219in\u0103 medical\u0103 (HMI medical\u0103)<\/h2>\n<p>Interfa\u021ba om-ma\u0219in\u0103 (HMI) medical\u0103 este o punte interactiv\u0103 care conecteaz\u0103 profesioni\u0219tii din domeniul medical, pacien\u021bii \u0219i echipamentele sau sistemele medicale. Scopul s\u0103u este de a realiza intrarea, ie\u0219irea, monitorizarea \u0219i controlul datelor medicale prin metode de operare intuitive, sigure \u0219i eficiente. Este o component\u0103 de baz\u0103 a echipamentelor medicale moderne (cum ar fi ventilatoarele, monitoarele, robo\u021bii chirurgicali, sistemele de imagistic\u0103 etc.) \u0219i a sistemelor medicale digitale (cum ar fi fi\u0219ele medicale electronice, platformele de diagnostic \u0219i tratament la distan\u021b\u0103).<br \/>\n\t\t\n<style>\n#text-2552351257 {\n  line-height: 2;\n}\n<\/style>\n\t<\/div>\n\t\n<div class=\"row\"  id=\"row-370987027\">\n\n\t<div id=\"col-463899475\" class=\"col small-12 large-12\"  >\n\t\t\t\t<div class=\"col-inner\"  >\n\t\t\t\n\t\t\t\n\t<div id=\"gap-1113568415\" class=\"gap-element clearfix\" style=\"display:block; height:auto;\">\n\t\t\n<style>\n#gap-1113568415 {\n  padding-top: 20px;\n}\n<\/style>\n\t<\/div>\n\t\n\t<div id=\"text-379793172\" class=\"text\">\n\t\t\n<h2>Solu\u021bie HMI Rayera Medical<\/h2>\n<p>\u00cen scenariile aplica\u021biilor medicale HMI, factori precum calitatea luminii, precizia culorilor \u0219i direc\u021bionalitatea luminii sunt direct legate de eficien\u021ba interac\u021biunii om-ma\u0219in\u0103 \u00een echipamentele medicale, iar importan\u021ba lor este evident\u0103. Cu o experien\u021b\u0103 profund\u0103 \u00een industrie \u0219i cuno\u0219tin\u021be tehnice de ultim\u0103 or\u0103, echipa noastr\u0103 a creat cu succes o solu\u021bie de iluminat. Aceasta are performan\u021be fiabile \u0219i precizie ridicat\u0103. \u00cen aplica\u021biile practice, aceasta poate face ca personalul medical s\u0103 se simt\u0103 mai confortabil atunci c\u00e2nd opereaz\u0103 echipamente medicale \u0219i, de asemenea, poate oferi pacien\u021bilor o experien\u021b\u0103 medical\u0103 sigur\u0103, care este cu adev\u0103rat intuitiv\u0103, eficient\u0103 \u0219i sigur\u0103.<br \/>\n\t\t\n<style>\n#text-379793172 {\n  line-height: 2;\n}\n<\/style>\n\t<\/div>\n\t\n\t\t<\/div>\n\t\t\t\t\t<\/div>\n\n\t\n<\/div>\n\t<div id=\"gap-1624811752\" class=\"gap-element clearfix\" style=\"display:block; height:auto;\">\n\t\t\n<style>\n#gap-1624811752 {\n  padding-top: 15px;\n}\n<\/style>\n\t<\/div>\n\t\n<div class=\"row\"  id=\"row-474097126\">\n\n\t<div id=\"col-841860463\" class=\"col small-12 large-12\"  >\n\t\t\t\t<div class=\"col-inner text-center\"  >\n\t\t\t\n\t\t\t\n<a href=\"https:\/\/backlightmfg.com\/ro\/contact\/\" class=\"button primary\"  style=\"border-radius:99px;\">\n    <span>Afla\u021bi mai multe<\/span>\n  <\/a>\n\n\t\t<\/div>\n\t\t\t\t\t<\/div>\n\n\t\n<\/div>\n\t\t<\/div>\n\t\t\t\t\n<style>\n#col-601597051 > .col-inner {\n  margin: 0px 0px 0px 0px;\n}\n<\/style>\n\t<\/div>\n\n\t\n<\/div>\n\t\t<\/div>\n\n\t\t\n<style>\n#section_1355571998 {\n  padding-top: 30px;\n  padding-bottom: 30px;\n}\n<\/style>\n\t<\/section>\n\t\n\t<section class=\"section\" id=\"section_12663901\">\n\t\t<div class=\"bg section-bg fill bg-fill  bg-loaded\" >\n\n\t\t\t\n\t\t\t<div class=\"section-bg-overlay absolute fill\"><\/div>\n\t\t\t\n\n\t\t<\/div>\n\n\t\t\n\n\t\t<div class=\"section-content relative\">\n\t\t\t\n<div class=\"row\" style=\"max-width:1400px\" id=\"row-66954207\">\n\n\t<div id=\"col-503790472\" class=\"col small-12 large-12\"  >\n\t\t\t\t<div class=\"col-inner\"  >\n\t\t\t\n\t\t\t\n<h2 style=\"text-align: center;\">Lucrul cu Rayera<\/h2>\n<h4 style=\"text-align: center;\">Avansarea \u00eempreun\u0103 a tehnologiilor medicale HMI<\/h4>\n<p style=\"text-align: center;\">Oferim clien\u021bilor o metodologie de dezvoltare versatil\u0103 \u0219i atotcuprinz\u0103toare. Aceast\u0103 abordare nu numai c\u0103 eficientizeaz\u0103 procesul, ci \u0219i reduce semnificativ timpul \u0219i costurile. Fie c\u0103 abia \u00eencepe\u021bi s\u0103 schi\u021ba\u021bi idei \u00een faza de proiectare, fie c\u0103 v\u0103 afla\u021bi \u00een etapele finale de reglare fin\u0103, echipele noastre de top sunt preg\u0103tite s\u0103 colaboreze cu dumneavoastr\u0103. Ne vom concentra pe optimizarea solu\u021biilor de iluminat care vor avea cea mai substan\u021bial\u0103 \u0219i pozitiv\u0103 influen\u021b\u0103 asupra utilizatorilor.<\/p>\n\t\t<\/div>\n\t\t\t\t\t<\/div>\n\n\t\n<\/div>\n<div class=\"row\"  id=\"row-493473121\">\n\n\t<div id=\"col-1738081985\" class=\"col medium-6 small-12 large-6\"  >\n\t\t\t\t<div class=\"col-inner\"  >\n\t\t\t\n\t\t\t\n\t<div class=\"img has-hover x md-x lg-x y md-y lg-y\" id=\"image_1333553428\">\n\t\t\t\t\t\t\t\t<div class=\"img-inner dark\" >\n\t\t\t<img loading=\"lazy\" decoding=\"async\" width=\"800\" height=\"800\" src=\"https:\/\/backlightmfg.com\/wp-content\/uploads\/2025\/04\/HMI-1.jpeg\" class=\"attachment-original size-original\" alt=\"Proiectarea optic\u0103 \u0219i optimizarea afi\u0219ajului\" srcset=\"https:\/\/backlightmfg.com\/wp-content\/uploads\/2025\/04\/HMI-1.jpeg 800w, https:\/\/backlightmfg.com\/wp-content\/uploads\/2025\/04\/HMI-1-300x300.jpeg 300w, https:\/\/backlightmfg.com\/wp-content\/uploads\/2025\/04\/HMI-1-150x150.jpeg 150w, https:\/\/backlightmfg.com\/wp-content\/uploads\/2025\/04\/HMI-1-768x768.jpeg 768w, https:\/\/backlightmfg.com\/wp-content\/uploads\/2025\/04\/HMI-1-12x12.jpeg 12w, https:\/\/backlightmfg.com\/wp-content\/uploads\/2025\/04\/HMI-1-510x510.jpeg 510w, https:\/\/backlightmfg.com\/wp-content\/uploads\/2025\/04\/HMI-1-100x100.jpeg 100w\" sizes=\"(max-width: 800px) 100vw, 800px\" \/>\t\t\t\t\t\t\n\t\t\t\t\t<\/div>\n\t\t\t\t\t\t\t\t\n<style>\n#image_1333553428 {\n  width: 100%;\n}\n<\/style>\n\t<\/div>\n\t\n\t\t<\/div>\n\t\t\t\t\t<\/div>\n\n\t\n\n\t<div id=\"col-1589073280\" class=\"col medium-6 small-12 large-6\"  >\n\t\t\t\t<div class=\"col-inner\"  >\n\t\t\t\n\t\t\t\n<h3>Proiectarea optic\u0103 \u0219i optimizarea afi\u0219ajului<\/h3>\n<ul>\n<li><strong>Calitatea luminii \u0219i controlul luminozit\u0103\u021bii: <\/strong>HMI medicale trebuie s\u0103 se adapteze la medii de iluminare complexe \u0219i s\u0103 utilizeze tehnologia de atenuare adaptiv\u0103 pentru a se asigura c\u0103 ecranul este clar lizibil la diferite niveluri de luminozitate, f\u0103r\u0103 str\u0103lucire. De exemplu, ecranele pentru endoscoape trebuie s\u0103 aib\u0103 o iluminare de fundal foarte uniform\u0103 pentru a evita supraexpunerea local\u0103 sau umbrele care interfereaz\u0103 cu aprecierea c\u00e2mpului chirurgical.<\/li>\n<li><strong>Precizia culorii: <\/strong>Respecta\u021bi cu stricte\u021be standardul DICOM pentru calibrarea dispozitivelor de afi\u0219are, pentru a asigura coeren\u021ba clinic\u0103 a scalei de gri a imaginii \u0219i a cartografierii pseudo-culorilor. Interfa\u021ba de monitorizare a vie\u021bii utilizeaz\u0103 o codificare standardizat\u0103 a culorilor de avertizare, cum ar fi ro\u0219u\/verde\/galben, pentru a evita judecarea gre\u0219it\u0103 de c\u0103tre utilizatorii cu tulbur\u0103ri de vedere \u00een func\u021bie de culoare.<\/li>\n<li><strong>Direc\u021bionalitate \u0219i vizibilitate: <\/strong>Prin intermediul panourilor LCD\/OLED cu unghi larg, a acoperirilor anticearc\u0103n \u0219i a tratamentelor antireflex, personalul medical poate observa interfa\u021ba din mai multe unghiuri \u00een timp ce st\u0103 \u00een picioare, a\u0219ezat sau \u00een mi\u0219care. Parametrii cheie sunt prezenta\u021bi cu fonturi mari \u0219i contrast ridicat pentru a \u00eembun\u0103t\u0103\u021bi viteza de recunoa\u0219tere \u00een situa\u021bii de urgen\u021b\u0103.<\/li>\n<\/ul>\n\t\t<\/div>\n\t\t\t\t\t<\/div>\n\n\t\n<\/div>\n\t\t<\/div>\n\n\t\t\n<style>\n#section_12663901 {\n  padding-top: 30px;\n  padding-bottom: 30px;\n}\n#section_12663901 .section-bg-overlay {\n  background-color: rgba(68, 96, 132, 0.11);\n}\n<\/style>\n\t<\/section>\n\t\n\t<section class=\"section\" id=\"section_1838205414\">\n\t\t<div class=\"bg section-bg fill bg-fill  bg-loaded\" >\n\n\t\t\t\n\t\t\t\n\t\t\t\n\n\t\t<\/div>\n\n\t\t\n\n\t\t<div class=\"section-content relative\">\n\t\t\t\n<div class=\"row\"  id=\"row-2059854569\">\n\n\t<div id=\"col-789409642\" class=\"col small-12 large-12\"  >\n\t\t\t\t<div class=\"col-inner\"  >\n\t\t\t\n\t\t\t\n<h3 style=\"text-align: center;\">Exemplu de solu\u021bie de echip\u0103<\/h3>\n<p style=\"text-align: center;\">Echipa noastr\u0103 de ingineri a dezvoltat un sistem de iluminat inteligent de grad medical pentru a dep\u0103\u0219i urm\u0103toarele puncte slabe:<\/p>\n\t\t<\/div>\n\t\t\t\t\t<\/div>\n\n\t\n<\/div>\n<div class=\"row\"  id=\"row-841804315\">\n\n\t<div id=\"col-1906368930\" class=\"col medium-6 small-12 large-6\"  >\n\t\t\t\t<div class=\"col-inner\"  >\n\t\t\t\n\t\t\t\n<p><strong>Fiabilitate \u0219i acurate\u021be:<\/strong> Folosind surse de lumin\u0103 LED certificate din punct de vedere medical (conforme cu IEC 60601-1), durata de via\u021b\u0103 este &gt; 50.000 de ore \u0219i nu exist\u0103 p\u00e2lp\u00e2ire, evit\u00e2nd oboseala vizual\u0103 cauzat\u0103 de monitorizarea pe termen lung. Senzor de lumin\u0103 ambiental\u0103 \u00eencorporat \u0219i algoritm AI pentru a se potrivi cu curba de luminozitate NIT \u00een timp real (cum ar fi 800nits \u00een timpul zilei\/50nits noaptea).<\/p>\n<p><strong>Design interactiv \u0219i intuitiv:<\/strong><\/p>\n<ul>\n<li>Integra\u021bi ghidaje luminoase direc\u021bionale \u00een panoul ventilatorului pentru a ghida procesul de operare prin anima\u021bia fluxului luminos (cum ar fi ajustarea valorii PEEP prin rotirea \u00een sensul acelor de ceasornic).<\/li>\n<li>Proiecta\u021bi un indicator inelar multicolor pentru echipamentul portabil cu ultrasunete \u0219i utiliza\u021bi gradientul de satura\u021bie a culorilor pentru a indica pragul presiunii sondei (albastru\u2192verde\u2192ro\u0219u corespunde siguran\u021bei\u2192avertiz\u0103rii).<\/li>\n<\/ul>\n<p><strong>Mecanism de redundan\u021b\u0103 de siguran\u021b\u0103: <\/strong>Circuitul independent de ac\u021bionare a luminii de fundal cu dou\u0103 canale previne riscul de ecran negru \u0219i trece automat la afi\u0219area monocrom\u0103 a eviden\u021bei \u00een modul de urgen\u021b\u0103 (cum ar fi p\u0103strarea formei de und\u0103 a oxigenului din s\u00e2nge atunci c\u00e2nd interfa\u021ba ECMO nu func\u021bioneaz\u0103).<\/p>\n\t\t<\/div>\n\t\t\t\t\t<\/div>\n\n\t\n\n\t<div id=\"col-1600280322\" class=\"col medium-6 small-12 large-6\"  >\n\t\t\t\t<div class=\"col-inner\"  >\n\t\t\t\n\t\t\t\n\t<div class=\"img has-hover x md-x lg-x y md-y lg-y\" id=\"image_2114476179\">\n\t\t\t\t\t\t\t\t<div class=\"img-inner dark\" >\n\t\t\t<img loading=\"lazy\" decoding=\"async\" width=\"800\" height=\"800\" src=\"https:\/\/backlightmfg.com\/wp-content\/uploads\/2025\/04\/HMI-3.jpeg\" class=\"attachment-original size-original\" alt=\"Exemplu de solu\u021bie de echip\u0103\" srcset=\"https:\/\/backlightmfg.com\/wp-content\/uploads\/2025\/04\/HMI-3.jpeg 800w, https:\/\/backlightmfg.com\/wp-content\/uploads\/2025\/04\/HMI-3-300x300.jpeg 300w, https:\/\/backlightmfg.com\/wp-content\/uploads\/2025\/04\/HMI-3-150x150.jpeg 150w, https:\/\/backlightmfg.com\/wp-content\/uploads\/2025\/04\/HMI-3-768x768.jpeg 768w, https:\/\/backlightmfg.com\/wp-content\/uploads\/2025\/04\/HMI-3-12x12.jpeg 12w, https:\/\/backlightmfg.com\/wp-content\/uploads\/2025\/04\/HMI-3-510x510.jpeg 510w, https:\/\/backlightmfg.com\/wp-content\/uploads\/2025\/04\/HMI-3-100x100.jpeg 100w\" sizes=\"(max-width: 800px) 100vw, 800px\" \/>\t\t\t\t\t\t\n\t\t\t\t\t<\/div>\n\t\t\t\t\t\t\t\t\n<style>\n#image_2114476179 {\n  width: 100%;\n}\n<\/style>\n\t<\/div>\n\t\n\t\t<\/div>\n\t\t\t\t\t<\/div>\n\n\t\n<\/div>\n\t\t<\/div>\n\n\t\t\n<style>\n#section_1838205414 {\n  padding-top: 30px;\n  padding-bottom: 30px;\n}\n<\/style>\n\t<\/section>\n\t\n\t<section class=\"section\" id=\"section_541576092\">\n\t\t<div class=\"bg section-bg fill bg-fill  bg-loaded\" >\n\n\t\t\t\n\t\t\t<div class=\"section-bg-overlay absolute fill\"><\/div>\n\t\t\t\n\n\t\t<\/div>\n\n\t\t\n\n\t\t<div class=\"section-content relative\">\n\t\t\t\n<div class=\"row\"  id=\"row-423727402\">\n\n\t<div id=\"col-1034263548\" class=\"col medium-6 small-12 large-6\"  >\n\t\t\t\t<div class=\"col-inner\"  >\n\t\t\t\n\t\t\t\n\t<div class=\"img has-hover x md-x lg-x y md-y lg-y\" id=\"image_150955507\">\n\t\t\t\t\t\t\t\t<div class=\"img-inner image-cover dark\" style=\"padding-top:78%;\">\n\t\t\t<img loading=\"lazy\" decoding=\"async\" width=\"800\" height=\"800\" src=\"https:\/\/backlightmfg.com\/wp-content\/uploads\/2025\/04\/HMI-2.jpeg\" class=\"attachment-original size-original\" alt=\"Principii de proiectare\" srcset=\"https:\/\/backlightmfg.com\/wp-content\/uploads\/2025\/04\/HMI-2.jpeg 800w, https:\/\/backlightmfg.com\/wp-content\/uploads\/2025\/04\/HMI-2-300x300.jpeg 300w, https:\/\/backlightmfg.com\/wp-content\/uploads\/2025\/04\/HMI-2-150x150.jpeg 150w, https:\/\/backlightmfg.com\/wp-content\/uploads\/2025\/04\/HMI-2-768x768.jpeg 768w, https:\/\/backlightmfg.com\/wp-content\/uploads\/2025\/04\/HMI-2-12x12.jpeg 12w, https:\/\/backlightmfg.com\/wp-content\/uploads\/2025\/04\/HMI-2-510x510.jpeg 510w, https:\/\/backlightmfg.com\/wp-content\/uploads\/2025\/04\/HMI-2-100x100.jpeg 100w\" sizes=\"(max-width: 800px) 100vw, 800px\" \/>\t\t\t\t\t\t\n\t\t\t\t\t<\/div>\n\t\t\t\t\t\t\t\t\n<style>\n#image_150955507 {\n  width: 100%;\n}\n<\/style>\n\t<\/div>\n\t\n\t\t<\/div>\n\t\t\t\t\t<\/div>\n\n\t\n\n\t<div id=\"col-608601949\" class=\"col medium-6 small-12 large-6\"  >\n\t\t\t\t<div class=\"col-inner\"  >\n\t\t\t\n\t\t\t\n<h3>Principii de proiectare<\/h3>\n<p><strong>Adaptabilitate la mediul luminos:<\/strong> Temperatura de culoare a interfe\u021bei este sincronizat\u0103 cu iluminatul institu\u021biilor medicale (cum ar fi lumina alb\u0103 rece de 4500K \u00een sala de opera\u021bie) pentru a reduce percep\u021bia culorilor de c\u0103tre personalul medical atunci c\u00e2nd \u00ee\u0219i schimb\u0103 liniile de vizibilitate. Pentru scenele din camere \u00eentunecate (cum ar fi departamentele de radiologie), este prev\u0103zut un mod de adaptare la \u00eentuneric ro\u0219u pentru a p\u0103stra acuitatea vizual\u0103.<\/p>\n<h3>Provoc\u0103ri \u0219i tendin\u021be viitoare<\/h3>\n<ul>\n<li><strong>Miniaturizare \u0219i afi\u0219aj flexibil:<\/strong> Dezvoltarea de panouri Micro-LET cu consum ultraredus pentru proiectarea HMI curbate a dispozitivelor medicale portabile.<\/li>\n<li><strong>Iluminat biocompatibil:<\/strong> Studierea aplic\u0103rii integrate a surselor de lumin\u0103 cu lungimi de und\u0103 specifice (cum ar fi lumina albastr\u0103-violet\u0103 de 405 nm) \u00een dezinfec\u021bia interfe\u021bei \u0219i controlul interactiv.<\/li>\n<\/ul>\n\t\t<\/div>\n\t\t\t\t\t<\/div>\n\n\t\n<\/div>\n\t\t<\/div>\n\n\t\t\n<style>\n#section_541576092 {\n  padding-top: 30px;\n  padding-bottom: 30px;\n}\n#section_541576092 .section-bg-overlay {\n  background-color: #eaeef1;\n}\n<\/style>\n\t<\/section>\n\t\n\t<section class=\"section\" id=\"section_683507407\">\n\t\t<div class=\"bg section-bg fill bg-fill  bg-loaded\" >\n\n\t\t\t\n\t\t\t\n\t\t\t\n\n\t\t<\/div>\n\n\t\t\n\n\t\t<div class=\"section-content relative\">\n\t\t\t\n<div class=\"row\"  id=\"row-147839818\">\n\n\t<div id=\"col-1300391074\" class=\"col small-12 large-12\"  >\n\t\t\t\t<div class=\"col-inner\"  >\n\t\t\t\n\t\t\t\n<h1 style=\"text-align: center;\">De la complex la \u00eencredere: Rayera alimenteaz\u0103 succesul HMI medicale<\/h1>\n<p style=\"text-align: center;\">Odat\u0103 cu cre\u0219terea cererii de dispozitive mai mici, companiile de produse medicale se confrunt\u0103 zilnic cu provoc\u0103ri mai complexe legate de iluminat. Cu Rayera ca partener, ve\u021bi ob\u021bine solu\u021bia optim\u0103 de iluminare, v\u0103 ve\u021bi duce produsul mai repede la client \u0219i ve\u021bi c\u00e2\u0219tiga mai multe afaceri.<\/p>\n\t\t<\/div>\n\t\t\t\t\t<\/div>\n\n\t\n<\/div>\n<div class=\"row\"  id=\"row-291235669\">\n\n\t<div id=\"col-564466212\" class=\"col small-12 large-12\"  >\n\t\t\t\t<div class=\"col-inner\"  >\n\t\t\t\n\t\t\t\n\n<div class=\"wpcf7 no-js\" id=\"wpcf7-f280-o1\" lang=\"en-US\" dir=\"ltr\">\n<div class=\"screen-reader-response\"><p role=\"status\" aria-live=\"polite\" aria-atomic=\"true\"><\/p> <ul><\/ul><\/div>\n<form action=\"\/ro\/wp-json\/wp\/v2\/pages\/2265#wpcf7-f280-o1\" method=\"post\" class=\"wpcf7-form init\" aria-label=\"Formular de contact\" novalidate=\"novalidate\" data-status=\"init\" data-trp-original-action=\"\/ro\/wp-json\/wp\/v2\/pages\/2265#wpcf7-f280-o1\">\n<div style=\"display: none;\">\n<input type=\"hidden\" name=\"_wpcf7\" value=\"280\" \/>\n<input type=\"hidden\" name=\"_wpcf7_version\" value=\"5.9.6\" \/>\n<input type=\"hidden\" name=\"_wpcf7_locale\" value=\"en_US\" \/>\n<input type=\"hidden\" name=\"_wpcf7_unit_tag\" value=\"wpcf7-f280-o1\" \/>\n<input type=\"hidden\" name=\"_wpcf7_container_post\" value=\"0\" \/>\n<input type=\"hidden\" name=\"_wpcf7_posted_data_hash\" value=\"\" \/>\n<\/div>\n<div class='custom_contact_style'>\n\t<div class=\"row row-small\">\n\t\t<div class=\"col medium-6 small-12 large-6\">\n\t\t\t<div class=\"col-inner\">\n\t\t\t\t<p><span class=\"wpcf7-form-control-wrap\" data-name=\"your-name\"><input size=\"40\" maxlength=\"80\" class=\"wpcf7-form-control wpcf7-text wpcf7-validates-as-required\" aria-required=\"true\" aria-invalid=\"false\" placeholder=\"Nume*\" value=\"\" type=\"text\" name=\"your-name\" \/><\/span>\n\t\t\t\t<\/p>\n\t\t\t<\/div>\n\t\t<\/div>\n\t\t<div class=\"col medium-6 small-12 large-6\">\n\t\t\t<div class=\"col-inner\">\n\t\t\t\t<p><span class=\"wpcf7-form-control-wrap\" data-name=\"your-email\"><input size=\"40\" maxlength=\"80\" class=\"wpcf7-form-control wpcf7-email wpcf7-validates-as-required wpcf7-text wpcf7-validates-as-email\" aria-required=\"true\" aria-invalid=\"false\" placeholder=\"E-mail*\" value=\"\" type=\"email\" name=\"your-email\" \/><\/span>\n\t\t\t\t<\/p>\n\t\t\t<\/div>\n\t\t<\/div>\n\t<\/div>\n\t<div class='cus_contact_form_bottom'>\n\t\t<p><span class=\"wpcf7-form-control-wrap\" data-name=\"your-phone\"><input size=\"40\" maxlength=\"80\" class=\"wpcf7-form-control wpcf7-text\" aria-invalid=\"false\" placeholder=\"Telefon\" value=\"\" type=\"text\" name=\"your-phone\" \/><\/span>\n\t\t<\/p>\n\t<\/div>\n\t<div class='cus_contact_form_bottom'>\n\t\t<p><span class=\"wpcf7-form-control-wrap\" data-name=\"your-country\"><input size=\"40\" maxlength=\"80\" class=\"wpcf7-form-control wpcf7-text\" aria-invalid=\"false\" placeholder=\"\u021aara\" value=\"\" type=\"text\" name=\"your-country\" \/><\/span>\n\t\t<\/p>\n\t<\/div>\n\t<p><span class=\"wpcf7-form-control-wrap\" data-name=\"your-message\"><textarea cols=\"40\" rows=\"10\" maxlength=\"400\" class=\"wpcf7-form-control wpcf7-textarea wpcf7-validates-as-required\" aria-required=\"true\" aria-invalid=\"false\" placeholder=\"Mesajul dumneavoastr\u0103 *\" name=\"your-message\"><\/textarea><\/span>\n\t<\/p>\n\t<div style=\"margin-bottom:10px;\">\n\t\t<p><span class=\"wpcf7-form-control-wrap kc_captcha cf7ic-toggle\" data-name=\"kc_captcha\"><span class=\"wpcf7-form-control wpcf7-radio\"><span class=\"captcha-image\" style=\"display: none;\"><span class=\"cf7ic_instructions\">V\u0103 rug\u0103m s\u0103 dovedi\u021bi c\u0103 sunte\u021bi om select\u00e2nd<span> stea<\/span>.<\/span><label><input aria-label=\"1\" type=\"radio\" name=\"kc_captcha\" value=\"kc_human\" \/><svg aria-hidden=\"true\" role=\"img\" xmlns=\"http:\/\/www.w3.org\/2000\/svg\" viewbox=\"0 0 576 512\"><path fill=\"currentColor\" d=\"M259 18l-65 132-146 22c-26 3-37 36-18 54l106 103-25 146c-5 26 23 46 46 33l131-68 131 68c23 13 51-7 46-33l-25-146 106-103c19-18 8-51-18-54l-146-22-65-132a32 32 0 00-58 0z\"\/><\/svg><\/label><label><input aria-label=\"2\" type=\"radio\" name=\"kc_captcha\" value=\"bot\" \/><svg aria-hidden=\"true\" role=\"img\" xmlns=\"http:\/\/www.w3.org\/2000\/svg\" viewbox=\"0 0 640 512\"><path fill=\"currentColor\" d=\"M192 384h192c53 0 96-43 96-96h32a128 128 0 000-256H120c-13 0-24 11-24 24v232c0 53 43 96 96 96zM512 96a64 64 0 010 128h-32V96h32zm48 384H48c-47 0-61-64-36-64h584c25 0 11 64-36 64z\"\/><\/svg><\/label><label><input aria-label=\"3\" type=\"radio\" name=\"kc_captcha\" value=\"bot\" \/><svg aria-hidden=\"true\" role=\"img\" xmlns=\"http:\/\/www.w3.org\/2000\/svg\" viewbox=\"0 0 512 512\"><path fill=\"currentColor\" d=\"M512 176a176 176 0 01-209 173l-24 27a24 24 0 01-18 8h-37v40c0 13-11 24-24 24h-40v40c0 13-11 24-24 24H24c-13 0-24-11-24-24v-78c0-6 3-13 7-17l162-162a176 176 0 11343-55zm-176-48a48 48 0 1096 0 48 48 0 00-96 0z\"\/><\/svg><\/label>\r\n    <\/span>\r\n    <span style=\"display:none\">\r\n        <input type=\"text\" name=\"kc_honeypot\">\r\n    <\/span><\/span><\/span>\n\t\t<\/p>\n\t<\/div>\n\t<p><input class=\"wpcf7-form-control wpcf7-submit has-spinner\" type=\"submit\" value=\"Trimite mesaj\" \/>\n\t<\/p>\n<\/div><div class=\"wpcf7-response-output\" aria-hidden=\"true\"><\/div>\n<input type=\"hidden\" name=\"trp-form-language\" value=\"ro\"\/><\/form>\n<\/div>\n\n\t\t<\/div>\n\t\t\t\t\t<\/div>\n\n\t\n<\/div>\n\t\t<\/div>\n\n\t\t\n<style>\n#section_683507407 {\n  padding-top: 30px;\n  padding-bottom: 30px;\n}\n<\/style>\n\t<\/section>","protected":false},"excerpt":{"rendered":"","protected":false},"author":1,"featured_media":0,"parent":0,"menu_order":0,"comment_status":"closed","ping_status":"closed","template":"page-blank.php","meta":{"footnotes":""},"_links":{"self":[{"href":"https:\/\/backlightmfg.com\/ro\/wp-json\/wp\/v2\/pages\/2265"}],"collection":[{"href":"https:\/\/backlightmfg.com\/ro\/wp-json\/wp\/v2\/pages"}],"about":[{"href":"https:\/\/backlightmfg.com\/ro\/wp-json\/wp\/v2\/types\/page"}],"author":[{"embeddable":true,"href":"https:\/\/backlightmfg.com\/ro\/wp-json\/wp\/v2\/users\/1"}],"replies":[{"embeddable":true,"href":"https:\/\/backlightmfg.com\/ro\/wp-json\/wp\/v2\/comments?post=2265"}],"version-history":[{"count":23,"href":"https:\/\/backlightmfg.com\/ro\/wp-json\/wp\/v2\/pages\/2265\/revisions"}],"predecessor-version":[{"id":2315,"href":"https:\/\/backlightmfg.com\/ro\/wp-json\/wp\/v2\/pages\/2265\/revisions\/2315"}],"wp:attachment":[{"href":"https:\/\/backlightmfg.com\/ro\/wp-json\/wp\/v2\/media?parent=2265"}],"curies":[{"name":"wp","href":"https:\/\/api.w.org\/{rel}","templated":true}]}}