{"id":2011,"date":"2024-09-14T08:11:32","date_gmt":"2024-09-14T08:11:32","guid":{"rendered":"https:\/\/backlightmfg.com\/?page_id=2011"},"modified":"2024-09-14T08:48:30","modified_gmt":"2024-09-14T08:48:30","slug":"fiber-optic-backlight-panels","status":"publish","type":"page","link":"https:\/\/backlightmfg.com\/ro\/fiber-optic-backlight-panels\/","title":{"rendered":"Panouri de iluminare din spate cu fibr\u0103 optic\u0103"},"content":{"rendered":"<div class=\"banner has-hover has-parallax\" id=\"banner-2037445485\">\n          <div class=\"banner-inner fill\">\n        <div class=\"banner-bg fill\" data-parallax=\"-3\" data-parallax-container=\".banner\" data-parallax-background>\n            <div class=\"bg fill bg-fill\"><\/div>\n                                    \n                    <\/div>\n\t\t\n        <div class=\"banner-layers container\">\n            <div class=\"fill banner-link\"><\/div>            \n   <div id=\"text-box-1633088309\" class=\"text-box banner-layer x50 md-x85 lg-x85 y50 md-y50 lg-y50 res-text\">\n                     <div data-animate=\"fadeInLeft\">           <div class=\"text-box-content text dark\">\n              \n              <div class=\"text-inner text-center\">\n                  \n<h1 style=\"text-align: center;\">Fibr\u0103 optic\u0103 Backlight Panel<\/h1>\n              <\/div>\n           <\/div>\n       <\/div>                     \n<style>\n#text-box-1633088309 {\n  width: 80%;\n}\n#text-box-1633088309 .text-box-content {\n  font-size: 100%;\n}\n@media (min-width:550px) {\n  #text-box-1633088309 {\n    width: 66%;\n  }\n}\n<\/style>\n    <\/div>\n \n        <\/div>\n      <\/div>\n\n            \n<style>\n#banner-2037445485 {\n  padding-top: 200px;\n}\n#banner-2037445485 .bg.bg-loaded {\n  background-image: 8950;\n}\n#banner-2037445485 .overlay {\n  background-color: rgba(0, 0, 0, 0.3);\n}\n#banner-2037445485 .bg {\n  background-position: 35% 23%;\n}\n<\/style>\n  <\/div>\n\n\n\t<section class=\"section\" id=\"section_2032152848\">\n\t\t<div class=\"bg section-bg fill bg-fill  bg-loaded\" >\n\n\t\t\t\n\t\t\t\n\t\t\t\n\n\t\t<\/div>\n\n\t\t\n\n\t\t<div class=\"section-content relative\">\n\t\t\t\n<div class=\"row\"  id=\"row-1129162164\">\n\n\t<div id=\"col-1963829927\" class=\"col small-12 large-12\"  >\n\t\t\t\t<div class=\"col-inner\"  >\n\t\t\t\n\t\t\t\n<h2 class=\"\" style=\"text-align: center;\" data-sourcepos=\"1:1-1:54\">Panouri retroiluminate cu fibr\u0103 optic\u0103: Iluminarea afi\u0219ajelor<\/h2>\n<p data-sourcepos=\"3:1-3:121\">Panourile retroiluminate cu fibr\u0103 optic\u0103 sunt un tip de tehnologie de afi\u0219are care utilizeaz\u0103 fibr\u0103 optic\u0103 pentru a direc\u021biona lumina de la o surs\u0103 c\u0103tre partea din spate a ecranului de afi\u0219are, cre\u00e2nd o iluminare uniform\u0103 \u0219i puternic\u0103. Aceast\u0103 tehnologie este utilizat\u0103 \u00een mod obi\u0219nuit \u00een ecranele LCD \u0219i OLED.<\/p>\n\t\t<\/div>\n\t\t\t\t\t<\/div>\n\n\t\n<\/div>\n<div class=\"row\"  id=\"row-1149719106\">\n\n\t<div id=\"col-1177470071\" class=\"col small-12 large-12\"  >\n\t\t\t\t<div class=\"col-inner\"  >\n\t\t\t\n\t\t\t\n\t<div class=\"img has-hover x md-x lg-x y md-y lg-y\" id=\"image_1288658547\">\n\t\t\t\t\t\t\t\t<div class=\"img-inner dark\" >\n\t\t\t<img loading=\"lazy\" decoding=\"async\" width=\"1020\" height=\"631\" src=\"https:\/\/backlightmfg.com\/wp-content\/uploads\/2024\/09\/1625228552-1024x633.jpg\" class=\"attachment-large size-large\" alt=\"Panouri de iluminare din spate cu fibr\u0103 optic\u0103\" srcset=\"https:\/\/backlightmfg.com\/wp-content\/uploads\/2024\/09\/1625228552-1024x633.jpg 1024w, https:\/\/backlightmfg.com\/wp-content\/uploads\/2024\/09\/1625228552-300x186.jpg 300w, https:\/\/backlightmfg.com\/wp-content\/uploads\/2024\/09\/1625228552-768x475.jpg 768w, https:\/\/backlightmfg.com\/wp-content\/uploads\/2024\/09\/1625228552-1536x950.jpg 1536w, https:\/\/backlightmfg.com\/wp-content\/uploads\/2024\/09\/1625228552-18x12.jpg 18w, https:\/\/backlightmfg.com\/wp-content\/uploads\/2024\/09\/1625228552-510x315.jpg 510w, https:\/\/backlightmfg.com\/wp-content\/uploads\/2024\/09\/1625228552.jpg 1990w\" sizes=\"(max-width: 1020px) 100vw, 1020px\" \/>\t\t\t\t\t\t\n\t\t\t\t\t<\/div>\n\t\t\t\t\t\t\t\t\n<style>\n#image_1288658547 {\n  width: 100%;\n}\n<\/style>\n\t<\/div>\n\t\n\t\t<\/div>\n\t\t\t\t\t<\/div>\n\n\t\n<\/div>\n\t\t<\/div>\n\n\t\t\n<style>\n#section_2032152848 {\n  padding-top: 30px;\n  padding-bottom: 30px;\n}\n<\/style>\n\t<\/section>\n\t\n\t<section class=\"section\" id=\"section_1628350133\">\n\t\t<div class=\"bg section-bg fill bg-fill  bg-loaded\" >\n\n\t\t\t\n\t\t\t\n\t\t\t\n\n\t\t<\/div>\n\n\t\t\n\n\t\t<div class=\"section-content relative\">\n\t\t\t\n<div class=\"row\"  id=\"row-466689982\">\n\n\t<div id=\"col-735784065\" class=\"col medium-6 small-12 large-6\"  >\n\t\t\t\t<div class=\"col-inner\"  >\n\t\t\t\n\t\t\t\n\t<div class=\"img has-hover x md-x lg-x y md-y lg-y\" id=\"image_536549307\">\n\t\t\t\t\t\t\t\t<div class=\"img-inner image-cover dark\" style=\"padding-top:100%;\">\n\t\t\t<img loading=\"lazy\" decoding=\"async\" width=\"2560\" height=\"1920\" src=\"https:\/\/backlightmfg.com\/wp-content\/uploads\/2024\/09\/1625232631-scaled.jpg\" class=\"attachment-original size-original\" alt=\"Iluminare cu fibr\u0103 optic\u0103\" srcset=\"https:\/\/backlightmfg.com\/wp-content\/uploads\/2024\/09\/1625232631-scaled.jpg 2560w, https:\/\/backlightmfg.com\/wp-content\/uploads\/2024\/09\/1625232631-300x225.jpg 300w, https:\/\/backlightmfg.com\/wp-content\/uploads\/2024\/09\/1625232631-1024x768.jpg 1024w, https:\/\/backlightmfg.com\/wp-content\/uploads\/2024\/09\/1625232631-768x576.jpg 768w, https:\/\/backlightmfg.com\/wp-content\/uploads\/2024\/09\/1625232631-1536x1152.jpg 1536w, https:\/\/backlightmfg.com\/wp-content\/uploads\/2024\/09\/1625232631-2048x1536.jpg 2048w, https:\/\/backlightmfg.com\/wp-content\/uploads\/2024\/09\/1625232631-16x12.jpg 16w, https:\/\/backlightmfg.com\/wp-content\/uploads\/2024\/09\/1625232631-510x383.jpg 510w\" sizes=\"(max-width: 2560px) 100vw, 2560px\" \/>\t\t\t\t\t\t\n\t\t\t\t\t<\/div>\n\t\t\t\t\t\t\t\t\n<style>\n#image_536549307 {\n  width: 100%;\n}\n<\/style>\n\t<\/div>\n\t\n\t\t<\/div>\n\t\t\t\t\t<\/div>\n\n\t\n\n\t<div id=\"col-1635541890\" class=\"col medium-6 small-12 large-6\"  >\n\t\t\t\t<div class=\"col-inner\"  >\n\t\t\t\n\t\t\t\n<h3 data-sourcepos=\"5:1-5:41\"><strong>Componentele cheie ale panourilor de iluminare din spate cu fibr\u0103 optic\u0103:<\/strong><\/h3>\n<ul data-sourcepos=\"7:1-8:63\">\n<li data-sourcepos=\"7:1-7:77\"><strong>Surs\u0103 de lumin\u0103:<\/strong> Sursa de lumin\u0103, de obicei LED-uri sau l\u0103mpi fluorescente.<\/li>\n<li data-sourcepos=\"8:1-8:63\"><strong>Cabluri de fibr\u0103 optic\u0103:<\/strong> Fire sub\u021biri de sticl\u0103 sau plastic care transmit lumina.<\/li>\n<li data-sourcepos=\"9:1-9:82\"><strong>Plac\u0103 de ghidare a luminii:<\/strong> Un material transparent care distribuie lumina \u00een mod uniform.<\/li>\n<li data-sourcepos=\"10:1-10:50\"><strong>Difuzor:<\/strong> Un material care \u00eempr\u0103\u0219tie lumina, cre\u00e2nd o iluminare uniform\u0103.<\/li>\n<\/ul>\n<h3 data-sourcepos=\"12:1-12:42\"><strong>Cum func\u021bioneaz\u0103 panourile retroiluminate cu fibr\u0103 optic\u0103:<\/strong><\/h3>\n<ol data-sourcepos=\"14:1-18:0\">\n<li data-sourcepos=\"14:1-14:80\"><strong>Emisie de lumin\u0103:<\/strong> Sursa de lumin\u0103 emite lumin\u0103 \u00een cablurile de fibr\u0103 optic\u0103.<\/li>\n<li data-sourcepos=\"15:1-15:101\"><strong>Transmisia luminii:<\/strong> Lumina c\u0103l\u0103tore\u0219te prin cablurile de fibr\u0103 optic\u0103 p\u00e2n\u0103 la placa de ghidare a luminii.<\/li>\n<li data-sourcepos=\"16:1-16:109\"><strong>Distribu\u021bia luminii:<\/strong> Placa de ghidare a luminii distribuie lumina uniform pe partea din spate a ecranului.<\/li>\n<li data-sourcepos=\"17:1-18:0\"><strong>Iluminare:<\/strong> Lumina difuz\u0103 ilumineaz\u0103 ecranul de afi\u0219are, cre\u00e2nd o imagine luminoas\u0103 \u0219i uniform\u0103.<\/li>\n<\/ol>\n\t\t<\/div>\n\t\t\t\t\t<\/div>\n\n\t\n<\/div>\n\t\t<\/div>\n\n\t\t\n<style>\n#section_1628350133 {\n  padding-top: 30px;\n  padding-bottom: 30px;\n  background-color: #c3e7f2;\n}\n<\/style>\n\t<\/section>\n\t\n\t<section class=\"section\" id=\"section_549455280\">\n\t\t<div class=\"bg section-bg fill bg-fill  bg-loaded\" >\n\n\t\t\t\n\t\t\t\n\t\t\t\n\n\t\t<\/div>\n\n\t\t\n\n\t\t<div class=\"section-content relative\">\n\t\t\t\n<div class=\"row\"  id=\"row-1141559475\">\n\n\t<div id=\"col-787260475\" class=\"col medium-6 small-12 large-6\"  >\n\t\t\t\t<div class=\"col-inner\"  >\n\t\t\t\n\t\t\t\n<h3 data-sourcepos=\"19:1-19:45\">Beneficiile panourilor de iluminare din spate cu fibr\u0103 optic\u0103:<\/h3>\n<ul data-sourcepos=\"21:1-21:140\">\n<li data-sourcepos=\"21:1-21:140\"><strong>Iluminare uniform\u0103:<\/strong> Panourile de iluminare de fundal cu fibr\u0103 optic\u0103 ofer\u0103 o iluminare mai uniform\u0103 \u0219i mai consistent\u0103 \u00een compara\u021bie cu iluminarea de fundal tradi\u021bional\u0103 cu iluminare marginal\u0103 sau direct\u0103.<\/li>\n<li data-sourcepos=\"22:1-22:141\"><strong>Eficien\u021b\u0103 energetic\u0103:<\/strong> Acestea pot fi mai eficiente din punct de vedere energetic dec\u00e2t alte tehnologii de iluminare din spate, \u00een special atunci c\u00e2nd sunt utilizate cu LED-uri de \u00eenalt\u0103 eficien\u021b\u0103.<\/li>\n<li data-sourcepos=\"23:1-23:99\"><strong>Design sub\u021bire:<\/strong> Panourile cu iluminare de fundal cu fibr\u0103 optic\u0103 permit modele de afi\u0219aje mai sub\u021biri \u0219i mai compacte.<\/li>\n<li data-sourcepos=\"24:1-25:0\"><strong>Flexibilitate:<\/strong> Acestea pot fi personalizate pentru a se potrivi diferitelor dimensiuni \u0219i forme de afi\u0219are.<\/li>\n<\/ul>\n<h3 data-sourcepos=\"26:1-26:49\">Aplica\u021bii ale panourilor de iluminare din spate cu fibr\u0103 optic\u0103:<\/h3>\n<ul data-sourcepos=\"28:1-31:0\">\n<li data-sourcepos=\"28:1-28:72\"><strong>Afi\u0219aje LCD:<\/strong> Utilizat \u00een televizoare, monitoare de calculator \u0219i laptopuri.<\/li>\n<li data-sourcepos=\"29:1-29:68\"><strong>Afi\u0219aje OLED:<\/strong> Utilizat \u00een smartphone-uri, tablete \u0219i televizoare high-end.<\/li>\n<li data-sourcepos=\"30:1-31:0\"><strong>Digital Signage:<\/strong> Utilizat \u00een afi\u0219aje publicitare \u0219i panouri digitale.<\/li>\n<\/ul>\n<p data-sourcepos=\"32:1-32:30\"><strong>Panourile retroiluminate cu fibr\u0103 optic\u0103 au devenit o alegere popular\u0103 pentru tehnologia modern\u0103 de afi\u0219are datorit\u0103 beneficiilor lor \u00een ceea ce prive\u0219te calitatea ilumin\u0103rii, eficien\u021ba energetic\u0103 \u0219i flexibilitatea designului.<\/strong><\/p>\n\t\t<\/div>\n\t\t\t\t\t<\/div>\n\n\t\n\n\t<div id=\"col-627800995\" class=\"col medium-6 small-12 large-6\"  >\n\t\t\t\t<div class=\"col-inner\"  >\n\t\t\t\n\t\t\t\n\t<div class=\"img has-hover x md-x lg-x y md-y lg-y\" id=\"image_1959955966\">\n\t\t\t\t\t\t\t\t<div class=\"img-inner image-cover dark\" style=\"padding-top:100%;\">\n\t\t\t<img loading=\"lazy\" decoding=\"async\" width=\"685\" height=\"667\" src=\"https:\/\/backlightmfg.com\/wp-content\/uploads\/2024\/09\/1625230825.png\" class=\"attachment-original size-original\" alt=\"Aplica\u021bii ale panourilor de iluminare din spate cu fibr\u0103 optic\u0103\" srcset=\"https:\/\/backlightmfg.com\/wp-content\/uploads\/2024\/09\/1625230825.png 685w, https:\/\/backlightmfg.com\/wp-content\/uploads\/2024\/09\/1625230825-300x292.png 300w, https:\/\/backlightmfg.com\/wp-content\/uploads\/2024\/09\/1625230825-12x12.png 12w, https:\/\/backlightmfg.com\/wp-content\/uploads\/2024\/09\/1625230825-510x497.png 510w\" sizes=\"(max-width: 685px) 100vw, 685px\" \/>\t\t\t\t\t\t\n\t\t\t\t\t<\/div>\n\t\t\t\t\t\t\t\t\n<style>\n#image_1959955966 {\n  width: 100%;\n}\n<\/style>\n\t<\/div>\n\t\n\t\t<\/div>\n\t\t\t\t\t<\/div>\n\n\t\n<\/div>\n\t\t<\/div>\n\n\t\t\n<style>\n#section_549455280 {\n  padding-top: 30px;\n  padding-bottom: 30px;\n}\n<\/style>\n\t<\/section>\n\t\n\t<section class=\"section\" id=\"section_2035835390\">\n\t\t<div class=\"bg section-bg fill bg-fill  bg-loaded\" >\n\n\t\t\t\n\t\t\t\n\t\t\t\n\n\t\t<\/div>\n\n\t\t\n\n\t\t<div class=\"section-content relative\">\n\t\t\t\n<div class=\"row\"  id=\"row-1576333830\">\n\n\t<div id=\"col-22647701\" class=\"col small-12 large-12\"  >\n\t\t\t\t<div class=\"col-inner\"  >\n\t\t\t\n\t\t\t\n<h2 class=\"\" style=\"text-align: center;\" data-sourcepos=\"1:1-1:61\">Panouri de iluminare din spate cu fibr\u0103 optic\u0103 OEM: Personalizarea afi\u0219ajului dvs.<\/h2>\n<p data-sourcepos=\"3:1-3:126\"><strong>Reyera ca o fibr\u0103 optic\u0103 OEM backlight panouri<\/strong> ofer\u0103 o solu\u021bie personalizabil\u0103 pentru \u00eentreprinderile care doresc s\u0103 integreze iluminatul de \u00eenalt\u0103 calitate \u00een produsele lor. Aceste panouri pot fi personalizate pentru a se potrivi cerin\u021belor dvs. specifice, asigur\u00e2nd performan\u021b\u0103 \u0219i estetic\u0103 optime.<\/p>\n<p data-sourcepos=\"5:1-5:34\"><strong>Beneficiile panourilor de iluminare din spate cu fibr\u0103 optic\u0103 OEM:<\/strong><\/p>\n<ul data-sourcepos=\"7:1-8:27\">\n<li data-sourcepos=\"7:1-7:112\"><strong>Personalizare:<\/strong> Adapta\u021bi dimensiunea, forma, luminozitatea \u0219i temperatura de culoare a panoului pentru a v\u0103 satisface nevoile exacte.<\/li>\n<li data-sourcepos=\"8:1-8:27\"><strong>Branding:<\/strong> \u00cencorpora\u021bi logo-ul m\u0103rcii dvs. sau elemente de design \u00een panou pentru un aspect unic.<\/li>\n<li data-sourcepos=\"9:1-9:97\"><strong>Rentabil:<\/strong> Produc\u021bia OEM poate oferi adesea pre\u021buri competitive pentru cantit\u0103\u021bi mari.<\/li>\n<li data-sourcepos=\"10:1-10:1\"><strong>Controlul calit\u0103\u021bii:<\/strong> Lucra\u021bi cu produc\u0103tori de renume pentru a asigura produse de \u00eenalt\u0103 calitate \u0219i performan\u021be fiabile.<\/li>\n<\/ul>\n<p data-sourcepos=\"12:1-12:26\"><strong>Op\u021biuni de personalizare:<\/strong><\/p>\n<ul data-sourcepos=\"14:1-18:0\">\n<li data-sourcepos=\"14:1-14:91\"><strong>Dimensiune \u0219i form\u0103:<\/strong> Alege\u021bi dimensiunile \u0219i forma panoului pentru a se potrivi cu designul afi\u0219ajului dvs.<\/li>\n<li data-sourcepos=\"15:1-15:118\"><strong>Luminozitate \u0219i temperatur\u0103 de culoare:<\/strong> Regla\u021bi intensitatea luminii \u0219i spectrul de culori pentru a v\u0103 potrivi cu estetica dorit\u0103.<\/li>\n<li data-sourcepos=\"16:1-16:108\"><strong>Distribu\u021bia luminii:<\/strong> Personaliza\u021bi modelul de distribu\u021bie a luminii pentru a ob\u021bine efecte de iluminare specifice.<\/li>\n<li data-sourcepos=\"17:1-18:0\"><strong>Integrare:<\/strong> Integra\u021bi func\u021bii suplimentare precum senzori tactili sau senzori de lumin\u0103 ambiental\u0103.<\/li>\n<\/ul>\n<p data-sourcepos=\"19:1-19:98\"><strong>De ce s\u0103 alege\u021bi Reyera OEM produc\u0103tor de panouri retroiluminate cu fibr\u0103 optic\u0103:<\/strong><\/p>\n<ul data-sourcepos=\"21:1-21:100\">\n<li data-sourcepos=\"21:1-21:100\"><strong>Experien\u021b\u0103:<\/strong> C\u0103uta\u021bi produc\u0103tori cu experien\u021b\u0103 \u00een producerea de panouri de iluminare din spate de \u00eenalt\u0103 calitate.<\/li>\n<li data-sourcepos=\"22:1-22:121\"><strong>Capabilit\u0103\u021bi:<\/strong> Asigura\u021bi-v\u0103 c\u0103 produc\u0103torul are echipamentul \u0219i expertiza necesare pentru a v\u0103 \u00eendeplini cerin\u021bele specifice.<\/li>\n<li data-sourcepos=\"23:1-23:94\"><strong>Termene de execu\u021bie:<\/strong> Lua\u021bi \u00een considerare termenele de produc\u021bie ale produc\u0103torului pentru a asigura livrarea la timp.<\/li>\n<li data-sourcepos=\"24:1-25:0\"><strong>Asisten\u021b\u0103 post-v\u00e2nzare:<\/strong> Alege\u021bi un produc\u0103tor care ofer\u0103 asisten\u021b\u0103 post-v\u00e2nzare de \u00eencredere \u0219i acoperire de garan\u021bie.<\/li>\n<\/ul>\n\t\t<\/div>\n\t\t\t\t\t<\/div>\n\n\t\n<\/div>\n\t\t<\/div>\n\n\t\t\n<style>\n#section_2035835390 {\n  padding-top: 30px;\n  padding-bottom: 30px;\n  background-color: #c3e7f2;\n}\n<\/style>\n\t<\/section>\n\t\n\t<section class=\"section\" id=\"section_216254041\">\n\t\t<div class=\"bg section-bg fill bg-fill  bg-loaded\" >\n\n\t\t\t\n\t\t\t\n\t\t\t\n\n\t\t<\/div>\n\n\t\t\n\n\t\t<div class=\"section-content relative\">\n\t\t\t\n<div class=\"row\"  id=\"row-1926835613\">\n\n\t<div id=\"col-585269090\" class=\"col small-12 large-12\"  >\n\t\t\t\t<div class=\"col-inner\"  >\n\t\t\t\n\t\t\t\n<h2 style=\"text-align: center;\">Contacta\u021bi-ne<\/h2>\n\t\t<\/div>\n\t\t\t\t\t<\/div>\n\n\t\n<\/div>\n<div class=\"row\"  id=\"row-2127197933\">\n\n\t<div id=\"col-1725866759\" class=\"col small-12 large-12\"  >\n\t\t\t\t<div class=\"col-inner\"  >\n\t\t\t\n\t\t\t\n\n<div class=\"wpcf7 no-js\" id=\"wpcf7-f280-o1\" lang=\"en-US\" dir=\"ltr\">\n<div class=\"screen-reader-response\"><p role=\"status\" aria-live=\"polite\" aria-atomic=\"true\"><\/p> <ul><\/ul><\/div>\n<form action=\"\/ro\/wp-json\/wp\/v2\/pages\/2011#wpcf7-f280-o1\" method=\"post\" class=\"wpcf7-form init\" aria-label=\"Formular de contact\" novalidate=\"novalidate\" data-status=\"init\" data-trp-original-action=\"\/ro\/wp-json\/wp\/v2\/pages\/2011#wpcf7-f280-o1\">\n<div style=\"display: none;\">\n<input type=\"hidden\" name=\"_wpcf7\" value=\"280\" \/>\n<input type=\"hidden\" name=\"_wpcf7_version\" value=\"5.9.6\" \/>\n<input type=\"hidden\" name=\"_wpcf7_locale\" value=\"en_US\" \/>\n<input type=\"hidden\" name=\"_wpcf7_unit_tag\" value=\"wpcf7-f280-o1\" \/>\n<input type=\"hidden\" name=\"_wpcf7_container_post\" value=\"0\" \/>\n<input type=\"hidden\" name=\"_wpcf7_posted_data_hash\" value=\"\" \/>\n<\/div>\n<div class='custom_contact_style'>\n\t<div class=\"row row-small\">\n\t\t<div class=\"col medium-6 small-12 large-6\">\n\t\t\t<div class=\"col-inner\">\n\t\t\t\t<p><span class=\"wpcf7-form-control-wrap\" data-name=\"your-name\"><input size=\"40\" maxlength=\"80\" class=\"wpcf7-form-control wpcf7-text wpcf7-validates-as-required\" aria-required=\"true\" aria-invalid=\"false\" placeholder=\"Nume*\" value=\"\" type=\"text\" name=\"your-name\" \/><\/span>\n\t\t\t\t<\/p>\n\t\t\t<\/div>\n\t\t<\/div>\n\t\t<div class=\"col medium-6 small-12 large-6\">\n\t\t\t<div class=\"col-inner\">\n\t\t\t\t<p><span class=\"wpcf7-form-control-wrap\" data-name=\"your-email\"><input size=\"40\" maxlength=\"80\" class=\"wpcf7-form-control wpcf7-email wpcf7-validates-as-required wpcf7-text wpcf7-validates-as-email\" aria-required=\"true\" aria-invalid=\"false\" placeholder=\"E-mail*\" value=\"\" type=\"email\" name=\"your-email\" \/><\/span>\n\t\t\t\t<\/p>\n\t\t\t<\/div>\n\t\t<\/div>\n\t<\/div>\n\t<div class='cus_contact_form_bottom'>\n\t\t<p><span class=\"wpcf7-form-control-wrap\" data-name=\"your-phone\"><input size=\"40\" maxlength=\"80\" class=\"wpcf7-form-control wpcf7-text\" aria-invalid=\"false\" placeholder=\"Telefon\" value=\"\" type=\"text\" name=\"your-phone\" \/><\/span>\n\t\t<\/p>\n\t<\/div>\n\t<div class='cus_contact_form_bottom'>\n\t\t<p><span class=\"wpcf7-form-control-wrap\" data-name=\"your-country\"><input size=\"40\" maxlength=\"80\" class=\"wpcf7-form-control wpcf7-text\" aria-invalid=\"false\" placeholder=\"\u021aara\" value=\"\" type=\"text\" name=\"your-country\" \/><\/span>\n\t\t<\/p>\n\t<\/div>\n\t<p><span class=\"wpcf7-form-control-wrap\" data-name=\"your-message\"><textarea cols=\"40\" rows=\"10\" maxlength=\"400\" class=\"wpcf7-form-control wpcf7-textarea wpcf7-validates-as-required\" aria-required=\"true\" aria-invalid=\"false\" placeholder=\"Mesajul dumneavoastr\u0103 *\" name=\"your-message\"><\/textarea><\/span>\n\t<\/p>\n\t<div style=\"margin-bottom:10px;\">\n\t\t<p><span class=\"wpcf7-form-control-wrap kc_captcha cf7ic-toggle\" data-name=\"kc_captcha\"><span class=\"wpcf7-form-control wpcf7-radio\"><span class=\"captcha-image\" style=\"display: none;\"><span class=\"cf7ic_instructions\">V\u0103 rug\u0103m s\u0103 dovedi\u021bi c\u0103 sunte\u021bi om select\u00e2nd<span> ma\u0219in\u0103<\/span>.<\/span><label><input aria-label=\"1\" type=\"radio\" name=\"kc_captcha\" value=\"bot\" \/><svg aria-hidden=\"true\" role=\"img\" xmlns=\"http:\/\/www.w3.org\/2000\/svg\" viewbox=\"0 0 576 512\"><path fill=\"currentColor\" d=\"M415 24c-53 0-103 42-127 65-24-23-74-65-127-65C70 24 16 77 16 166c0 72 67 133 69 135l187 181c9 8 23 8 32 0l187-180c2-3 69-64 69-136 0-89-54-142-145-142z\"\/><\/svg><\/label><label><input aria-label=\"2\" type=\"radio\" name=\"kc_captcha\" value=\"kc_human\" \/><svg aria-hidden=\"true\" role=\"img\" xmlns=\"http:\/\/www.w3.org\/2000\/svg\" viewbox=\"0 0 512 512\"><path fill=\"currentColor\" d=\"M500 168h-55l-8-21a127 127 0 00-120-83H195a127 127 0 00-120 83l-8 21H12c-8 0-14 8-11 16l8 24a12 12 0 0011 8h29a64 64 0 00-33 56v48c0 16 6 31 16 42v62c0 13 11 24 24 24h48c13 0 24-11 24-24v-40h256v40c0 13 11 24 24 24h48c13 0 24-11 24-24v-62c10-11 16-26 16-42v-48c0-24-13-45-33-56h29a12 12 0 0011-8l8-24c3-8-3-16-11-16zm-365 2c9-25 33-42 60-42h122c27 0 51 17 60 42l15 38H120l15-38zM88 328a32 32 0 010-64c18 0 48 30 48 48s-30 16-48 16zm336 0c-18 0-48 2-48-16s30-48 48-48 32 14 32 32-14 32-32 32z\"\/><\/svg><\/label><label><input aria-label=\"3\" type=\"radio\" name=\"kc_captcha\" value=\"bot\" \/><svg aria-hidden=\"true\" role=\"img\" xmlns=\"http:\/\/www.w3.org\/2000\/svg\" viewbox=\"0 0 576 512\"><path fill=\"currentColor\" d=\"M472 200H360L256 6a12 12 0 00-10-6h-58c-8 0-14 7-12 15l34 185H100l-35-58a12 12 0 00-10-6H12c-8 0-13 7-12 14l21 106L0 362c-1 7 4 14 12 14h43c4 0 8-2 10-6l35-58h110l-34 185c-2 8 4 15 12 15h58a12 12 0 0010-6l104-194h112c57 0 104-25 104-56s-47-56-104-56z\"\/><\/svg><\/label>\r\n    <\/span>\r\n    <span style=\"display:none\">\r\n        <input type=\"text\" name=\"kc_honeypot\">\r\n    <\/span><\/span><\/span>\n\t\t<\/p>\n\t<\/div>\n\t<p><input class=\"wpcf7-form-control wpcf7-submit has-spinner\" type=\"submit\" value=\"Trimite mesaj\" \/>\n\t<\/p>\n<\/div><div class=\"wpcf7-response-output\" aria-hidden=\"true\"><\/div>\n<input type=\"hidden\" name=\"trp-form-language\" value=\"ro\"\/><\/form>\n<\/div>\n\n\t\t<\/div>\n\t\t\t\t\t<\/div>\n\n\t\n<\/div>\n\t\t<\/div>\n\n\t\t\n<style>\n#section_216254041 {\n  padding-top: 30px;\n  padding-bottom: 30px;\n}\n<\/style>\n\t<\/section>","protected":false},"excerpt":{"rendered":"","protected":false},"author":1,"featured_media":0,"parent":0,"menu_order":0,"comment_status":"closed","ping_status":"closed","template":"page-blank.php","meta":{"footnotes":""},"_links":{"self":[{"href":"https:\/\/backlightmfg.com\/ro\/wp-json\/wp\/v2\/pages\/2011"}],"collection":[{"href":"https:\/\/backlightmfg.com\/ro\/wp-json\/wp\/v2\/pages"}],"about":[{"href":"https:\/\/backlightmfg.com\/ro\/wp-json\/wp\/v2\/types\/page"}],"author":[{"embeddable":true,"href":"https:\/\/backlightmfg.com\/ro\/wp-json\/wp\/v2\/users\/1"}],"replies":[{"embeddable":true,"href":"https:\/\/backlightmfg.com\/ro\/wp-json\/wp\/v2\/comments?post=2011"}],"version-history":[{"count":20,"href":"https:\/\/backlightmfg.com\/ro\/wp-json\/wp\/v2\/pages\/2011\/revisions"}],"predecessor-version":[{"id":2047,"href":"https:\/\/backlightmfg.com\/ro\/wp-json\/wp\/v2\/pages\/2011\/revisions\/2047"}],"wp:attachment":[{"href":"https:\/\/backlightmfg.com\/ro\/wp-json\/wp\/v2\/media?parent=2011"}],"curies":[{"name":"wp","href":"https:\/\/api.w.org\/{rel}","templated":true}]}}