{"id":1793,"date":"2024-08-03T06:46:11","date_gmt":"2024-08-03T06:46:11","guid":{"rendered":"https:\/\/backlightmfg.com\/?post_type=product&#038;p=1793"},"modified":"2024-09-15T06:29:42","modified_gmt":"2024-09-15T06:29:42","slug":"lgf-light-guide-film","status":"publish","type":"product","link":"https:\/\/backlightmfg.com\/pt\/lgf-light-guide-film\/","title":{"rendered":"LGF (pel\u00edcula guia de luz)"},"content":{"rendered":"<h3 data-sourcepos=\"3:1-3:53\">O que \u00e9 a LGF?<\/h3>\n<ul>\n<li data-sourcepos=\"3:1-3:53\">A pel\u00edcula guia de luz (LGF) \u00e9 uma folha de pl\u00e1stico fina, opticamente transparente, concebida para distribuir uniformemente a luz de uma fonte iluminada atrav\u00e9s da sua superf\u00edcie. Esta tecnologia \u00e9 essencial para criar uma retroilumina\u00e7\u00e3o uniforme em v\u00e1rias aplica\u00e7\u00f5es, desde teclados retroiluminados e ecr\u00e3s LCD a sinal\u00e9tica e interiores de autom\u00f3veis.<\/li>\n<\/ul>\n<h3>Como funciona a pel\u00edcula de guia de luz?<\/h3>\n<ul>\n<li data-sourcepos=\"7:1-7:66\">A LGF utiliza uma microestrutura \u00fanica na sua superf\u00edcie para captar e refratar a luz de uma fonte de luz LED posicionada na extremidade da pel\u00edcula. Esta luz \u00e9 ent\u00e3o uniformemente dispersa pela superf\u00edcie da pel\u00edcula, produzindo uma ilumina\u00e7\u00e3o brilhante e consistente.<\/li>\n<\/ul>\n<h3 data-sourcepos=\"7:1-7:66\">Carater\u00edsticas<\/h3>\n<ul>\n<li>A pel\u00edcula de policarbonato ultrafina de grau \u00f3tico com microestruturas de guia de luz personalizadas proporciona um desempenho uniforme da luz.<\/li>\n<li>Aplica\u00e7\u00f5es em ecr\u00e3s: Pel\u00edcula de guia de luz frontal para E-paper e sinaliza\u00e7\u00e3o p\u00fablica e outras aplica\u00e7\u00f5es de visualiza\u00e7\u00e3o.<\/li>\n<li>Autom\u00f3vel: Painel de instrumentos\/placa de prote\u00e7\u00e3o das portas\/ilumina\u00e7\u00e3o interior para autom\u00f3veis.<\/li>\n<li>Eletr\u00f3nica de consumo: teclados iluminados \/ ventoinhas RGB Led \/ pain\u00e9is de controlo.<\/li>\n<li>Aplica\u00e7\u00f5es dom\u00e9sticas: bot\u00f5es t\u00e1cteis iluminados<\/li>\n<\/ul>","protected":false},"excerpt":{"rendered":"<h4 id=\"tw-target-text\" class=\"tw-data-text tw-text-large tw-ta\" dir=\"ltr\" data-placeholder=\"Translation\" aria-label=\"Texto traduzido\" data-ved=\"2ahUKEwiFvaiamtiHAxXCnK8BHcMXH1QQ3ewLegQIERAU\"><strong><span class=\"Y2IQFc\" lang=\"en\">Par\u00e2metros do processo <\/span>da LGF<\/strong><\/h4>\n<p dir=\"ltr\" data-placeholder=\"Translation\" aria-label=\"Texto traduzido\" data-ved=\"2ahUKEwiFvaiamtiHAxXCnK8BHcMXH1QQ3ewLegQIERAU\">Material \uff1aPolicarbonato (PC)<\/p>\n<p dir=\"ltr\" data-placeholder=\"Translation\" aria-label=\"Texto traduzido\" data-ved=\"2ahUKEwiFvaiamtiHAxXCnK8BHcMXH1QQ3ewLegQIERAU\">Espessura \uff1a0,075 mm, 0,1 mm, 0,125 mm<\/p>\n<p dir=\"ltr\" data-placeholder=\"Translation\" aria-label=\"Texto traduzido\" data-ved=\"2ahUKEwiFvaiamtiHAxXCnK8BHcMXH1QQ3ewLegQIERAU\">Tamanho e forma : De acordo com o desenho do cliente<\/p>","protected":false},"featured_media":1794,"comment_status":"open","ping_status":"closed","template":"","meta":[],"product_cat":[15],"product_tag":[],"_links":{"self":[{"href":"https:\/\/backlightmfg.com\/pt\/wp-json\/wp\/v2\/product\/1793"}],"collection":[{"href":"https:\/\/backlightmfg.com\/pt\/wp-json\/wp\/v2\/product"}],"about":[{"href":"https:\/\/backlightmfg.com\/pt\/wp-json\/wp\/v2\/types\/product"}],"replies":[{"embeddable":true,"href":"https:\/\/backlightmfg.com\/pt\/wp-json\/wp\/v2\/comments?post=1793"}],"wp:featuredmedia":[{"embeddable":true,"href":"https:\/\/backlightmfg.com\/pt\/wp-json\/wp\/v2\/media\/1794"}],"wp:attachment":[{"href":"https:\/\/backlightmfg.com\/pt\/wp-json\/wp\/v2\/media?parent=1793"}],"wp:term":[{"taxonomy":"product_cat","embeddable":true,"href":"https:\/\/backlightmfg.com\/pt\/wp-json\/wp\/v2\/product_cat?post=1793"},{"taxonomy":"product_tag","embeddable":true,"href":"https:\/\/backlightmfg.com\/pt\/wp-json\/wp\/v2\/product_tag?post=1793"}],"curies":[{"name":"wp","href":"https:\/\/api.w.org\/{rel}","templated":true}]}}