{"id":1790,"date":"2024-08-03T02:08:10","date_gmt":"2024-08-03T02:08:10","guid":{"rendered":"https:\/\/backlightmfg.com\/?post_type=product&#038;p=1790"},"modified":"2025-07-14T08:33:49","modified_gmt":"2025-07-14T08:33:49","slug":"lgp-backlight","status":"publish","type":"product","link":"https:\/\/backlightmfg.com\/pt\/lgp-backlight\/","title":{"rendered":"Luz de fundo LGP"},"content":{"rendered":"<h3><strong><span class=\"Y2IQFc\" lang=\"en\">Tecnologia de microestrutura LGP (prote\u00e7\u00e3o ambiental) \uff1a<\/span><\/strong><\/h3>\n<p>Convers\u00e3o do processo de impress\u00e3o original para o processo de prensagem a quente, produ\u00e7\u00e3o automatizada, alto rendimento e excelente efeito visual, incluindo LGP de microestrutura e LGP de impress\u00e3o de tinta.<\/p>\n<h4><b>O que \u00e9 a microestrutura?<\/b><\/h4>\n<ul>\n<li>Se o tamanho do padr\u00e3o de LGP que pode ser controlado for inferior a 100 um. Podemos chamar-lhe microestrutura.<\/li>\n<\/ul>\n<h4><strong>Impress\u00e3o a tinta<\/strong><\/h4>\n<ul>\n<li>O tamanho do padr\u00e3o \u00e9 de 0,4 mm (di\u00e2metro m\u00ednimo).<\/li>\n<\/ul>\n<h4 class=\"tw-data-text tw-text-large tw-ta\" dir=\"ltr\" data-placeholder=\"Translation\" aria-label=\"Texto traduzido\" data-ved=\"2ahUKEwii-OPw3deHAxXnha8BHe_AMVoQ3ewLegQIDRAU\"><strong><span class=\"Y2IQFc\" lang=\"en\">M\u00f3dulo guia de luz-<\/span><span class=\"Y2IQFc\" lang=\"en\">Desbaste<\/span><\/strong><\/h4>\n<ul>\n<li>A espessura total do m\u00f3dulo de guia de luz varia de 0,8 a 2 mm. A placa de luz pode ser feita de placa macia (FPC) ou placa dura (PCB) de acordo com as necessidades do cliente.<\/li>\n<\/ul>\n<h4 class=\"tw-data-text tw-text-large tw-ta\" dir=\"ltr\" data-placeholder=\"Translation\" aria-label=\"Texto traduzido\" data-ved=\"2ahUKEwii-OPw3deHAxXnha8BHe_AMVoQ3ewLegQIDRAU\"><strong><span class=\"Y2IQFc\" lang=\"en\">M\u00f3dulo guia de luz-<\/span><span class=\"Y2IQFc\" lang=\"en\">Flexibilidade<\/span><\/strong><\/h4>\n<ul>\n<li>O seu m\u00f3dulo de guia de luz fina de placa macia tem boa flexibilidade, e a cola grossa pode ser utilizada para o ajustar de acordo com o aspeto do produto.<\/li>\n<\/ul>\n<h4 id=\"tw-target-text\" class=\"tw-data-text tw-text-large tw-ta\" dir=\"ltr\" data-placeholder=\"Translation\" aria-label=\"Texto traduzido\" data-ved=\"2ahUKEwii-OPw3deHAxXnha8BHe_AMVoQ3ewLegQIDRAU\"><strong><span class=\"Y2IQFc\" lang=\"en\">Personaliza\u00e7\u00e3o do m\u00f3dulo de guia de luz<\/span><\/strong><\/h4>\n<ul>\n<li id=\"tw-target-text\" class=\"tw-data-text tw-text-large tw-ta\" dir=\"ltr\" data-placeholder=\"Translation\" aria-label=\"Texto traduzido\" data-ved=\"2ahUKEwii-OPw3deHAxXnha8BHe_AMVoQ3ewLegQIDRAU\"><span class=\"Y2IQFc\" lang=\"en\">Podem ser concebidos diferentes m\u00f3dulos de guia de luz de acordo com as diferentes necessidades dos clientes para obter os efeitos exigidos pelos clientes.<\/span><\/li>\n<\/ul>\n<div id=\"KnM9nf\" class=\"PZPZlf\" data-attrid=\"tw-sourceArea\" data-entityname=\"Google Translate\">\n<div id=\"tw-source\">\n<div id=\"tw-source-rmn-container\" class=\"tw-ta-container F0azHf tw-nfl\">\n<h3 id=\"tw-source-rmn\" class=\"tw-data-text tw-text-small tw-ta\" dir=\"ltr\"><strong>Aplica\u00e7\u00e3o<\/strong><\/h3>\n<ul>\n<li>Tipo normal - Sob borracha<\/li>\n<li>Entre a chave e a borracha<\/li>\n<li>Co-moldagem<\/li>\n<\/ul>\n<\/div>\n<\/div>\n<\/div>","protected":false},"excerpt":{"rendered":"<p id=\"tw-target-text\" class=\"tw-data-text tw-text-large tw-ta\" dir=\"ltr\" data-placeholder=\"Translation\" aria-label=\"Texto traduzido\" data-ved=\"2ahUKEwii-OPw3deHAxXnha8BHe_AMVoQ3ewLegQIDRAU\"><span class=\"Y2IQFc\" lang=\"en\">Os m\u00f3dulos de guia de luz fotoel\u00e9ctrica LED s\u00e3o utilizados em cidades inteligentes, ve\u00edculos inteligentes, electrodom\u00e9sticos inteligentes e perif\u00e9ricos para desportos electr\u00f3nicos. Tend\u00eancias de desenvolvimento futuro dos m\u00f3dulos de guia de luz<\/span><\/p>\n<ul>\n<li><span class=\"Y2IQFc\" lang=\"en\">Tecnologia de microestrutura LGP (prote\u00e7\u00e3o ambiental)<br \/>\n<\/span><\/li>\n<li><span class=\"Y2IQFc\" lang=\"en\">Desbaste<br \/>\n<\/span><\/li>\n<li><span class=\"Y2IQFc\" lang=\"en\">Flexibilidade<br \/>\n<\/span><\/li>\n<li><span class=\"Y2IQFc\" lang=\"en\">M\u00f3dulo de guia de luz RGB<br \/>\n<\/span><\/li>\n<li><span class=\"Y2IQFc\" lang=\"en\">Fita luminosa RGB program\u00e1vel<br \/>\n<\/span><\/li>\n<li><span class=\"Y2IQFc\" lang=\"en\">Faixa de luz RGB de mudan\u00e7a fixa<\/span><\/li>\n<\/ul>","protected":false},"featured_media":1791,"comment_status":"open","ping_status":"closed","template":"","meta":[],"product_cat":[15],"product_tag":[],"_links":{"self":[{"href":"https:\/\/backlightmfg.com\/pt\/wp-json\/wp\/v2\/product\/1790"}],"collection":[{"href":"https:\/\/backlightmfg.com\/pt\/wp-json\/wp\/v2\/product"}],"about":[{"href":"https:\/\/backlightmfg.com\/pt\/wp-json\/wp\/v2\/types\/product"}],"replies":[{"embeddable":true,"href":"https:\/\/backlightmfg.com\/pt\/wp-json\/wp\/v2\/comments?post=1790"}],"wp:featuredmedia":[{"embeddable":true,"href":"https:\/\/backlightmfg.com\/pt\/wp-json\/wp\/v2\/media\/1791"}],"wp:attachment":[{"href":"https:\/\/backlightmfg.com\/pt\/wp-json\/wp\/v2\/media?parent=1790"}],"wp:term":[{"taxonomy":"product_cat","embeddable":true,"href":"https:\/\/backlightmfg.com\/pt\/wp-json\/wp\/v2\/product_cat?post=1790"},{"taxonomy":"product_tag","embeddable":true,"href":"https:\/\/backlightmfg.com\/pt\/wp-json\/wp\/v2\/product_tag?post=1790"}],"curies":[{"name":"wp","href":"https:\/\/api.w.org\/{rel}","templated":true}]}}