{"id":1556,"date":"2024-07-08T08:09:40","date_gmt":"2024-07-08T08:09:40","guid":{"rendered":"https:\/\/backlightmfg.com\/manufacturer\/keyboard-backlight\/"},"modified":"2024-09-15T06:29:44","modified_gmt":"2024-09-15T06:29:44","slug":"keyboard-backlight","status":"publish","type":"product","link":"https:\/\/backlightmfg.com\/pt\/keyboard-backlight\/","title":{"rendered":"Retroilumina\u00e7\u00e3o do teclado"},"content":{"rendered":"<p>Os teclados de membrana, conhecidos pelo seu funcionamento silencioso e acessibilidade, est\u00e3o cada vez mais a incorporar a retroilumina\u00e7\u00e3o, oferecendo uma atualiza\u00e7\u00e3o pr\u00e1tica e elegante. Eis um olhar mais atento \u00e0 retroilumina\u00e7\u00e3o dos teclados de membrana.<\/p>\n<h3><strong>Tecnologia da retroilumina\u00e7\u00e3o do teclado:<\/strong><\/h3>\n<p>Ao contr\u00e1rio dos teclados mec\u00e2nicos com interruptores individuais por baixo de cada tecla, os teclados de membrana dependem de uma \u00fanica membrana de press\u00e3o. A retroilumina\u00e7\u00e3o nestes teclados \u00e9 normalmente utilizada:<\/p>\n<ul>\n<li><strong>Pel\u00edcula guia de luz (LGF):<\/strong>Esta pel\u00edcula fina e transparente distribui eficazmente a luz dos LEDs colocados estrategicamente ao longo do teclado. O LGF ajuda a obter uma ilumina\u00e7\u00e3o uniforme em todas as teclas.<\/li>\n<li><strong>LEDs montados na superf\u00edcie (SMDs):<\/strong>Estes LEDs compactos s\u00e3o posicionados em pontos espec\u00edficos da placa de circuito impresso do teclado para direcionar a luz para o LGF.<\/li>\n<\/ul>\n<h3><strong>Benef\u00edcios:<\/strong><\/h3>\n<ul>\n<li><strong>Melhoria da visibilidade:<\/strong>A retroilumina\u00e7\u00e3o permite-lhe ver claramente as teclas em ambientes com pouca luz, melhorando a precis\u00e3o e a efici\u00eancia da escrita.<\/li>\n<li><strong>Produtividade melhorada:<\/strong>Uma visibilidade mais clara das teclas traduz-se em menos erros e velocidades de digita\u00e7\u00e3o mais r\u00e1pidas, o que \u00e9 particularmente ben\u00e9fico para os noct\u00edvagos ou para quem trabalha em ambientes com pouca luz.<\/li>\n<li><strong>Redu\u00e7\u00e3o da tens\u00e3o ocular:<\/strong>O brilho suave da retroilumina\u00e7\u00e3o reduz a tens\u00e3o ocular durante sess\u00f5es de escrita prolongadas.<\/li>\n<li><strong>Est\u00e9tica elegante:<\/strong>Os teclados retroiluminados d\u00e3o um toque de personalidade e eleg\u00e2ncia ao seu espa\u00e7o de trabalho, especialmente com op\u00e7\u00f5es de ilumina\u00e7\u00e3o personaliz\u00e1veis.<\/li>\n<\/ul>\n<h3><strong>Vantagens em rela\u00e7\u00e3o aos teclados de membrana tradicionais:<\/strong><\/h3>\n<ul>\n<li><strong>Funcionalidade melhorada:<\/strong>A retroilumina\u00e7\u00e3o resolve uma limita\u00e7\u00e3o fundamental dos teclados de membrana tradicionais - a fraca visibilidade com pouca luz.<\/li>\n<li><strong>Experi\u00eancia do utilizador melhorada:<\/strong>A combina\u00e7\u00e3o de uma escrita confort\u00e1vel com uma visibilidade clara das teclas melhora a experi\u00eancia geral do utilizador.<\/li>\n<li><strong>Pre\u00e7o competitivo:<\/strong>Os teclados de membrana retroiluminados oferecem uma boa rela\u00e7\u00e3o qualidade\/pre\u00e7o, proporcionando as vantagens da retroilumina\u00e7\u00e3o a um pre\u00e7o mais acess\u00edvel em compara\u00e7\u00e3o com alguns teclados mec\u00e2nicos retroiluminados.<\/li>\n<\/ul>\n<h3><strong>Coisas a considerar:<\/strong><\/h3>\n<ul>\n<li><strong>Op\u00e7\u00f5es de personaliza\u00e7\u00e3o:<\/strong>Embora n\u00e3o sejam t\u00e3o extensos como alguns teclados mec\u00e2nicos, alguns teclados de membrana retroiluminados oferecem n\u00edveis de brilho ajust\u00e1veis e, potencialmente, op\u00e7\u00f5es de ilumina\u00e7\u00e3o de uma ou v\u00e1rias cores.<\/li>\n<li><strong>Fuga de luz:<\/strong>Nalguns modelos, a luz pode escorrer \u00e0 volta das teclas, o que pode ser uma preocupa\u00e7\u00e3o para alguns utilizadores<\/li>\n<\/ul>","protected":false},"excerpt":{"rendered":"<p>As retroilumina\u00e7\u00f5es de teclado de membrana oferecem uma combina\u00e7\u00e3o atraente de funcionalidade e estilo. Melhoram a utiliza\u00e7\u00e3o em ambientes com pouca luz, melhoram a experi\u00eancia do utilizador e d\u00e3o um toque de eleg\u00e2ncia ao seu espa\u00e7o de trabalho, tudo a um pre\u00e7o competitivo. \u00c0 medida que a tecnologia avan\u00e7a, podemos esperar mais melhorias nas op\u00e7\u00f5es de personaliza\u00e7\u00e3o, difus\u00e3o da luz e efici\u00eancia energ\u00e9tica dos teclados de membrana retroiluminados.<\/p>","protected":false},"featured_media":1541,"comment_status":"closed","ping_status":"closed","template":"","meta":[],"product_cat":[15],"product_tag":[],"_links":{"self":[{"href":"https:\/\/backlightmfg.com\/pt\/wp-json\/wp\/v2\/product\/1556"}],"collection":[{"href":"https:\/\/backlightmfg.com\/pt\/wp-json\/wp\/v2\/product"}],"about":[{"href":"https:\/\/backlightmfg.com\/pt\/wp-json\/wp\/v2\/types\/product"}],"replies":[{"embeddable":true,"href":"https:\/\/backlightmfg.com\/pt\/wp-json\/wp\/v2\/comments?post=1556"}],"wp:featuredmedia":[{"embeddable":true,"href":"https:\/\/backlightmfg.com\/pt\/wp-json\/wp\/v2\/media\/1541"}],"wp:attachment":[{"href":"https:\/\/backlightmfg.com\/pt\/wp-json\/wp\/v2\/media?parent=1556"}],"wp:term":[{"taxonomy":"product_cat","embeddable":true,"href":"https:\/\/backlightmfg.com\/pt\/wp-json\/wp\/v2\/product_cat?post=1556"},{"taxonomy":"product_tag","embeddable":true,"href":"https:\/\/backlightmfg.com\/pt\/wp-json\/wp\/v2\/product_tag?post=1556"}],"curies":[{"name":"wp","href":"https:\/\/api.w.org\/{rel}","templated":true}]}}