{"id":1554,"date":"2024-07-08T08:09:39","date_gmt":"2024-07-08T08:09:39","guid":{"rendered":"https:\/\/backlightmfg.com\/manufacturer\/tv-backlight\/"},"modified":"2024-09-15T06:29:45","modified_gmt":"2024-09-15T06:29:45","slug":"tv-backlight","status":"publish","type":"product","link":"https:\/\/backlightmfg.com\/pt\/tv-backlight\/","title":{"rendered":"Retroilumina\u00e7\u00e3o do televisor"},"content":{"rendered":"<p>A retroilumina\u00e7\u00e3o do televisor desempenha um papel fundamental para proporcionar uma experi\u00eancia de visualiza\u00e7\u00e3o cativante e agrad\u00e1vel. \u00c9 a fonte de luz oculta por tr\u00e1s do ecr\u00e3 que tem impacto na qualidade da imagem, no conforto do utilizador e at\u00e9 na est\u00e9tica da configura\u00e7\u00e3o do seu sistema de cinema em casa.<\/p>\n<h3><strong>Tecnologia de retroilumina\u00e7\u00e3o de TV:<\/strong><\/h3>\n<p>Os televisores modernos utilizam principalmente duas tecnologias de retroilumina\u00e7\u00e3o:<\/p>\n<ul>\n<li><strong style=\"color: #555555; font-size: 14.4px;\">Ilumina\u00e7\u00e3o de fundo LED:<\/strong><span style=\"color: #555555; font-size: 14.4px;\">\u00a0Esta tecnologia dominante utiliza d\u00edodos emissores de luz (LED) como fonte de luz. Os LEDs oferecem v\u00e1rias vantagens:<\/span><\/li>\n<li><strong>Efici\u00eancia energ\u00e9tica:<\/strong>Um menor consumo de energia traduz-se em facturas de energia mais baixas e numa menor pegada ambiental.<\/li>\n<li><strong>Ilumina\u00e7\u00e3o uniforme:<\/strong>Os LEDs proporcionam uma distribui\u00e7\u00e3o de luz mais consistente em todo o ecr\u00e3, reduzindo o brilho e os pontos de acesso para uma experi\u00eancia de visualiza\u00e7\u00e3o confort\u00e1vel.<\/li>\n<li><strong>Brilho ajust\u00e1vel:<\/strong>Pode ajustar a intensidade da retroilumina\u00e7\u00e3o de acordo com a ilumina\u00e7\u00e3o ambiente e o tipo de conte\u00fado, melhorando ainda mais o conforto e optimizando a utiliza\u00e7\u00e3o de energia.<\/li>\n<li><strong style=\"color: #555555; font-size: 14.4px;\">Escurecimento local de matriz completa (FALD):<\/strong><span style=\"color: #555555; font-size: 14.4px;\">\u00a0Esta tecnologia avan\u00e7ada de retroilumina\u00e7\u00e3o LED permite zonas individuais de regula\u00e7\u00e3o da intensidade da luz de fundo. Isto permite:<\/span><\/li>\n<li><strong>Contraste melhorado:<\/strong>Ao escurecer as zonas da retroilumina\u00e7\u00e3o que correspondem a \u00e1reas escuras no ecr\u00e3, o FALD cria pretos mais profundos e contrastes mais ricos para uma imagem mais realista.<\/li>\n<li><strong>Redu\u00e7\u00e3o da flora\u00e7\u00e3o:<\/strong>O Blooming ocorre quando as \u00e1reas brilhantes \"sangram\" para as \u00e1reas escuras do ecr\u00e3. O FALD minimiza este efeito controlando com precis\u00e3o as zonas individuais de retroilumina\u00e7\u00e3o.<\/li>\n<\/ul>\n<h3><strong>Benef\u00edcios:<\/strong><\/h3>\n<ul>\n<li><strong>Qualidade de imagem melhorada:<\/strong>As luzes de fundo iluminam o ecr\u00e3, permitindo-lhe ver cores vibrantes, detalhes n\u00edtidos e pretos profundos para uma experi\u00eancia de visualiza\u00e7\u00e3o mais envolvente.<\/li>\n<li><strong>Clareza melhorada:<\/strong>A ilumina\u00e7\u00e3o uniforme reduz o encandeamento e os pontos quentes, garantindo uma vis\u00e3o clara e confort\u00e1vel, independentemente do conte\u00fado apresentado.<\/li>\n<li><strong>Redu\u00e7\u00e3o da tens\u00e3o ocular:<\/strong>O brilho ajust\u00e1vel permite-lhe definir um n\u00edvel que se adapta \u00e0 ilumina\u00e7\u00e3o ambiente e reduz a tens\u00e3o ocular, especialmente durante sess\u00f5es de visualiza\u00e7\u00e3o prolongadas.<\/li>\n<li><strong>Apelo est\u00e9tico:<\/strong>A retroilumina\u00e7\u00e3o contribui para um aspeto mais moderno e elegante do seu televisor, melhorando o aspeto geral da configura\u00e7\u00e3o do seu sistema de cinema em casa.<\/li>\n<\/ul>\n<h3><strong>Considera\u00e7\u00f5es:<\/strong><\/h3>\n<ul>\n<li><strong>Tipo de retroilumina\u00e7\u00e3o:<\/strong>A retroilumina\u00e7\u00e3o LED normal oferece um bom desempenho geral, ao passo que a FALD oferece um contraste superior e uma redu\u00e7\u00e3o do efeito de explos\u00e3o. No entanto, os televisores FALD tendem a ser mais caros.<\/li>\n<li><strong>N\u00famero de zonas de escurecimento:<\/strong>A exist\u00eancia de mais zonas de regula\u00e7\u00e3o da intensidade da luz de fundo FALD permite um controlo mais preciso e uma melhor qualidade de imagem, mas pode tamb\u00e9m aumentar o custo.<\/li>\n<li><strong>Tipo de conte\u00fado :<\/strong>O desempenho da retroilumina\u00e7\u00e3o pode influenciar a experi\u00eancia de visualiza\u00e7\u00e3o de diferentes conte\u00fados. Por exemplo, as cenas escuras dos filmes beneficiam mais do FALD do que os conte\u00fados diurnos brilhantes.<\/li>\n<\/ul>\n<h3><strong>O futuro da retroilumina\u00e7\u00e3o dos televisores:<\/strong><\/h3>\n<p>Os avan\u00e7os na tecnologia de retroilumina\u00e7\u00e3o est\u00e3o em curso, com o objetivo de proporcionar uma qualidade de imagem e uma experi\u00eancia de utiliza\u00e7\u00e3o ainda melhores. Eis algumas potenciais tend\u00eancias futuras:<\/p>\n<ul>\n<li><strong>Ilumina\u00e7\u00e3o de fundo MicroLED:<\/strong>Esta tecnologia de \u00faltima gera\u00e7\u00e3o utiliza LEDs microsc\u00f3picos para um escurecimento local ainda mais preciso, conduzindo a um contraste superior e a um desempenho HDR (High Dynamic Range).<\/li>\n<li><strong>Ecr\u00e3s OLED:<\/strong>A tecnologia de D\u00edodo Emissor de Luz Org\u00e2nico elimina a necessidade de retroilumina\u00e7\u00e3o, uma vez que os pix\u00e9is individuais podem auto-iluminar-se, oferecendo pretos perfeitos e taxas de contraste sem paralelo.<\/li>\n<\/ul>","protected":false},"excerpt":{"rendered":"<p>A retroilumina\u00e7\u00e3o dos televisores \u00e9 um componente essencial para conseguir uma experi\u00eancia de visualiza\u00e7\u00e3o cativante. Ao compreender as tecnologias de retroilumina\u00e7\u00e3o e o seu impacto na qualidade da imagem, pode escolher o melhor televisor para as suas prefer\u00eancias de visualiza\u00e7\u00e3o e or\u00e7amento. A tecnologia de retroilumina\u00e7\u00e3o dos televisores continua a evoluir, pelo que podemos esperar solu\u00e7\u00f5es ainda mais inovadoras que ir\u00e3o melhorar ainda mais o nosso prazer de entretenimento em casa.<\/p>","protected":false},"featured_media":1546,"comment_status":"closed","ping_status":"closed","template":"","meta":[],"product_cat":[15],"product_tag":[],"_links":{"self":[{"href":"https:\/\/backlightmfg.com\/pt\/wp-json\/wp\/v2\/product\/1554"}],"collection":[{"href":"https:\/\/backlightmfg.com\/pt\/wp-json\/wp\/v2\/product"}],"about":[{"href":"https:\/\/backlightmfg.com\/pt\/wp-json\/wp\/v2\/types\/product"}],"replies":[{"embeddable":true,"href":"https:\/\/backlightmfg.com\/pt\/wp-json\/wp\/v2\/comments?post=1554"}],"wp:featuredmedia":[{"embeddable":true,"href":"https:\/\/backlightmfg.com\/pt\/wp-json\/wp\/v2\/media\/1546"}],"wp:attachment":[{"href":"https:\/\/backlightmfg.com\/pt\/wp-json\/wp\/v2\/media?parent=1554"}],"wp:term":[{"taxonomy":"product_cat","embeddable":true,"href":"https:\/\/backlightmfg.com\/pt\/wp-json\/wp\/v2\/product_cat?post=1554"},{"taxonomy":"product_tag","embeddable":true,"href":"https:\/\/backlightmfg.com\/pt\/wp-json\/wp\/v2\/product_tag?post=1554"}],"curies":[{"name":"wp","href":"https:\/\/api.w.org\/{rel}","templated":true}]}}