{"id":1552,"date":"2024-07-08T08:09:39","date_gmt":"2024-07-08T08:09:39","guid":{"rendered":"https:\/\/backlightmfg.com\/manufacturer\/luminous-powder-backlighting\/"},"modified":"2024-09-15T06:29:46","modified_gmt":"2024-09-15T06:29:46","slug":"luminescent-powder-backlight","status":"publish","type":"product","link":"https:\/\/backlightmfg.com\/pt\/luminescent-powder-backlight\/","title":{"rendered":"Luz de fundo em p\u00f3 luminescente"},"content":{"rendered":"<p>O p\u00f3 luminescente, tamb\u00e9m conhecido como p\u00f3 de f\u00f3sforo, \u00e9 um material fascinante que absorve a energia da luz e a liberta lentamente ao longo do tempo sob a forma de luz vis\u00edvel. Esta propriedade \u00fanica torna-o um material ideal para criar retroilumina\u00e7\u00e3o de longa dura\u00e7\u00e3o em v\u00e1rias aplica\u00e7\u00f5es, particularmente em ambientes com pouca luz ou escuros.<\/p>\n<p>&nbsp;<\/p>\n<h3><strong>Principais vantagens da retroilumina\u00e7\u00e3o em p\u00f3 luminescente:<\/strong><\/h3>\n<ul>\n<li><strong style=\"color: #555555; font-size: 14.4px;\">Seguran\u00e7a:<\/strong><span style=\"color: #555555; font-size: 14.4px;\">\u00a0Ao contr\u00e1rio dos materiais radioactivos, o p\u00f3 luminescente \u00e9 completamente n\u00e3o t\u00f3xico, n\u00e3o inflam\u00e1vel e n\u00e3o cont\u00e9m subst\u00e2ncias nocivas como o f\u00f3sforo, o chumbo ou outros produtos qu\u00edmicos perigosos. Isto faz com que seja uma escolha segura para utiliza\u00e7\u00e3o em v\u00e1rios produtos, especialmente aqueles que est\u00e3o em contacto pr\u00f3ximo com os seres humanos.<\/span><\/li>\n<li><strong style=\"color: #555555; font-size: 14.4px;\">Brilho de longa dura\u00e7\u00e3o:<\/strong><span style=\"color: #555555; font-size: 14.4px;\">\u00a0A retroilumina\u00e7\u00e3o em p\u00f3 luminoso pode emitir luz durante horas, mesmo depois de cessar a exposi\u00e7\u00e3o \u00e0 luz. Esta dura\u00e7\u00e3o prolongada do brilho garante que os objectos permanecem vis\u00edveis e identific\u00e1veis mesmo na escurid\u00e3o total.<\/span><\/li>\n<li><strong style=\"color: #555555; font-size: 14.4px;\">Propriedades est\u00e1veis:<\/strong><span style=\"color: #555555; font-size: 14.4px;\">\u00a0A retroilumina\u00e7\u00e3o em p\u00f3 luminoso apresenta uma estabilidade not\u00e1vel em termos das suas propriedades f\u00edsicas e qu\u00edmicas. Esta carater\u00edstica garante que o efeito luminescente se mant\u00e9m consistente e fi\u00e1vel ao longo do tempo.<\/span><\/li>\n<li><strong style=\"color: #555555; font-size: 14.4px;\">Durabilidade excecional:<\/strong><span style=\"color: #555555; font-size: 14.4px;\">\u00a0O p\u00f3 luminescente tem uma durabilidade excecional, o que o torna resistente ao desgaste. Esta durabilidade garante que os produtos que incorporam p\u00f3 luminescente podem suportar condi\u00e7\u00f5es adversas e manter as suas propriedades luminescentes durante anos.<\/span><\/li>\n<li><strong style=\"color: #555555; font-size: 14.4px;\">Versatilidade:<\/strong><span style=\"color: #555555; font-size: 14.4px;\">\u00a0O p\u00f3 luminescente pode ser facilmente incorporado numa vasta gama de materiais, incluindo pl\u00e1sticos, borracha, couro, cer\u00e2mica, vidro, tintas e revestimentos. Esta versatilidade permite a sua aplica\u00e7\u00e3o numa gama diversificada de produtos.<\/span><\/li>\n<\/ul>\n<h3><strong style=\"font-size: 23.04px;\">Diversas aplica\u00e7\u00f5es da retroilumina\u00e7\u00e3o com p\u00f3 luminescente:<\/strong><\/h3>\n<ul>\n<li><strong style=\"color: #555555; font-size: 14.4px;\">Produtos de seguran\u00e7a:<\/strong><span style=\"color: #555555; font-size: 14.4px;\">\u00a0\u00c9 amplamente utilizado em produtos de seguran\u00e7a, como sinais de sa\u00edda de emerg\u00eancia, interruptores que brilham no escuro, coletes de seguran\u00e7a e sinais de tr\u00e2nsito, garantindo visibilidade e seguran\u00e7a em condi\u00e7\u00f5es de pouca luz ou perigosas.<\/span><\/li>\n<li><strong style=\"color: #555555; font-size: 14.4px;\">Artigos de decora\u00e7\u00e3o:<\/strong><span style=\"color: #555555; font-size: 14.4px;\">\u00a0O p\u00f3 luminescente d\u00e1 um toque de magia a objectos decorativos como quadros, estatuetas e j\u00f3ias que brilham no escuro, criando um ambiente cativante em ambientes escuros.<\/span><\/li>\n<li><strong style=\"color: #555555; font-size: 14.4px;\">Brinquedos e jogos:<\/strong><span style=\"color: #555555; font-size: 14.4px;\">\u00a0Traz um elemento de divers\u00e3o e entusiasmo aos brinquedos e jogos, fazendo-os brilhar e ganhar vida no escuro, aumentando o tempo de brincadeira e a imagina\u00e7\u00e3o.<\/span><\/li>\n<li><strong style=\"color: #555555; font-size: 14.4px;\">Aplica\u00e7\u00f5es industriais:<\/strong><span style=\"color: #555555; font-size: 14.4px;\">\u00a0Encontra aplica\u00e7\u00f5es em ambientes industriais, como a marca\u00e7\u00e3o de \u00e1reas perigosas, a identifica\u00e7\u00e3o de controlos de equipamentos e a visibilidade em espa\u00e7os confinados.<\/span><\/li>\n<li><strong style=\"color: #555555; font-size: 14.4px;\">Militar e aeroespacial:<\/strong><span style=\"color: #555555; font-size: 14.4px;\">\u00a0\u00c9 utilizado em aplica\u00e7\u00f5es militares e aeroespaciais, incluindo a marca\u00e7\u00e3o de aeronaves, proporcionando visibilidade para opera\u00e7\u00f5es nocturnas e criando ajudas \u00e0 navega\u00e7\u00e3o auto-iluminadas.<\/span><\/li>\n<\/ul>","protected":false},"excerpt":{"rendered":"<p>Luz de fundo em p\u00f3 luminescente: Uma solu\u00e7\u00e3o vers\u00e1til e segura para a visibilidade nocturna As suas diversas aplica\u00e7\u00f5es abrangem v\u00e1rias ind\u00fastrias, desde a seguran\u00e7a e prote\u00e7\u00e3o at\u00e9 \u00e0 decora\u00e7\u00e3o e entretenimento, tornando-o um material valioso para a cria\u00e7\u00e3o de produtos inovadores e funcionais.<\/p>","protected":false},"featured_media":1544,"comment_status":"closed","ping_status":"closed","template":"","meta":[],"product_cat":[15],"product_tag":[],"_links":{"self":[{"href":"https:\/\/backlightmfg.com\/pt\/wp-json\/wp\/v2\/product\/1552"}],"collection":[{"href":"https:\/\/backlightmfg.com\/pt\/wp-json\/wp\/v2\/product"}],"about":[{"href":"https:\/\/backlightmfg.com\/pt\/wp-json\/wp\/v2\/types\/product"}],"replies":[{"embeddable":true,"href":"https:\/\/backlightmfg.com\/pt\/wp-json\/wp\/v2\/comments?post=1552"}],"wp:featuredmedia":[{"embeddable":true,"href":"https:\/\/backlightmfg.com\/pt\/wp-json\/wp\/v2\/media\/1544"}],"wp:attachment":[{"href":"https:\/\/backlightmfg.com\/pt\/wp-json\/wp\/v2\/media?parent=1552"}],"wp:term":[{"taxonomy":"product_cat","embeddable":true,"href":"https:\/\/backlightmfg.com\/pt\/wp-json\/wp\/v2\/product_cat?post=1552"},{"taxonomy":"product_tag","embeddable":true,"href":"https:\/\/backlightmfg.com\/pt\/wp-json\/wp\/v2\/product_tag?post=1552"}],"curies":[{"name":"wp","href":"https:\/\/api.w.org\/{rel}","templated":true}]}}