{"id":1551,"date":"2024-07-08T08:09:39","date_gmt":"2024-07-08T08:09:39","guid":{"rendered":"https:\/\/backlightmfg.com\/manufacturer\/led-backlighting\/"},"modified":"2024-09-15T06:29:47","modified_gmt":"2024-09-15T06:29:47","slug":"led-backlighting","status":"publish","type":"product","link":"https:\/\/backlightmfg.com\/pt\/led-backlighting\/","title":{"rendered":"Ilumina\u00e7\u00e3o de fundo LED"},"content":{"rendered":"<p>A retroilumina\u00e7\u00e3o LED, uma for\u00e7a dominante na moderna tecnologia de ecr\u00e3s, utiliza d\u00edodos emissores de luz (LED) como fonte de luz para iluminar os ecr\u00e3s por tr\u00e1s. Esta tecnologia revolucionou a retroilumina\u00e7\u00e3o, oferecendo vantagens significativas em rela\u00e7\u00e3o aos m\u00e9todos tradicionais.<\/p>\n<h3><strong>Principais vantagens da retroilumina\u00e7\u00e3o LED:<\/strong><\/h3>\n<ul>\n<li><strong style=\"color: #555555; font-size: 14.4px;\">Efici\u00eancia energ\u00e9tica:<\/strong><span style=\"color: #555555; font-size: 14.4px;\">\u00a0Os LEDs consomem muito menos energia do que as luzes de fundo tradicionais, como as l\u00e2mpadas fluorescentes, o que resulta em facturas de energia mais baixas e num menor impacto ambiental.<\/span><\/li>\n<li><strong style=\"color: #555555; font-size: 14.4px;\">Ilumina\u00e7\u00e3o uniforme:<\/strong><span style=\"color: #555555; font-size: 14.4px;\">\u00a0A retroilumina\u00e7\u00e3o LED proporciona uma distribui\u00e7\u00e3o de luz mais uniforme e consistente em todo o ecr\u00e3, minimizando o encandeamento e os pontos quentes. Isto traduz-se numa experi\u00eancia de visualiza\u00e7\u00e3o mais confort\u00e1vel e visualmente agrad\u00e1vel.<\/span><\/li>\n<li><strong style=\"color: #555555; font-size: 14.4px;\">Design fino e leve:<\/strong><span style=\"color: #555555; font-size: 14.4px;\">\u00a0Os LEDs s\u00e3o compactos e leves, permitindo a conce\u00e7\u00e3o de dispositivos electr\u00f3nicos mais finos e leves.<\/span><\/li>\n<li><strong style=\"color: #555555; font-size: 14.4px;\">Brilho ajust\u00e1vel:<\/strong><span style=\"color: #555555; font-size: 14.4px;\">\u00a0A retroilumina\u00e7\u00e3o LED permite um controlo din\u00e2mico do brilho, ajustando-se com base nas condi\u00e7\u00f5es de ilumina\u00e7\u00e3o ambiente e no conte\u00fado apresentado, melhorando ainda mais a efici\u00eancia energ\u00e9tica e o conforto do utilizador.<\/span><\/li>\n<li><strong style=\"color: #555555; font-size: 14.4px;\">Gama de cores e vibra\u00e7\u00e3o:<\/strong><span style=\"color: #555555; font-size: 14.4px;\">\u00a0Os LEDs podem ser adaptados para produzir uma gama mais ampla de cores em compara\u00e7\u00e3o com as retroilumina\u00e7\u00f5es tradicionais, resultando em imagens mais vibrantes e realistas nos ecr\u00e3s.<\/span><\/li>\n<li><strong style=\"color: #555555; font-size: 14.4px;\">Longevidade melhorada:<\/strong><span style=\"color: #555555; font-size: 14.4px;\">\u00a0Os LEDs t\u00eam uma vida \u00fatil significativamente mais longa em compara\u00e7\u00e3o com as retroilumina\u00e7\u00f5es convencionais, oferecendo uma solu\u00e7\u00e3o mais econ\u00f3mica e duradoura.<\/span><\/li>\n<\/ul>\n<h3><strong style=\"font-size: 23.04px;\">Aplica\u00e7\u00f5es da retroilumina\u00e7\u00e3o LED:<\/strong><\/h3>\n<ul>\n<li><strong style=\"color: #555555; font-size: 14.4px;\">Ecr\u00e3s LCD:<\/strong><span style=\"color: #555555; font-size: 14.4px;\">\u00a0A retroilumina\u00e7\u00e3o LED \u00e9 omnipresente em ecr\u00e3s LCD para televisores, computadores port\u00e1teis, tablets, smartphones e monitores de computador.<\/span><\/li>\n<li><strong style=\"color: #555555; font-size: 14.4px;\">Sinaliza\u00e7\u00e3o digital:<\/strong><span style=\"color: #555555; font-size: 14.4px;\">\u00a0As luzes de fundo LED iluminam os ecr\u00e3s de sinaliza\u00e7\u00e3o digital, criando imagens apelativas para publicidade e divulga\u00e7\u00e3o de informa\u00e7\u00f5es.<\/span><\/li>\n<li><strong style=\"color: #555555; font-size: 14.4px;\">Ecr\u00e3s para autom\u00f3veis:<\/strong><span style=\"color: #555555; font-size: 14.4px;\">\u00a0As luzes de fundo LED s\u00e3o utilizadas em pain\u00e9is de instrumentos e pain\u00e9is de instrumentos de autom\u00f3veis, fornecendo ecr\u00e3s de informa\u00e7\u00e3o claros e brilhantes.<\/span><\/li>\n<li><strong style=\"color: #555555; font-size: 14.4px;\">Teclados retroiluminados:<\/strong><span style=\"color: #555555; font-size: 14.4px;\">\u00a0Os LEDs iluminam as teclas do teclado, melhorando a visibilidade em ambientes com pouca luz.<\/span><\/li>\n<li><strong style=\"color: #555555; font-size: 14.4px;\">Eletr\u00f3nica de consumo:<\/strong><span style=\"color: #555555; font-size: 14.4px;\">\u00a0A tecnologia encontra aplica\u00e7\u00f5es numa vasta gama de produtos electr\u00f3nicos de consumo, incluindo consolas de jogos e electrodom\u00e9sticos.<\/span><\/li>\n<\/ul>\n<h3><strong style=\"font-size: 23.04px;\">O futuro da retroilumina\u00e7\u00e3o LED:<\/strong><\/h3>\n<p>A tecnologia de retroilumina\u00e7\u00e3o LED est\u00e1 em constante evolu\u00e7\u00e3o. S\u00e3o esperados avan\u00e7os em \u00e1reas como:<\/p>\n<ul>\n<li><strong style=\"color: #555555; font-size: 14.4px;\">Ilumina\u00e7\u00e3o de fundo MicroLED:<\/strong><span style=\"color: #555555; font-size: 14.4px;\">\u00a0Esta tecnologia de \u00faltima gera\u00e7\u00e3o utiliza LEDs microsc\u00f3picos para um controlo ainda mais preciso e din\u00e2mico da retroilumina\u00e7\u00e3o, o que conduz a uma melhor qualidade de imagem e contraste.<\/span><\/li>\n<li><strong style=\"color: #555555; font-size: 14.4px;\">Ilumina\u00e7\u00e3o de fundo MiniLED:<\/strong><span style=\"color: #555555; font-size: 14.4px;\">\u00a0LEDs mais pequenos e mais compactos oferecem um maior controlo sobre a regula\u00e7\u00e3o local da intensidade luminosa e melhoram o desempenho HDR (High Dynamic Range) dos ecr\u00e3s.<\/span><\/li>\n<li><strong style=\"color: #555555; font-size: 14.4px;\">Ilumina\u00e7\u00e3o de fundo com d\u00edodos org\u00e2nicos emissores de luz (OLED):<\/strong><span style=\"color: #555555; font-size: 14.4px;\">\u00a0A tecnologia OLED oferece o potencial para ecr\u00e3s auto-iluminados, eliminando completamente a necessidade de ilumina\u00e7\u00e3o de fundo separada.<\/span><\/li>\n<\/ul>","protected":false},"excerpt":{"rendered":"<p>A retroilumina\u00e7\u00e3o LED revolucionou a tecnologia de ecr\u00e3s, oferecendo uma alternativa superior \u00e0s retroilumina\u00e7\u00f5es tradicionais. A sua efici\u00eancia energ\u00e9tica, os visuais melhorados, o design fino e a longa dura\u00e7\u00e3o fazem dela a tecnologia dominante para os ecr\u00e3s modernos. \u00c0 medida que as inova\u00e7\u00f5es continuam, a retroilumina\u00e7\u00e3o LED est\u00e1 preparada para moldar o futuro da tecnologia de ecr\u00e3s, proporcionando experi\u00eancias visuais ainda mais espantosas e energeticamente eficientes.<\/p>","protected":false},"featured_media":1542,"comment_status":"closed","ping_status":"closed","template":"","meta":[],"product_cat":[15],"product_tag":[],"_links":{"self":[{"href":"https:\/\/backlightmfg.com\/pt\/wp-json\/wp\/v2\/product\/1551"}],"collection":[{"href":"https:\/\/backlightmfg.com\/pt\/wp-json\/wp\/v2\/product"}],"about":[{"href":"https:\/\/backlightmfg.com\/pt\/wp-json\/wp\/v2\/types\/product"}],"replies":[{"embeddable":true,"href":"https:\/\/backlightmfg.com\/pt\/wp-json\/wp\/v2\/comments?post=1551"}],"wp:featuredmedia":[{"embeddable":true,"href":"https:\/\/backlightmfg.com\/pt\/wp-json\/wp\/v2\/media\/1542"}],"wp:attachment":[{"href":"https:\/\/backlightmfg.com\/pt\/wp-json\/wp\/v2\/media?parent=1551"}],"wp:term":[{"taxonomy":"product_cat","embeddable":true,"href":"https:\/\/backlightmfg.com\/pt\/wp-json\/wp\/v2\/product_cat?post=1551"},{"taxonomy":"product_tag","embeddable":true,"href":"https:\/\/backlightmfg.com\/pt\/wp-json\/wp\/v2\/product_tag?post=1551"}],"curies":[{"name":"wp","href":"https:\/\/api.w.org\/{rel}","templated":true}]}}