{"id":1549,"date":"2024-07-08T08:09:39","date_gmt":"2024-07-08T08:09:39","guid":{"rendered":"https:\/\/backlightmfg.com\/manufacturer\/fiber-optic-backlighting\/"},"modified":"2024-09-15T06:29:48","modified_gmt":"2024-09-15T06:29:48","slug":"fiber-optic-backlighting","status":"publish","type":"product","link":"https:\/\/backlightmfg.com\/pt\/fiber-optic-backlighting\/","title":{"rendered":"Ilumina\u00e7\u00e3o de fundo em fibra \u00f3tica"},"content":{"rendered":"<p>A retroilumina\u00e7\u00e3o por fibra \u00f3tica utiliza fios finos de fibras de vidro ou de pl\u00e1stico que actuam como guias de luz. A luz \u00e9 introduzida numa extremidade do cabo de fibra \u00f3tica, normalmente a partir de uma fonte LED. Esta luz viaja atrav\u00e9s do n\u00facleo da fibra devido a um fen\u00f3meno chamado reflex\u00e3o interna, fazendo ricochete nas paredes internas e minimizando a perda de luz. A luz sai da outra extremidade da fibra, iluminando a \u00e1rea alvo.<\/p>\n<h3><strong>Vantagens da retroilumina\u00e7\u00e3o por fibra \u00f3tica:<\/strong><\/h3>\n<ul>\n<li><strong style=\"color: #555555; font-size: 14.4px;\">Fonte de luz remota:<\/strong><span style=\"color: #555555; font-size: 14.4px;\">\u00a0A fonte de luz pode ser posicionada longe da \u00e1rea iluminada, reduzindo a gera\u00e7\u00e3o de calor e melhorando a flexibilidade do projeto.<\/span><\/li>\n<li><strong style=\"color: #555555; font-size: 14.4px;\">Ilumina\u00e7\u00e3o uniforme:<\/strong><span style=\"color: #555555; font-size: 14.4px;\">\u00a0As fibras \u00f3pticas distribuem a luz uniformemente, eliminando o encandeamento e os pontos quentes, criando uma experi\u00eancia de visualiza\u00e7\u00e3o visualmente agrad\u00e1vel e confort\u00e1vel.<\/span><\/li>\n<li><strong style=\"color: #555555; font-size: 14.4px;\">Elevada efici\u00eancia luminosa:<\/strong><span style=\"color: #555555; font-size: 14.4px;\">\u00a0Devido \u00e0 perda m\u00ednima de luz dentro das fibras, a retroilumina\u00e7\u00e3o por fibra \u00f3tica oferece uma transmiss\u00e3o de luz eficiente.<\/span><\/li>\n<li><strong style=\"color: #555555; font-size: 14.4px;\">Durabilidade:<\/strong><span style=\"color: #555555; font-size: 14.4px;\"> Os cabos de fibra \u00f3tica s\u00e3o altamente dur\u00e1veis e resistentes \u00e0 vibra\u00e7\u00e3o, choque, temperaturas extremas, economia de energia e n<\/span><span class=\"Y2IQFc\" lang=\"en\">o febre.<\/span><\/li>\n<li><strong style=\"color: #555555; font-size: 14.4px;\">Flexibilidade de conce\u00e7\u00e3o:<\/strong><span style=\"color: #555555; font-size: 14.4px;\">\u00a0As fibras finas e flex\u00edveis podem ser facilmente moldadas e personalizadas para se adaptarem a v\u00e1rios requisitos de ilumina\u00e7\u00e3o.<\/span><\/li>\n<li><strong style=\"color: #555555; font-size: 14.4px;\">Funcionamento fresco:<\/strong><span style=\"color: #555555; font-size: 14.4px;\">\u00a0Os pr\u00f3prios cabos de fibra \u00f3tica n\u00e3o geram calor, contribuindo para um ambiente de funcionamento mais fresco.<\/span><\/li>\n<\/ul>\n<p>&nbsp;<\/p>\n<h3><strong style=\"font-size: 23.04px;\">Aplica\u00e7\u00f5es da retroilumina\u00e7\u00e3o por fibra \u00f3tica:<\/strong><\/h3>\n<ul>\n<li><strong style=\"color: #555555; font-size: 14.4px;\">Ecr\u00e3s LCD:<\/strong><span style=\"color: #555555; font-size: 14.4px;\">\u00a0As retroilumina\u00e7\u00f5es de fibra \u00f3tica podem melhorar a uniformidade e o brilho dos ecr\u00e3s LCD em televisores, computadores port\u00e1teis e outros dispositivos electr\u00f3nicos.<\/span><\/li>\n<li><strong style=\"color: #555555; font-size: 14.4px;\">Sinal\u00e9tica e expositores:<\/strong><span style=\"color: #555555; font-size: 14.4px;\">\u00a0S\u00e3o utilizados em sinais luminosos, ilumina\u00e7\u00e3o arquitet\u00f3nica e expositores de pontos de venda para um efeito visualmente marcante.<\/span><\/li>\n<li><strong style=\"color: #555555; font-size: 14.4px;\">Equipamento m\u00e9dico:<\/strong><span style=\"color: #555555; font-size: 14.4px;\">\u00a0A retroilumina\u00e7\u00e3o por fibra \u00f3tica proporciona uma ilumina\u00e7\u00e3o controlada e focalizada em equipamento de exame e diagn\u00f3stico m\u00e9dico.<\/span><\/li>\n<li><strong style=\"color: #555555; font-size: 14.4px;\">Sistemas de vis\u00e3o artificial:<\/strong><span style=\"color: #555555; font-size: 14.4px;\">\u00a0A distribui\u00e7\u00e3o uniforme da luz torna-o ideal para aplica\u00e7\u00f5es de vis\u00e3o artificial, onde \u00e9 necess\u00e1ria uma inspe\u00e7\u00e3o precisa dos objectos.<\/span><\/li>\n<li><strong style=\"color: #555555; font-size: 14.4px;\">Ilumina\u00e7\u00e3o de bordos:<\/strong><span style=\"color: #555555; font-size: 14.4px;\">\u00a0As fibras \u00f3pticas podem criar efeitos de ilumina\u00e7\u00e3o de extremidade n\u00edtidos e bem definidos para aplica\u00e7\u00f5es decorativas e arquitect\u00f3nicas.<\/span><\/li>\n<li><strong style=\"color: #555555; font-size: 14.4px;\">Ilumina\u00e7\u00e3o especializada:<\/strong><span style=\"color: #555555; font-size: 14.4px;\">\u00a0A retroilumina\u00e7\u00e3o por fibra \u00f3tica \u00e9 utilizada numa variedade de aplica\u00e7\u00f5es especializadas, incluindo a ilumina\u00e7\u00e3o subaqu\u00e1tica e a ilumina\u00e7\u00e3o de instrumentos.<\/span><\/li>\n<\/ul>","protected":false},"excerpt":{"rendered":"<p>A retroilumina\u00e7\u00e3o por fibra \u00f3tica oferece uma solu\u00e7\u00e3o de ilumina\u00e7\u00e3o \u00fanica e vers\u00e1til. A sua combina\u00e7\u00e3o de fonte de luz remota, distribui\u00e7\u00e3o uniforme da luz, elevada efici\u00eancia e flexibilidade de conce\u00e7\u00e3o torna-a uma tecnologia valiosa para v\u00e1rias aplica\u00e7\u00f5es. Com o avan\u00e7o da tecnologia, espera-se que a retroilumina\u00e7\u00e3o em fibra \u00f3tica encontre utiliza\u00e7\u00f5es ainda mais inovadoras no futuro.<\/p>","protected":false},"featured_media":1539,"comment_status":"closed","ping_status":"closed","template":"","meta":[],"product_cat":[15],"product_tag":[],"_links":{"self":[{"href":"https:\/\/backlightmfg.com\/pt\/wp-json\/wp\/v2\/product\/1549"}],"collection":[{"href":"https:\/\/backlightmfg.com\/pt\/wp-json\/wp\/v2\/product"}],"about":[{"href":"https:\/\/backlightmfg.com\/pt\/wp-json\/wp\/v2\/types\/product"}],"replies":[{"embeddable":true,"href":"https:\/\/backlightmfg.com\/pt\/wp-json\/wp\/v2\/comments?post=1549"}],"wp:featuredmedia":[{"embeddable":true,"href":"https:\/\/backlightmfg.com\/pt\/wp-json\/wp\/v2\/media\/1539"}],"wp:attachment":[{"href":"https:\/\/backlightmfg.com\/pt\/wp-json\/wp\/v2\/media?parent=1549"}],"wp:term":[{"taxonomy":"product_cat","embeddable":true,"href":"https:\/\/backlightmfg.com\/pt\/wp-json\/wp\/v2\/product_cat?post=1549"},{"taxonomy":"product_tag","embeddable":true,"href":"https:\/\/backlightmfg.com\/pt\/wp-json\/wp\/v2\/product_tag?post=1549"}],"curies":[{"name":"wp","href":"https:\/\/api.w.org\/{rel}","templated":true}]}}