{"id":2265,"date":"2025-04-02T02:39:59","date_gmt":"2025-04-02T02:39:59","guid":{"rendered":"https:\/\/backlightmfg.com\/?page_id=2265"},"modified":"2025-04-02T07:36:40","modified_gmt":"2025-04-02T07:36:40","slug":"medical-human-machine-interface%ef%bc%88hmi%ef%bc%89","status":"publish","type":"page","link":"https:\/\/backlightmfg.com\/pt\/medical-human-machine-interface%ef%bc%88hmi%ef%bc%89\/","title":{"rendered":"Interface m\u00e9dico-humano-m\u00e1quina\uff08HMI\uff09"},"content":{"rendered":"<div class=\"banner has-hover\" id=\"banner-860642930\">\n          <div class=\"banner-inner fill\">\n        <div class=\"banner-bg fill\" >\n            <div class=\"bg fill bg-fill\"><\/div>\n                        <div class=\"overlay\"><\/div>            \n                    <\/div>\n\t\t\n        <div class=\"banner-layers container\">\n            <div class=\"fill banner-link\"><\/div>            \n   <div id=\"text-box-182817683\" class=\"text-box banner-layer x50 md-x50 lg-x50 y25 md-y25 lg-y25 res-text\">\n                                <div class=\"text-box-content text dark\">\n              \n              <div class=\"text-inner text-center\">\n                  \n<h1><span style=\"font-size: 80%;\">Interface m\u00e9dico-humano-m\u00e1quina\uff08HMI\uff09<\/span><\/h1>\n              <\/div>\n           <\/div>\n                            \n<style>\n#text-box-182817683 {\n  width: 86%;\n}\n#text-box-182817683 .text-box-content {\n  font-size: 100%;\n}\n<\/style>\n    <\/div>\n \n        <\/div>\n      <\/div>\n\n            \n<style>\n#banner-860642930 {\n  padding-top: 188px;\n}\n#banner-860642930 .overlay {\n  background-color: rgba(0, 0, 0, 0.209);\n}\n<\/style>\n  <\/div>\n\n\n\t<section class=\"section\" id=\"section_391751513\">\n\t\t<div class=\"bg section-bg fill bg-fill  bg-loaded\" >\n\n\t\t\t\n\t\t\t\n\t\t\t\n\n\t\t<\/div>\n\n\t\t\n\n\t\t<div class=\"section-content relative\">\n\t\t\t\n<div class=\"row row-box-shadow-5-hover\" style=\"max-width:1400px\" id=\"row-1746355914\">\n\n\t<div id=\"col-328091977\" class=\"col medium-6 small-12 large-6\"  >\n\t\t\t\t<div class=\"col-inner\"  >\n\t\t\t\n\t\t\t\n\t<div class=\"img has-hover x md-x lg-x y md-y lg-y\" id=\"image_132404649\">\n\t\t\t\t\t\t\t\t<div class=\"img-inner dark\" >\n\t\t\t<img loading=\"lazy\" decoding=\"async\" width=\"800\" height=\"800\" src=\"https:\/\/backlightmfg.com\/wp-content\/uploads\/2025\/04\/HMI.jpeg\" class=\"attachment-original size-original\" alt=\"IHM m\u00e9dica\" srcset=\"https:\/\/backlightmfg.com\/wp-content\/uploads\/2025\/04\/HMI.jpeg 800w, https:\/\/backlightmfg.com\/wp-content\/uploads\/2025\/04\/HMI-300x300.jpeg 300w, https:\/\/backlightmfg.com\/wp-content\/uploads\/2025\/04\/HMI-150x150.jpeg 150w, https:\/\/backlightmfg.com\/wp-content\/uploads\/2025\/04\/HMI-768x768.jpeg 768w, https:\/\/backlightmfg.com\/wp-content\/uploads\/2025\/04\/HMI-12x12.jpeg 12w, https:\/\/backlightmfg.com\/wp-content\/uploads\/2025\/04\/HMI-510x510.jpeg 510w, https:\/\/backlightmfg.com\/wp-content\/uploads\/2025\/04\/HMI-100x100.jpeg 100w\" sizes=\"(max-width: 800px) 100vw, 800px\" \/>\t\t\t\t\t\t\n\t\t\t\t\t<\/div>\n\t\t\t\t\t\t\t\t\n<style>\n#image_132404649 {\n  width: 100%;\n}\n<\/style>\n\t<\/div>\n\t\n\t\t<\/div>\n\t\t\t\t\t<\/div>\n\n\t\n\n\t<div id=\"col-1061233432\" class=\"col medium-6 small-12 large-6\"  >\n\t\t\t\t<div class=\"col-inner\"  >\n\t\t\t\n\t\t\t\n\t<div id=\"text-3189805936\" class=\"text\">\n\t\t\n<h2>Interface m\u00e9dico-humano-m\u00e1quina (HMI m\u00e9dico)<\/h2>\n<p>A interface homem-m\u00e1quina (IHM) m\u00e9dica \u00e9 uma ponte interactiva que liga os profissionais de sa\u00fade, os doentes e os equipamentos ou sistemas m\u00e9dicos. O seu objetivo \u00e9 conseguir a entrada, a sa\u00edda, a monitoriza\u00e7\u00e3o e o controlo de dados m\u00e9dicos atrav\u00e9s de m\u00e9todos de funcionamento intuitivos, seguros e eficientes. \u00c9 um componente essencial do equipamento m\u00e9dico moderno (como ventiladores, monitores, rob\u00f4s cir\u00fargicos, sistemas de imagiologia, etc.) e dos sistemas m\u00e9dicos digitais (como registos de sa\u00fade electr\u00f3nicos, plataformas de diagn\u00f3stico e tratamento \u00e0 dist\u00e2ncia).<br \/>\n\t\t\n<style>\n#text-3189805936 {\n  line-height: 2;\n}\n<\/style>\n\t<\/div>\n\t\n<div class=\"row\"  id=\"row-2033830361\">\n\n\t<div id=\"col-1656004811\" class=\"col small-12 large-12\"  >\n\t\t\t\t<div class=\"col-inner\"  >\n\t\t\t\n\t\t\t\n\t<div id=\"gap-1782096288\" class=\"gap-element clearfix\" style=\"display:block; height:auto;\">\n\t\t\n<style>\n#gap-1782096288 {\n  padding-top: 20px;\n}\n<\/style>\n\t<\/div>\n\t\n\t<div id=\"text-3500199135\" class=\"text\">\n\t\t\n<h2>Solu\u00e7\u00e3o HMI da Rayera Medical<\/h2>\n<p>Nos cen\u00e1rios de aplica\u00e7\u00e3o de HMI m\u00e9dica, factores como a qualidade da luz, a precis\u00e3o da cor e a direccionalidade da luz est\u00e3o diretamente relacionados com a efic\u00e1cia da intera\u00e7\u00e3o homem-m\u00e1quina no equipamento m\u00e9dico, e a sua import\u00e2ncia \u00e9 evidente. Com uma profunda experi\u00eancia no sector e conhecimentos t\u00e9cnicos de ponta, a nossa equipa criou com \u00eaxito uma solu\u00e7\u00e3o de ilumina\u00e7\u00e3o. Tem um desempenho fi\u00e1vel e elevada precis\u00e3o. Em aplica\u00e7\u00f5es pr\u00e1ticas, pode tornar o pessoal de enfermagem mais confort\u00e1vel ao operar o equipamento m\u00e9dico, e tamb\u00e9m proporcionar aos pacientes uma experi\u00eancia m\u00e9dica segura, que \u00e9 verdadeiramente intuitiva, eficiente e segura.<br \/>\n\t\t\n<style>\n#text-3500199135 {\n  line-height: 2;\n}\n<\/style>\n\t<\/div>\n\t\n\t\t<\/div>\n\t\t\t\t\t<\/div>\n\n\t\n<\/div>\n\t<div id=\"gap-1099471384\" class=\"gap-element clearfix\" style=\"display:block; height:auto;\">\n\t\t\n<style>\n#gap-1099471384 {\n  padding-top: 15px;\n}\n<\/style>\n\t<\/div>\n\t\n<div class=\"row\"  id=\"row-704438192\">\n\n\t<div id=\"col-1922589967\" class=\"col small-12 large-12\"  >\n\t\t\t\t<div class=\"col-inner text-center\"  >\n\t\t\t\n\t\t\t\n<a href=\"https:\/\/backlightmfg.com\/pt\/contact\/\" class=\"button primary\"  style=\"border-radius:99px;\">\n    <span>saber mais<\/span>\n  <\/a>\n\n\t\t<\/div>\n\t\t\t\t\t<\/div>\n\n\t\n<\/div>\n\t\t<\/div>\n\t\t\t\t\n<style>\n#col-1061233432 > .col-inner {\n  margin: 0px 0px 0px 0px;\n}\n<\/style>\n\t<\/div>\n\n\t\n<\/div>\n\t\t<\/div>\n\n\t\t\n<style>\n#section_391751513 {\n  padding-top: 30px;\n  padding-bottom: 30px;\n}\n<\/style>\n\t<\/section>\n\t\n\t<section class=\"section\" id=\"section_962920393\">\n\t\t<div class=\"bg section-bg fill bg-fill  bg-loaded\" >\n\n\t\t\t\n\t\t\t<div class=\"section-bg-overlay absolute fill\"><\/div>\n\t\t\t\n\n\t\t<\/div>\n\n\t\t\n\n\t\t<div class=\"section-content relative\">\n\t\t\t\n<div class=\"row\" style=\"max-width:1400px\" id=\"row-98438843\">\n\n\t<div id=\"col-598504305\" class=\"col small-12 large-12\"  >\n\t\t\t\t<div class=\"col-inner\"  >\n\t\t\t\n\t\t\t\n<h2 style=\"text-align: center;\">Trabalhar com a Rayera<\/h2>\n<h4 style=\"text-align: center;\">Avan\u00e7o conjunto das tecnologias HMI m\u00e9dicas<\/h4>\n<p style=\"text-align: center;\">Oferecemos aos nossos clientes uma metodologia de desenvolvimento vers\u00e1til e abrangente. Esta abordagem n\u00e3o s\u00f3 simplifica o processo, como tamb\u00e9m reduz significativamente o tempo e os custos. Quer esteja apenas a come\u00e7ar a esbo\u00e7ar ideias na fase de design ou esteja na fase final de afina\u00e7\u00e3o, as nossas equipas de topo est\u00e3o prontas para colaborar consigo. Concentrar-nos-emos na otimiza\u00e7\u00e3o das solu\u00e7\u00f5es de ilumina\u00e7\u00e3o que ter\u00e3o a influ\u00eancia mais substancial e positiva nos utilizadores.<\/p>\n\t\t<\/div>\n\t\t\t\t\t<\/div>\n\n\t\n<\/div>\n<div class=\"row\"  id=\"row-1274735133\">\n\n\t<div id=\"col-1394511304\" class=\"col medium-6 small-12 large-6\"  >\n\t\t\t\t<div class=\"col-inner\"  >\n\t\t\t\n\t\t\t\n\t<div class=\"img has-hover x md-x lg-x y md-y lg-y\" id=\"image_1244652021\">\n\t\t\t\t\t\t\t\t<div class=\"img-inner dark\" >\n\t\t\t<img loading=\"lazy\" decoding=\"async\" width=\"800\" height=\"800\" src=\"https:\/\/backlightmfg.com\/wp-content\/uploads\/2025\/04\/HMI-1.jpeg\" class=\"attachment-original size-original\" alt=\"Design \u00f3tico e otimiza\u00e7\u00e3o de ecr\u00e3s\" srcset=\"https:\/\/backlightmfg.com\/wp-content\/uploads\/2025\/04\/HMI-1.jpeg 800w, https:\/\/backlightmfg.com\/wp-content\/uploads\/2025\/04\/HMI-1-300x300.jpeg 300w, https:\/\/backlightmfg.com\/wp-content\/uploads\/2025\/04\/HMI-1-150x150.jpeg 150w, https:\/\/backlightmfg.com\/wp-content\/uploads\/2025\/04\/HMI-1-768x768.jpeg 768w, https:\/\/backlightmfg.com\/wp-content\/uploads\/2025\/04\/HMI-1-12x12.jpeg 12w, https:\/\/backlightmfg.com\/wp-content\/uploads\/2025\/04\/HMI-1-510x510.jpeg 510w, https:\/\/backlightmfg.com\/wp-content\/uploads\/2025\/04\/HMI-1-100x100.jpeg 100w\" sizes=\"(max-width: 800px) 100vw, 800px\" \/>\t\t\t\t\t\t\n\t\t\t\t\t<\/div>\n\t\t\t\t\t\t\t\t\n<style>\n#image_1244652021 {\n  width: 100%;\n}\n<\/style>\n\t<\/div>\n\t\n\t\t<\/div>\n\t\t\t\t\t<\/div>\n\n\t\n\n\t<div id=\"col-1326692665\" class=\"col medium-6 small-12 large-6\"  >\n\t\t\t\t<div class=\"col-inner\"  >\n\t\t\t\n\t\t\t\n<h3>Design \u00f3tico e otimiza\u00e7\u00e3o de ecr\u00e3s<\/h3>\n<ul>\n<li><strong>Controlo da qualidade da luz e da luminosidade: <\/strong>A HMI m\u00e9dica tem de se adaptar a ambientes de ilumina\u00e7\u00e3o complexos e utilizar a tecnologia de escurecimento adaptativo para garantir que o ecr\u00e3 \u00e9 claramente leg\u00edvel em diferentes n\u00edveis de luminosidade sem encandeamento. Por exemplo, os ecr\u00e3s de endosc\u00f3pios t\u00eam de ter retroilumina\u00e7\u00e3o altamente uniforme para evitar que a sobre-exposi\u00e7\u00e3o local ou as sombras interfiram com a avalia\u00e7\u00e3o do campo cir\u00fargico.<\/li>\n<li><strong>Precis\u00e3o da cor: <\/strong>Siga rigorosamente a norma DICOM para calibrar os dispositivos de visualiza\u00e7\u00e3o, de modo a garantir a consist\u00eancia cl\u00ednica da escala de cinzentos da imagem e do mapeamento de pseudo-cores. A interface de monitoriza\u00e7\u00e3o da vida utiliza uma codifica\u00e7\u00e3o normalizada das cores de aviso, como vermelho\/verde\/amarelo, para evitar erros de avalia\u00e7\u00e3o por parte de utilizadores com perturba\u00e7\u00f5es da vis\u00e3o crom\u00e1tica.<\/li>\n<li><strong>Direccionalidade e visibilidade: <\/strong>Gra\u00e7as aos pain\u00e9is LCD\/OLED de \u00e2ngulo amplo, aos revestimentos anti-embaciamento e aos tratamentos antirreflexo, o pessoal m\u00e9dico pode observar a interface a partir de v\u00e1rios \u00e2ngulos, em p\u00e9, sentado ou em movimento. Os par\u00e2metros principais s\u00e3o apresentados em fontes grandes e com elevado contraste para melhorar a velocidade de reconhecimento em situa\u00e7\u00f5es de emerg\u00eancia.<\/li>\n<\/ul>\n\t\t<\/div>\n\t\t\t\t\t<\/div>\n\n\t\n<\/div>\n\t\t<\/div>\n\n\t\t\n<style>\n#section_962920393 {\n  padding-top: 30px;\n  padding-bottom: 30px;\n}\n#section_962920393 .section-bg-overlay {\n  background-color: rgba(68, 96, 132, 0.11);\n}\n<\/style>\n\t<\/section>\n\t\n\t<section class=\"section\" id=\"section_416208821\">\n\t\t<div class=\"bg section-bg fill bg-fill  bg-loaded\" >\n\n\t\t\t\n\t\t\t\n\t\t\t\n\n\t\t<\/div>\n\n\t\t\n\n\t\t<div class=\"section-content relative\">\n\t\t\t\n<div class=\"row\"  id=\"row-301986598\">\n\n\t<div id=\"col-117004531\" class=\"col small-12 large-12\"  >\n\t\t\t\t<div class=\"col-inner\"  >\n\t\t\t\n\t\t\t\n<h3 style=\"text-align: center;\">Exemplo de solu\u00e7\u00e3o de equipa<\/h3>\n<p style=\"text-align: center;\">A nossa equipa de engenharia desenvolveu um sistema de ilumina\u00e7\u00e3o inteligente de n\u00edvel m\u00e9dico para ultrapassar os seguintes pontos problem\u00e1ticos:<\/p>\n\t\t<\/div>\n\t\t\t\t\t<\/div>\n\n\t\n<\/div>\n<div class=\"row\"  id=\"row-667091028\">\n\n\t<div id=\"col-1326505490\" class=\"col medium-6 small-12 large-6\"  >\n\t\t\t\t<div class=\"col-inner\"  >\n\t\t\t\n\t\t\t\n<p><strong>Fiabilidade e precis\u00e3o:<\/strong> Utilizando fontes de luz LED com certifica\u00e7\u00e3o m\u00e9dica (em conformidade com a norma IEC 60601-1), a vida \u00fatil \u00e9 superior a 50 000 horas e n\u00e3o h\u00e1 cintila\u00e7\u00e3o, evitando a fadiga visual causada pela monitoriza\u00e7\u00e3o a longo prazo. Sensor de luz ambiente incorporado e algoritmo de IA para corresponder \u00e0 curva de luminosidade NIT em tempo real (por exemplo, 800nits durante o dia\/50nits \u00e0 noite).<\/p>\n<p><strong>Design interativo e intuitivo:<\/strong><\/p>\n<ul>\n<li>Integrar guias de luz direcionais no painel do ventilador para orientar o processo de funcionamento atrav\u00e9s da anima\u00e7\u00e3o do fluxo de luz (como o ajuste do valor PEEP rodando no sentido dos ponteiros do rel\u00f3gio).<\/li>\n<li>Conceber um indicador de anel multicolorido para equipamento de ultra-sons port\u00e1til e utilizar um gradiente de satura\u00e7\u00e3o de cor para indicar o limiar de press\u00e3o da sonda (azul\u2192verde\u2192vermelho corresponde a aviso de seguran\u00e7a).<\/li>\n<\/ul>\n<p><strong>Mecanismo de redund\u00e2ncia de seguran\u00e7a: <\/strong>O circuito de acionamento da retroilumina\u00e7\u00e3o independente de canal duplo evita o risco de ecr\u00e3 negro e muda automaticamente para o ecr\u00e3 de realce monocrom\u00e1tico no modo de emerg\u00eancia (como a reten\u00e7\u00e3o da forma de onda de oxig\u00e9nio no sangue quando a interface ECMO falha).<\/p>\n\t\t<\/div>\n\t\t\t\t\t<\/div>\n\n\t\n\n\t<div id=\"col-622755749\" class=\"col medium-6 small-12 large-6\"  >\n\t\t\t\t<div class=\"col-inner\"  >\n\t\t\t\n\t\t\t\n\t<div class=\"img has-hover x md-x lg-x y md-y lg-y\" id=\"image_1564440907\">\n\t\t\t\t\t\t\t\t<div class=\"img-inner dark\" >\n\t\t\t<img loading=\"lazy\" decoding=\"async\" width=\"800\" height=\"800\" src=\"https:\/\/backlightmfg.com\/wp-content\/uploads\/2025\/04\/HMI-3.jpeg\" class=\"attachment-original size-original\" alt=\"Exemplo de solu\u00e7\u00e3o de equipa\" srcset=\"https:\/\/backlightmfg.com\/wp-content\/uploads\/2025\/04\/HMI-3.jpeg 800w, https:\/\/backlightmfg.com\/wp-content\/uploads\/2025\/04\/HMI-3-300x300.jpeg 300w, https:\/\/backlightmfg.com\/wp-content\/uploads\/2025\/04\/HMI-3-150x150.jpeg 150w, https:\/\/backlightmfg.com\/wp-content\/uploads\/2025\/04\/HMI-3-768x768.jpeg 768w, https:\/\/backlightmfg.com\/wp-content\/uploads\/2025\/04\/HMI-3-12x12.jpeg 12w, https:\/\/backlightmfg.com\/wp-content\/uploads\/2025\/04\/HMI-3-510x510.jpeg 510w, https:\/\/backlightmfg.com\/wp-content\/uploads\/2025\/04\/HMI-3-100x100.jpeg 100w\" sizes=\"(max-width: 800px) 100vw, 800px\" \/>\t\t\t\t\t\t\n\t\t\t\t\t<\/div>\n\t\t\t\t\t\t\t\t\n<style>\n#image_1564440907 {\n  width: 100%;\n}\n<\/style>\n\t<\/div>\n\t\n\t\t<\/div>\n\t\t\t\t\t<\/div>\n\n\t\n<\/div>\n\t\t<\/div>\n\n\t\t\n<style>\n#section_416208821 {\n  padding-top: 30px;\n  padding-bottom: 30px;\n}\n<\/style>\n\t<\/section>\n\t\n\t<section class=\"section\" id=\"section_1232436303\">\n\t\t<div class=\"bg section-bg fill bg-fill  bg-loaded\" >\n\n\t\t\t\n\t\t\t<div class=\"section-bg-overlay absolute fill\"><\/div>\n\t\t\t\n\n\t\t<\/div>\n\n\t\t\n\n\t\t<div class=\"section-content relative\">\n\t\t\t\n<div class=\"row\"  id=\"row-872747295\">\n\n\t<div id=\"col-1708622837\" class=\"col medium-6 small-12 large-6\"  >\n\t\t\t\t<div class=\"col-inner\"  >\n\t\t\t\n\t\t\t\n\t<div class=\"img has-hover x md-x lg-x y md-y lg-y\" id=\"image_2064977132\">\n\t\t\t\t\t\t\t\t<div class=\"img-inner image-cover dark\" style=\"padding-top:78%;\">\n\t\t\t<img loading=\"lazy\" decoding=\"async\" width=\"800\" height=\"800\" src=\"https:\/\/backlightmfg.com\/wp-content\/uploads\/2025\/04\/HMI-2.jpeg\" class=\"attachment-original size-original\" alt=\"Princ\u00edpios de conce\u00e7\u00e3o\" srcset=\"https:\/\/backlightmfg.com\/wp-content\/uploads\/2025\/04\/HMI-2.jpeg 800w, https:\/\/backlightmfg.com\/wp-content\/uploads\/2025\/04\/HMI-2-300x300.jpeg 300w, https:\/\/backlightmfg.com\/wp-content\/uploads\/2025\/04\/HMI-2-150x150.jpeg 150w, https:\/\/backlightmfg.com\/wp-content\/uploads\/2025\/04\/HMI-2-768x768.jpeg 768w, https:\/\/backlightmfg.com\/wp-content\/uploads\/2025\/04\/HMI-2-12x12.jpeg 12w, https:\/\/backlightmfg.com\/wp-content\/uploads\/2025\/04\/HMI-2-510x510.jpeg 510w, https:\/\/backlightmfg.com\/wp-content\/uploads\/2025\/04\/HMI-2-100x100.jpeg 100w\" sizes=\"(max-width: 800px) 100vw, 800px\" \/>\t\t\t\t\t\t\n\t\t\t\t\t<\/div>\n\t\t\t\t\t\t\t\t\n<style>\n#image_2064977132 {\n  width: 100%;\n}\n<\/style>\n\t<\/div>\n\t\n\t\t<\/div>\n\t\t\t\t\t<\/div>\n\n\t\n\n\t<div id=\"col-74722676\" class=\"col medium-6 small-12 large-6\"  >\n\t\t\t\t<div class=\"col-inner\"  >\n\t\t\t\n\t\t\t\n<h3>Princ\u00edpios de conce\u00e7\u00e3o<\/h3>\n<p><strong>Adaptabilidade ao ambiente luminoso:<\/strong> A temperatura da cor da interface est\u00e1 sincronizada com a ilumina\u00e7\u00e3o das institui\u00e7\u00f5es m\u00e9dicas (por exemplo, luz branca fria de 4500K no bloco operat\u00f3rio) para reduzir a distor\u00e7\u00e3o da perce\u00e7\u00e3o da cor por parte do pessoal m\u00e9dico ao mudar as suas linhas de vis\u00e3o. Para cenas de salas escuras (como departamentos de radiologia), \u00e9 fornecido um modo de adapta\u00e7\u00e3o ao escuro vermelho para preservar a acuidade visual.<\/p>\n<h3>Desafios e tend\u00eancias futuras<\/h3>\n<ul>\n<li><strong>Miniaturiza\u00e7\u00e3o e ecr\u00e3 flex\u00edvel:<\/strong> Desenvolver pain\u00e9is Micro-LET de pot\u00eancia ultra-baixa para a conce\u00e7\u00e3o de HMI curvas de dispositivos m\u00e9dicos port\u00e1teis.<\/li>\n<li><strong>Ilumina\u00e7\u00e3o biocompat\u00edvel:<\/strong> Estudar a aplica\u00e7\u00e3o integrada de fontes de luz de comprimento de onda espec\u00edfico (como a luz azul-violeta de 405 nm) na desinfe\u00e7\u00e3o de interfaces e no controlo interativo.<\/li>\n<\/ul>\n\t\t<\/div>\n\t\t\t\t\t<\/div>\n\n\t\n<\/div>\n\t\t<\/div>\n\n\t\t\n<style>\n#section_1232436303 {\n  padding-top: 30px;\n  padding-bottom: 30px;\n}\n#section_1232436303 .section-bg-overlay {\n  background-color: #eaeef1;\n}\n<\/style>\n\t<\/section>\n\t\n\t<section class=\"section\" id=\"section_1252204328\">\n\t\t<div class=\"bg section-bg fill bg-fill  bg-loaded\" >\n\n\t\t\t\n\t\t\t\n\t\t\t\n\n\t\t<\/div>\n\n\t\t\n\n\t\t<div class=\"section-content relative\">\n\t\t\t\n<div class=\"row\"  id=\"row-510645809\">\n\n\t<div id=\"col-2052606813\" class=\"col small-12 large-12\"  >\n\t\t\t\t<div class=\"col-inner\"  >\n\t\t\t\n\t\t\t\n<h1 style=\"text-align: center;\">Do complexo ao confiante: Rayera impulsiona o sucesso da IHM m\u00e9dica<\/h1>\n<p style=\"text-align: center;\">Com o aumento da procura de dispositivos mais pequenos, as empresas de produtos m\u00e9dicos s\u00e3o confrontadas com desafios de ilumina\u00e7\u00e3o mais complexos todos os dias. Com a Rayera como seu parceiro, obter\u00e1 a melhor solu\u00e7\u00e3o de ilumina\u00e7\u00e3o, far\u00e1 chegar o seu produto ao cliente mais rapidamente e ganhar\u00e1 mais neg\u00f3cios.<\/p>\n\t\t<\/div>\n\t\t\t\t\t<\/div>\n\n\t\n<\/div>\n<div class=\"row\"  id=\"row-1726548032\">\n\n\t<div id=\"col-2048651276\" class=\"col small-12 large-12\"  >\n\t\t\t\t<div class=\"col-inner\"  >\n\t\t\t\n\t\t\t\n\n<div class=\"wpcf7 no-js\" id=\"wpcf7-f280-o1\" lang=\"en-US\" dir=\"ltr\">\n<div class=\"screen-reader-response\"><p role=\"status\" aria-live=\"polite\" aria-atomic=\"true\"><\/p> <ul><\/ul><\/div>\n<form action=\"\/pt\/wp-json\/wp\/v2\/pages\/2265#wpcf7-f280-o1\" method=\"post\" class=\"wpcf7-form init\" aria-label=\"Formul\u00e1rio de contacto\" novalidate=\"novalidate\" data-status=\"init\" data-trp-original-action=\"\/pt\/wp-json\/wp\/v2\/pages\/2265#wpcf7-f280-o1\">\n<div style=\"display: none;\">\n<input type=\"hidden\" name=\"_wpcf7\" value=\"280\" \/>\n<input type=\"hidden\" name=\"_wpcf7_version\" value=\"5.9.6\" \/>\n<input type=\"hidden\" name=\"_wpcf7_locale\" value=\"en_US\" \/>\n<input type=\"hidden\" name=\"_wpcf7_unit_tag\" value=\"wpcf7-f280-o1\" \/>\n<input type=\"hidden\" name=\"_wpcf7_container_post\" value=\"0\" \/>\n<input type=\"hidden\" name=\"_wpcf7_posted_data_hash\" value=\"\" \/>\n<\/div>\n<div class='custom_contact_style'>\n\t<div class=\"row row-small\">\n\t\t<div class=\"col medium-6 small-12 large-6\">\n\t\t\t<div class=\"col-inner\">\n\t\t\t\t<p><span class=\"wpcf7-form-control-wrap\" data-name=\"your-name\"><input size=\"40\" maxlength=\"80\" class=\"wpcf7-form-control wpcf7-text wpcf7-validates-as-required\" aria-required=\"true\" aria-invalid=\"false\" placeholder=\"Nome*\" value=\"\" type=\"text\" name=\"your-name\" \/><\/span>\n\t\t\t\t<\/p>\n\t\t\t<\/div>\n\t\t<\/div>\n\t\t<div class=\"col medium-6 small-12 large-6\">\n\t\t\t<div class=\"col-inner\">\n\t\t\t\t<p><span class=\"wpcf7-form-control-wrap\" data-name=\"your-email\"><input size=\"40\" maxlength=\"80\" class=\"wpcf7-form-control wpcf7-email wpcf7-validates-as-required wpcf7-text wpcf7-validates-as-email\" aria-required=\"true\" aria-invalid=\"false\" placeholder=\"Correio eletr\u00f3nico*\" value=\"\" type=\"email\" name=\"your-email\" \/><\/span>\n\t\t\t\t<\/p>\n\t\t\t<\/div>\n\t\t<\/div>\n\t<\/div>\n\t<div class='cus_contact_form_bottom'>\n\t\t<p><span class=\"wpcf7-form-control-wrap\" data-name=\"your-phone\"><input size=\"40\" maxlength=\"80\" class=\"wpcf7-form-control wpcf7-text\" aria-invalid=\"false\" placeholder=\"Telefone\" value=\"\" type=\"text\" name=\"your-phone\" \/><\/span>\n\t\t<\/p>\n\t<\/div>\n\t<div class='cus_contact_form_bottom'>\n\t\t<p><span class=\"wpcf7-form-control-wrap\" data-name=\"your-country\"><input size=\"40\" maxlength=\"80\" class=\"wpcf7-form-control wpcf7-text\" aria-invalid=\"false\" placeholder=\"Pa\u00eds\" value=\"\" type=\"text\" name=\"your-country\" \/><\/span>\n\t\t<\/p>\n\t<\/div>\n\t<p><span class=\"wpcf7-form-control-wrap\" data-name=\"your-message\"><textarea cols=\"40\" rows=\"10\" maxlength=\"400\" class=\"wpcf7-form-control wpcf7-textarea wpcf7-validates-as-required\" aria-required=\"true\" aria-invalid=\"false\" placeholder=\"A sua mensagem *\" name=\"your-message\"><\/textarea><\/span>\n\t<\/p>\n\t<div style=\"margin-bottom:10px;\">\n\t\t<p><span class=\"wpcf7-form-control-wrap kc_captcha cf7ic-toggle\" data-name=\"kc_captcha\"><span class=\"wpcf7-form-control wpcf7-radio\"><span class=\"captcha-image\" style=\"display: none;\"><span class=\"cf7ic_instructions\">Por favor, prove que \u00e9 humano selecionando a op\u00e7\u00e3o<span> chave<\/span>.<\/span><label><input aria-label=\"1\" type=\"radio\" name=\"kc_captcha\" value=\"bot\" \/><svg aria-hidden=\"true\" role=\"img\" xmlns=\"http:\/\/www.w3.org\/2000\/svg\" viewbox=\"0 0 576 512\"><path fill=\"currentColor\" d=\"M415 24c-53 0-103 42-127 65-24-23-74-65-127-65C70 24 16 77 16 166c0 72 67 133 69 135l187 181c9 8 23 8 32 0l187-180c2-3 69-64 69-136 0-89-54-142-145-142z\"\/><\/svg><\/label><label><input aria-label=\"2\" type=\"radio\" name=\"kc_captcha\" value=\"kc_human\" \/><svg aria-hidden=\"true\" role=\"img\" xmlns=\"http:\/\/www.w3.org\/2000\/svg\" viewbox=\"0 0 512 512\"><path fill=\"currentColor\" d=\"M512 176a176 176 0 01-209 173l-24 27a24 24 0 01-18 8h-37v40c0 13-11 24-24 24h-40v40c0 13-11 24-24 24H24c-13 0-24-11-24-24v-78c0-6 3-13 7-17l162-162a176 176 0 11343-55zm-176-48a48 48 0 1096 0 48 48 0 00-96 0z\"\/><\/svg><\/label><label><input aria-label=\"3\" type=\"radio\" name=\"kc_captcha\" value=\"bot\" \/><svg aria-hidden=\"true\" role=\"img\" xmlns=\"http:\/\/www.w3.org\/2000\/svg\" viewbox=\"0 0 576 512\"><path fill=\"currentColor\" d=\"M472 200H360L256 6a12 12 0 00-10-6h-58c-8 0-14 7-12 15l34 185H100l-35-58a12 12 0 00-10-6H12c-8 0-13 7-12 14l21 106L0 362c-1 7 4 14 12 14h43c4 0 8-2 10-6l35-58h110l-34 185c-2 8 4 15 12 15h58a12 12 0 0010-6l104-194h112c57 0 104-25 104-56s-47-56-104-56z\"\/><\/svg><\/label>\r\n    <\/span>\r\n    <span style=\"display:none\">\r\n        <input type=\"text\" name=\"kc_honeypot\">\r\n    <\/span><\/span><\/span>\n\t\t<\/p>\n\t<\/div>\n\t<p><input class=\"wpcf7-form-control wpcf7-submit has-spinner\" type=\"submit\" value=\"Enviar mensagem\" \/>\n\t<\/p>\n<\/div><div class=\"wpcf7-response-output\" aria-hidden=\"true\"><\/div>\n<input type=\"hidden\" name=\"trp-form-language\" value=\"pt\"\/><\/form>\n<\/div>\n\n\t\t<\/div>\n\t\t\t\t\t<\/div>\n\n\t\n<\/div>\n\t\t<\/div>\n\n\t\t\n<style>\n#section_1252204328 {\n  padding-top: 30px;\n  padding-bottom: 30px;\n}\n<\/style>\n\t<\/section>","protected":false},"excerpt":{"rendered":"","protected":false},"author":1,"featured_media":0,"parent":0,"menu_order":0,"comment_status":"closed","ping_status":"closed","template":"page-blank.php","meta":{"footnotes":""},"_links":{"self":[{"href":"https:\/\/backlightmfg.com\/pt\/wp-json\/wp\/v2\/pages\/2265"}],"collection":[{"href":"https:\/\/backlightmfg.com\/pt\/wp-json\/wp\/v2\/pages"}],"about":[{"href":"https:\/\/backlightmfg.com\/pt\/wp-json\/wp\/v2\/types\/page"}],"author":[{"embeddable":true,"href":"https:\/\/backlightmfg.com\/pt\/wp-json\/wp\/v2\/users\/1"}],"replies":[{"embeddable":true,"href":"https:\/\/backlightmfg.com\/pt\/wp-json\/wp\/v2\/comments?post=2265"}],"version-history":[{"count":23,"href":"https:\/\/backlightmfg.com\/pt\/wp-json\/wp\/v2\/pages\/2265\/revisions"}],"predecessor-version":[{"id":2315,"href":"https:\/\/backlightmfg.com\/pt\/wp-json\/wp\/v2\/pages\/2265\/revisions\/2315"}],"wp:attachment":[{"href":"https:\/\/backlightmfg.com\/pt\/wp-json\/wp\/v2\/media?parent=2265"}],"curies":[{"name":"wp","href":"https:\/\/api.w.org\/{rel}","templated":true}]}}