{"id":2011,"date":"2024-09-14T08:11:32","date_gmt":"2024-09-14T08:11:32","guid":{"rendered":"https:\/\/backlightmfg.com\/?page_id=2011"},"modified":"2024-09-14T08:48:30","modified_gmt":"2024-09-14T08:48:30","slug":"fiber-optic-backlight-panels","status":"publish","type":"page","link":"https:\/\/backlightmfg.com\/pt\/fiber-optic-backlight-panels\/","title":{"rendered":"Pain\u00e9is de retroilumina\u00e7\u00e3o de fibra \u00f3tica"},"content":{"rendered":"<div class=\"banner has-hover has-parallax\" id=\"banner-19173195\">\n          <div class=\"banner-inner fill\">\n        <div class=\"banner-bg fill\" data-parallax=\"-3\" data-parallax-container=\".banner\" data-parallax-background>\n            <div class=\"bg fill bg-fill\"><\/div>\n                                    \n                    <\/div>\n\t\t\n        <div class=\"banner-layers container\">\n            <div class=\"fill banner-link\"><\/div>            \n   <div id=\"text-box-611759018\" class=\"text-box banner-layer x50 md-x85 lg-x85 y50 md-y50 lg-y50 res-text\">\n                     <div data-animate=\"fadeInLeft\">           <div class=\"text-box-content text dark\">\n              \n              <div class=\"text-inner text-center\">\n                  \n<h1 style=\"text-align: center;\">Painel de retroilumina\u00e7\u00e3o de fibra \u00f3tica<\/h1>\n              <\/div>\n           <\/div>\n       <\/div>                     \n<style>\n#text-box-611759018 {\n  width: 80%;\n}\n#text-box-611759018 .text-box-content {\n  font-size: 100%;\n}\n@media (min-width:550px) {\n  #text-box-611759018 {\n    width: 66%;\n  }\n}\n<\/style>\n    <\/div>\n \n        <\/div>\n      <\/div>\n\n            \n<style>\n#banner-19173195 {\n  padding-top: 200px;\n}\n#banner-19173195 .bg.bg-loaded {\n  background-image: 8950;\n}\n#banner-19173195 .overlay {\n  background-color: rgba(0, 0, 0, 0.3);\n}\n#banner-19173195 .bg {\n  background-position: 35% 23%;\n}\n<\/style>\n  <\/div>\n\n\n\t<section class=\"section\" id=\"section_827142948\">\n\t\t<div class=\"bg section-bg fill bg-fill  bg-loaded\" >\n\n\t\t\t\n\t\t\t\n\t\t\t\n\n\t\t<\/div>\n\n\t\t\n\n\t\t<div class=\"section-content relative\">\n\t\t\t\n<div class=\"row\"  id=\"row-1041649902\">\n\n\t<div id=\"col-851163919\" class=\"col small-12 large-12\"  >\n\t\t\t\t<div class=\"col-inner\"  >\n\t\t\t\n\t\t\t\n<h2 class=\"\" style=\"text-align: center;\" data-sourcepos=\"1:1-1:54\">Pain\u00e9is de retroilumina\u00e7\u00e3o de fibra \u00f3tica: Ilumina\u00e7\u00e3o de ecr\u00e3s<\/h2>\n<p data-sourcepos=\"3:1-3:121\">Os pain\u00e9is de retroilumina\u00e7\u00e3o de fibra \u00f3tica s\u00e3o um tipo de tecnologia de ecr\u00e3 que utiliza fibra \u00f3tica para direcionar a luz de uma fonte para a parte de tr\u00e1s de um ecr\u00e3, criando uma ilumina\u00e7\u00e3o uniforme e brilhante. Esta tecnologia \u00e9 normalmente utilizada em ecr\u00e3s LCD e OLED.<\/p>\n\t\t<\/div>\n\t\t\t\t\t<\/div>\n\n\t\n<\/div>\n<div class=\"row\"  id=\"row-2102329208\">\n\n\t<div id=\"col-2108784925\" class=\"col small-12 large-12\"  >\n\t\t\t\t<div class=\"col-inner\"  >\n\t\t\t\n\t\t\t\n\t<div class=\"img has-hover x md-x lg-x y md-y lg-y\" id=\"image_2032103742\">\n\t\t\t\t\t\t\t\t<div class=\"img-inner dark\" >\n\t\t\t<img loading=\"lazy\" decoding=\"async\" width=\"1020\" height=\"631\" src=\"https:\/\/backlightmfg.com\/wp-content\/uploads\/2024\/09\/1625228552-1024x633.jpg\" class=\"attachment-large size-large\" alt=\"Pain\u00e9is de retroilumina\u00e7\u00e3o de fibra \u00f3tica\" srcset=\"https:\/\/backlightmfg.com\/wp-content\/uploads\/2024\/09\/1625228552-1024x633.jpg 1024w, https:\/\/backlightmfg.com\/wp-content\/uploads\/2024\/09\/1625228552-300x186.jpg 300w, https:\/\/backlightmfg.com\/wp-content\/uploads\/2024\/09\/1625228552-768x475.jpg 768w, https:\/\/backlightmfg.com\/wp-content\/uploads\/2024\/09\/1625228552-1536x950.jpg 1536w, https:\/\/backlightmfg.com\/wp-content\/uploads\/2024\/09\/1625228552-18x12.jpg 18w, https:\/\/backlightmfg.com\/wp-content\/uploads\/2024\/09\/1625228552-510x315.jpg 510w, https:\/\/backlightmfg.com\/wp-content\/uploads\/2024\/09\/1625228552.jpg 1990w\" sizes=\"(max-width: 1020px) 100vw, 1020px\" \/>\t\t\t\t\t\t\n\t\t\t\t\t<\/div>\n\t\t\t\t\t\t\t\t\n<style>\n#image_2032103742 {\n  width: 100%;\n}\n<\/style>\n\t<\/div>\n\t\n\t\t<\/div>\n\t\t\t\t\t<\/div>\n\n\t\n<\/div>\n\t\t<\/div>\n\n\t\t\n<style>\n#section_827142948 {\n  padding-top: 30px;\n  padding-bottom: 30px;\n}\n<\/style>\n\t<\/section>\n\t\n\t<section class=\"section\" id=\"section_1415871721\">\n\t\t<div class=\"bg section-bg fill bg-fill  bg-loaded\" >\n\n\t\t\t\n\t\t\t\n\t\t\t\n\n\t\t<\/div>\n\n\t\t\n\n\t\t<div class=\"section-content relative\">\n\t\t\t\n<div class=\"row\"  id=\"row-148063333\">\n\n\t<div id=\"col-97185474\" class=\"col medium-6 small-12 large-6\"  >\n\t\t\t\t<div class=\"col-inner\"  >\n\t\t\t\n\t\t\t\n\t<div class=\"img has-hover x md-x lg-x y md-y lg-y\" id=\"image_1096269842\">\n\t\t\t\t\t\t\t\t<div class=\"img-inner image-cover dark\" style=\"padding-top:100%;\">\n\t\t\t<img loading=\"lazy\" decoding=\"async\" width=\"2560\" height=\"1920\" src=\"https:\/\/backlightmfg.com\/wp-content\/uploads\/2024\/09\/1625232631-scaled.jpg\" class=\"attachment-original size-original\" alt=\"Ilumina\u00e7\u00e3o de fibra \u00f3tica\" srcset=\"https:\/\/backlightmfg.com\/wp-content\/uploads\/2024\/09\/1625232631-scaled.jpg 2560w, https:\/\/backlightmfg.com\/wp-content\/uploads\/2024\/09\/1625232631-300x225.jpg 300w, https:\/\/backlightmfg.com\/wp-content\/uploads\/2024\/09\/1625232631-1024x768.jpg 1024w, https:\/\/backlightmfg.com\/wp-content\/uploads\/2024\/09\/1625232631-768x576.jpg 768w, https:\/\/backlightmfg.com\/wp-content\/uploads\/2024\/09\/1625232631-1536x1152.jpg 1536w, https:\/\/backlightmfg.com\/wp-content\/uploads\/2024\/09\/1625232631-2048x1536.jpg 2048w, https:\/\/backlightmfg.com\/wp-content\/uploads\/2024\/09\/1625232631-16x12.jpg 16w, https:\/\/backlightmfg.com\/wp-content\/uploads\/2024\/09\/1625232631-510x383.jpg 510w\" sizes=\"(max-width: 2560px) 100vw, 2560px\" \/>\t\t\t\t\t\t\n\t\t\t\t\t<\/div>\n\t\t\t\t\t\t\t\t\n<style>\n#image_1096269842 {\n  width: 100%;\n}\n<\/style>\n\t<\/div>\n\t\n\t\t<\/div>\n\t\t\t\t\t<\/div>\n\n\t\n\n\t<div id=\"col-1808581010\" class=\"col medium-6 small-12 large-6\"  >\n\t\t\t\t<div class=\"col-inner\"  >\n\t\t\t\n\t\t\t\n<h3 data-sourcepos=\"5:1-5:41\"><strong>Componentes principais dos pain\u00e9is de retroilumina\u00e7\u00e3o de fibra \u00f3tica:<\/strong><\/h3>\n<ul data-sourcepos=\"7:1-8:63\">\n<li data-sourcepos=\"7:1-7:77\"><strong>Fonte de luz:<\/strong> A fonte de luz, normalmente LEDs ou l\u00e2mpadas fluorescentes.<\/li>\n<li data-sourcepos=\"8:1-8:63\"><strong>Cabos de fibra \u00f3tica:<\/strong> Fios finos de vidro ou pl\u00e1stico que transmitem luz.<\/li>\n<li data-sourcepos=\"9:1-9:82\"><strong>Placa guia de luz:<\/strong> Um material transparente que distribui a luz de forma homog\u00e9nea.<\/li>\n<li data-sourcepos=\"10:1-10:50\"><strong>Difusor:<\/strong> Um material que dispersa a luz, criando uma ilumina\u00e7\u00e3o uniforme.<\/li>\n<\/ul>\n<h3 data-sourcepos=\"12:1-12:42\"><strong>Como funcionam os pain\u00e9is de retroilumina\u00e7\u00e3o de fibra \u00f3tica:<\/strong><\/h3>\n<ol data-sourcepos=\"14:1-18:0\">\n<li data-sourcepos=\"14:1-14:80\"><strong>Emiss\u00e3o de luz:<\/strong> A fonte de luz emite luz para os cabos de fibra \u00f3tica.<\/li>\n<li data-sourcepos=\"15:1-15:101\"><strong>Transmiss\u00e3o de luz:<\/strong> A luz viaja atrav\u00e9s dos cabos de fibra \u00f3tica at\u00e9 \u00e0 placa guia de luz.<\/li>\n<li data-sourcepos=\"16:1-16:109\"><strong>Distribui\u00e7\u00e3o da luz:<\/strong> A placa guia de luz distribui a luz uniformemente pela parte de tr\u00e1s do ecr\u00e3.<\/li>\n<li data-sourcepos=\"17:1-18:0\"><strong>Ilumina\u00e7\u00e3o:<\/strong> A luz difusa ilumina o ecr\u00e3, criando uma imagem brilhante e uniforme.<\/li>\n<\/ol>\n\t\t<\/div>\n\t\t\t\t\t<\/div>\n\n\t\n<\/div>\n\t\t<\/div>\n\n\t\t\n<style>\n#section_1415871721 {\n  padding-top: 30px;\n  padding-bottom: 30px;\n  background-color: #c3e7f2;\n}\n<\/style>\n\t<\/section>\n\t\n\t<section class=\"section\" id=\"section_1727962298\">\n\t\t<div class=\"bg section-bg fill bg-fill  bg-loaded\" >\n\n\t\t\t\n\t\t\t\n\t\t\t\n\n\t\t<\/div>\n\n\t\t\n\n\t\t<div class=\"section-content relative\">\n\t\t\t\n<div class=\"row\"  id=\"row-345580756\">\n\n\t<div id=\"col-915883877\" class=\"col medium-6 small-12 large-6\"  >\n\t\t\t\t<div class=\"col-inner\"  >\n\t\t\t\n\t\t\t\n<h3 data-sourcepos=\"19:1-19:45\">Vantagens dos pain\u00e9is de retroilumina\u00e7\u00e3o de fibra \u00f3tica:<\/h3>\n<ul data-sourcepos=\"21:1-21:140\">\n<li data-sourcepos=\"21:1-21:140\"><strong>Ilumina\u00e7\u00e3o uniforme:<\/strong> Os pain\u00e9is de retroilumina\u00e7\u00e3o de fibra \u00f3tica proporcionam uma ilumina\u00e7\u00e3o mais uniforme e consistente em compara\u00e7\u00e3o com as tradicionais retroilumina\u00e7\u00e3o com luz de bordo ou luz direta.<\/li>\n<li data-sourcepos=\"22:1-22:141\"><strong>Efici\u00eancia energ\u00e9tica:<\/strong> Podem ser mais eficientes em termos energ\u00e9ticos do que outras tecnologias de retroilumina\u00e7\u00e3o, especialmente quando utilizadas com LEDs de elevada efici\u00eancia.<\/li>\n<li data-sourcepos=\"23:1-23:99\"><strong>Design fino:<\/strong> Os pain\u00e9is de retroilumina\u00e7\u00e3o de fibra \u00f3tica permitem designs de ecr\u00e3s mais finos e compactos.<\/li>\n<li data-sourcepos=\"24:1-25:0\"><strong>Flexibilidade:<\/strong> Podem ser personalizados para se adaptarem a v\u00e1rios tamanhos e formas de expositores.<\/li>\n<\/ul>\n<h3 data-sourcepos=\"26:1-26:49\">Aplica\u00e7\u00f5es dos pain\u00e9is de retroilumina\u00e7\u00e3o de fibra \u00f3tica:<\/h3>\n<ul data-sourcepos=\"28:1-31:0\">\n<li data-sourcepos=\"28:1-28:72\"><strong>Ecr\u00e3s LCD:<\/strong> Utilizado em televisores, monitores de computador e computadores port\u00e1teis.<\/li>\n<li data-sourcepos=\"29:1-29:68\"><strong>Ecr\u00e3s OLED:<\/strong> Utilizado em smartphones, tablets e televisores topo de gama.<\/li>\n<li data-sourcepos=\"30:1-31:0\"><strong>Sinaliza\u00e7\u00e3o digital:<\/strong> Utilizado em ecr\u00e3s publicit\u00e1rios e pain\u00e9is digitais.<\/li>\n<\/ul>\n<p data-sourcepos=\"32:1-32:30\"><strong>Os pain\u00e9is de retroilumina\u00e7\u00e3o de fibra \u00f3tica tornaram-se uma escolha popular para a tecnologia de visualiza\u00e7\u00e3o moderna devido \u00e0s suas vantagens em termos de qualidade de ilumina\u00e7\u00e3o, efici\u00eancia energ\u00e9tica e flexibilidade de conce\u00e7\u00e3o.<\/strong><\/p>\n\t\t<\/div>\n\t\t\t\t\t<\/div>\n\n\t\n\n\t<div id=\"col-787741187\" class=\"col medium-6 small-12 large-6\"  >\n\t\t\t\t<div class=\"col-inner\"  >\n\t\t\t\n\t\t\t\n\t<div class=\"img has-hover x md-x lg-x y md-y lg-y\" id=\"image_633067466\">\n\t\t\t\t\t\t\t\t<div class=\"img-inner image-cover dark\" style=\"padding-top:100%;\">\n\t\t\t<img loading=\"lazy\" decoding=\"async\" width=\"685\" height=\"667\" src=\"https:\/\/backlightmfg.com\/wp-content\/uploads\/2024\/09\/1625230825.png\" class=\"attachment-original size-original\" alt=\"Aplica\u00e7\u00f5es dos pain\u00e9is de retroilumina\u00e7\u00e3o de fibra \u00f3tica\" srcset=\"https:\/\/backlightmfg.com\/wp-content\/uploads\/2024\/09\/1625230825.png 685w, https:\/\/backlightmfg.com\/wp-content\/uploads\/2024\/09\/1625230825-300x292.png 300w, https:\/\/backlightmfg.com\/wp-content\/uploads\/2024\/09\/1625230825-12x12.png 12w, https:\/\/backlightmfg.com\/wp-content\/uploads\/2024\/09\/1625230825-510x497.png 510w\" sizes=\"(max-width: 685px) 100vw, 685px\" \/>\t\t\t\t\t\t\n\t\t\t\t\t<\/div>\n\t\t\t\t\t\t\t\t\n<style>\n#image_633067466 {\n  width: 100%;\n}\n<\/style>\n\t<\/div>\n\t\n\t\t<\/div>\n\t\t\t\t\t<\/div>\n\n\t\n<\/div>\n\t\t<\/div>\n\n\t\t\n<style>\n#section_1727962298 {\n  padding-top: 30px;\n  padding-bottom: 30px;\n}\n<\/style>\n\t<\/section>\n\t\n\t<section class=\"section\" id=\"section_1406244085\">\n\t\t<div class=\"bg section-bg fill bg-fill  bg-loaded\" >\n\n\t\t\t\n\t\t\t\n\t\t\t\n\n\t\t<\/div>\n\n\t\t\n\n\t\t<div class=\"section-content relative\">\n\t\t\t\n<div class=\"row\"  id=\"row-1707185983\">\n\n\t<div id=\"col-464896652\" class=\"col small-12 large-12\"  >\n\t\t\t\t<div class=\"col-inner\"  >\n\t\t\t\n\t\t\t\n<h2 class=\"\" style=\"text-align: center;\" data-sourcepos=\"1:1-1:61\">Pain\u00e9is de retroilumina\u00e7\u00e3o de fibra \u00f3tica OEM: Personaliza\u00e7\u00e3o do ecr\u00e3<\/h2>\n<p data-sourcepos=\"3:1-3:126\"><strong>Reyera como OEM de pain\u00e9is de retroilumina\u00e7\u00e3o de fibra \u00f3tica<\/strong> oferecem uma solu\u00e7\u00e3o personaliz\u00e1vel para as empresas que procuram incorporar ilumina\u00e7\u00e3o de alta qualidade nos seus produtos. Estes pain\u00e9is podem ser adaptados para corresponder \u00e0s suas necessidades espec\u00edficas, garantindo um desempenho e uma est\u00e9tica \u00f3ptimos.<\/p>\n<p data-sourcepos=\"5:1-5:34\"><strong>Vantagens dos pain\u00e9is de retroilumina\u00e7\u00e3o de fibra \u00f3tica OEM:<\/strong><\/p>\n<ul data-sourcepos=\"7:1-8:27\">\n<li data-sourcepos=\"7:1-7:112\"><strong>Personaliza\u00e7\u00e3o:<\/strong> Adapte o tamanho, a forma, o brilho e a temperatura da cor do painel para satisfazer as suas necessidades exactas.<\/li>\n<li data-sourcepos=\"8:1-8:27\"><strong>Marca:<\/strong> Incorpore o log\u00f3tipo da sua marca ou elementos de design no painel para obter um aspeto \u00fanico.<\/li>\n<li data-sourcepos=\"9:1-9:97\"><strong>Rent\u00e1vel:<\/strong> O fabrico OEM pode frequentemente oferecer pre\u00e7os competitivos para grandes quantidades.<\/li>\n<li data-sourcepos=\"10:1-10:1\"><strong>Controlo de qualidade:<\/strong> Trabalhar com fabricantes de renome para garantir produtos de alta qualidade e um desempenho fi\u00e1vel.<\/li>\n<\/ul>\n<p data-sourcepos=\"12:1-12:26\"><strong>Op\u00e7\u00f5es de personaliza\u00e7\u00e3o:<\/strong><\/p>\n<ul data-sourcepos=\"14:1-18:0\">\n<li data-sourcepos=\"14:1-14:91\"><strong>Tamanho e forma:<\/strong> Escolha as dimens\u00f5es e a forma do painel de acordo com o design do seu ecr\u00e3.<\/li>\n<li data-sourcepos=\"15:1-15:118\"><strong>Brilho e temperatura da cor:<\/strong> Ajuste a intensidade da luz e o espetro de cores de acordo com a est\u00e9tica pretendida.<\/li>\n<li data-sourcepos=\"16:1-16:108\"><strong>Distribui\u00e7\u00e3o da luz:<\/strong> Personalize o padr\u00e3o de distribui\u00e7\u00e3o da luz para obter efeitos de ilumina\u00e7\u00e3o espec\u00edficos.<\/li>\n<li data-sourcepos=\"17:1-18:0\"><strong>Integra\u00e7\u00e3o:<\/strong> Integrar funcionalidades adicionais como sensores t\u00e1cteis ou sensores de luz ambiente.<\/li>\n<\/ul>\n<p data-sourcepos=\"19:1-19:98\"><strong>Por que escolher Reyera OEM fabricante de painel de luz de fundo de fibra \u00f3tica:<\/strong><\/p>\n<ul data-sourcepos=\"21:1-21:100\">\n<li data-sourcepos=\"21:1-21:100\"><strong>Experi\u00eancia:<\/strong> Procure fabricantes com experi\u00eancia na produ\u00e7\u00e3o de pain\u00e9is de retroilumina\u00e7\u00e3o de alta qualidade.<\/li>\n<li data-sourcepos=\"22:1-22:121\"><strong>Capacidades:<\/strong> Certifique-se de que o fabricante possui o equipamento e a experi\u00eancia necess\u00e1rios para satisfazer os seus requisitos espec\u00edficos.<\/li>\n<li data-sourcepos=\"23:1-23:94\"><strong>Tempos de espera:<\/strong> Considere os prazos de produ\u00e7\u00e3o do fabricante para garantir uma entrega atempada.<\/li>\n<li data-sourcepos=\"24:1-25:0\"><strong>Apoio p\u00f3s-venda:<\/strong> Escolha um fabricante que ofere\u00e7a assist\u00eancia p\u00f3s-venda fi\u00e1vel e cobertura de garantia.<\/li>\n<\/ul>\n\t\t<\/div>\n\t\t\t\t\t<\/div>\n\n\t\n<\/div>\n\t\t<\/div>\n\n\t\t\n<style>\n#section_1406244085 {\n  padding-top: 30px;\n  padding-bottom: 30px;\n  background-color: #c3e7f2;\n}\n<\/style>\n\t<\/section>\n\t\n\t<section class=\"section\" id=\"section_506826397\">\n\t\t<div class=\"bg section-bg fill bg-fill  bg-loaded\" >\n\n\t\t\t\n\t\t\t\n\t\t\t\n\n\t\t<\/div>\n\n\t\t\n\n\t\t<div class=\"section-content relative\">\n\t\t\t\n<div class=\"row\"  id=\"row-637616124\">\n\n\t<div id=\"col-2132291443\" class=\"col small-12 large-12\"  >\n\t\t\t\t<div class=\"col-inner\"  >\n\t\t\t\n\t\t\t\n<h2 style=\"text-align: center;\">Contactar-nos<\/h2>\n\t\t<\/div>\n\t\t\t\t\t<\/div>\n\n\t\n<\/div>\n<div class=\"row\"  id=\"row-717918192\">\n\n\t<div id=\"col-2038004716\" class=\"col small-12 large-12\"  >\n\t\t\t\t<div class=\"col-inner\"  >\n\t\t\t\n\t\t\t\n\n<div class=\"wpcf7 no-js\" id=\"wpcf7-f280-o1\" lang=\"en-US\" dir=\"ltr\">\n<div class=\"screen-reader-response\"><p role=\"status\" aria-live=\"polite\" aria-atomic=\"true\"><\/p> <ul><\/ul><\/div>\n<form action=\"\/pt\/wp-json\/wp\/v2\/pages\/2011#wpcf7-f280-o1\" method=\"post\" class=\"wpcf7-form init\" aria-label=\"Formul\u00e1rio de contacto\" novalidate=\"novalidate\" data-status=\"init\" data-trp-original-action=\"\/pt\/wp-json\/wp\/v2\/pages\/2011#wpcf7-f280-o1\">\n<div style=\"display: none;\">\n<input type=\"hidden\" name=\"_wpcf7\" value=\"280\" \/>\n<input type=\"hidden\" name=\"_wpcf7_version\" value=\"5.9.6\" \/>\n<input type=\"hidden\" name=\"_wpcf7_locale\" value=\"en_US\" \/>\n<input type=\"hidden\" name=\"_wpcf7_unit_tag\" value=\"wpcf7-f280-o1\" \/>\n<input type=\"hidden\" name=\"_wpcf7_container_post\" value=\"0\" \/>\n<input type=\"hidden\" name=\"_wpcf7_posted_data_hash\" value=\"\" \/>\n<\/div>\n<div class='custom_contact_style'>\n\t<div class=\"row row-small\">\n\t\t<div class=\"col medium-6 small-12 large-6\">\n\t\t\t<div class=\"col-inner\">\n\t\t\t\t<p><span class=\"wpcf7-form-control-wrap\" data-name=\"your-name\"><input size=\"40\" maxlength=\"80\" class=\"wpcf7-form-control wpcf7-text wpcf7-validates-as-required\" aria-required=\"true\" aria-invalid=\"false\" placeholder=\"Nome*\" value=\"\" type=\"text\" name=\"your-name\" \/><\/span>\n\t\t\t\t<\/p>\n\t\t\t<\/div>\n\t\t<\/div>\n\t\t<div class=\"col medium-6 small-12 large-6\">\n\t\t\t<div class=\"col-inner\">\n\t\t\t\t<p><span class=\"wpcf7-form-control-wrap\" data-name=\"your-email\"><input size=\"40\" maxlength=\"80\" class=\"wpcf7-form-control wpcf7-email wpcf7-validates-as-required wpcf7-text wpcf7-validates-as-email\" aria-required=\"true\" aria-invalid=\"false\" placeholder=\"Correio eletr\u00f3nico*\" value=\"\" type=\"email\" name=\"your-email\" \/><\/span>\n\t\t\t\t<\/p>\n\t\t\t<\/div>\n\t\t<\/div>\n\t<\/div>\n\t<div class='cus_contact_form_bottom'>\n\t\t<p><span class=\"wpcf7-form-control-wrap\" data-name=\"your-phone\"><input size=\"40\" maxlength=\"80\" class=\"wpcf7-form-control wpcf7-text\" aria-invalid=\"false\" placeholder=\"Telefone\" value=\"\" type=\"text\" name=\"your-phone\" \/><\/span>\n\t\t<\/p>\n\t<\/div>\n\t<div class='cus_contact_form_bottom'>\n\t\t<p><span class=\"wpcf7-form-control-wrap\" data-name=\"your-country\"><input size=\"40\" maxlength=\"80\" class=\"wpcf7-form-control wpcf7-text\" aria-invalid=\"false\" placeholder=\"Pa\u00eds\" value=\"\" type=\"text\" name=\"your-country\" \/><\/span>\n\t\t<\/p>\n\t<\/div>\n\t<p><span class=\"wpcf7-form-control-wrap\" data-name=\"your-message\"><textarea cols=\"40\" rows=\"10\" maxlength=\"400\" class=\"wpcf7-form-control wpcf7-textarea wpcf7-validates-as-required\" aria-required=\"true\" aria-invalid=\"false\" placeholder=\"A sua mensagem *\" name=\"your-message\"><\/textarea><\/span>\n\t<\/p>\n\t<div style=\"margin-bottom:10px;\">\n\t\t<p><span class=\"wpcf7-form-control-wrap kc_captcha cf7ic-toggle\" data-name=\"kc_captcha\"><span class=\"wpcf7-form-control wpcf7-radio\"><span class=\"captcha-image\" style=\"display: none;\"><span class=\"cf7ic_instructions\">Por favor, prove que \u00e9 humano selecionando a op\u00e7\u00e3o<span> copo<\/span>.<\/span><label><input aria-label=\"1\" type=\"radio\" name=\"kc_captcha\" value=\"bot\" \/><svg aria-hidden=\"true\" role=\"img\" xmlns=\"http:\/\/www.w3.org\/2000\/svg\" viewbox=\"0 0 576 512\"><path fill=\"currentColor\" d=\"M415 24c-53 0-103 42-127 65-24-23-74-65-127-65C70 24 16 77 16 166c0 72 67 133 69 135l187 181c9 8 23 8 32 0l187-180c2-3 69-64 69-136 0-89-54-142-145-142z\"\/><\/svg><\/label><label><input aria-label=\"2\" type=\"radio\" name=\"kc_captcha\" value=\"kc_human\" \/><svg aria-hidden=\"true\" role=\"img\" xmlns=\"http:\/\/www.w3.org\/2000\/svg\" viewbox=\"0 0 640 512\"><path fill=\"currentColor\" d=\"M192 384h192c53 0 96-43 96-96h32a128 128 0 000-256H120c-13 0-24 11-24 24v232c0 53 43 96 96 96zM512 96a64 64 0 010 128h-32V96h32zm48 384H48c-47 0-61-64-36-64h584c25 0 11 64-36 64z\"\/><\/svg><\/label><label><input aria-label=\"3\" type=\"radio\" name=\"kc_captcha\" value=\"bot\" \/><svg aria-hidden=\"true\" role=\"img\" xmlns=\"http:\/\/www.w3.org\/2000\/svg\" viewbox=\"0 0 384 512\"><path fill=\"currentColor\" d=\"M377 375l-83-87h34c21 0 32-25 17-40l-82-88h33c21 0 32-25 18-40L210 8c-10-11-26-11-36 0L70 120c-14 15-3 40 18 40h33l-82 88c-15 15-4 40 17 40h34L7 375c-15 16-4 41 17 41h120c0 33-11 49-34 68-12 9-5 28 10 28h144c15 0 22-19 10-28-20-16-34-32-34-68h120c21 0 32-25 17-41z\"\/><\/svg><\/label>\r\n    <\/span>\r\n    <span style=\"display:none\">\r\n        <input type=\"text\" name=\"kc_honeypot\">\r\n    <\/span><\/span><\/span>\n\t\t<\/p>\n\t<\/div>\n\t<p><input class=\"wpcf7-form-control wpcf7-submit has-spinner\" type=\"submit\" value=\"Enviar mensagem\" \/>\n\t<\/p>\n<\/div><div class=\"wpcf7-response-output\" aria-hidden=\"true\"><\/div>\n<input type=\"hidden\" name=\"trp-form-language\" value=\"pt\"\/><\/form>\n<\/div>\n\n\t\t<\/div>\n\t\t\t\t\t<\/div>\n\n\t\n<\/div>\n\t\t<\/div>\n\n\t\t\n<style>\n#section_506826397 {\n  padding-top: 30px;\n  padding-bottom: 30px;\n}\n<\/style>\n\t<\/section>","protected":false},"excerpt":{"rendered":"","protected":false},"author":1,"featured_media":0,"parent":0,"menu_order":0,"comment_status":"closed","ping_status":"closed","template":"page-blank.php","meta":{"footnotes":""},"_links":{"self":[{"href":"https:\/\/backlightmfg.com\/pt\/wp-json\/wp\/v2\/pages\/2011"}],"collection":[{"href":"https:\/\/backlightmfg.com\/pt\/wp-json\/wp\/v2\/pages"}],"about":[{"href":"https:\/\/backlightmfg.com\/pt\/wp-json\/wp\/v2\/types\/page"}],"author":[{"embeddable":true,"href":"https:\/\/backlightmfg.com\/pt\/wp-json\/wp\/v2\/users\/1"}],"replies":[{"embeddable":true,"href":"https:\/\/backlightmfg.com\/pt\/wp-json\/wp\/v2\/comments?post=2011"}],"version-history":[{"count":20,"href":"https:\/\/backlightmfg.com\/pt\/wp-json\/wp\/v2\/pages\/2011\/revisions"}],"predecessor-version":[{"id":2047,"href":"https:\/\/backlightmfg.com\/pt\/wp-json\/wp\/v2\/pages\/2011\/revisions\/2047"}],"wp:attachment":[{"href":"https:\/\/backlightmfg.com\/pt\/wp-json\/wp\/v2\/media?parent=2011"}],"curies":[{"name":"wp","href":"https:\/\/api.w.org\/{rel}","templated":true}]}}