{"id":1793,"date":"2024-08-03T06:46:11","date_gmt":"2024-08-03T06:46:11","guid":{"rendered":"https:\/\/backlightmfg.com\/?post_type=product&#038;p=1793"},"modified":"2024-09-15T06:29:42","modified_gmt":"2024-09-15T06:29:42","slug":"lgf-light-guide-film","status":"publish","type":"product","link":"https:\/\/backlightmfg.com\/pl\/lgf-light-guide-film\/","title":{"rendered":"LGF (folia \u015bwiat\u0142owodowa)"},"content":{"rendered":"<h3 data-sourcepos=\"3:1-3:53\">Czym jest LGF?<\/h3>\n<ul>\n<li data-sourcepos=\"3:1-3:53\">Folia Light Guide Film (LGF) to cienki, optycznie przezroczysty arkusz z tworzywa sztucznego zaprojektowany do r\u00f3wnomiernego rozprowadzania \u015bwiat\u0142a z pod\u015bwietlanego kraw\u0119dziowo \u017ar\u00f3d\u0142a na ca\u0142ej jego powierzchni. Technologia ta jest niezb\u0119dna do tworzenia jednolitego pod\u015bwietlenia w r\u00f3\u017cnych zastosowaniach, od pod\u015bwietlanych klawiatur i wy\u015bwietlaczy LCD po oznakowanie i wn\u0119trza samochod\u00f3w.<\/li>\n<\/ul>\n<h3>Jak dzia\u0142a folia Light Guide?<\/h3>\n<ul>\n<li data-sourcepos=\"7:1-7:66\">LGF wykorzystuje unikaln\u0105 mikrostruktur\u0119 na swojej powierzchni do przechwytywania i za\u0142amywania \u015bwiat\u0142a ze \u017ar\u00f3d\u0142a \u015bwiat\u0142a LED umieszczonego na kraw\u0119dzi folii. \u015awiat\u0142o to jest nast\u0119pnie r\u00f3wnomiernie rozpraszane na powierzchni folii, zapewniaj\u0105c jasne i sp\u00f3jne o\u015bwietlenie.<\/li>\n<\/ul>\n<h3 data-sourcepos=\"7:1-7:66\">Cechy<\/h3>\n<ul>\n<li>Bardzo cienka folia z poliw\u0119glanu klasy optycznej z dostosowanymi mikrostrukturami \u015bwiat\u0142owodowymi zapewnia jednolit\u0105 wydajno\u015b\u0107 \u015bwietln\u0105.<\/li>\n<li>Zastosowania w wy\u015bwietlaczach: Przednia folia \u015bwiat\u0142owodowa do e-papieru i oznakowa\u0144 publicznych oraz innych zastosowa\u0144 zwi\u0105zanych z wy\u015bwietlaniem.<\/li>\n<li>Motoryzacja: Tablica przyrz\u0105d\u00f3w \/ os\u0142ona drzwi \/ o\u015bwietlenie wn\u0119trza samochodu.<\/li>\n<li>Elektronika u\u017cytkowa: pod\u015bwietlane klawiatury \/ wentylatory RGB Led \/ panele sterowania.<\/li>\n<li>Aplikacje domowe: pod\u015bwietlane przyciski dotykowe<\/li>\n<\/ul>","protected":false},"excerpt":{"rendered":"<h4 id=\"tw-target-text\" class=\"tw-data-text tw-text-large tw-ta\" dir=\"ltr\" data-placeholder=\"Translation\" aria-label=\"Przet\u0142umaczony tekst\" data-ved=\"2ahUKEwiFvaiamtiHAxXCnK8BHcMXH1QQ3ewLegQIERAU\"><strong><span class=\"Y2IQFc\" lang=\"en\">Parametry procesu <\/span>LGF<\/strong><\/h4>\n<p dir=\"ltr\" data-placeholder=\"Translation\" aria-label=\"Przet\u0142umaczony tekst\" data-ved=\"2ahUKEwiFvaiamtiHAxXCnK8BHcMXH1QQ3ewLegQIERAU\">Materia\u0142 \uff1a Poliw\u0119glan (PC)<\/p>\n<p dir=\"ltr\" data-placeholder=\"Translation\" aria-label=\"Przet\u0142umaczony tekst\" data-ved=\"2ahUKEwiFvaiamtiHAxXCnK8BHcMXH1QQ3ewLegQIERAU\">Grubo\u015b\u0107 \uff1a 0,075 mm, 0,1 mm, 0,125 mm<\/p>\n<p dir=\"ltr\" data-placeholder=\"Translation\" aria-label=\"Przet\u0142umaczony tekst\" data-ved=\"2ahUKEwiFvaiamtiHAxXCnK8BHcMXH1QQ3ewLegQIERAU\">Rozmiar i kszta\u0142t: zgodnie z rysunkiem klienta<\/p>","protected":false},"featured_media":1794,"comment_status":"open","ping_status":"closed","template":"","meta":[],"product_cat":[15],"product_tag":[],"_links":{"self":[{"href":"https:\/\/backlightmfg.com\/pl\/wp-json\/wp\/v2\/product\/1793"}],"collection":[{"href":"https:\/\/backlightmfg.com\/pl\/wp-json\/wp\/v2\/product"}],"about":[{"href":"https:\/\/backlightmfg.com\/pl\/wp-json\/wp\/v2\/types\/product"}],"replies":[{"embeddable":true,"href":"https:\/\/backlightmfg.com\/pl\/wp-json\/wp\/v2\/comments?post=1793"}],"wp:featuredmedia":[{"embeddable":true,"href":"https:\/\/backlightmfg.com\/pl\/wp-json\/wp\/v2\/media\/1794"}],"wp:attachment":[{"href":"https:\/\/backlightmfg.com\/pl\/wp-json\/wp\/v2\/media?parent=1793"}],"wp:term":[{"taxonomy":"product_cat","embeddable":true,"href":"https:\/\/backlightmfg.com\/pl\/wp-json\/wp\/v2\/product_cat?post=1793"},{"taxonomy":"product_tag","embeddable":true,"href":"https:\/\/backlightmfg.com\/pl\/wp-json\/wp\/v2\/product_tag?post=1793"}],"curies":[{"name":"wp","href":"https:\/\/api.w.org\/{rel}","templated":true}]}}