{"id":1790,"date":"2024-08-03T02:08:10","date_gmt":"2024-08-03T02:08:10","guid":{"rendered":"https:\/\/backlightmfg.com\/?post_type=product&#038;p=1790"},"modified":"2025-07-14T08:33:49","modified_gmt":"2025-07-14T08:33:49","slug":"lgp-backlight","status":"publish","type":"product","link":"https:\/\/backlightmfg.com\/pl\/lgp-backlight\/","title":{"rendered":"Pod\u015bwietlenie LGP"},"content":{"rendered":"<h3><strong><span class=\"Y2IQFc\" lang=\"en\">Technologia mikrostruktury LGP (ochrona \u015brodowiska) \uff1a<\/span><\/strong><\/h3>\n<p>Konwersja z oryginalnego procesu drukowania do procesu prasowania na gor\u0105co, zautomatyzowana produkcja, wysoka wydajno\u015b\u0107 i doskona\u0142y efekt wizualny. obejmuje Micro_structure LGP i Ink printing LGP.<\/p>\n<h4><b>Co to jest micro_structure?<\/b><\/h4>\n<ul>\n<li>Je\u015bli rozmiar wzoru LGP, kt\u00f3ry mo\u017cna kontrolowa\u0107, jest mniejszy ni\u017c 100 um. Mo\u017cemy to nazwa\u0107 mikro_struktur\u0105.<\/li>\n<\/ul>\n<h4><strong>Drukowanie atramentowe<\/strong><\/h4>\n<ul>\n<li>Rozmiar wzoru wynosi 0,4 mm (min. \u015brednica).<\/li>\n<\/ul>\n<h4 class=\"tw-data-text tw-text-large tw-ta\" dir=\"ltr\" data-placeholder=\"Translation\" aria-label=\"Przet\u0142umaczony tekst\" data-ved=\"2ahUKEwii-OPw3deHAxXnha8BHe_AMVoQ3ewLegQIDRAU\"><strong><span class=\"Y2IQFc\" lang=\"en\">Modu\u0142 \u015bwiat\u0142owodu-<\/span><span class=\"Y2IQFc\" lang=\"en\">Przerzedzenie<\/span><\/strong><\/h4>\n<ul>\n<li>Ca\u0142kowita grubo\u015b\u0107 modu\u0142u \u015bwiat\u0142owodu wynosi od 0,8 ~ 2 mm. P\u0142yta o\u015bwietleniowa mo\u017ce by\u0107 wykonana z mi\u0119kkiej p\u0142yty (FPC) lub twardej p\u0142yty (PCB) zgodnie z potrzebami klienta.<\/li>\n<\/ul>\n<h4 class=\"tw-data-text tw-text-large tw-ta\" dir=\"ltr\" data-placeholder=\"Translation\" aria-label=\"Przet\u0142umaczony tekst\" data-ved=\"2ahUKEwii-OPw3deHAxXnha8BHe_AMVoQ3ewLegQIDRAU\"><strong><span class=\"Y2IQFc\" lang=\"en\">Modu\u0142 \u015bwiat\u0142owodu-<\/span><span class=\"Y2IQFc\" lang=\"en\">Elastyczno\u015b\u0107<\/span><\/strong><\/h4>\n<ul>\n<li>Jego cienki modu\u0142 \u015bwiat\u0142owodowy z mi\u0119kkiej p\u0142yty ma dobr\u0105 elastyczno\u015b\u0107, a gruby klej mo\u017ce by\u0107 u\u017cyty do dopasowania go do wygl\u0105du produktu.<\/li>\n<\/ul>\n<h4 id=\"tw-target-text\" class=\"tw-data-text tw-text-large tw-ta\" dir=\"ltr\" data-placeholder=\"Translation\" aria-label=\"Przet\u0142umaczony tekst\" data-ved=\"2ahUKEwii-OPw3deHAxXnha8BHe_AMVoQ3ewLegQIDRAU\"><strong><span class=\"Y2IQFc\" lang=\"en\">Dostosowanie modu\u0142u \u015bwiat\u0142owodu<\/span><\/strong><\/h4>\n<ul>\n<li id=\"tw-target-text\" class=\"tw-data-text tw-text-large tw-ta\" dir=\"ltr\" data-placeholder=\"Translation\" aria-label=\"Przet\u0142umaczony tekst\" data-ved=\"2ahUKEwii-OPw3deHAxXnha8BHe_AMVoQ3ewLegQIDRAU\"><span class=\"Y2IQFc\" lang=\"en\">R\u00f3\u017cne modu\u0142y \u015bwiat\u0142owodowe mog\u0105 by\u0107 zaprojektowane zgodnie z r\u00f3\u017cnymi potrzebami klient\u00f3w, aby osi\u0105gn\u0105\u0107 wymagane przez nich efekty.<\/span><\/li>\n<\/ul>\n<div id=\"KnM9nf\" class=\"PZPZlf\" data-attrid=\"tw-sourceArea\" data-entityname=\"Google Translate\">\n<div id=\"tw-source\">\n<div id=\"tw-source-rmn-container\" class=\"tw-ta-container F0azHf tw-nfl\">\n<h3 id=\"tw-source-rmn\" class=\"tw-data-text tw-text-small tw-ta\" dir=\"ltr\"><strong>Zastosowanie<\/strong><\/h3>\n<ul>\n<li>Typ normalny - pod gum\u0105<\/li>\n<li>Mi\u0119dzy kluczem a gum\u0105<\/li>\n<li>Wsp\u00f3\u0142formowanie<\/li>\n<\/ul>\n<\/div>\n<\/div>\n<\/div>","protected":false},"excerpt":{"rendered":"<p id=\"tw-target-text\" class=\"tw-data-text tw-text-large tw-ta\" dir=\"ltr\" data-placeholder=\"Translation\" aria-label=\"Przet\u0142umaczony tekst\" data-ved=\"2ahUKEwii-OPw3deHAxXnha8BHe_AMVoQ3ewLegQIDRAU\"><span class=\"Y2IQFc\" lang=\"en\">Fotoelektryczne modu\u0142y \u015bwiat\u0142owodowe LED s\u0105 wykorzystywane w inteligentnych miastach, inteligentnych pojazdach, inteligentnych urz\u0105dzeniach domowych i urz\u0105dzeniach peryferyjnych do e-sportu. Przysz\u0142e trendy rozwoju modu\u0142\u00f3w \u015bwiat\u0142owodowych<\/span><\/p>\n<ul>\n<li><span class=\"Y2IQFc\" lang=\"en\">Technologia mikrostruktury LGP (ochrona \u015brodowiska)<br \/>\n<\/span><\/li>\n<li><span class=\"Y2IQFc\" lang=\"en\">Przerzedzenie<br \/>\n<\/span><\/li>\n<li><span class=\"Y2IQFc\" lang=\"en\">Elastyczno\u015b\u0107<br \/>\n<\/span><\/li>\n<li><span class=\"Y2IQFc\" lang=\"en\">Modu\u0142 \u015bwiat\u0142owodu RGB<br \/>\n<\/span><\/li>\n<li><span class=\"Y2IQFc\" lang=\"en\">Programowalny pasek \u015bwietlny RGB<br \/>\n<\/span><\/li>\n<li><span class=\"Y2IQFc\" lang=\"en\">Sta\u0142a zmiana paska \u015bwietlnego RGB<\/span><\/li>\n<\/ul>","protected":false},"featured_media":1791,"comment_status":"open","ping_status":"closed","template":"","meta":[],"product_cat":[15],"product_tag":[],"_links":{"self":[{"href":"https:\/\/backlightmfg.com\/pl\/wp-json\/wp\/v2\/product\/1790"}],"collection":[{"href":"https:\/\/backlightmfg.com\/pl\/wp-json\/wp\/v2\/product"}],"about":[{"href":"https:\/\/backlightmfg.com\/pl\/wp-json\/wp\/v2\/types\/product"}],"replies":[{"embeddable":true,"href":"https:\/\/backlightmfg.com\/pl\/wp-json\/wp\/v2\/comments?post=1790"}],"wp:featuredmedia":[{"embeddable":true,"href":"https:\/\/backlightmfg.com\/pl\/wp-json\/wp\/v2\/media\/1791"}],"wp:attachment":[{"href":"https:\/\/backlightmfg.com\/pl\/wp-json\/wp\/v2\/media?parent=1790"}],"wp:term":[{"taxonomy":"product_cat","embeddable":true,"href":"https:\/\/backlightmfg.com\/pl\/wp-json\/wp\/v2\/product_cat?post=1790"},{"taxonomy":"product_tag","embeddable":true,"href":"https:\/\/backlightmfg.com\/pl\/wp-json\/wp\/v2\/product_tag?post=1790"}],"curies":[{"name":"wp","href":"https:\/\/api.w.org\/{rel}","templated":true}]}}