{"id":1556,"date":"2024-07-08T08:09:40","date_gmt":"2024-07-08T08:09:40","guid":{"rendered":"https:\/\/backlightmfg.com\/manufacturer\/keyboard-backlight\/"},"modified":"2024-09-15T06:29:44","modified_gmt":"2024-09-15T06:29:44","slug":"keyboard-backlight","status":"publish","type":"product","link":"https:\/\/backlightmfg.com\/pl\/keyboard-backlight\/","title":{"rendered":"Pod\u015bwietlenie klawiatury"},"content":{"rendered":"<p>Klawiatury membranowe, znane z cichej pracy i przyst\u0119pnej ceny, coraz cz\u0119\u015bciej zawieraj\u0105 pod\u015bwietlenie, oferuj\u0105c praktyczne i stylowe ulepszenie. Oto bli\u017csze spojrzenie na pod\u015bwietlenie klawiatur membranowych.<\/p>\n<h3><strong>Technologia pod\u015bwietlenia klawiatury:<\/strong><\/h3>\n<p>W przeciwie\u0144stwie do klawiatur mechanicznych z indywidualnymi prze\u0142\u0105cznikami pod ka\u017cdym klawiszem, klawiatury membranowe opieraj\u0105 si\u0119 na pojedynczej membranie ci\u015bnieniowej. Pod\u015bwietlenie w tych klawiaturach zazwyczaj wykorzystuje:<\/p>\n<ul>\n<li><strong>Folia \u015bwiat\u0142owodowa (LGF):<\/strong>Ta cienka, przezroczysta folia skutecznie rozprowadza \u015bwiat\u0142o z diod LED rozmieszczonych strategicznie na ca\u0142ej klawiaturze. LGF pomaga uzyska\u0107 r\u00f3wnomierne pod\u015bwietlenie na ca\u0142ej powierzchni klawiszy.<\/li>\n<li><strong>Diody LED montowane powierzchniowo (SMD):<\/strong>Te kompaktowe diody LED s\u0105 umieszczone w okre\u015blonych punktach na p\u0142ytce drukowanej klawiatury, aby kierowa\u0107 \u015bwiat\u0142o w stron\u0119 LGF.<\/li>\n<\/ul>\n<h3><strong>Korzy\u015bci:<\/strong><\/h3>\n<ul>\n<li><strong>Lepsza widoczno\u015b\u0107:<\/strong>Pod\u015bwietlenie pozwala wyra\u017anie widzie\u0107 klawisze w warunkach s\u0142abego o\u015bwietlenia, zwi\u0119kszaj\u0105c dok\u0142adno\u015b\u0107 i wydajno\u015b\u0107 pisania.<\/li>\n<li><strong>Zwi\u0119kszona produktywno\u015b\u0107:<\/strong>Lepsza widoczno\u015b\u0107 klawiszy przek\u0142ada si\u0119 na mniejsz\u0105 liczb\u0119 b\u0142\u0119d\u00f3w i szybsze pisanie, co jest szczeg\u00f3lnie korzystne dla os\u00f3b pracuj\u0105cych w nocy lub w s\u0142abo o\u015bwietlonym otoczeniu.<\/li>\n<li><strong>Zmniejszone zm\u0119czenie oczu:<\/strong>Delikatne pod\u015bwietlenie zmniejsza zm\u0119czenie oczu podczas d\u0142ugich sesji pisania.<\/li>\n<li><strong>Stylowa estetyka:<\/strong>Pod\u015bwietlane klawiatury dodaj\u0105 odrobin\u0119 osobowo\u015bci i stylu do miejsca pracy, zw\u0142aszcza dzi\u0119ki konfigurowalnym opcjom pod\u015bwietlenia.<\/li>\n<\/ul>\n<h3><strong>Zalety w por\u00f3wnaniu z tradycyjnymi klawiaturami membranowymi:<\/strong><\/h3>\n<ul>\n<li><strong>Ulepszona funkcjonalno\u015b\u0107:<\/strong>Pod\u015bwietlenie rozwi\u0105zuje kluczowe ograniczenie tradycyjnych klawiatur membranowych - s\u0142ab\u0105 widoczno\u015b\u0107 przy s\u0142abym o\u015bwietleniu.<\/li>\n<li><strong>Ulepszone do\u015bwiadczenie u\u017cytkownika:<\/strong>Po\u0142\u0105czenie wygodnego pisania i wyra\u017anej widoczno\u015bci klawiszy poprawia og\u00f3lne wra\u017cenia u\u017cytkownika.<\/li>\n<li><strong>Konkurencyjna cena:<\/strong>Pod\u015bwietlane klawiatury membranowe oferuj\u0105 dobr\u0105 warto\u015b\u0107, zapewniaj\u0105c zalety pod\u015bwietlenia w bardziej przyst\u0119pnej cenie w por\u00f3wnaniu do niekt\u00f3rych pod\u015bwietlanych klawiatur mechanicznych.<\/li>\n<\/ul>\n<h3><strong>Rzeczy do rozwa\u017cenia:<\/strong><\/h3>\n<ul>\n<li><strong>Opcje dostosowywania:<\/strong>Cho\u0107 nie tak rozbudowane jak niekt\u00f3re klawiatury mechaniczne, niekt\u00f3re pod\u015bwietlane klawiatury membranowe oferuj\u0105 regulowane poziomy jasno\u015bci i potencjalnie jedno- lub wielokolorowe opcje pod\u015bwietlenia.<\/li>\n<li><strong>Wyciek \u015bwiat\u0142a:<\/strong>W niekt\u00f3rych modelach wok\u00f3\u0142 klawiszy mo\u017ce prze\u015bwitywa\u0107 \u015bwiat\u0142o, co mo\u017ce niepokoi\u0107 niekt\u00f3rych u\u017cytkownik\u00f3w.<\/li>\n<\/ul>","protected":false},"excerpt":{"rendered":"<p>Pod\u015bwietlenia klawiatur membranowych oferuj\u0105 atrakcyjne po\u0142\u0105czenie funkcjonalno\u015bci i stylu. Zwi\u0119kszaj\u0105 u\u017cyteczno\u015b\u0107 w warunkach s\u0142abego o\u015bwietlenia, poprawiaj\u0105 komfort u\u017cytkowania i dodaj\u0105 odrobin\u0119 stylu do miejsca pracy, a wszystko to w konkurencyjnej cenie. Wraz z post\u0119pem technologicznym mo\u017cemy spodziewa\u0107 si\u0119 dalszych ulepsze\u0144 w zakresie opcji dostosowywania, rozpraszania \u015bwiat\u0142a i efektywno\u015bci energetycznej pod\u015bwietlanych klawiatur membranowych.<\/p>","protected":false},"featured_media":1541,"comment_status":"closed","ping_status":"closed","template":"","meta":[],"product_cat":[15],"product_tag":[],"_links":{"self":[{"href":"https:\/\/backlightmfg.com\/pl\/wp-json\/wp\/v2\/product\/1556"}],"collection":[{"href":"https:\/\/backlightmfg.com\/pl\/wp-json\/wp\/v2\/product"}],"about":[{"href":"https:\/\/backlightmfg.com\/pl\/wp-json\/wp\/v2\/types\/product"}],"replies":[{"embeddable":true,"href":"https:\/\/backlightmfg.com\/pl\/wp-json\/wp\/v2\/comments?post=1556"}],"wp:featuredmedia":[{"embeddable":true,"href":"https:\/\/backlightmfg.com\/pl\/wp-json\/wp\/v2\/media\/1541"}],"wp:attachment":[{"href":"https:\/\/backlightmfg.com\/pl\/wp-json\/wp\/v2\/media?parent=1556"}],"wp:term":[{"taxonomy":"product_cat","embeddable":true,"href":"https:\/\/backlightmfg.com\/pl\/wp-json\/wp\/v2\/product_cat?post=1556"},{"taxonomy":"product_tag","embeddable":true,"href":"https:\/\/backlightmfg.com\/pl\/wp-json\/wp\/v2\/product_tag?post=1556"}],"curies":[{"name":"wp","href":"https:\/\/api.w.org\/{rel}","templated":true}]}}