{"id":1554,"date":"2024-07-08T08:09:39","date_gmt":"2024-07-08T08:09:39","guid":{"rendered":"https:\/\/backlightmfg.com\/manufacturer\/tv-backlight\/"},"modified":"2024-09-15T06:29:45","modified_gmt":"2024-09-15T06:29:45","slug":"tv-backlight","status":"publish","type":"product","link":"https:\/\/backlightmfg.com\/pl\/tv-backlight\/","title":{"rendered":"Pod\u015bwietlenie telewizora"},"content":{"rendered":"<p>Pod\u015bwietlenie telewizora odgrywa kluczow\u0105 rol\u0119 w zapewnianiu wci\u0105gaj\u0105cych i przyjemnych wra\u017ce\u0144 podczas ogl\u0105dania. To ukryte za ekranem \u017ar\u00f3d\u0142o \u015bwiat\u0142a wp\u0142ywa na jako\u015b\u0107 obrazu, komfort u\u017cytkowania, a nawet estetyk\u0119 zestawu kina domowego.<\/p>\n<h3><strong>Technologia pod\u015bwietlenia telewizora:<\/strong><\/h3>\n<p>Nowoczesne telewizory wykorzystuj\u0105 g\u0142\u00f3wnie dwie technologie pod\u015bwietlenia:<\/p>\n<ul>\n<li><strong style=\"color: #555555; font-size: 14.4px;\">Pod\u015bwietlenie LED:<\/strong><span style=\"color: #555555; font-size: 14.4px;\">\u00a0Ta dominuj\u0105ca technologia wykorzystuje diody elektroluminescencyjne (LED) jako \u017ar\u00f3d\u0142o \u015bwiat\u0142a. Diody LED maj\u0105 kilka zalet:<\/span><\/li>\n<li><strong>Efektywno\u015b\u0107 energetyczna:<\/strong>Mniejsze zu\u017cycie energii przek\u0142ada si\u0119 na ni\u017csze rachunki za energi\u0119 i mniejszy wp\u0142yw na \u015brodowisko.<\/li>\n<li><strong>Jednolite o\u015bwietlenie:<\/strong>Diody LED zapewniaj\u0105 bardziej sp\u00f3jny rozk\u0142ad \u015bwiat\u0142a na ca\u0142ym ekranie, redukuj\u0105c odblaski i gor\u0105ce punkty, zapewniaj\u0105c komfort ogl\u0105dania.<\/li>\n<li><strong>Regulowana jasno\u015b\u0107:<\/strong>Intensywno\u015b\u0107 pod\u015bwietlenia mo\u017cna dostosowa\u0107 do o\u015bwietlenia otoczenia i rodzaju tre\u015bci, co dodatkowo zwi\u0119ksza komfort i optymalizuje zu\u017cycie energii.<\/li>\n<li><strong style=\"color: #555555; font-size: 14.4px;\">Lokalne \u015bciemnianie pe\u0142nowymiarowe (FALD):<\/strong><span style=\"color: #555555; font-size: 14.4px;\">\u00a0Ta zaawansowana technologia pod\u015bwietlenia LED pozwala na indywidualne przyciemnianie stref pod\u015bwietlenia. Umo\u017cliwia to:<\/span><\/li>\n<li><strong>Ulepszony kontrast:<\/strong>Przyciemniaj\u0105c strefy pod\u015bwietlenia, kt\u00f3re odpowiadaj\u0105 ciemnym obszarom na ekranie, FALD tworzy g\u0142\u0119bsze czernie i bogatsze kontrasty, zapewniaj\u0105c bardziej realistyczny obraz.<\/li>\n<li><strong>Zmniejszone kwitnienie:<\/strong>Blooming wyst\u0119puje, gdy jasne obszary \"przenikaj\u0105\" do ciemnych obszar\u00f3w na ekranie. FALD minimalizuje ten efekt poprzez precyzyjne sterowanie poszczeg\u00f3lnymi strefami pod\u015bwietlenia.<\/li>\n<\/ul>\n<h3><strong>Korzy\u015bci:<\/strong><\/h3>\n<ul>\n<li><strong>Ulepszona jako\u015b\u0107 obrazu:<\/strong>Pod\u015bwietlenie wy\u015bwietlacza pozwala zobaczy\u0107 \u017cywe kolory, wyra\u017ane szczeg\u00f3\u0142y i g\u0142\u0119bok\u0105 czer\u0144, zapewniaj\u0105c bardziej wci\u0105gaj\u0105ce wra\u017cenia wizualne.<\/li>\n<li><strong>Zwi\u0119kszona przejrzysto\u015b\u0107:<\/strong>Jednolite pod\u015bwietlenie redukuje odblaski i gor\u0105ce punkty, zapewniaj\u0105c wyra\u017any i wygodny widok, niezale\u017cnie od wy\u015bwietlanej tre\u015bci.<\/li>\n<li><strong>Redukcja zm\u0119czenia oczu:<\/strong>Regulowana jasno\u015b\u0107 pozwala ustawi\u0107 poziom, kt\u00f3ry pasuje do o\u015bwietlenia otoczenia i zmniejsza zm\u0119czenie oczu, zw\u0142aszcza podczas d\u0142ugich sesji ogl\u0105dania.<\/li>\n<li><strong>Estetyczny wygl\u0105d:<\/strong>Pod\u015bwietlenie przyczynia si\u0119 do bardziej nowoczesnego i eleganckiego wygl\u0105du telewizora, poprawiaj\u0105c og\u00f3lny wygl\u0105d zestawu kina domowego.<\/li>\n<\/ul>\n<h3><strong>Rozwa\u017cania:<\/strong><\/h3>\n<ul>\n<li><strong>Typ pod\u015bwietlenia:<\/strong>Standardowe pod\u015bwietlenie LED zapewnia dobr\u0105 og\u00f3ln\u0105 wydajno\u015b\u0107, podczas gdy FALD oferuje lepszy kontrast i mniejszy blooming. Telewizory FALD s\u0105 jednak zazwyczaj dro\u017csze.<\/li>\n<li><strong>Liczba stref \u015bciemniania:<\/strong>Wi\u0119cej stref przyciemniania w pod\u015bwietleniach FALD zapewnia lepsz\u0105 kontrol\u0119 i lepsz\u0105 jako\u015b\u0107 obrazu, ale mo\u017ce r\u00f3wnie\u017c zwi\u0119kszy\u0107 koszty.<\/li>\n<li><strong>Typ zawarto\u015bci :<\/strong>Wydajno\u015b\u0107 pod\u015bwietlenia mo\u017ce wp\u0142ywa\u0107 na wra\u017cenia z ogl\u0105dania r\u00f3\u017cnych tre\u015bci. Na przyk\u0142ad ciemne sceny w filmach korzystaj\u0105 bardziej z FALD ni\u017c jasne tre\u015bci w ci\u0105gu dnia.<\/li>\n<\/ul>\n<h3><strong>Przysz\u0142o\u015b\u0107 pod\u015bwietlenia telewizor\u00f3w:<\/strong><\/h3>\n<p>Post\u0119py w technologii pod\u015bwietlenia s\u0105 w toku, a ich celem jest zapewnienie jeszcze lepszej jako\u015bci obrazu i komfortu u\u017cytkowania. Oto kilka potencjalnych przysz\u0142ych trend\u00f3w:<\/p>\n<ul>\n<li><strong>Pod\u015bwietlenie MicroLED:<\/strong>Ta technologia nowej generacji wykorzystuje mikroskopijne diody LED do jeszcze bardziej precyzyjnego lokalnego przyciemniania, co prowadzi do doskona\u0142ego kontrastu i wydajno\u015bci HDR (High Dynamic Range).<\/li>\n<li><strong>Wy\u015bwietlacze OLED:<\/strong>Technologia organicznych diod elektroluminescencyjnych ca\u0142kowicie eliminuje potrzeb\u0119 stosowania pod\u015bwietlenia, poniewa\u017c poszczeg\u00f3lne piksele mog\u0105 pod\u015bwietla\u0107 si\u0119 samodzielnie, oferuj\u0105c doskona\u0142\u0105 czer\u0144 i niezr\u00f3wnany wsp\u00f3\u0142czynnik kontrastu.<\/li>\n<\/ul>","protected":false},"excerpt":{"rendered":"<p>Pod\u015bwietlenie telewizora jest niezb\u0119dnym elementem zapewniaj\u0105cym wci\u0105gaj\u0105ce wra\u017cenia podczas ogl\u0105dania. Rozumiej\u0105c technologie pod\u015bwietlenia i ich wp\u0142yw na jako\u015b\u0107 obrazu, mo\u017cna wybra\u0107 najlepszy telewizor dostosowany do preferencji ogl\u0105dania i bud\u017cetu. Technologia pod\u015bwietlenia telewizor\u00f3w wci\u0105\u017c ewoluuje, mo\u017cemy spodziewa\u0107 si\u0119 jeszcze bardziej innowacyjnych rozwi\u0105za\u0144, kt\u00f3re jeszcze bardziej zwi\u0119ksz\u0105 nasz\u0105 przyjemno\u015b\u0107 z domowej rozrywki.<\/p>","protected":false},"featured_media":1546,"comment_status":"closed","ping_status":"closed","template":"","meta":[],"product_cat":[15],"product_tag":[],"_links":{"self":[{"href":"https:\/\/backlightmfg.com\/pl\/wp-json\/wp\/v2\/product\/1554"}],"collection":[{"href":"https:\/\/backlightmfg.com\/pl\/wp-json\/wp\/v2\/product"}],"about":[{"href":"https:\/\/backlightmfg.com\/pl\/wp-json\/wp\/v2\/types\/product"}],"replies":[{"embeddable":true,"href":"https:\/\/backlightmfg.com\/pl\/wp-json\/wp\/v2\/comments?post=1554"}],"wp:featuredmedia":[{"embeddable":true,"href":"https:\/\/backlightmfg.com\/pl\/wp-json\/wp\/v2\/media\/1546"}],"wp:attachment":[{"href":"https:\/\/backlightmfg.com\/pl\/wp-json\/wp\/v2\/media?parent=1554"}],"wp:term":[{"taxonomy":"product_cat","embeddable":true,"href":"https:\/\/backlightmfg.com\/pl\/wp-json\/wp\/v2\/product_cat?post=1554"},{"taxonomy":"product_tag","embeddable":true,"href":"https:\/\/backlightmfg.com\/pl\/wp-json\/wp\/v2\/product_tag?post=1554"}],"curies":[{"name":"wp","href":"https:\/\/api.w.org\/{rel}","templated":true}]}}