{"id":1553,"date":"2024-07-08T08:09:39","date_gmt":"2024-07-08T08:09:39","guid":{"rendered":"https:\/\/backlightmfg.com\/manufacturer\/film-backlighting\/"},"modified":"2024-09-15T06:29:45","modified_gmt":"2024-09-15T06:29:45","slug":"film-backlighting","status":"publish","type":"product","link":"https:\/\/backlightmfg.com\/pl\/film-backlighting\/","title":{"rendered":"Pod\u015bwietlenie filmu"},"content":{"rendered":"<p>Pod\u015bwietlenie foliowe, znane r\u00f3wnie\u017c jako folie \u015bwiat\u0142owodowe (LGF), pojawi\u0142o si\u0119 jako wa\u017cna technologia o\u015bwietleniowa, oferuj\u0105ca szereg korzy\u015bci w por\u00f3wnaniu z tradycyjnymi metodami pod\u015bwietlenia. Te cienkie, elastyczne folie s\u0105 produkowane z przyjaznych dla \u015brodowiska materia\u0142\u00f3w, takich jak politereftalan etylenu (PET) i s\u0105 szeroko stosowane w r\u00f3\u017cnych aplikacjach, szczeg\u00f3lnie w urz\u0105dzeniach elektronicznych.<\/p>\n<h3><strong>Kluczowe cechy pod\u015bwietlaczy cienkowarstwowych:<\/strong><\/h3>\n<ul>\n<li><strong style=\"color: #555555; font-size: 14.4px;\">Przyjazno\u015b\u0107 dla \u015brodowiska:<\/strong><span style=\"color: #555555; font-size: 14.4px;\">\u00a0S\u0105 one wykonane z materia\u0142\u00f3w nadaj\u0105cych si\u0119 do recyklingu, co minimalizuje ich wp\u0142yw na \u015brodowisko.<\/span><\/li>\n<li><strong style=\"color: #555555; font-size: 14.4px;\">Jednolite o\u015bwietlenie:<\/strong><span style=\"color: #555555; font-size: 14.4px;\">\u00a0Zapewniaj\u0105 one jednolity i sp\u00f3jny rozk\u0142ad \u015bwiat\u0142a na ca\u0142ej powierzchni, eliminuj\u0105c odblaski i gor\u0105ce punkty.<\/span><\/li>\n<li><strong style=\"color: #555555; font-size: 14.4px;\">Efektywno\u015b\u0107 energetyczna:<\/strong><span style=\"color: #555555; font-size: 14.4px;\">\u00a0Zu\u017cywaj\u0105 znacznie mniej energii w por\u00f3wnaniu z tradycyjnymi metodami pod\u015bwietlania, zmniejszaj\u0105c koszty operacyjne i wp\u0142yw na \u015brodowisko.<\/span><\/li>\n<li><strong style=\"color: #555555; font-size: 14.4px;\">Smuk\u0142y i lekki:<\/strong><span style=\"color: #555555; font-size: 14.4px;\">\u00a0Ich cienka i lekka natura sprawia, \u017ce idealnie nadaj\u0105 si\u0119 do wbudowania w kompaktowe urz\u0105dzenia elektroniczne.<\/span><\/li>\n<li><strong style=\"color: #555555; font-size: 14.4px;\">Elastyczno\u015b\u0107 konstrukcji:<\/strong><span style=\"color: #555555; font-size: 14.4px;\">\u00a0Mo\u017cna je \u0142atwo kszta\u0142towa\u0107 i dostosowywa\u0107 do r\u00f3\u017cnych wymaga\u0144 projektowych.<\/span><\/li>\n<li><strong style=\"color: #555555; font-size: 14.4px;\">Efektywno\u015b\u0107 kosztowa:<\/strong><span style=\"color: #555555; font-size: 14.4px;\">\u00a0Stanowi\u0105 one ekonomiczne rozwi\u0105zanie do zastosowa\u0144 zwi\u0105zanych z pod\u015bwietleniem.<\/span><\/li>\n<\/ul>\n<h3><strong style=\"font-size: 23.04px;\">Zastosowania pod\u015bwietlaczy cienkowarstwowych:<\/strong><\/h3>\n<ul>\n<li><strong style=\"color: #555555; font-size: 14.4px;\">Wy\u015bwietlacze LCD:<\/strong><span style=\"color: #555555; font-size: 14.4px;\">\u00a0S\u0105 one szeroko stosowane w wy\u015bwietlaczach LCD smartfon\u00f3w, tablet\u00f3w, laptop\u00f3w i telewizor\u00f3w.<\/span><\/li>\n<li><strong style=\"color: #555555; font-size: 14.4px;\">Pod\u015bwietlane klawiatury:<\/strong><span style=\"color: #555555; font-size: 14.4px;\">\u00a0Pod\u015bwietlaj\u0105 klawiatury, zwi\u0119kszaj\u0105c widoczno\u015b\u0107 w warunkach s\u0142abego o\u015bwietlenia.<\/span><\/li>\n<li><strong style=\"color: #555555; font-size: 14.4px;\">Panele sterowania:<\/strong><span style=\"color: #555555; font-size: 14.4px;\">\u00a0Pod\u015bwietlenia cienkowarstwowe s\u0105 stosowane w panelach sterowania urz\u0105dze\u0144, maszynach przemys\u0142owych i sprz\u0119cie medycznym.<\/span><\/li>\n<li><strong style=\"color: #555555; font-size: 14.4px;\">Oznakowanie i reklama:<\/strong><span style=\"color: #555555; font-size: 14.4px;\">\u00a0S\u0105 one wykorzystywane w pod\u015bwietlanych znakach i reklamach, tworz\u0105c przyci\u0105gaj\u0105ce wzrok wy\u015bwietlacze.<\/span><\/li>\n<li><strong style=\"color: #555555; font-size: 14.4px;\">O\u015bwietlenie dekoracyjne:<\/strong><span style=\"color: #555555; font-size: 14.4px;\">\u00a0S\u0105 one wbudowane w dekoracyjne oprawy o\u015bwietleniowe, dodaj\u0105c atmosfery i wizualnych akcent\u00f3w.<\/span><\/li>\n<\/ul>\n<p><span style=\"font-size: 150%;\"><strong>Zalety pod\u015bwietlaczy cienkowarstwowych:<\/strong><\/span><\/p>\n<ul>\n<li><strong style=\"color: #555555; font-size: 14.4px;\">Zwi\u0119kszony komfort wizualny:<\/strong><span style=\"color: #555555; font-size: 14.4px;\">\u00a0R\u00f3wnomierne o\u015bwietlenie zmniejsza zm\u0119czenie oczu i zwi\u0119ksza komfort widzenia.<\/span><\/li>\n<li><strong style=\"color: #555555; font-size: 14.4px;\">Ulepszona estetyka produktu:<\/strong><span style=\"color: #555555; font-size: 14.4px;\">\u00a0Cienkowarstwowe pod\u015bwietlenie dodaje elegancji i wyrafinowania urz\u0105dzeniom elektronicznym.<\/span><\/li>\n<li><strong style=\"color: #555555; font-size: 14.4px;\">Swoboda projektowania:<\/strong><span style=\"color: #555555; font-size: 14.4px;\">\u00a0Ich elastyczno\u015b\u0107 pozwala na kreatywne projektowanie o\u015bwietlenia i integracj\u0119 z r\u00f3\u017cnymi produktami.<\/span><\/li>\n<li><strong style=\"color: #555555; font-size: 14.4px;\">Oszcz\u0119dno\u015b\u0107 energii:<\/strong><span style=\"color: #555555; font-size: 14.4px;\">\u00a0Efektywno\u015b\u0107 energetyczna przek\u0142ada si\u0119 na ni\u017csze koszty operacyjne i mniejszy wp\u0142yw na \u015brodowisko.<\/span><\/li>\n<li><strong style=\"color: #555555; font-size: 14.4px;\">Efektywno\u015b\u0107 kosztowa:<\/strong><span style=\"color: #555555; font-size: 14.4px;\">\u00a0Oferuj\u0105 one konkurencyjne cenowo rozwi\u0105zanie do zastosowa\u0144 zwi\u0105zanych z pod\u015bwietleniem.<\/span><\/li>\n<\/ul>","protected":false},"excerpt":{"rendered":"<p>Pod\u015bwietlacze foliowe zrewolucjonizowa\u0142y technologi\u0119 o\u015bwietleniow\u0105, zapewniaj\u0105c doskona\u0142\u0105 alternatyw\u0119 dla tradycyjnych metod pod\u015bwietlania. Ich przyjazno\u015b\u0107 dla \u015brodowiska, r\u00f3wnomierne pod\u015bwietlenie, energooszcz\u0119dno\u015b\u0107, smuk\u0142a konstrukcja i op\u0142acalno\u015b\u0107 sprawiaj\u0105, \u017ce s\u0105 one wszechstronnym i poszukiwanym rozwi\u0105zaniem dla szerokiego zakresu zastosowa\u0144. Oczekuje si\u0119, \u017ce wraz z post\u0119pem technologicznym, pod\u015bwietlenia cienkowarstwowe b\u0119d\u0105 nadal ewoluowa\u0107, oferuj\u0105c w przysz\u0142o\u015bci jeszcze bardziej innowacyjne i wydajne rozwi\u0105zania o\u015bwietleniowe.<\/p>","protected":false},"featured_media":1540,"comment_status":"closed","ping_status":"closed","template":"","meta":[],"product_cat":[15],"product_tag":[],"_links":{"self":[{"href":"https:\/\/backlightmfg.com\/pl\/wp-json\/wp\/v2\/product\/1553"}],"collection":[{"href":"https:\/\/backlightmfg.com\/pl\/wp-json\/wp\/v2\/product"}],"about":[{"href":"https:\/\/backlightmfg.com\/pl\/wp-json\/wp\/v2\/types\/product"}],"replies":[{"embeddable":true,"href":"https:\/\/backlightmfg.com\/pl\/wp-json\/wp\/v2\/comments?post=1553"}],"wp:featuredmedia":[{"embeddable":true,"href":"https:\/\/backlightmfg.com\/pl\/wp-json\/wp\/v2\/media\/1540"}],"wp:attachment":[{"href":"https:\/\/backlightmfg.com\/pl\/wp-json\/wp\/v2\/media?parent=1553"}],"wp:term":[{"taxonomy":"product_cat","embeddable":true,"href":"https:\/\/backlightmfg.com\/pl\/wp-json\/wp\/v2\/product_cat?post=1553"},{"taxonomy":"product_tag","embeddable":true,"href":"https:\/\/backlightmfg.com\/pl\/wp-json\/wp\/v2\/product_tag?post=1553"}],"curies":[{"name":"wp","href":"https:\/\/api.w.org\/{rel}","templated":true}]}}