{"id":1552,"date":"2024-07-08T08:09:39","date_gmt":"2024-07-08T08:09:39","guid":{"rendered":"https:\/\/backlightmfg.com\/manufacturer\/luminous-powder-backlighting\/"},"modified":"2024-09-15T06:29:46","modified_gmt":"2024-09-15T06:29:46","slug":"luminescent-powder-backlight","status":"publish","type":"product","link":"https:\/\/backlightmfg.com\/pl\/luminescent-powder-backlight\/","title":{"rendered":"Luminescencyjne pod\u015bwietlenie proszkowe"},"content":{"rendered":"<p>Proszek luminescencyjny, znany r\u00f3wnie\u017c jako proszek fosforowy, to fascynuj\u0105cy materia\u0142, kt\u00f3ry poch\u0142ania energi\u0119 \u015bwietln\u0105 i powoli uwalnia j\u0105 z czasem w postaci \u015bwiat\u0142a widzialnego. Ta unikalna w\u0142a\u015bciwo\u015b\u0107 sprawia, \u017ce jest to idealny materia\u0142 do tworzenia d\u0142ugotrwa\u0142ych pod\u015bwietle\u0144 w r\u00f3\u017cnych zastosowaniach, szczeg\u00f3lnie w warunkach s\u0142abego o\u015bwietlenia lub ciemno\u015bci.<\/p>\n<p>&nbsp;<\/p>\n<h3><strong>G\u0142\u00f3wne zalety pod\u015bwietlenia luminescencyjnego w proszku:<\/strong><\/h3>\n<ul>\n<li><strong style=\"color: #555555; font-size: 14.4px;\">Bezpiecze\u0144stwo:<\/strong><span style=\"color: #555555; font-size: 14.4px;\">\u00a0W przeciwie\u0144stwie do materia\u0142\u00f3w radioaktywnych, proszek luminescencyjny jest ca\u0142kowicie nietoksyczny, niepalny i wolny od szkodliwych substancji, takich jak fosfor, o\u0142\u00f3w lub inne niebezpieczne chemikalia. Sprawia to, \u017ce jest to bezpieczny wyb\u00f3r do stosowania w r\u00f3\u017cnych produktach, zw\u0142aszcza tych, kt\u00f3re maj\u0105 bliski kontakt z lud\u017ami.<\/span><\/li>\n<li><strong style=\"color: #555555; font-size: 14.4px;\">D\u0142ugotrwa\u0142y blask:<\/strong><span style=\"color: #555555; font-size: 14.4px;\">\u00a0Pod\u015bwietlenie Luminous Powder Backlight mo\u017ce emitowa\u0107 \u015bwiat\u0142o przez wiele godzin, nawet po ustaniu ekspozycji na \u015bwiat\u0142o. Wyd\u0142u\u017cony czas \u015bwiecenia sprawia, \u017ce obiekty pozostaj\u0105 widoczne i rozpoznawalne nawet w ca\u0142kowitej ciemno\u015bci.<\/span><\/li>\n<li><strong style=\"color: #555555; font-size: 14.4px;\">Stabilne w\u0142a\u015bciwo\u015bci:<\/strong><span style=\"color: #555555; font-size: 14.4px;\">\u00a0Luminous Powder Backlighting wykazuje niezwyk\u0142\u0105 stabilno\u015b\u0107 pod wzgl\u0119dem w\u0142a\u015bciwo\u015bci fizycznych i chemicznych. Ta cecha zapewnia, \u017ce efekt luminescencyjny pozostaje sp\u00f3jny i niezawodny w czasie.<\/span><\/li>\n<li><strong style=\"color: #555555; font-size: 14.4px;\">Wyj\u0105tkowa trwa\u0142o\u015b\u0107:<\/strong><span style=\"color: #555555; font-size: 14.4px;\">\u00a0Proszek luminescencyjny charakteryzuje si\u0119 wyj\u0105tkow\u0105 trwa\u0142o\u015bci\u0105, dzi\u0119ki czemu jest odporny na zu\u017cycie. Trwa\u0142o\u015b\u0107 ta zapewnia, \u017ce produkty zawieraj\u0105ce proszek luminescencyjny mog\u0105 wytrzyma\u0107 trudne warunki i zachowa\u0107 swoje w\u0142a\u015bciwo\u015bci luminescencyjne przez wiele lat.<\/span><\/li>\n<li><strong style=\"color: #555555; font-size: 14.4px;\">Wszechstronno\u015b\u0107:<\/strong><span style=\"color: #555555; font-size: 14.4px;\">\u00a0Proszek luminescencyjny mo\u017cna \u0142atwo w\u0142\u0105czy\u0107 do szerokiej gamy materia\u0142\u00f3w, w tym tworzyw sztucznych, gumy, sk\u00f3ry, ceramiki, szk\u0142a, farb i pow\u0142ok. Ta wszechstronno\u015b\u0107 pozwala na jego zastosowanie w szerokiej gamie produkt\u00f3w.<\/span><\/li>\n<\/ul>\n<h3><strong style=\"font-size: 23.04px;\">R\u00f3\u017cnorodne zastosowania pod\u015bwietlenia w proszku luminescencyjnym:<\/strong><\/h3>\n<ul>\n<li><strong style=\"color: #555555; font-size: 14.4px;\">Produkty bezpiecze\u0144stwa:<\/strong><span style=\"color: #555555; font-size: 14.4px;\">\u00a0Jest szeroko stosowany w produktach bezpiecze\u0144stwa, takich jak znaki ewakuacyjne, prze\u0142\u0105czniki \u015bwiec\u0105ce w ciemno\u015bci, kamizelki bezpiecze\u0144stwa i znaki drogowe, zapewniaj\u0105c widoczno\u015b\u0107 i bezpiecze\u0144stwo w warunkach s\u0142abego o\u015bwietlenia lub w niebezpiecznych warunkach.<\/span><\/li>\n<li><strong style=\"color: #555555; font-size: 14.4px;\">Przedmioty dekoracyjne:<\/strong><span style=\"color: #555555; font-size: 14.4px;\">\u00a0Luminescencyjny proszek dodaje odrobin\u0119 magii do przedmiot\u00f3w dekoracyjnych, takich jak \u015bwiec\u0105ce w ciemno\u015bci obrazy, figurki i bi\u017cuteria, tworz\u0105c urzekaj\u0105c\u0105 atmosfer\u0119 w ciemnym otoczeniu.<\/span><\/li>\n<li><strong style=\"color: #555555; font-size: 14.4px;\">Zabawki i gry:<\/strong><span style=\"color: #555555; font-size: 14.4px;\">\u00a0Wnosi element zabawy i ekscytacji do zabawek i gier, sprawiaj\u0105c, \u017ce \u015bwiec\u0105 i o\u017cywaj\u0105 w ciemno\u015bci, zwi\u0119kszaj\u0105c czas zabawy i wyobra\u017ani\u0119.<\/span><\/li>\n<li><strong style=\"color: #555555; font-size: 14.4px;\">Zastosowania przemys\u0142owe:<\/strong><span style=\"color: #555555; font-size: 14.4px;\">\u00a0Znajduje zastosowanie w warunkach przemys\u0142owych, takich jak oznaczanie obszar\u00f3w niebezpiecznych, identyfikacja urz\u0105dze\u0144 steruj\u0105cych i zapewnianie widoczno\u015bci w ograniczonych przestrzeniach.<\/span><\/li>\n<li><strong style=\"color: #555555; font-size: 14.4px;\">Wojsko i lotnictwo:<\/strong><span style=\"color: #555555; font-size: 14.4px;\">\u00a0Jest wykorzystywany w zastosowaniach wojskowych i lotniczych, w tym do znakowania samolot\u00f3w, zapewniania widoczno\u015bci podczas operacji nocnych i tworzenia samo\u015bwiec\u0105cych pomocy nawigacyjnych.<\/span><\/li>\n<\/ul>","protected":false},"excerpt":{"rendered":"<p>Luminescencyjne pod\u015bwietlenie proszkowe: Wszechstronne i bezpieczne rozwi\u0105zanie zapewniaj\u0105ce widoczno\u015b\u0107 w nocy Jego r\u00f3\u017cnorodne zastosowania obejmuj\u0105 r\u00f3\u017cne bran\u017ce, od bezpiecze\u0144stwa i ochrony po dekoracj\u0119 i rozrywk\u0119, co czyni go cennym materia\u0142em do tworzenia innowacyjnych i funkcjonalnych produkt\u00f3w.<\/p>","protected":false},"featured_media":1544,"comment_status":"closed","ping_status":"closed","template":"","meta":[],"product_cat":[15],"product_tag":[],"_links":{"self":[{"href":"https:\/\/backlightmfg.com\/pl\/wp-json\/wp\/v2\/product\/1552"}],"collection":[{"href":"https:\/\/backlightmfg.com\/pl\/wp-json\/wp\/v2\/product"}],"about":[{"href":"https:\/\/backlightmfg.com\/pl\/wp-json\/wp\/v2\/types\/product"}],"replies":[{"embeddable":true,"href":"https:\/\/backlightmfg.com\/pl\/wp-json\/wp\/v2\/comments?post=1552"}],"wp:featuredmedia":[{"embeddable":true,"href":"https:\/\/backlightmfg.com\/pl\/wp-json\/wp\/v2\/media\/1544"}],"wp:attachment":[{"href":"https:\/\/backlightmfg.com\/pl\/wp-json\/wp\/v2\/media?parent=1552"}],"wp:term":[{"taxonomy":"product_cat","embeddable":true,"href":"https:\/\/backlightmfg.com\/pl\/wp-json\/wp\/v2\/product_cat?post=1552"},{"taxonomy":"product_tag","embeddable":true,"href":"https:\/\/backlightmfg.com\/pl\/wp-json\/wp\/v2\/product_tag?post=1552"}],"curies":[{"name":"wp","href":"https:\/\/api.w.org\/{rel}","templated":true}]}}