{"id":1550,"date":"2024-07-08T08:09:39","date_gmt":"2024-07-08T08:09:39","guid":{"rendered":"https:\/\/backlightmfg.com\/manufacturer\/el-backlighting\/"},"modified":"2024-09-15T06:29:47","modified_gmt":"2024-09-15T06:29:47","slug":"el-backlighting","status":"publish","type":"product","link":"https:\/\/backlightmfg.com\/pl\/el-backlighting\/","title":{"rendered":"Pod\u015bwietlenie EL"},"content":{"rendered":"<p>\u0179r\u00f3d\u0142o pod\u015bwietlenia EL charakteryzuje si\u0119 jasno\u015bci\u0105, jednorodno\u015bci\u0105, mi\u0119kko\u015bci\u0105 i trwa\u0142o\u015bci\u0105, dzi\u0119ki czemu znajduje szerokie zastosowanie w r\u00f3\u017cnych dziedzinach, takich jak panele wy\u015bwietlaczy, billboardy komercyjne i o\u015bwietlenie dekoracyjne.<\/p>\n<h3><strong>Kluczowe zalety pod\u015bwietlenia EL:<\/strong><\/h3>\n<ul>\n<li><strong style=\"color: #555555; font-size: 14.4px;\">Efektywno\u015b\u0107 energetyczna:<\/strong><span style=\"color: #555555; font-size: 14.4px;\">\u00a0Zu\u017cywaj\u0105 one znacznie mniej energii ni\u017c \u017car\u00f3wki i \u015bwietl\u00f3wki, co przek\u0142ada si\u0119 na ni\u017csze koszty operacyjne i mniejszy wp\u0142yw na \u015brodowisko.<\/span><\/li>\n<li><strong style=\"color: #555555; font-size: 14.4px;\">Jednolito\u015b\u0107:<\/strong><span style=\"color: #555555; font-size: 14.4px;\">\u00a0Zapewniaj\u0105 jednolite i sp\u00f3jne o\u015bwietlenie na ca\u0142ej powierzchni, eliminuj\u0105c odblaski i gor\u0105ce punkty.<\/span><\/li>\n<li><strong style=\"color: #555555; font-size: 14.4px;\">Mi\u0119kko\u015b\u0107:<\/strong><span style=\"color: #555555; font-size: 14.4px;\">\u00a0\u015awiat\u0142o emitowane przez pod\u015bwietlenie EL jest mi\u0119kkie i rozproszone, zapewniaj\u0105c komfortowe i przyjemne wra\u017cenia wizualne.<\/span><\/li>\n<li><strong style=\"color: #555555; font-size: 14.4px;\">Trwa\u0142o\u015b\u0107<\/strong><span style=\"color: #555555; font-size: 14.4px;\">\u00a0s\u0105 bardzo wytrzyma\u0142e i odporne na wstrz\u0105sy i wibracje, dzi\u0119ki czemu nadaj\u0105 si\u0119 do wymagaj\u0105cych zastosowa\u0144.<\/span><\/li>\n<li><strong style=\"color: #555555; font-size: 14.4px;\">Elastyczno\u015b\u0107 konstrukcji:<\/strong><span style=\"color: #555555; font-size: 14.4px;\">\u00a0Mo\u017cna je \u0142atwo kszta\u0142towa\u0107 i dostosowywa\u0107 do r\u00f3\u017cnych wymaga\u0144 projektowych.<\/span><\/li>\n<li><strong style=\"color: #555555; font-size: 14.4px;\">Opcje kolor\u00f3w:<\/strong><span style=\"color: #555555; font-size: 14.4px;\">\u00a0Mog\u0105 one produkowa\u0107 szerok\u0105 gam\u0119 kolor\u00f3w, w tym opcje pe\u0142nokolorowe, zwi\u0119kszaj\u0105c atrakcyjno\u015b\u0107 wizualn\u0105 i mo\u017cliwo\u015bci projektowe.<\/span><\/li>\n<\/ul>\n<h3><strong style=\"font-size: 23.04px;\">Szerokie zastosowanie pod\u015bwietlenia EL:<\/strong><\/h3>\n<p>EL znalaz\u0142y szerokie zastosowanie w r\u00f3\u017cnych dziedzinach:<\/p>\n<ul>\n<li><strong style=\"color: #555555; font-size: 14.4px;\">Panele wy\u015bwietlacza:<\/strong><span style=\"color: #555555; font-size: 14.4px;\">\u00a0S\u0105 one powszechnie stosowane w wy\u015bwietlaczach LCD i OLED w smartfonach, tabletach, laptopach i telewizorach.<\/span><\/li>\n<li><strong style=\"color: #555555; font-size: 14.4px;\">Billboardy komercyjne:<\/strong><span style=\"color: #555555; font-size: 14.4px;\">\u00a0O\u015bwietlaj\u0105 komercyjne billboardy, zapewniaj\u0105c przyci\u0105gaj\u0105ce wzrok i \u017cywe reklamy.<\/span><\/li>\n<li><strong style=\"color: #555555; font-size: 14.4px;\">O\u015bwietlenie dekoracyjne:<\/strong><span style=\"color: #555555; font-size: 14.4px;\">\u00a0S\u0105 one stosowane w dekoracyjnych oprawach o\u015bwietleniowych, tworz\u0105c nastr\u00f3j i akcenty wizualne.<\/span><\/li>\n<li><strong style=\"color: #555555; font-size: 14.4px;\">Wn\u0119trza samochodowe:<\/strong><span style=\"color: #555555; font-size: 14.4px;\">\u00a0S\u0105 one wbudowane w deski rozdzielcze samochod\u00f3w, tablice przyrz\u0105d\u00f3w i przyciski steruj\u0105ce.<\/span><\/li>\n<li><strong style=\"color: #555555; font-size: 14.4px;\">Urz\u0105dzenia medyczne:<\/strong><span style=\"color: #555555; font-size: 14.4px;\">\u00a0S\u0105 one stosowane w sprz\u0119cie medycznym do wyra\u017anej i precyzyjnej wizualizacji.<\/span><\/li>\n<li><strong style=\"color: #555555; font-size: 14.4px;\">Zastosowania przemys\u0142owe:<\/strong><span style=\"color: #555555; font-size: 14.4px;\">\u00a0S\u0105 one stosowane w przemys\u0142owych panelach sterowania i oznakowaniach w celu zwi\u0119kszenia widoczno\u015bci.<\/span><\/li>\n<\/ul>","protected":false},"excerpt":{"rendered":"<p>Pod\u015bwietlacze EL zrewolucjonizowa\u0142y technologi\u0119 o\u015bwietleniow\u0105, oferuj\u0105c doskona\u0142\u0105 alternatyw\u0119 dla tradycyjnych \u017ar\u00f3de\u0142 \u015bwiat\u0142a. Ich energooszcz\u0119dno\u015b\u0107, jednorodno\u015b\u0107, mi\u0119kko\u015b\u0107, trwa\u0142o\u015b\u0107, elastyczno\u015b\u0107 projektowania i opcje kolorystyczne sprawiaj\u0105, \u017ce s\u0105 one wszechstronnym i poszukiwanym rozwi\u0105zaniem dla szerokiego zakresu zastosowa\u0144. Oczekuje si\u0119, \u017ce wraz z post\u0119pem technologicznym pod\u015bwietlenia EL b\u0119d\u0105 nadal ewoluowa\u0107, zapewniaj\u0105c jeszcze bardziej innowacyjne i wydajne rozwi\u0105zania o\u015bwietleniowe.<\/p>","protected":false},"featured_media":1538,"comment_status":"closed","ping_status":"closed","template":"","meta":[],"product_cat":[15],"product_tag":[],"_links":{"self":[{"href":"https:\/\/backlightmfg.com\/pl\/wp-json\/wp\/v2\/product\/1550"}],"collection":[{"href":"https:\/\/backlightmfg.com\/pl\/wp-json\/wp\/v2\/product"}],"about":[{"href":"https:\/\/backlightmfg.com\/pl\/wp-json\/wp\/v2\/types\/product"}],"replies":[{"embeddable":true,"href":"https:\/\/backlightmfg.com\/pl\/wp-json\/wp\/v2\/comments?post=1550"}],"wp:featuredmedia":[{"embeddable":true,"href":"https:\/\/backlightmfg.com\/pl\/wp-json\/wp\/v2\/media\/1538"}],"wp:attachment":[{"href":"https:\/\/backlightmfg.com\/pl\/wp-json\/wp\/v2\/media?parent=1550"}],"wp:term":[{"taxonomy":"product_cat","embeddable":true,"href":"https:\/\/backlightmfg.com\/pl\/wp-json\/wp\/v2\/product_cat?post=1550"},{"taxonomy":"product_tag","embeddable":true,"href":"https:\/\/backlightmfg.com\/pl\/wp-json\/wp\/v2\/product_tag?post=1550"}],"curies":[{"name":"wp","href":"https:\/\/api.w.org\/{rel}","templated":true}]}}